{"id":943,"date":"2024-11-03T22:48:24","date_gmt":"2024-11-03T22:48:24","guid":{"rendered":"http:\/\/charlotta-carlson.local\/?post_type=product&#038;p=943"},"modified":"2024-11-08T15:24:55","modified_gmt":"2024-11-08T15:24:55","slug":"son-moi-li","status":"publish","type":"product","link":"https:\/\/charlottacarlson.com\/vi\/san-pham\/son-moi-li\/","title":{"rendered":"Son l\u00ec"},"content":{"rendered":"<p>Son m\u00f4i v\u1edbi c\u00f4ng th\u1ee9c l\u00ec tinh t\u1ebf v\u1edbi c\u00e1c s\u1eafc t\u1ed1 tinh khi\u1ebft gi\u00fap \u0111\u00f4i m\u00f4i c\u1ee7a b\u1ea1n th\u0103ng hoa v\u1edbi k\u1ebft c\u1ea5u c\u1ef1c k\u1ef3 tho\u1ea3i m\u00e1i, m\u1ecbn m\u00e0ng v\u00e0 l\u00e2u tr\u00f4i. Ch\u1ee9a s\u00e1p g\u1ea1o \u0111\u1ec3 t\u0103ng c\u01b0\u1eddng l\u1edbp n\u1ec1n l\u00ec c\u0169ng nh\u01b0 c\u1ea3m gi\u00e1c kh\u00f4ng d\u00ednh v\u00e0 m\u1ecbn. S\u00e1p h\u01b0\u1edbng d\u01b0\u01a1ng l\u00e2u tr\u00f4i. V\u00e0 s\u00e1p candelilla \u0111\u1ec3 b\u1ea3o v\u1ec7 v\u00e0 d\u01b0\u1ee1ng \u1ea9m cho \u0111\u00f4i m\u00f4i c\u1ee7a b\u1ea1n. \u0110\u01b0\u1ee3c b\u1ed5 sung vitamin E, ch\u1ea5t ch\u1ed1ng oxy h\u00f3a v\u00e0 ch\u1ea5t d\u01b0\u1ee1ng \u1ea9m, gi\u00fap c\u1ea3i thi\u1ec7n \u0111\u1ed9 \u0111\u00e0n h\u1ed3i v\u00e0 m\u1ecbn m\u00e0ng \u0111\u1ec3 \u0111\u00f4i m\u00f4i c\u1ee7a b\u1ea1n tho\u1ea3i m\u00e1i ngay l\u1eadp t\u1ee9c.<\/p>\n<blockquote><p><em><strong>C\u00c1CH TH\u1ee8C N\u1ed8P \u0110\u01a0N<\/strong><\/em><br \/>\nThoa tr\u1ef1c ti\u1ebfp l\u00ean m\u00f4i, t\u1eeb gi\u1eefa ra ngo\u00e0i. \u0110\u1ec3 c\u00f3 \u0111\u01b0\u1eddng vi\u1ec1n m\u00f4i c\u1ef1c k\u1ef3 ch\u00ednh x\u00e1c, h\u00e3y thoa m\u1ed9t \u0111\u01b0\u1eddng ch\u00ec k\u1ebb m\u00f4i c\u00f9ng t\u00f4ng m\u00e0u tr\u01b0\u1edbc khi thoa SEDUIRE.<\/p>\n<p>&nbsp;<\/p>\n<p><strong><em>T\u00d4I<\/em><em>TH\u00c0NH PH\u1ea6N<\/em><em> TH\u1ea2M ROSE SENSUEL <\/em><em>:<br \/>\n<\/em><\/strong>Octyldodecyl Myristate, Octyldodecanol, S\u00e1p c\u00e1m Oryza Sativa, Cellulose, Pentaerythrityl Tetrabehenate, Candelilla Cera, Silica, H\u1ea1t Helianthus Annuus Cera, Nh\u00f4m Hydroxide, Triglyceride C10-18, Tocopheryl Acetate, Tocopherol, D\u1ea7u h\u1ea1t Helianthus Annuus, Ascorbyl Palmitate<br \/>\n+\/- : CI 77891, CI 15850<\/p>\n<p>&nbsp;<\/p>\n<p><strong><em>TH\u00c0NH PH\u1ea6N NUDE MAT <\/em><\/strong>:<br \/>\nOctyldodecyl Myristate, Octyldodecanol, S\u00e1p c\u00e1m Oryza Sativa, Cellulose, Pentaerythrityl Tetrabehenate, Candelilla Cera, Silica, H\u1ea1t Helianthus Annuus Cera, Triglyceride C10-18, Tocopheryl Acetate, Tocopherol, D\u1ea7u h\u1ea1t Helianthus Annuus, Ascorbyl Palmitate<br \/>\n+\/- : CI 77891, CI 77491, CI 15850, CI 77499, CI 17200<\/p>\n<p>&nbsp;<\/p>\n<p><strong><em>TH\u00c0NH PH\u1ea6N ROSE MAT: <\/em><\/strong><br \/>\nOctyldodecyl Myristate, Octyldodecanol, S\u00e1p c\u00e1m Oryza Sativa, Cellulose, Pentaerythrityl Tetrabehenate, Candelilla Cera, Silica, H\u1ea1t Helianthus Annuus Cera, Nh\u00f4m Hydroxide, Triglyceride C10-18, Tocopheryl Acetate, Tocopherol, D\u1ea7u h\u1ea1t Helianthus Annuus, Ascorbyl Palmitate, Maltodextrin<br \/>\n+\/- : CI 77891, CI 73360, CI 15850, CI 75470<\/p>\n<p>&nbsp;<\/p>\n<p><em><strong>TH\u00c0NH PH\u1ea6N ROUGE MAT:<\/strong><\/em><br \/>\nOctyldodecyl Myristate, Octyldodecanol, S\u00e1p c\u00e1m Oryza Sativa, Cellulose, Nh\u00f4m Hydroxide, Pentaerythrityl Tetrabehenate, Candelilla Cera, Silica, H\u1ea1t Helianthus Annuus Cera, Triglyceride C10-18, Tocopheryl Acetate, Tocopherol, D\u1ea7u h\u1ea1t Helianthus Annuus, Ascorbyl Palmitate<br \/>\n+\/- : CI 73360, CI 45410, CI 15850<\/p><\/blockquote>","protected":false},"excerpt":{"rendered":"<p>Son m\u00f4i v\u1edbi c\u00f4ng th\u1ee9c tinh t\u1ebf v\u1edbi c\u00e1c s\u1eafc t\u1ed1 tinh khi\u1ebft gi\u00fap \u0111\u00f4i m\u00f4i c\u1ee7a b\u1ea1n th\u0103ng hoa v\u1edbi k\u1ebft c\u1ea5u c\u1ef1c k\u1ef3 tho\u1ea3i m\u00e1i, m\u1ecbn m\u00e0ng v\u00e0 l\u00e2u tr\u00f4i. Ch\u1ee9a h\u01a1n 50% d\u1ea7u th\u1ef1c v\u1eadt gi\u00fap t\u0103ng c\u01b0\u1eddng m\u00e0u s\u1eafc c\u1ee7a c\u00e1c s\u1eafc t\u1ed1 trong c\u00f4ng th\u1ee9c. \u0110\u01b0\u1ee3c bi\u1ebft \u0111\u1ebfn v\u1edbi \u0111\u1eb7c t\u00ednh nu\u00f4i d\u01b0\u1ee1ng, n\u00f3 l\u00e0m m\u1ec1m v\u00e0 l\u00e0m m\u1ecbn m\u00f4i. \u0110\u01b0\u1ee3c l\u00e0m gi\u00e0u v\u1edbi b\u1ed9 ba s\u00e1p th\u1ef1c v\u1eadt t\u1ef1 nhi\u00ean, hoa h\u01b0\u1edbng d\u01b0\u01a1ng \u0111\u1ec3 gi\u1eef m\u00e0u l\u00e2u tr\u00f4i, candelilla \u0111\u1ec3 d\u01b0\u1ee1ng \u1ea9m v\u00e0 carnauba t\u1ea1o th\u00e0nh m\u1ed9t l\u1edbp m\u00e0ng b\u1ea3o v\u1ec7 tr\u00ean m\u00f4i.<\/p>","protected":false},"featured_media":923,"comment_status":"open","ping_status":"closed","template":"","meta":{"_seopress_robots_primary_cat":"","_seopress_titles_title":"","_seopress_titles_desc":"","_seopress_robots_index":"","_kad_blocks_custom_css":"","_kad_blocks_head_custom_js":"","_kad_blocks_body_custom_js":"","_kad_blocks_footer_custom_js":"","_kad_post_transparent":"default","_kad_post_title":"","_kad_post_layout":"default","_kad_post_sidebar_id":"","_kad_post_content_style":"default","_kad_post_vertical_padding":"default","_kad_post_feature":"","_kad_post_feature_position":"","_kad_post_header":false,"_kad_post_footer":false,"_kad_post_classname":""},"product_brand":[],"product_cat":[38,36,39],"product_tag":[],"class_list":{"0":"post-943","1":"product","2":"type-product","3":"status-publish","4":"has-post-thumbnail","6":"product_cat-lips","7":"product_cat-moisturizer-lipstick","8":"product_cat-seduire","10":"first","11":"instock","12":"taxable","13":"shipping-taxable","14":"purchasable","15":"product-type-variable","16":"entry","17":"content-bg","18":"loop-entry"},"taxonomy_info":{"product_cat":[{"value":38,"label":"Lips"},{"value":36,"label":"Moisturizer Lipstick"},{"value":39,"label":"S\u00e9duire"}]},"featured_image_src_large":["https:\/\/charlottacarlson.com\/wp-content\/uploads\/2024\/11\/Lisptick-Charlotta-257-Shine-938x1024.webp",938,1024,true],"author_info":[],"comment_info":0,"_links":{"self":[{"href":"https:\/\/charlottacarlson.com\/vi\/wp-json\/wp\/v2\/product\/943","targetHints":{"allow":["GET"]}}],"collection":[{"href":"https:\/\/charlottacarlson.com\/vi\/wp-json\/wp\/v2\/product"}],"about":[{"href":"https:\/\/charlottacarlson.com\/vi\/wp-json\/wp\/v2\/types\/product"}],"replies":[{"embeddable":true,"href":"https:\/\/charlottacarlson.com\/vi\/wp-json\/wp\/v2\/comments?post=943"}],"wp:featuredmedia":[{"embeddable":true,"href":"https:\/\/charlottacarlson.com\/vi\/wp-json\/wp\/v2\/media\/923"}],"wp:attachment":[{"href":"https:\/\/charlottacarlson.com\/vi\/wp-json\/wp\/v2\/media?parent=943"}],"wp:term":[{"taxonomy":"product_brand","embeddable":true,"href":"https:\/\/charlottacarlson.com\/vi\/wp-json\/wp\/v2\/product_brand?post=943"},{"taxonomy":"product_cat","embeddable":true,"href":"https:\/\/charlottacarlson.com\/vi\/wp-json\/wp\/v2\/product_cat?post=943"},{"taxonomy":"product_tag","embeddable":true,"href":"https:\/\/charlottacarlson.com\/vi\/wp-json\/wp\/v2\/product_tag?post=943"}],"curies":[{"name":"wp","href":"https:\/\/api.w.org\/{rel}","templated":true}]}}