{"id":94,"date":"2024-09-15T17:06:30","date_gmt":"2024-09-15T17:06:30","guid":{"rendered":"https:\/\/blissful-fish-387ec5.instawp.xyz\/?post_type=product&#038;p=94"},"modified":"2024-12-17T13:31:15","modified_gmt":"2024-12-17T13:31:15","slug":"kem-chong-nang-da-nang-spf-50","status":"publish","type":"product","link":"https:\/\/charlottacarlson.com\/vi\/san-pham\/kem-chong-nang-da-nang-spf-50\/","title":{"rendered":"Kem ch\u1ed1ng n\u1eafng \u0111a n\u0103ng SPF 50"},"content":{"rendered":"<p><img loading=\"lazy\" decoding=\"async\" class=\"wp-image-1090 alignright\" src=\"https:\/\/charlottacarlson.com\/wp-content\/uploads\/2024\/09\/pexels-stergerz-11227918-beach-for-SPF-50-240x300.webp\" alt=\"Pexels Stergerz 11227918 B\u00e3i Bi\u1ec3n Cho Spf 50\" width=\"385\" height=\"481\" srcset=\"https:\/\/charlottacarlson.com\/wp-content\/uploads\/2024\/09\/pexels-stergerz-11227918-beach-for-SPF-50-240x300.webp 240w, https:\/\/charlottacarlson.com\/wp-content\/uploads\/2024\/09\/pexels-stergerz-11227918-beach-for-SPF-50-819x1024.webp 819w, https:\/\/charlottacarlson.com\/wp-content\/uploads\/2024\/09\/pexels-stergerz-11227918-beach-for-SPF-50-768x960.webp 768w, https:\/\/charlottacarlson.com\/wp-content\/uploads\/2024\/09\/pexels-stergerz-11227918-beach-for-SPF-50-1229x1536.webp 1229w, https:\/\/charlottacarlson.com\/wp-content\/uploads\/2024\/09\/pexels-stergerz-11227918-beach-for-SPF-50-1639x2048.webp 1639w, https:\/\/charlottacarlson.com\/wp-content\/uploads\/2024\/09\/pexels-stergerz-11227918-beach-for-SPF-50-10x12.webp 10w, https:\/\/charlottacarlson.com\/wp-content\/uploads\/2024\/09\/pexels-stergerz-11227918-beach-for-SPF-50-600x750.webp 600w\" sizes=\"auto, (max-width: 385px) 100vw, 385px\" \/><span data-sheets-value=\"{\" data-sheets-userformat=\"{\" data-sheets-textstyleruns=\"{\"><strong>SPF 50, ch\u1ed1ng n\u1eafng UVA v\u00e0 UVB cao v\u1edbi axit hyaluronic<\/strong>. G\u1ed3m ba b\u1ed9 l\u1ecdc m\u1eb7t tr\u1eddi v\u1edbi <strong>KH\u00d4NG \u0111\u00e1ng k\u1ec3<\/strong> <strong>c\u0169ng kh\u00f4ng c\u00f3 t\u00e1c \u0111\u1ed9ng ti\u00eau c\u1ef1c \u0111\u1ebfn m\u00f4i tr\u01b0\u1eddng<\/strong>, \u0111\u01b0\u1ee3c ch\u1ee9ng minh ch\u00ednh th\u1ee9c b\u1eb1ng c\u00e1c th\u1eed nghi\u1ec7m*. H\u01b0\u01a1ng hoa, <strong>KH\u00d4NG \u0111\u1ec3 l\u1ea1i v\u1ebft tr\u1eafng tr\u00ean da b\u1ea1n<\/strong>, kem th\u1ea9m th\u1ea5u nhanh. Ch\u1ee9a axit hyaluronic \u0111\u01b0\u1ee3c bi\u1ebft \u0111\u1ebfn v\u1edbi \u0111\u1eb7c t\u00ednh d\u01b0\u1ee1ng \u1ea9m.<\/span><\/p>\n<p>Yuka: 100\/100<\/p>\n<p>C\u00f4ng th\u1ee9c thu\u1ea7n chay<\/p>\n<p>*NF EN ISO 11348-3 v\u00e0 NF EN ISO 10253<\/p>\n<h3>Th\u00e0nh ph\u1ea7n ho\u1ea1t t\u00ednh:<\/h3>\n<p><span data-sheets-value=\"{\" data-sheets-userformat=\"{\">SPF 50 \u2013 UVA v\u00e0 UVB \u2013 Ch\u1ed1ng n\u1eafng cao. <\/span>B\u1ed9 l\u1ecdc kho\u00e1ng ch\u1ea5t t\u1ef1 nhi\u00ean v\u1edbi <span data-sheets-value=\"{\" data-sheets-userformat=\"{\" data-sheets-textstyleruns=\"{\">axit hyaluronic \u0111\u01b0\u1ee3c bi\u1ebft \u0111\u1ebfn v\u1edbi \u0111\u1eb7c t\u00ednh d\u01b0\u1ee1ng \u1ea9m.<\/span><\/p>\n<h3><span data-sheets-value=\"{\" data-sheets-userformat=\"{\">Ngu\u1ed3n g\u1ed1c t\u1ef1 nhi\u00ean c\u1ee7a c\u01a1 s\u1edf<\/span>: <span data-sheets-value=\"{\" data-sheets-userformat=\"{\">97,8% <\/span><\/h3>\n<h3><span data-sheets-value=\"{\" data-sheets-userformat=\"{\">T\u00d4N TR\u1eccNG \u0110\u1edcI S\u1ed0NG BI\u1ec2N<\/span><\/h3>\n<p><img alt=\"\" loading=\"lazy\" decoding=\"async\" class=\"alignnone size-full wp-image-3060\" src=\"https:\/\/charlottacarlson.com\/wp-content\/uploads\/2023\/07\/iconsolaire.png\" width=\"250\" height=\"80\" \/><\/p>\n<h3>C\u00e1ch s\u1eed d\u1ee5ng:<\/h3>\n<p><span data-sheets-value=\"{\" data-sheets-userformat=\"{\">Thoa v\u00e0o bu\u1ed5i s\u00e1ng v\u00e0 bu\u1ed5i t\u1ed1i l\u00ean da s\u1ea1ch kh\u00f4, tr\u00e1nh v\u00f9ng m\u1eaft. Massage v\u00e0o da theo chuy\u1ec3n \u0111\u1ed9ng tr\u00f2n \u2013 S\u1eed d\u1ee5ng h\u00e0ng ng\u00e0y<br \/>\n<\/span><\/p>\n<p><span data-sheets-value=\"{\" data-sheets-userformat=\"{\">Thoa kem ch\u1ed1ng n\u1eafng tr\u01b0\u1edbc khi ra n\u1eafng. Thoa l\u1ea1i th\u01b0\u1eddng xuy\u00ean \u0111\u1ec3 duy tr\u00ec kh\u1ea3 n\u0103ng b\u1ea3o v\u1ec7, \u0111\u1eb7c bi\u1ec7t l\u00e0 sau khi \u0111\u1ed5 m\u1ed3 h\u00f4i, b\u01a1i l\u1ed9i ho\u1eb7c lau b\u1eb1ng kh\u0103n. Tr\u00e1nh ti\u1ebfp x\u00fac v\u1edbi \u00e1nh n\u1eafng m\u1eb7t tr\u1eddi trong nh\u1eefng gi\u1edd n\u1eafng nhi\u1ec1u nh\u1ea5t, n\u1ebfu kh\u00f4ng h\u00e3y s\u1eed d\u1ee5ng qu\u1ea7n \u00e1o b\u1ea3o v\u1ec7. Kh\u00f4ng \u1edf ngo\u00e0i n\u1eafng qu\u00e1 l\u00e2u, ngay c\u1ea3 khi b\u1ea1n \u0111ang s\u1eed d\u1ee5ng kem ch\u1ed1ng n\u1eafng. Ti\u1ebfp x\u00fac qu\u00e1 nhi\u1ec1u v\u1edbi \u00e1nh n\u1eafng m\u1eb7t tr\u1eddi l\u00e0 m\u1ed1i \u0111e d\u1ecda nghi\u00eam tr\u1ecdng \u0111\u1ebfn s\u1ee9c kh\u1ecfe. Kh\u00f4ng \u0111\u1ec3 tr\u1ebb s\u01a1 sinh v\u00e0 tr\u1ebb nh\u1ecf ti\u1ebfp x\u00fac v\u1edbi \u00e1nh n\u1eafng m\u1eb7t tr\u1eddi. Kh\u00f4ng thoa kem cho tr\u1ebb em d\u01b0\u1edbi 6 tu\u1ed5i.<\/span><\/p>\n<h3>Danh s\u00e1ch th\u00e0nh ph\u1ea7n:<\/h3>\n<p><span data-sheets-value=\"{\" data-sheets-userformat=\"{\">N\u01b0\u1edbc, Dicaprylyl cacbonat, Caprylic\/capric triglyceride, Bis-Ethylhexyloxyphenol Methoxyphenyl Triazine, Diethylamino Hydroxybenzoyl Hexyl benzoate, Ethylhexyl Triazone, Glycerin, Polyglyceryl-2 dipolyhydroxystearate, Inulin lauryl carbamate, Polyglyceryl-3 diisostearate, Natri hyaluronate, K\u1eb9o cao su Xanthan, Tocopherol, Parfum, Axit xitric, Natri benzoate, Kali sorbate, Linalool, Limonene, Geraniol<\/span><\/p>\n<h3>Thu\u1ed9c t\u00ednh m\u00f4i tr\u01b0\u1eddng:<\/h3>\n<p><img alt=\"\" loading=\"lazy\" decoding=\"async\" class=\"alignnone wp-image-3061 size-full\" src=\"https:\/\/charlottacarlson.com\/wp-content\/uploads\/2023\/07\/iconsolaire2.png\" width=\"419\" height=\"97\" \/><\/p>","protected":false},"excerpt":{"rendered":"<h3><img loading=\"lazy\" decoding=\"async\" class=\"wp-image-1090 alignright\" src=\"https:\/\/charlottacarlson.com\/wp-content\/uploads\/2024\/09\/pexels-stergerz-11227918-beach-for-SPF-50-240x300.webp\" alt=\"Pexels Stergerz 11227918 B\u00e3i Bi\u1ec3n Cho Spf 50\" width=\"422\" height=\"528\" srcset=\"https:\/\/charlottacarlson.com\/wp-content\/uploads\/2024\/09\/pexels-stergerz-11227918-beach-for-SPF-50-240x300.webp 240w, https:\/\/charlottacarlson.com\/wp-content\/uploads\/2024\/09\/pexels-stergerz-11227918-beach-for-SPF-50-819x1024.webp 819w, https:\/\/charlottacarlson.com\/wp-content\/uploads\/2024\/09\/pexels-stergerz-11227918-beach-for-SPF-50-768x960.webp 768w, https:\/\/charlottacarlson.com\/wp-content\/uploads\/2024\/09\/pexels-stergerz-11227918-beach-for-SPF-50-1229x1536.webp 1229w, https:\/\/charlottacarlson.com\/wp-content\/uploads\/2024\/09\/pexels-stergerz-11227918-beach-for-SPF-50-1639x2048.webp 1639w, https:\/\/charlottacarlson.com\/wp-content\/uploads\/2024\/09\/pexels-stergerz-11227918-beach-for-SPF-50-10x12.webp 10w, https:\/\/charlottacarlson.com\/wp-content\/uploads\/2024\/09\/pexels-stergerz-11227918-beach-for-SPF-50-600x750.webp 600w\" sizes=\"auto, (max-width: 422px) 100vw, 422px\" \/>S\u1ef1 mi\u00eau t\u1ea3:<\/h3>\n<p><span data-sheets-value=\"{\" data-sheets-userformat=\"{\" data-sheets-textstyleruns=\"{\"><strong>SPF 50, ch\u1ed1ng n\u1eafng UVA v\u00e0 UVB cao v\u1edbi axit hyaluronic<\/strong>. G\u1ed3m ba b\u1ed9 l\u1ecdc m\u1eb7t tr\u1eddi v\u1edbi <strong>KH\u00d4NG \u0111\u00e1ng k\u1ec3<\/strong> <strong>c\u0169ng kh\u00f4ng c\u00f3 t\u00e1c \u0111\u1ed9ng ti\u00eau c\u1ef1c \u0111\u1ebfn m\u00f4i tr\u01b0\u1eddng<\/strong>, \u0111\u01b0\u1ee3c ch\u1ee9ng minh ch\u00ednh th\u1ee9c b\u1eb1ng c\u00e1c th\u1eed nghi\u1ec7m*. H\u01b0\u01a1ng hoa, <strong>KH\u00d4NG \u0111\u1ec3 l\u1ea1i v\u1ebft tr\u1eafng tr\u00ean da b\u1ea1n<\/strong>, kem th\u1ea9m th\u1ea5u nhanh. Ch\u1ee9a axit hyaluronic \u0111\u01b0\u1ee3c bi\u1ebft \u0111\u1ebfn v\u1edbi \u0111\u1eb7c t\u00ednh d\u01b0\u1ee1ng \u1ea9m.<\/span><\/p>\n<p>*NF EN ISO 11348-3 v\u00e0 NF EN ISO 10253<\/p>\n<h3>Th\u00e0nh ph\u1ea7n ho\u1ea1t t\u00ednh:<\/h3>\n<p><span data-sheets-value=\"{\" data-sheets-userformat=\"{\">SPF 50 \u2013 UVA v\u00e0 UVB \u2013 Ch\u1ed1ng n\u1eafng cao. B\u1ed9 l\u1ecdc kho\u00e1ng ch\u1ea5t t\u1ef1 nhi\u00ean v\u1edbi axit hyaluronic \u0111\u01b0\u1ee3c bi\u1ebft \u0111\u1ebfn v\u1edbi \u0111\u1eb7c t\u00ednh d\u01b0\u1ee1ng \u1ea9m.<\/span><\/p>\n<h3><span data-sheets-value=\"{\" data-sheets-userformat=\"{\">Ngu\u1ed3n g\u1ed1c t\u1ef1 nhi\u00ean c\u1ee7a c\u01a1 s\u1edf c\u00f4ng th\u1ee9c<\/span>: <span data-sheets-value=\"{\" data-sheets-userformat=\"{\">97,8%<\/span><\/h3>\n<h3><span data-sheets-value=\"{\" data-sheets-userformat=\"{\">T\u00d4N TR\u1eccNG \u0110\u1edcI S\u1ed0NG BI\u1ec2N<\/span><\/h3>\n<p><img alt=\"\" loading=\"lazy\" decoding=\"async\" class=\"alignnone size-full wp-image-3060\" src=\"https:\/\/charlottacarlson.com\/wp-content\/uploads\/2023\/07\/iconsolaire.png\" width=\"250\" height=\"80\" \/><\/p>\n<h3>C\u00e1ch s\u1eed d\u1ee5ng:<\/h3>\n<p><span data-sheets-value=\"{\" data-sheets-userformat=\"{\">Thoa v\u00e0o bu\u1ed5i s\u00e1ng v\u00e0 bu\u1ed5i t\u1ed1i l\u00ean da s\u1ea1ch kh\u00f4, tr\u00e1nh v\u00f9ng m\u1eaft. Massage v\u00e0o da theo chuy\u1ec3n \u0111\u1ed9ng tr\u00f2n \u2013 S\u1eed d\u1ee5ng h\u00e0ng ng\u00e0y. <\/span><span data-sheets-value=\"{\" data-sheets-userformat=\"{\">Thoa kem ch\u1ed1ng n\u1eafng tr\u01b0\u1edbc khi ra n\u1eafng. Thoa l\u1ea1i th\u01b0\u1eddng xuy\u00ean \u0111\u1ec3 duy tr\u00ec kh\u1ea3 n\u0103ng b\u1ea3o v\u1ec7, \u0111\u1eb7c bi\u1ec7t l\u00e0 sau khi \u0111\u1ed5 m\u1ed3 h\u00f4i, b\u01a1i l\u1ed9i ho\u1eb7c lau b\u1eb1ng kh\u0103n. Tr\u00e1nh ti\u1ebfp x\u00fac v\u1edbi \u00e1nh n\u1eafng m\u1eb7t tr\u1eddi trong nh\u1eefng gi\u1edd n\u1eafng nhi\u1ec1u nh\u1ea5t, n\u1ebfu kh\u00f4ng h\u00e3y s\u1eed d\u1ee5ng qu\u1ea7n \u00e1o b\u1ea3o v\u1ec7. Kh\u00f4ng \u1edf ngo\u00e0i n\u1eafng qu\u00e1 l\u00e2u, ngay c\u1ea3 khi b\u1ea1n \u0111ang s\u1eed d\u1ee5ng kem ch\u1ed1ng n\u1eafng. Ti\u1ebfp x\u00fac qu\u00e1 nhi\u1ec1u v\u1edbi \u00e1nh n\u1eafng m\u1eb7t tr\u1eddi l\u00e0 m\u1ed1i \u0111e d\u1ecda nghi\u00eam tr\u1ecdng \u0111\u1ebfn s\u1ee9c kh\u1ecfe. Kh\u00f4ng \u0111\u1ec3 tr\u1ebb s\u01a1 sinh v\u00e0 tr\u1ebb nh\u1ecf ti\u1ebfp x\u00fac v\u1edbi \u00e1nh n\u1eafng m\u1eb7t tr\u1eddi. Kh\u00f4ng thoa kem cho tr\u1ebb em d\u01b0\u1edbi 6 tu\u1ed5i.<\/span><\/p>\n<h3>Danh s\u00e1ch th\u00e0nh ph\u1ea7n:<\/h3>\n<p><span data-sheets-value=\"{\" data-sheets-userformat=\"{\">N\u01b0\u1edbc, Dicaprylyl cacbonat, Caprylic\/capric triglyceride, Bis-Ethylhexyloxyphenol Methoxyphenyl Triazine, Diethylamino Hydroxybenzoyl Hexyl benzoate, Ethylhexyl Triazone, Glycerin, Polyglyceryl-2 dipolyhydroxystearate, Inulin lauryl carbamate, Polyglyceryl-3 diisostearate, Natri hyaluronate, K\u1eb9o cao su Xanthan, Tocopherol, Parfum, Axit xitric, Natri benzoate, Kali sorbate, Linalool, Limonene, Geraniol<\/span><\/p>\n<h3>Thu\u1ed9c t\u00ednh m\u00f4i tr\u01b0\u1eddng:<\/h3>\n<p><img alt=\"\" loading=\"lazy\" decoding=\"async\" class=\"alignnone wp-image-3061 size-full\" src=\"https:\/\/charlottacarlson.com\/wp-content\/uploads\/2023\/07\/iconsolaire2.png\" width=\"419\" height=\"97\" \/><\/p>","protected":false},"featured_media":95,"comment_status":"open","ping_status":"closed","template":"","meta":{"_seopress_robots_primary_cat":"none","_seopress_titles_title":"","_seopress_titles_desc":"","_seopress_robots_index":"","_kad_blocks_custom_css":"","_kad_blocks_head_custom_js":"","_kad_blocks_body_custom_js":"","_kad_blocks_footer_custom_js":"","_kad_post_transparent":"default","_kad_post_title":"","_kad_post_layout":"default","_kad_post_sidebar_id":"","_kad_post_content_style":"default","_kad_post_vertical_padding":"default","_kad_post_feature":"","_kad_post_feature_position":"","_kad_post_header":false,"_kad_post_footer":false,"_kad_post_classname":""},"product_brand":[],"product_cat":[18,27,28,29],"product_tag":[30],"class_list":{"0":"post-94","1":"product","2":"type-product","3":"status-publish","4":"has-post-thumbnail","6":"product_cat-creams","7":"product_cat-multi-protection-sunscreen","8":"product_cat-pure-solaire","9":"product_cat-sun-protection","10":"product_tag-pure-solaire","12":"first","13":"instock","14":"featured","15":"taxable","16":"shipping-taxable","17":"purchasable","18":"product-type-simple","19":"entry","20":"content-bg","21":"loop-entry"},"taxonomy_info":{"product_cat":[{"value":18,"label":"Creams"},{"value":27,"label":"Multi-Protection Sunscreen"},{"value":28,"label":"Pure Solaire"},{"value":29,"label":"Sun protection"}],"product_tag":[{"value":30,"label":"Pure Solaire"}]},"featured_image_src_large":["https:\/\/charlottacarlson.com\/wp-content\/uploads\/2024\/09\/pure-solaire-1-1024x1024.jpg",1024,1024,true],"author_info":[],"comment_info":0,"_links":{"self":[{"href":"https:\/\/charlottacarlson.com\/vi\/wp-json\/wp\/v2\/product\/94","targetHints":{"allow":["GET"]}}],"collection":[{"href":"https:\/\/charlottacarlson.com\/vi\/wp-json\/wp\/v2\/product"}],"about":[{"href":"https:\/\/charlottacarlson.com\/vi\/wp-json\/wp\/v2\/types\/product"}],"replies":[{"embeddable":true,"href":"https:\/\/charlottacarlson.com\/vi\/wp-json\/wp\/v2\/comments?post=94"}],"wp:featuredmedia":[{"embeddable":true,"href":"https:\/\/charlottacarlson.com\/vi\/wp-json\/wp\/v2\/media\/95"}],"wp:attachment":[{"href":"https:\/\/charlottacarlson.com\/vi\/wp-json\/wp\/v2\/media?parent=94"}],"wp:term":[{"taxonomy":"product_brand","embeddable":true,"href":"https:\/\/charlottacarlson.com\/vi\/wp-json\/wp\/v2\/product_brand?post=94"},{"taxonomy":"product_cat","embeddable":true,"href":"https:\/\/charlottacarlson.com\/vi\/wp-json\/wp\/v2\/product_cat?post=94"},{"taxonomy":"product_tag","embeddable":true,"href":"https:\/\/charlottacarlson.com\/vi\/wp-json\/wp\/v2\/product_tag?post=94"}],"curies":[{"name":"wp","href":"https:\/\/api.w.org\/{rel}","templated":true}]}}