{"id":91,"date":"2024-09-15T17:06:25","date_gmt":"2024-09-15T17:06:25","guid":{"rendered":"https:\/\/blissful-fish-387ec5.instawp.xyz\/?post_type=product&#038;p=91"},"modified":"2025-12-18T23:57:52","modified_gmt":"2025-12-18T23:57:52","slug":"kem-chong-lao-hoa-vang-24k","status":"publish","type":"product","link":"https:\/\/charlottacarlson.com\/vi\/san-pham\/kem-chong-lao-hoa-vang-24k\/","title":{"rendered":"Kem ch\u1ed1ng l\u00e3o h\u00f3a v\u00e0ng 24k"},"content":{"rendered":"<h3 class=\"fusion-responsive-typography-calculated\" style=\"--fontsize: 25; line-height: 1.36;\" data-fontsize=\"25\" data-lineheight=\"34px\"><img loading=\"lazy\" decoding=\"async\" class=\"wp-image-1088 alignright\" src=\"https:\/\/charlottacarlson.com\/wp-content\/uploads\/2024\/09\/Golden-collagenin-and-peptide-9-Peau-d-Or-Charlotta-Carlson-300x220.webp\" alt=\"Collagenin v\u00e0ng v\u00e0 Peptide 9 Peau D Ho\u1eb7c Charlotta Carlson\" width=\"463\" height=\"340\" srcset=\"https:\/\/charlottacarlson.com\/wp-content\/uploads\/2024\/09\/Golden-collagenin-and-peptide-9-Peau-d-Or-Charlotta-Carlson-300x220.webp 300w, https:\/\/charlottacarlson.com\/wp-content\/uploads\/2024\/09\/Golden-collagenin-and-peptide-9-Peau-d-Or-Charlotta-Carlson-1024x750.webp 1024w, https:\/\/charlottacarlson.com\/wp-content\/uploads\/2024\/09\/Golden-collagenin-and-peptide-9-Peau-d-Or-Charlotta-Carlson-768x563.webp 768w, https:\/\/charlottacarlson.com\/wp-content\/uploads\/2024\/09\/Golden-collagenin-and-peptide-9-Peau-d-Or-Charlotta-Carlson-16x12.webp 16w, https:\/\/charlottacarlson.com\/wp-content\/uploads\/2024\/09\/Golden-collagenin-and-peptide-9-Peau-d-Or-Charlotta-Carlson-600x440.webp 600w, https:\/\/charlottacarlson.com\/wp-content\/uploads\/2024\/09\/Golden-collagenin-and-peptide-9-Peau-d-Or-Charlotta-Carlson.webp 1384w\" sizes=\"auto, (max-width: 463px) 100vw, 463px\" \/>S\u1ef1 mi\u00eau t\u1ea3:<\/h3>\n<p>\u201cKem v\u00e0ng 24 carat c\u00f3 t\u00e1c d\u1ee5ng ch\u1ed1ng nh\u0103n v\u00e0 ch\u1ed1ng l\u00e3o h\u00f3a, \u0111\u01b0\u1ee3c l\u00e0m t\u1eeb c\u00e1c h\u1ea1t v\u00e0ng c\u00f3 ngu\u1ed3n g\u1ed1c t\u1ef1 nhi\u00ean, mang \u0111\u1ebfn cho l\u00e0n da c\u1ee7a b\u1ea1n s\u1ef1 m\u1ec1m m\u1ea1i v\u00e0 d\u1ebbo dai, mang \u0111\u1ebfn kho\u1ea3nh kh\u1eafc kho\u00e1i c\u1ea3m.<\/p>\n<p>N\u00f3 ch\u1ee9a Vitamin E \u0111\u01b0\u1ee3c bi\u1ebft \u0111\u1ebfn v\u1edbi \u0111\u1eb7c t\u00ednh ch\u1ed1ng oxy h\u00f3a, c\u0169ng nh\u01b0 <strong>Collagenine v\u00e0ng<\/strong> li\u00ean quan \u0111\u1ebfn peptit acetyl <strong>heptapeptit-9<\/strong>, \u0111\u01b0\u1ee3c bi\u1ebft \u0111\u1ebfn v\u1edbi t\u00e1c d\u1ee5ng l\u00e0m m\u1edd n\u1ebfp nh\u0103n.\u201d<\/p>\n<h3 class=\"fusion-responsive-typography-calculated\" style=\"--fontsize: 25; line-height: 1.36;\" data-fontsize=\"25\" data-lineheight=\"34px\">L\u1ee3i \u00edch:<\/h3>\n<p>Ki\u1ec3m tra: T\u1ef1 \u0111\u00e1nh gi\u00e1 \u0111\u01b0\u1ee3c th\u1ef1c hi\u1ec7n tr\u00ean 37 ng\u01b0\u1eddi trong 21 ng\u00e0y \u2013 <span style=\"color: var(--awb-text-color); font-family: var(--awb-text-font-family); font-size: var(--awb-font-size); font-style: var(--awb-text-font-style); font-weight: var(--awb-text-font-weight); letter-spacing: var(--awb-letter-spacing); text-align: var(--awb-content-alignment); text-transform: var(--awb-text-transform); background-color: var(--awb-bg-color-hover);\">C\u00e1c x\u00e9t nghi\u1ec7m \u0111\u01b0\u1ee3c th\u1ef1c hi\u1ec7n d\u01b0\u1edbi s\u1ef1 gi\u00e1m s\u00e1t y t\u1ebf<\/span><\/p>\n<ul>\n<li>Da m\u1ec1m h\u01a1n: 100% da m\u1ec1m<\/li>\n<li>C\u1ea3m gi\u00e1c tho\u1ea3i m\u00e1i: 97,2%.<\/li>\n<li>C\u1ea3i thi\u1ec7n \u0111\u1ed9 s\u0103n ch\u1eafc c\u1ee7a da: 91,2%.<\/li>\n<li>Da \u0111\u00e0n h\u1ed3i h\u01a1n: 88,2%.<\/li>\n<li>H\u00ecnh b\u1ea7u d\u1ee5c c\u1ee7a m\u1eb7t \u0111\u01b0\u1ee3c \u0111\u1ecbnh h\u00ecnh l\u1ea1i: 81.3%.<\/li>\n<li>Da tr\u00f4ng tr\u1ebb h\u01a1n: 71,9%.<\/li>\n<li>\u0110\u1eb7c \u0111i\u1ec3m nh\u0103n nheo: 87.5%.<\/li>\n<li>N\u1ebfp nh\u0103n m\u1edd d\u1ea7n: 75%.<\/li>\n<li>Da \u0111\u01b0\u1ee3c nu\u00f4i d\u01b0\u1ee1ng s\u00e2u: 91.2%.<\/li>\n<\/ul>\n<p>S\u1ee9c kh\u1ecfe t\u1ed1t v\u00e0o bu\u1ed5i s\u00e1ng khi b\u1ea1n th\u1ee9c d\u1eady:<\/p>\n<p>91.2%. \u2013 <span style=\"color: var(--awb-text-color); font-family: var(--awb-text-font-family); font-size: var(--awb-font-size); font-style: var(--awb-text-font-style); font-weight: var(--awb-text-font-weight); letter-spacing: var(--awb-letter-spacing); text-align: var(--awb-content-alignment); text-transform: var(--awb-text-transform); background-color: var(--awb-bg-color-hover);\">Da r\u1ea1ng r\u1ee1 h\u01a1n: 87.9%<\/span><\/p>\n<h3 class=\"fusion-responsive-typography-calculated\" data-fontsize=\"25\" data-lineheight=\"34px\">Th\u00e0nh ph\u1ea7n ch\u00ednh:<\/h3>\n<p><strong>Collagenine v\u00e0ng<\/strong> v\u00e0 peptit acetyl <strong>heptapeptit-9<\/strong><\/p>\n<h3 class=\"fusion-responsive-typography-calculated\" style=\"--fontsize: 25; line-height: 1.36;\" data-fontsize=\"25\" data-lineheight=\"34px\">C\u00e1ch s\u1eed d\u1ee5ng:<\/h3>\n<p>Thoa v\u00e0o bu\u1ed5i s\u00e1ng v\u00e0 bu\u1ed5i t\u1ed1i l\u00ean da s\u1ea1ch kh\u00f4, tr\u00e1nh v\u00f9ng m\u1eaft. Massage v\u00e0o da theo chuy\u1ec3n \u0111\u1ed9ng tr\u00f2n. S\u1eed d\u1ee5ng h\u00e0ng ng\u00e0y<\/p>\n<h3 class=\"fusion-responsive-typography-calculated\" style=\"--fontsize: 25; line-height: 1.36;\" data-fontsize=\"25\" data-lineheight=\"34px\">\u0110\u1ed9 t\u1ef1 nhi\u00ean: 92%<\/h3>\n<h3 class=\"fusion-responsive-typography-calculated\" style=\"--fontsize: 25; line-height: 1.36;\" data-fontsize=\"25\" data-lineheight=\"34px\">Danh s\u00e1ch th\u00e0nh ph\u1ea7n:<\/h3>\n<p>N\u01b0\u1edbc, Coco-caprylate\/caprate, Glyceryl behenate, Cetyl Palmitate, <span style=\"color: var(--awb-text-color); font-family: var(--awb-text-font-family); font-size: var(--awb-font-size); font-style: var(--awb-text-font-style); font-weight: var(--awb-text-font-weight); letter-spacing: var(--awb-letter-spacing); text-align: var(--awb-content-alignment); text-transform: var(--awb-text-transform); background-color: var(--awb-bg-color-hover);\">Cyclohexasiloxane, Glyceryl stearate citrate, Glycerin, Diglycerin, Cyclopentasiloxane, <\/span><span style=\"color: var(--awb-text-color); font-family: var(--awb-text-font-family); font-size: var(--awb-font-size); font-style: var(--awb-text-font-style); font-weight: var(--awb-text-font-weight); letter-spacing: var(--awb-letter-spacing); text-align: var(--awb-content-alignment); text-transform: var(--awb-text-transform); background-color: var(--awb-bg-color-hover);\">Polyglyceryl-3 stearate, N\u01b0\u1edbc hoa, V\u00e0ng keo, Acetyl heptapeptide-9, Sinh v\u1eadt ph\u00f9 du <\/span><span style=\"color: var(--awb-text-color); font-family: var(--awb-text-font-family); font-size: var(--awb-font-size); font-style: var(--awb-text-font-style); font-weight: var(--awb-text-font-weight); letter-spacing: var(--awb-letter-spacing); text-align: var(--awb-content-alignment); text-transform: var(--awb-text-transform); background-color: var(--awb-bg-color-hover);\">chi\u1ebft xu\u1ea5t, Tocopherol, tinh b\u1ed9t Zea mays (ng\u00f4), Lecithin hydro h\u00f3a, K\u1eb9o cao su Xanthan, <\/span><span style=\"color: var(--awb-text-color); font-family: var(--awb-text-font-family); font-size: var(--awb-font-size); font-style: var(--awb-text-font-style); font-weight: var(--awb-text-font-weight); letter-spacing: var(--awb-letter-spacing); text-align: var(--awb-content-alignment); text-transform: var(--awb-text-transform); background-color: var(--awb-bg-color-hover);\">Dimethiconol, Maltodextrin, Polyacrylamide, Tocopheryl acetate, Mica, C13-14 <\/span><span style=\"color: var(--awb-text-color); font-family: var(--awb-text-font-family); font-size: var(--awb-font-size); font-style: var(--awb-text-font-style); font-weight: var(--awb-text-font-weight); letter-spacing: var(--awb-letter-spacing); text-align: var(--awb-content-alignment); text-transform: var(--awb-text-transform); background-color: var(--awb-bg-color-hover);\">Isoparaffin, Laureth-7, Natri hydroxit, Axit xitric, Axit dehydroacetic, Natri <\/span><span style=\"color: var(--awb-text-color); font-family: var(--awb-text-font-family); font-size: var(--awb-font-size); font-style: var(--awb-text-font-style); font-weight: var(--awb-text-font-weight); letter-spacing: var(--awb-letter-spacing); text-align: var(--awb-content-alignment); text-transform: var(--awb-text-transform); background-color: var(--awb-bg-color-hover);\">benzoat, Kali sorbat, Benzyl alcohol, CI 77891, CI 77491\u2033<\/span><\/p>\n<h3 class=\"fusion-responsive-typography-calculated\" style=\"--fontsize: 25; line-height: 1.36;\" data-fontsize=\"25\" data-lineheight=\"34px\">Thu\u1ed9c t\u00ednh m\u00f4i tr\u01b0\u1eddng:<\/h3>\n<p><img alt=\"\" loading=\"lazy\" decoding=\"async\" class=\"alignnone wp-image-2935 size-full\" src=\"https:\/\/charlottacarlson.com\/wp-content\/uploads\/2019\/11\/BM.jpg\" width=\"332\" height=\"96\" \/><\/p>","protected":false},"excerpt":{"rendered":"<h3 class=\"fusion-responsive-typography-calculated\" style=\"--fontsize: 25; line-height: 1.36;\" data-fontsize=\"25\" data-lineheight=\"34px\"><img loading=\"lazy\" decoding=\"async\" class=\"wp-image-1088 alignright\" src=\"https:\/\/charlottacarlson.com\/wp-content\/uploads\/2024\/09\/Golden-collagenin-and-peptide-9-Peau-d-Or-Charlotta-Carlson-300x220.webp\" alt=\"Collagenin v\u00e0ng v\u00e0 Peptide 9 Peau D Ho\u1eb7c Charlotta Carlson\" width=\"494\" height=\"362\" srcset=\"https:\/\/charlottacarlson.com\/wp-content\/uploads\/2024\/09\/Golden-collagenin-and-peptide-9-Peau-d-Or-Charlotta-Carlson-300x220.webp 300w, https:\/\/charlottacarlson.com\/wp-content\/uploads\/2024\/09\/Golden-collagenin-and-peptide-9-Peau-d-Or-Charlotta-Carlson-1024x750.webp 1024w, https:\/\/charlottacarlson.com\/wp-content\/uploads\/2024\/09\/Golden-collagenin-and-peptide-9-Peau-d-Or-Charlotta-Carlson-768x563.webp 768w, https:\/\/charlottacarlson.com\/wp-content\/uploads\/2024\/09\/Golden-collagenin-and-peptide-9-Peau-d-Or-Charlotta-Carlson-16x12.webp 16w, https:\/\/charlottacarlson.com\/wp-content\/uploads\/2024\/09\/Golden-collagenin-and-peptide-9-Peau-d-Or-Charlotta-Carlson-600x440.webp 600w, https:\/\/charlottacarlson.com\/wp-content\/uploads\/2024\/09\/Golden-collagenin-and-peptide-9-Peau-d-Or-Charlotta-Carlson.webp 1384w\" sizes=\"auto, (max-width: 494px) 100vw, 494px\" \/>S\u1ef1 mi\u00eau t\u1ea3:<\/h3>\n<p>\u201cKem v\u00e0ng 24 carat c\u00f3 t\u00e1c d\u1ee5ng ch\u1ed1ng nh\u0103n v\u00e0 ch\u1ed1ng l\u00e3o h\u00f3a, \u0111\u01b0\u1ee3c l\u00e0m t\u1eeb c\u00e1c h\u1ea1t v\u00e0ng c\u00f3 ngu\u1ed3n g\u1ed1c t\u1ef1 nhi\u00ean, mang \u0111\u1ebfn cho l\u00e0n da c\u1ee7a b\u1ea1n s\u1ef1 m\u1ec1m m\u1ea1i v\u00e0 d\u1ebbo dai, mang \u0111\u1ebfn kho\u1ea3nh kh\u1eafc kho\u00e1i c\u1ea3m.<\/p>\n<p>S\u1ea3n ph\u1ea9m n\u00e0y ch\u1ee9a Vitamin E n\u1ed5i ti\u1ebfng v\u1edbi \u0111\u1eb7c t\u00ednh ch\u1ed1ng oxy h\u00f3a, c\u0169ng nh\u01b0 Collagenine v\u00e0ng li\u00ean quan \u0111\u1ebfn peptide acetyl heptapeptide-9, \u0111\u01b0\u1ee3c bi\u1ebft \u0111\u1ebfn v\u1edbi t\u00e1c d\u1ee5ng l\u00e0m m\u1edd n\u1ebfp nh\u0103n.\u201d<\/p>\n<h3 class=\"fusion-responsive-typography-calculated\" style=\"--fontsize: 25; line-height: 1.36;\" data-fontsize=\"25\" data-lineheight=\"34px\">L\u1ee3i \u00edch:<\/h3>\n<p>Ki\u1ec3m tra: T\u1ef1 \u0111\u00e1nh gi\u00e1 \u0111\u01b0\u1ee3c th\u1ef1c hi\u1ec7n tr\u00ean 37 ng\u01b0\u1eddi trong 21 ng\u00e0y \u2013 <span style=\"color: var(--awb-text-color); font-family: var(--awb-text-font-family); font-size: var(--awb-font-size); font-style: var(--awb-text-font-style); font-weight: var(--awb-text-font-weight); letter-spacing: var(--awb-letter-spacing); text-align: var(--awb-content-alignment); text-transform: var(--awb-text-transform); background-color: var(--awb-bg-color-hover);\">C\u00e1c x\u00e9t nghi\u1ec7m \u0111\u01b0\u1ee3c th\u1ef1c hi\u1ec7n d\u01b0\u1edbi s\u1ef1 gi\u00e1m s\u00e1t y t\u1ebf<\/span><\/p>\n<ul>\n<li>Da m\u1ec1m h\u01a1n: 100% da m\u1ec1m<\/li>\n<li>C\u1ea3m gi\u00e1c tho\u1ea3i m\u00e1i: 97,2%.<\/li>\n<li>C\u1ea3i thi\u1ec7n \u0111\u1ed9 s\u0103n ch\u1eafc c\u1ee7a da: 91,2%.<\/li>\n<li>Da \u0111\u00e0n h\u1ed3i h\u01a1n: 88,2%.<\/li>\n<li>H\u00ecnh b\u1ea7u d\u1ee5c c\u1ee7a m\u1eb7t \u0111\u01b0\u1ee3c \u0111\u1ecbnh h\u00ecnh l\u1ea1i: 81.3%.<\/li>\n<li>Da tr\u00f4ng tr\u1ebb h\u01a1n: 71,9%.<\/li>\n<li>\u0110\u1eb7c \u0111i\u1ec3m nh\u0103n nheo: 87.5%.<\/li>\n<li>N\u1ebfp nh\u0103n m\u1edd d\u1ea7n: 75%.<\/li>\n<li>Da \u0111\u01b0\u1ee3c nu\u00f4i d\u01b0\u1ee1ng s\u00e2u: 91.2%.<\/li>\n<\/ul>\n<p>S\u1ee9c kh\u1ecfe t\u1ed1t v\u00e0o bu\u1ed5i s\u00e1ng khi b\u1ea1n th\u1ee9c d\u1eady:<\/p>\n<p>91.2%. \u2013 <span style=\"color: var(--awb-text-color); font-family: var(--awb-text-font-family); font-size: var(--awb-font-size); font-style: var(--awb-text-font-style); font-weight: var(--awb-text-font-weight); letter-spacing: var(--awb-letter-spacing); text-align: var(--awb-content-alignment); text-transform: var(--awb-text-transform); background-color: var(--awb-bg-color-hover);\">Da r\u1ea1ng r\u1ee1 h\u01a1n: 87.9%<\/span><\/p>\n<h3 class=\"fusion-responsive-typography-calculated\" data-fontsize=\"25\" data-lineheight=\"34px\">Th\u00e0nh ph\u1ea7n ch\u00ednh:<\/h3>\n<p><strong>Collagenine v\u00e0ng<\/strong> v\u00e0 peptit acetyl <strong>heptapeptit-9<\/strong><\/p>\n<h3 class=\"fusion-responsive-typography-calculated\" style=\"--fontsize: 25; line-height: 1.36;\" data-fontsize=\"25\" data-lineheight=\"34px\">C\u00e1ch s\u1eed d\u1ee5ng:<\/h3>\n<p>Thoa v\u00e0o bu\u1ed5i s\u00e1ng v\u00e0 bu\u1ed5i t\u1ed1i l\u00ean da s\u1ea1ch kh\u00f4, tr\u00e1nh v\u00f9ng m\u1eaft. Massage v\u00e0o da theo chuy\u1ec3n \u0111\u1ed9ng tr\u00f2n. S\u1eed d\u1ee5ng h\u00e0ng ng\u00e0y<\/p>\n<h3 class=\"fusion-responsive-typography-calculated\" style=\"--fontsize: 25; line-height: 1.36;\" data-fontsize=\"25\" data-lineheight=\"34px\">\u0110\u1ed9 t\u1ef1 nhi\u00ean: 92%<\/h3>\n<h3 class=\"fusion-responsive-typography-calculated\" style=\"--fontsize: 25; line-height: 1.36;\" data-fontsize=\"25\" data-lineheight=\"34px\">Danh s\u00e1ch th\u00e0nh ph\u1ea7n:<\/h3>\n<p>N\u01b0\u1edbc, Coco-caprylate\/caprate, Glyceryl behenate, Cetyl Palmitate, <span style=\"color: var(--awb-text-color); font-family: var(--awb-text-font-family); font-size: var(--awb-font-size); font-style: var(--awb-text-font-style); font-weight: var(--awb-text-font-weight); letter-spacing: var(--awb-letter-spacing); text-align: var(--awb-content-alignment); text-transform: var(--awb-text-transform); background-color: var(--awb-bg-color-hover);\">Cyclohexasiloxane, Glyceryl stearate citrate, Glycerin, Diglycerin, Cyclopentasiloxane, <\/span><span style=\"color: var(--awb-text-color); font-family: var(--awb-text-font-family); font-size: var(--awb-font-size); font-style: var(--awb-text-font-style); font-weight: var(--awb-text-font-weight); letter-spacing: var(--awb-letter-spacing); text-align: var(--awb-content-alignment); text-transform: var(--awb-text-transform); background-color: var(--awb-bg-color-hover);\">Polyglyceryl-3 stearate, N\u01b0\u1edbc hoa, V\u00e0ng keo, Acetyl heptapeptide-9, Sinh v\u1eadt ph\u00f9 du <\/span><span style=\"color: var(--awb-text-color); font-family: var(--awb-text-font-family); font-size: var(--awb-font-size); font-style: var(--awb-text-font-style); font-weight: var(--awb-text-font-weight); letter-spacing: var(--awb-letter-spacing); text-align: var(--awb-content-alignment); text-transform: var(--awb-text-transform); background-color: var(--awb-bg-color-hover);\">chi\u1ebft xu\u1ea5t, Tocopherol, tinh b\u1ed9t Zea mays (ng\u00f4), Lecithin hydro h\u00f3a, K\u1eb9o cao su Xanthan, <\/span><span style=\"color: var(--awb-text-color); font-family: var(--awb-text-font-family); font-size: var(--awb-font-size); font-style: var(--awb-text-font-style); font-weight: var(--awb-text-font-weight); letter-spacing: var(--awb-letter-spacing); text-align: var(--awb-content-alignment); text-transform: var(--awb-text-transform); background-color: var(--awb-bg-color-hover);\">Dimethiconol, Maltodextrin, Polyacrylamide, Tocopheryl acetate, Mica, C13-14 <\/span><span style=\"color: var(--awb-text-color); font-family: var(--awb-text-font-family); font-size: var(--awb-font-size); font-style: var(--awb-text-font-style); font-weight: var(--awb-text-font-weight); letter-spacing: var(--awb-letter-spacing); text-align: var(--awb-content-alignment); text-transform: var(--awb-text-transform); background-color: var(--awb-bg-color-hover);\">Isoparaffin, Laureth-7, Natri hydroxit, Axit xitric, Axit dehydroacetic, Natri <\/span><span style=\"color: var(--awb-text-color); font-family: var(--awb-text-font-family); font-size: var(--awb-font-size); font-style: var(--awb-text-font-style); font-weight: var(--awb-text-font-weight); letter-spacing: var(--awb-letter-spacing); text-align: var(--awb-content-alignment); text-transform: var(--awb-text-transform); background-color: var(--awb-bg-color-hover);\">benzoat, Kali sorbat, Benzyl alcohol, CI 77891, CI 77491\u2033<\/span><\/p>\n<h3 class=\"fusion-responsive-typography-calculated\" style=\"--fontsize: 25; line-height: 1.36;\" data-fontsize=\"25\" data-lineheight=\"34px\">Thu\u1ed9c t\u00ednh m\u00f4i tr\u01b0\u1eddng:<\/h3>\n<p><img alt=\"\" loading=\"lazy\" decoding=\"async\" class=\"alignnone wp-image-2935 size-full\" src=\"https:\/\/charlottacarlson.com\/wp-content\/uploads\/2019\/11\/BM.jpg\" width=\"332\" height=\"96\" \/><\/p>","protected":false},"featured_media":92,"comment_status":"open","ping_status":"closed","template":"","meta":{"_seopress_robots_primary_cat":"","_seopress_titles_title":"","_seopress_titles_desc":"","_seopress_robots_index":"","_kad_blocks_custom_css":"","_kad_blocks_head_custom_js":"","_kad_blocks_body_custom_js":"","_kad_blocks_footer_custom_js":"","_kad_post_transparent":"default","_kad_post_title":"","_kad_post_layout":"default","_kad_post_sidebar_id":"","_kad_post_content_style":"default","_kad_post_vertical_padding":"default","_kad_post_feature":"","_kad_post_feature_position":"","_kad_post_header":false,"_kad_post_footer":false,"_kad_post_classname":""},"product_brand":[],"product_cat":[16,18],"product_tag":[24],"class_list":{"0":"post-91","1":"product","2":"type-product","3":"status-publish","4":"has-post-thumbnail","6":"product_cat-anti-age-anti-wrinkle","7":"product_cat-creams","8":"product_tag-peau-dor","10":"first","11":"instock","12":"featured","13":"taxable","14":"shipping-taxable","15":"purchasable","16":"product-type-simple","17":"entry","18":"content-bg","19":"loop-entry"},"taxonomy_info":{"product_cat":[{"value":16,"label":"Anti-Age &amp; Anti-wrinkle"},{"value":18,"label":"Creams"}],"product_tag":[{"value":24,"label":"Peau D\u2019Or"}]},"featured_image_src_large":["https:\/\/charlottacarlson.com\/wp-content\/uploads\/2024\/09\/Anti-aging-24k-gold-Cream-1-1024x1024.jpg",1024,1024,true],"author_info":[],"comment_info":1,"_links":{"self":[{"href":"https:\/\/charlottacarlson.com\/vi\/wp-json\/wp\/v2\/product\/91","targetHints":{"allow":["GET"]}}],"collection":[{"href":"https:\/\/charlottacarlson.com\/vi\/wp-json\/wp\/v2\/product"}],"about":[{"href":"https:\/\/charlottacarlson.com\/vi\/wp-json\/wp\/v2\/types\/product"}],"replies":[{"embeddable":true,"href":"https:\/\/charlottacarlson.com\/vi\/wp-json\/wp\/v2\/comments?post=91"}],"wp:featuredmedia":[{"embeddable":true,"href":"https:\/\/charlottacarlson.com\/vi\/wp-json\/wp\/v2\/media\/92"}],"wp:attachment":[{"href":"https:\/\/charlottacarlson.com\/vi\/wp-json\/wp\/v2\/media?parent=91"}],"wp:term":[{"taxonomy":"product_brand","embeddable":true,"href":"https:\/\/charlottacarlson.com\/vi\/wp-json\/wp\/v2\/product_brand?post=91"},{"taxonomy":"product_cat","embeddable":true,"href":"https:\/\/charlottacarlson.com\/vi\/wp-json\/wp\/v2\/product_cat?post=91"},{"taxonomy":"product_tag","embeddable":true,"href":"https:\/\/charlottacarlson.com\/vi\/wp-json\/wp\/v2\/product_tag?post=91"}],"curies":[{"name":"wp","href":"https:\/\/api.w.org\/{rel}","templated":true}]}}