{"id":83,"date":"2024-09-15T17:06:11","date_gmt":"2024-09-15T17:06:11","guid":{"rendered":"https:\/\/blissful-fish-387ec5.instawp.xyz\/?post_type=product&#038;p=83"},"modified":"2024-11-20T09:55:54","modified_gmt":"2024-11-20T09:55:54","slug":"mat-na-vang-24k-chong-lao-hoa","status":"publish","type":"product","link":"https:\/\/charlottacarlson.com\/vi\/san-pham\/mat-na-vang-24k-chong-lao-hoa\/","title":{"rendered":"M\u1eb7t n\u1ea1 v\u00e0ng 24k ch\u1ed1ng l\u00e3o h\u00f3a"},"content":{"rendered":"<p><span data-sheets-value=\"{&quot;1&quot;:2,&quot;2&quot;:&quot;Peau D'Or&quot;}\" data-sheets-userformat=\"{&quot;2&quot;:14465,&quot;3&quot;:{&quot;1&quot;:0,&quot;3&quot;:1},&quot;10&quot;:1,&quot;14&quot;:{&quot;1&quot;:3,&quot;3&quot;:1},&quot;15&quot;:&quot;Calibri&quot;,&quot;16&quot;:11}\"><img loading=\"lazy\" decoding=\"async\" class=\"wp-image-1088 alignright\" src=\"https:\/\/charlottacarlson.com\/wp-content\/uploads\/2024\/09\/Golden-collagenin-and-peptide-9-Peau-d-Or-Charlotta-Carlson-300x220.webp\" alt=\"Collagenin v\u00e0ng v\u00e0 Peptide 9 Peau D Ho\u1eb7c Charlotta Carlson\" width=\"428\" height=\"314\" srcset=\"https:\/\/charlottacarlson.com\/wp-content\/uploads\/2024\/09\/Golden-collagenin-and-peptide-9-Peau-d-Or-Charlotta-Carlson-300x220.webp 300w, https:\/\/charlottacarlson.com\/wp-content\/uploads\/2024\/09\/Golden-collagenin-and-peptide-9-Peau-d-Or-Charlotta-Carlson-1024x750.webp 1024w, https:\/\/charlottacarlson.com\/wp-content\/uploads\/2024\/09\/Golden-collagenin-and-peptide-9-Peau-d-Or-Charlotta-Carlson-768x563.webp 768w, https:\/\/charlottacarlson.com\/wp-content\/uploads\/2024\/09\/Golden-collagenin-and-peptide-9-Peau-d-Or-Charlotta-Carlson-16x12.webp 16w, https:\/\/charlottacarlson.com\/wp-content\/uploads\/2024\/09\/Golden-collagenin-and-peptide-9-Peau-d-Or-Charlotta-Carlson-600x440.webp 600w, https:\/\/charlottacarlson.com\/wp-content\/uploads\/2024\/09\/Golden-collagenin-and-peptide-9-Peau-d-Or-Charlotta-Carlson.webp 1384w\" sizes=\"auto, (max-width: 428px) 100vw, 428px\" \/>Peau D&#039;Or<\/span><\/p>\n<p><span data-sheets-value=\"{\" data-sheets-userformat=\"{\">M\u1eb7t n\u1ea1 v\u00e0ng 24 carat c\u00f3 t\u00e1c d\u1ee5ng ch\u1ed1ng nh\u0103n v\u00e0 ch\u1ed1ng l\u00e3o h\u00f3a, \u0111\u01b0\u1ee3c l\u00e0m t\u1eeb c\u00e1c h\u1ea1t v\u00e0ng c\u00f3 ngu\u1ed3n g\u1ed1c t\u1ef1 nhi\u00ean, mang l\u1ea1i cho l\u00e0n da c\u1ee7a b\u1ea1n s\u1ef1 m\u1ec1m m\u1ea1i v\u00e0 d\u1ebbo dai, mang \u0111\u1ebfn kho\u1ea3nh kh\u1eafc kho\u00e1i c\u1ea3m.<br \/>\nS\u1ea3n ph\u1ea9m n\u00e0y ch\u1ee9a Vitamin E n\u1ed5i ti\u1ebfng v\u1edbi \u0111\u1eb7c t\u00ednh ch\u1ed1ng oxy h\u00f3a, c\u0169ng nh\u01b0 Collagenine v\u00e0ng li\u00ean quan \u0111\u1ebfn peptide acetyl heptapeptide-9, \u0111\u01b0\u1ee3c bi\u1ebft \u0111\u1ebfn v\u1edbi t\u00e1c d\u1ee5ng l\u00e0m m\u1edd n\u1ebfp nh\u0103n.<\/span><\/p>\n<h3>L\u1ee3i \u00edch:<\/h3>\n<p><span data-sheets-value=\"{\" data-sheets-userformat=\"{\">Ki\u1ec3m tra: T\u1ef1 \u0111\u00e1nh gi\u00e1 \u0111\u01b0\u1ee3c th\u1ef1c hi\u1ec7n tr\u00ean 37 ng\u01b0\u1eddi trong 21 ng\u00e0y<br \/>\nC\u00e1c x\u00e9t nghi\u1ec7m \u0111\u01b0\u1ee3c th\u1ef1c hi\u1ec7n d\u01b0\u1edbi s\u1ef1 gi\u00e1m s\u00e1t y t\u1ebf<br \/>\n<\/span><\/p>\n<ul>\n<li><span data-sheets-value=\"{\" data-sheets-userformat=\"{\">Da \u0111\u01b0\u1ee3c nu\u00f4i d\u01b0\u1ee1ng: 91.9%<br \/>\n<\/span><\/li>\n<li><span data-sheets-value=\"{\" data-sheets-userformat=\"{\">Da m\u1ec1m m\u1ea1i sau khi s\u1eed d\u1ee5ng: 97.3%<br \/>\n<\/span><\/li>\n<li><span data-sheets-value=\"{\" data-sheets-userformat=\"{\">C\u1ea3m gi\u00e1c tho\u1ea3i m\u00e1i: 100%<br \/>\n<\/span><\/li>\n<li><span data-sheets-value=\"{\" data-sheets-userformat=\"{\">K\u1ebft c\u1ea5u d\u1ec5 ch\u1ecbu: 100%<br \/>\n<\/span><\/li>\n<li><span data-sheets-value=\"{\" data-sheets-userformat=\"{\">M\u00f9i d\u1ec5 ch\u1ecbu: 97.3%<br \/>\n<\/span><\/li>\n<li><span data-sheets-value=\"{\" data-sheets-userformat=\"{\">S\u1ea3n ph\u1ea9m c\u00f3 th\u1ec3 ph\u1ebft: 100%<br \/>\n<\/span><\/li>\n<li><span data-sheets-value=\"{\" data-sheets-userformat=\"{\">S\u1ea3n ph\u1ea9m th\u00e2n thi\u1ec7n v\u1edbi ng\u01b0\u1eddi d\u00f9ng: 100%<\/span><\/li>\n<\/ul>\n<h3>Th\u00e0nh ph\u1ea7n ho\u1ea1t t\u00ednh:<\/h3>\n<p><span data-sheets-value=\"{\" data-sheets-userformat=\"{\">Collagen v\u00e0ng (v\u00e0ng 24k) v\u00e0 Golden Glitter, Vitamin E, B\u01a1 h\u1ea1t m\u1ee1, D\u1ea7u b\u01a1, D\u1ea7u c\u00e1m g\u1ea1o, D\u1ea7u h\u01b0\u1edbng d\u01b0\u01a1ng<\/span><\/p>\n<h3>C\u00e1ch s\u1eed d\u1ee5ng:<\/h3>\n<p><span data-sheets-value=\"{\" data-sheets-userformat=\"{\">\u0110\u1eafp m\u1eb7t n\u1ea1 th\u00e0nh m\u1ed9t l\u1edbp d\u00e0y l\u00ean to\u00e0n b\u1ed9 khu\u00f4n m\u1eb7t s\u1ea1ch. Tr\u00e1nh v\u00f9ng m\u1eaft. Trong tr\u01b0\u1eddng h\u1ee3p ti\u1ebfp x\u00fac v\u1edbi m\u1eaft, r\u1eeda s\u1ea1ch b\u1eb1ng n\u01b0\u1edbc s\u1ea1ch. \u0110\u1ec3 trong 10 \u0111\u1ebfn 15 ph\u00fat. Lo\u1ea1i b\u1ecf ph\u1ea7n th\u1eeba b\u1eb1ng mi\u1ebfng b\u1ecdt bi\u1ec3n ho\u1eb7c kh\u0103n gi\u1ea5y \u1ea9m. S\u1eed d\u1ee5ng ph\u01b0\u01a1ng ph\u00e1p \u0111i\u1ec1u tr\u1ecb n\u00e0y m\u1ed9t ho\u1eb7c hai l\u1ea7n m\u1ed9t tu\u1ea7n.<\/span><\/p>\n<h3>T\u00ednh t\u1ef1 nhi\u00ean: <span data-sheets-value=\"{\" data-sheets-userformat=\"{\">97,8%<\/span><\/h3>\n<h3>Danh s\u00e1ch th\u00e0nh ph\u1ea7n:<\/h3>\n<p><span data-sheets-value=\"{\" data-sheets-userformat=\"{\">Aqua, Helianthus annuus hybrid oil*, Glycerin, Cetyl babassuate, Glyceryl behenate, Butyrospermum parkii butter*, Cetearyl alcohol, Glyceryl stearate, Parfum, Sodium lauroyl glutamate, Stearic acid, Colloidal gold, Acetyl heptapeptide-9, Alaria esculenta extract, Persea gratissima (d\u1ea7u qu\u1ea3 b\u01a1)*, Oryza sativa (d\u1ea7u c\u00e1m g\u1ea1o), Olus oil, Caprylic\/capric triglyceride, Tocopheryl acetate, Hydrogenated vegetable oil, Candelilla cera, Mica, Maltodextrin, Dehydroacetic acid, Benzyl alcohol, CI 77891, CI 77491 *Th\u00e0nh ph\u1ea7n t\u1eeb canh t\u00e1c h\u1eefu c\u01a1<\/span><\/p>\n<h3>Thu\u1ed9c t\u00ednh m\u00f4i tr\u01b0\u1eddng:<\/h3>\n<p><img alt=\"\" loading=\"lazy\" decoding=\"async\" class=\"alignnone wp-image-2935 size-full\" src=\"https:\/\/charlottacarlson.com\/wp-content\/uploads\/2019\/11\/BM.jpg\" width=\"332\" height=\"96\" \/><\/p>","protected":false},"excerpt":{"rendered":"<p><span data-sheets-value=\"{\" data-sheets-userformat=\"{\"><img loading=\"lazy\" decoding=\"async\" class=\"size-medium wp-image-1088 alignright\" src=\"https:\/\/charlottacarlson.com\/wp-content\/uploads\/2024\/09\/Golden-collagenin-and-peptide-9-Peau-d-Or-Charlotta-Carlson-300x220.webp\" alt=\"Collagenin v\u00e0ng v\u00e0 Peptide 9 Peau D Ho\u1eb7c Charlotta Carlson\" width=\"300\" height=\"220\" srcset=\"https:\/\/charlottacarlson.com\/wp-content\/uploads\/2024\/09\/Golden-collagenin-and-peptide-9-Peau-d-Or-Charlotta-Carlson-300x220.webp 300w, https:\/\/charlottacarlson.com\/wp-content\/uploads\/2024\/09\/Golden-collagenin-and-peptide-9-Peau-d-Or-Charlotta-Carlson-1024x750.webp 1024w, https:\/\/charlottacarlson.com\/wp-content\/uploads\/2024\/09\/Golden-collagenin-and-peptide-9-Peau-d-Or-Charlotta-Carlson-768x563.webp 768w, https:\/\/charlottacarlson.com\/wp-content\/uploads\/2024\/09\/Golden-collagenin-and-peptide-9-Peau-d-Or-Charlotta-Carlson-16x12.webp 16w, https:\/\/charlottacarlson.com\/wp-content\/uploads\/2024\/09\/Golden-collagenin-and-peptide-9-Peau-d-Or-Charlotta-Carlson-600x440.webp 600w, https:\/\/charlottacarlson.com\/wp-content\/uploads\/2024\/09\/Golden-collagenin-and-peptide-9-Peau-d-Or-Charlotta-Carlson.webp 1384w\" sizes=\"auto, (max-width: 300px) 100vw, 300px\" \/>M\u1eb7t n\u1ea1 v\u00e0ng 24 carat c\u00f3 t\u00e1c d\u1ee5ng ch\u1ed1ng nh\u0103n v\u00e0 ch\u1ed1ng l\u00e3o h\u00f3a, \u0111\u01b0\u1ee3c l\u00e0m t\u1eeb c\u00e1c h\u1ea1t v\u00e0ng c\u00f3 ngu\u1ed3n g\u1ed1c t\u1ef1 nhi\u00ean, mang l\u1ea1i cho l\u00e0n da c\u1ee7a b\u1ea1n s\u1ef1 m\u1ec1m m\u1ea1i v\u00e0 d\u1ebbo dai, mang \u0111\u1ebfn kho\u1ea3nh kh\u1eafc kho\u00e1i c\u1ea3m.<br \/>\nS\u1ea3n ph\u1ea9m n\u00e0y ch\u1ee9a Vitamin E n\u1ed5i ti\u1ebfng v\u1edbi \u0111\u1eb7c t\u00ednh ch\u1ed1ng oxy h\u00f3a, c\u0169ng nh\u01b0 Collagenine v\u00e0ng li\u00ean quan \u0111\u1ebfn peptide acetyl heptapeptide-9, \u0111\u01b0\u1ee3c bi\u1ebft \u0111\u1ebfn v\u1edbi t\u00e1c d\u1ee5ng l\u00e0m m\u1edd n\u1ebfp nh\u0103n.<\/span><\/p>","protected":false},"featured_media":84,"comment_status":"open","ping_status":"closed","template":"","meta":{"_seopress_robots_primary_cat":"","_seopress_titles_title":"","_seopress_titles_desc":"","_seopress_robots_index":"","_kad_blocks_custom_css":"","_kad_blocks_head_custom_js":"","_kad_blocks_body_custom_js":"","_kad_blocks_footer_custom_js":"","_kad_post_transparent":"default","_kad_post_title":"","_kad_post_layout":"default","_kad_post_sidebar_id":"","_kad_post_content_style":"default","_kad_post_vertical_padding":"default","_kad_post_feature":"","_kad_post_feature_position":"","_kad_post_header":false,"_kad_post_footer":false,"_kad_post_classname":""},"product_brand":[],"product_cat":[16,23],"product_tag":[24],"class_list":{"0":"post-83","1":"product","2":"type-product","3":"status-publish","4":"has-post-thumbnail","6":"product_cat-anti-age-anti-wrinkle","7":"product_cat-masks","8":"product_tag-peau-dor","10":"first","11":"instock","12":"featured","13":"taxable","14":"shipping-taxable","15":"purchasable","16":"product-type-simple","17":"entry","18":"content-bg","19":"loop-entry"},"taxonomy_info":{"product_cat":[{"value":16,"label":"Anti-Age &amp; Anti-wrinkle"},{"value":23,"label":"Masks"}],"product_tag":[{"value":24,"label":"Peau D\u2019Or"}]},"featured_image_src_large":["https:\/\/charlottacarlson.com\/wp-content\/uploads\/2024\/09\/Anti-aging-24k-gold-Mask-1-1024x1024.jpg",1024,1024,true],"author_info":[],"comment_info":0,"_links":{"self":[{"href":"https:\/\/charlottacarlson.com\/vi\/wp-json\/wp\/v2\/product\/83","targetHints":{"allow":["GET"]}}],"collection":[{"href":"https:\/\/charlottacarlson.com\/vi\/wp-json\/wp\/v2\/product"}],"about":[{"href":"https:\/\/charlottacarlson.com\/vi\/wp-json\/wp\/v2\/types\/product"}],"replies":[{"embeddable":true,"href":"https:\/\/charlottacarlson.com\/vi\/wp-json\/wp\/v2\/comments?post=83"}],"wp:featuredmedia":[{"embeddable":true,"href":"https:\/\/charlottacarlson.com\/vi\/wp-json\/wp\/v2\/media\/84"}],"wp:attachment":[{"href":"https:\/\/charlottacarlson.com\/vi\/wp-json\/wp\/v2\/media?parent=83"}],"wp:term":[{"taxonomy":"product_brand","embeddable":true,"href":"https:\/\/charlottacarlson.com\/vi\/wp-json\/wp\/v2\/product_brand?post=83"},{"taxonomy":"product_cat","embeddable":true,"href":"https:\/\/charlottacarlson.com\/vi\/wp-json\/wp\/v2\/product_cat?post=83"},{"taxonomy":"product_tag","embeddable":true,"href":"https:\/\/charlottacarlson.com\/vi\/wp-json\/wp\/v2\/product_tag?post=83"}],"curies":[{"name":"wp","href":"https:\/\/api.w.org\/{rel}","templated":true}]}}