{"id":80,"date":"2024-09-15T17:06:05","date_gmt":"2024-09-15T17:06:05","guid":{"rendered":"https:\/\/blissful-fish-387ec5.instawp.xyz\/?post_type=product&#038;p=80"},"modified":"2024-11-20T09:46:38","modified_gmt":"2024-11-20T09:46:38","slug":"huyet-thanh-lam-sang","status":"publish","type":"product","link":"https:\/\/charlottacarlson.com\/vi\/san-pham\/huyet-thanh-lam-sang\/","title":{"rendered":"Huy\u1ebft thanh l\u00e0m s\u00e1ng da"},"content":{"rendered":"<h3><img loading=\"lazy\" decoding=\"async\" class=\"wp-image-1085 alignright\" src=\"https:\/\/charlottacarlson.com\/wp-content\/uploads\/2024\/09\/Diamond-Wheat-brain-ingredient-Diamant-Blanc-Charlotta-Carlson-v2-1-300x205.webp\" alt=\"Th\u00e0nh ph\u1ea7n Diamond Wheat Brain Diamant Blanc Charlotta Carlson V2 1\" width=\"522\" height=\"357\" srcset=\"https:\/\/charlottacarlson.com\/wp-content\/uploads\/2024\/09\/Diamond-Wheat-brain-ingredient-Diamant-Blanc-Charlotta-Carlson-v2-1-300x205.webp 300w, https:\/\/charlottacarlson.com\/wp-content\/uploads\/2024\/09\/Diamond-Wheat-brain-ingredient-Diamant-Blanc-Charlotta-Carlson-v2-1-1024x699.webp 1024w, https:\/\/charlottacarlson.com\/wp-content\/uploads\/2024\/09\/Diamond-Wheat-brain-ingredient-Diamant-Blanc-Charlotta-Carlson-v2-1-768x524.webp 768w, https:\/\/charlottacarlson.com\/wp-content\/uploads\/2024\/09\/Diamond-Wheat-brain-ingredient-Diamant-Blanc-Charlotta-Carlson-v2-1-18x12.webp 18w, https:\/\/charlottacarlson.com\/wp-content\/uploads\/2024\/09\/Diamond-Wheat-brain-ingredient-Diamant-Blanc-Charlotta-Carlson-v2-1-600x410.webp 600w, https:\/\/charlottacarlson.com\/wp-content\/uploads\/2024\/09\/Diamond-Wheat-brain-ingredient-Diamant-Blanc-Charlotta-Carlson-v2-1.webp 1462w\" sizes=\"auto, (max-width: 522px) 100vw, 522px\" \/>S\u1ef1 mi\u00eau t\u1ea3:<\/h3>\n<p><span data-sheets-value=\"{\" data-sheets-userformat=\"{\">Huy\u1ebft thanh kim c\u01b0\u01a1ng l\u00e0m s\u00e1ng da n\u00e0y c\u00f3 k\u1ebft c\u1ea5u d\u1ea1ng l\u1ecfng cung c\u1ea5p \u0111\u1ed9 m\u1ec1m m\u1ea1i v\u00e0 \u0111\u1ed9 \u1ea9m cho l\u00e0n da c\u1ee7a b\u1ea1n. Da m\u1ec1m m\u1ea1i h\u01a1n v\u00e0 t\u00e1c d\u1ee5ng l\u00e0m s\u00e1ng c\u1ee7a n\u00f3 s\u1ebd mang l\u1ea1i cho b\u1ea1n l\u00e0n da s\u00e1ng v\u00e0 \u0111\u1ec1u m\u00e0u.<\/span><\/p>\n<h3>L\u1ee3i \u00edch:<\/h3>\n<ul>\n<li>Chi\u1ebft xu\u1ea5t kim c\u01b0\u01a1ng \u0111\u01b0\u1ee3c bi\u1ebft \u0111\u1ebfn v\u1edbi <b>t\u1ea9y t\u1ebf b\u00e0o ch\u1ebft cho da v\u00e0 l\u00e0m m\u1ecbn c\u00e1c khuy\u1ebft \u0111i\u1ec3m<\/b><\/li>\n<li>Chi\u1ebft xu\u1ea5t c\u00e1m l\u00faa m\u00ec \u0111\u01b0\u1ee3c bi\u1ebft \u0111\u1ebfn v\u1edbi <b>L\u00e0m tr\u1eafng, gi\u1ea3m s\u1eafc t\u1ed1 v\u00e0 l\u00e0m s\u00e1ng da <\/b>th\u00e0nh ph\u1ea7n ho\u1ea1t t\u00ednh.<\/li>\n<li><span data-sheets-value=\"{\" data-sheets-userformat=\"{\">T\u00e1c d\u1ee5ng l\u00e0m s\u00e1ng da: 55.17%<br \/>\n<\/span><\/li>\n<li><span data-sheets-value=\"{\" data-sheets-userformat=\"{\">T\u00e1c \u0111\u1ed9ng l\u00ean \u0111\u1ed9 \u0111\u1ed3ng \u0111\u1ec1u c\u1ee7a n\u01b0\u1edbc da: 68.97%<br \/>\n<\/span><\/li>\n<li><span data-sheets-value=\"{\" data-sheets-userformat=\"{\">T\u00e1c \u0111\u1ed9ng l\u00ean \u0111\u1ed9 s\u00e1ng c\u1ee7a l\u00e0n da: 75.86%\u201d<\/span><\/li>\n<li><span data-sheets-value=\"{\" data-sheets-userformat=\"{\">T\u1ef1 \u0111\u00e1nh gi\u00e1 \u0111\u01b0\u1ee3c th\u1ef1c hi\u1ec7n tr\u00ean 29 ng\u01b0\u1eddi trong 28 ng\u00e0y<\/span><\/li>\n<\/ul>\n<h3>Th\u00e0nh ph\u1ea7n ho\u1ea1t t\u00ednh:<\/h3>\n<p><span data-sheets-value=\"{\" data-sheets-userformat=\"{\">Chi\u1ebft xu\u1ea5t kim c\u01b0\u01a1ng v\u00e0 chi\u1ebft xu\u1ea5t c\u00e1m l\u00faa m\u00ec<\/span><\/p>\n<h3>C\u00e1ch s\u1eed d\u1ee5ng:<\/h3>\n<p><span data-sheets-value=\"{\" data-sheets-userformat=\"{\">Thoa v\u00e0o bu\u1ed5i s\u00e1ng v\u00e0 bu\u1ed5i t\u1ed1i l\u00ean to\u00e0n b\u1ed9 khu\u00f4n m\u1eb7t s\u1ea1ch v\u00e0 kh\u00f4, tr\u00e1nh v\u00f9ng m\u1eaft, massage nh\u1eb9 nh\u00e0ng tr\u01b0\u1edbc khi thoa kem Ng\u00e0y ho\u1eb7c \u0110\u00eam \u2013 S\u1eed d\u1ee5ng h\u00e0ng ng\u00e0y<\/span><\/p>\n<h3>T\u00ednh t\u1ef1 nhi\u00ean: <span data-sheets-value=\"{\" data-sheets-userformat=\"{\">92%<\/span><\/h3>\n<h3>Danh s\u00e1ch th\u00e0nh ph\u1ea7n:<\/h3>\n<p><span data-sheets-value=\"{\" data-sheets-userformat=\"{\">Aqua, Propanediol, Glycerin, Dimethicone, Polyglyceryl-6 distearate, Diglycerin, Cyclopentasiloxane, B\u1ed9t kim c\u01b0\u01a1ng, Este jojoba, B\u1ed9t m\u00ec th\u1ee7y ph\u00e2n, Tocopheryl acetate, Parfum, Mica, Cetyl alcohol, S\u00e1p ong polyglyceryl-3, Acrylates\/C10-30 alkyl acrylate crosspolymer, Dimethiconol, K\u1eb9o cao su Xanthan, Natri gluconate, Axit salicylic, Axit sorbic, Axit citric, Axit lactic, Natri hydroxide, Natri benzoate, Kali sorbate, Benzyl alcohol, CI 77891<\/span><\/p>\n<h3>Thu\u1ed9c t\u00ednh m\u00f4i tr\u01b0\u1eddng:<\/h3>\n<p><img alt=\"\" loading=\"lazy\" decoding=\"async\" class=\"alignnone wp-image-2935 size-full\" src=\"https:\/\/charlottacarlson.com\/wp-content\/uploads\/2019\/11\/BM.jpg\" width=\"332\" height=\"96\" \/><\/p>","protected":false},"excerpt":{"rendered":"<h3><img loading=\"lazy\" decoding=\"async\" class=\"wp-image-1085 alignright\" src=\"https:\/\/charlottacarlson.com\/wp-content\/uploads\/2024\/09\/Diamond-Wheat-brain-ingredient-Diamant-Blanc-Charlotta-Carlson-v2-1-300x205.webp\" alt=\"Th\u00e0nh ph\u1ea7n Diamond Wheat Brain Diamant Blanc Charlotta Carlson V2 1\" width=\"435\" height=\"297\" srcset=\"https:\/\/charlottacarlson.com\/wp-content\/uploads\/2024\/09\/Diamond-Wheat-brain-ingredient-Diamant-Blanc-Charlotta-Carlson-v2-1-300x205.webp 300w, https:\/\/charlottacarlson.com\/wp-content\/uploads\/2024\/09\/Diamond-Wheat-brain-ingredient-Diamant-Blanc-Charlotta-Carlson-v2-1-1024x699.webp 1024w, https:\/\/charlottacarlson.com\/wp-content\/uploads\/2024\/09\/Diamond-Wheat-brain-ingredient-Diamant-Blanc-Charlotta-Carlson-v2-1-768x524.webp 768w, https:\/\/charlottacarlson.com\/wp-content\/uploads\/2024\/09\/Diamond-Wheat-brain-ingredient-Diamant-Blanc-Charlotta-Carlson-v2-1-18x12.webp 18w, https:\/\/charlottacarlson.com\/wp-content\/uploads\/2024\/09\/Diamond-Wheat-brain-ingredient-Diamant-Blanc-Charlotta-Carlson-v2-1-600x410.webp 600w, https:\/\/charlottacarlson.com\/wp-content\/uploads\/2024\/09\/Diamond-Wheat-brain-ingredient-Diamant-Blanc-Charlotta-Carlson-v2-1.webp 1462w\" sizes=\"auto, (max-width: 435px) 100vw, 435px\" \/>S\u1ef1 mi\u00eau t\u1ea3:<\/h3>\n<p><span data-sheets-value=\"{\" data-sheets-userformat=\"{\">Huy\u1ebft thanh kim c\u01b0\u01a1ng l\u00e0m s\u00e1ng da n\u00e0y c\u00f3 k\u1ebft c\u1ea5u d\u1ea1ng l\u1ecfng cung c\u1ea5p \u0111\u1ed9 m\u1ec1m m\u1ea1i v\u00e0 \u0111\u1ed9 \u1ea9m cho l\u00e0n da c\u1ee7a b\u1ea1n. Da m\u1ec1m m\u1ea1i h\u01a1n v\u00e0 t\u00e1c d\u1ee5ng l\u00e0m s\u00e1ng c\u1ee7a n\u00f3 s\u1ebd mang l\u1ea1i cho b\u1ea1n l\u00e0n da s\u00e1ng v\u00e0 \u0111\u1ec1u m\u00e0u.<\/span><\/p>\n<h3>L\u1ee3i \u00edch:<\/h3>\n<ul>\n<li>Chi\u1ebft xu\u1ea5t kim c\u01b0\u01a1ng \u0111\u01b0\u1ee3c bi\u1ebft \u0111\u1ebfn v\u1edbi <b>t\u1ea9y t\u1ebf b\u00e0o ch\u1ebft cho da v\u00e0 l\u00e0m m\u1ecbn c\u00e1c khuy\u1ebft \u0111i\u1ec3m<\/b><\/li>\n<li>Chi\u1ebft xu\u1ea5t c\u00e1m l\u00faa m\u00ec \u0111\u01b0\u1ee3c bi\u1ebft \u0111\u1ebfn v\u1edbi <b>L\u00e0m tr\u1eafng, gi\u1ea3m s\u1eafc t\u1ed1 v\u00e0 l\u00e0m s\u00e1ng da <\/b>th\u00e0nh ph\u1ea7n ho\u1ea1t t\u00ednh.<span data-sheets-value=\"{\" data-sheets-userformat=\"{\"><br \/>\n<\/span><\/li>\n<li><span data-sheets-value=\"{\" data-sheets-userformat=\"{\">T\u00e1c d\u1ee5ng l\u00e0m s\u00e1ng da: 55.17%<br \/>\n<\/span><\/li>\n<li><span data-sheets-value=\"{\" data-sheets-userformat=\"{\">T\u00e1c \u0111\u1ed9ng l\u00ean \u0111\u1ed9 \u0111\u1ed3ng \u0111\u1ec1u c\u1ee7a n\u01b0\u1edbc da: 68.97%<br \/>\n<\/span><\/li>\n<li><span data-sheets-value=\"{\" data-sheets-userformat=\"{\">T\u00e1c \u0111\u1ed9ng l\u00ean \u0111\u1ed9 s\u00e1ng c\u1ee7a l\u00e0n da: 75.86%\u201d<\/span><\/li>\n<li><span data-sheets-value=\"{\" data-sheets-userformat=\"{\">T\u1ef1 \u0111\u00e1nh gi\u00e1 \u0111\u01b0\u1ee3c th\u1ef1c hi\u1ec7n tr\u00ean 29 ng\u01b0\u1eddi trong 28 ng\u00e0y<\/span><\/li>\n<\/ul>\n<h3>Th\u00e0nh ph\u1ea7n ho\u1ea1t t\u00ednh:<\/h3>\n<p><span data-sheets-value=\"{\" data-sheets-userformat=\"{\">Chi\u1ebft xu\u1ea5t kim c\u01b0\u01a1ng v\u00e0 chi\u1ebft xu\u1ea5t c\u00e1m l\u00faa m\u00ec<\/span><\/p>\n<h3>C\u00e1ch s\u1eed d\u1ee5ng:<\/h3>\n<p><span data-sheets-value=\"{\" data-sheets-userformat=\"{\">Thoa v\u00e0o bu\u1ed5i s\u00e1ng v\u00e0 bu\u1ed5i t\u1ed1i l\u00ean to\u00e0n b\u1ed9 khu\u00f4n m\u1eb7t s\u1ea1ch v\u00e0 kh\u00f4, tr\u00e1nh v\u00f9ng m\u1eaft, massage nh\u1eb9 nh\u00e0ng tr\u01b0\u1edbc khi thoa kem Ng\u00e0y ho\u1eb7c \u0110\u00eam \u2013 S\u1eed d\u1ee5ng h\u00e0ng ng\u00e0y<\/span><\/p>\n<h3>T\u00ednh t\u1ef1 nhi\u00ean: <span data-sheets-value=\"{\" data-sheets-userformat=\"{\">92%<\/span><\/h3>\n<h3>Danh s\u00e1ch th\u00e0nh ph\u1ea7n:<\/h3>\n<p><span data-sheets-value=\"{\" data-sheets-userformat=\"{\">Aqua, Propanediol, Glycerin, Dimethicone, Polyglyceryl-6 distearate, Diglycerin, Cyclopentasiloxane, B\u1ed9t kim c\u01b0\u01a1ng, Este jojoba, B\u1ed9t m\u00ec th\u1ee7y ph\u00e2n, Tocopheryl acetate, Parfum, Mica, Cetyl alcohol, S\u00e1p ong polyglyceryl-3, Acrylates\/C10-30 alkyl acrylate crosspolymer, Dimethiconol, K\u1eb9o cao su Xanthan, Natri gluconate, Axit salicylic, Axit sorbic, Axit citric, Axit lactic, Natri hydroxide, Natri benzoate, Kali sorbate, Benzyl alcohol, CI 77891<\/span><\/p>\n<h3>Thu\u1ed9c t\u00ednh m\u00f4i tr\u01b0\u1eddng:<\/h3>\n<p><img alt=\"\" loading=\"lazy\" decoding=\"async\" class=\"alignnone wp-image-2935 size-full\" src=\"https:\/\/charlottacarlson.com\/wp-content\/uploads\/2019\/11\/BM.jpg\" width=\"332\" height=\"96\" \/><\/p>","protected":false},"featured_media":81,"comment_status":"open","ping_status":"closed","template":"","meta":{"_seopress_robots_primary_cat":"","_seopress_titles_title":"","_seopress_titles_desc":"","_seopress_robots_index":"","_kad_blocks_custom_css":"","_kad_blocks_head_custom_js":"","_kad_blocks_body_custom_js":"","_kad_blocks_footer_custom_js":"","_kad_post_transparent":"default","_kad_post_title":"","_kad_post_layout":"default","_kad_post_sidebar_id":"","_kad_post_content_style":"default","_kad_post_vertical_padding":"default","_kad_post_feature":"","_kad_post_feature_position":"","_kad_post_header":false,"_kad_post_footer":false,"_kad_post_classname":""},"product_brand":[],"product_cat":[17,19,22],"product_tag":[20],"class_list":{"0":"post-80","1":"product","2":"type-product","3":"status-publish","4":"has-post-thumbnail","6":"product_cat-brightening-anti-dark-spot","7":"product_cat-diamant-blanc","8":"product_cat-serums","9":"product_tag-diamant-blanc","11":"first","12":"instock","13":"featured","14":"taxable","15":"shipping-taxable","16":"purchasable","17":"product-type-simple","18":"entry","19":"content-bg","20":"loop-entry"},"taxonomy_info":{"product_cat":[{"value":17,"label":"Brightening &amp; Anti Dark spot"},{"value":19,"label":"Diamant Blanc"},{"value":22,"label":"Serums"}],"product_tag":[{"value":20,"label":"Diamant Blanc"}]},"featured_image_src_large":["https:\/\/charlottacarlson.com\/wp-content\/uploads\/2024\/09\/Diamant-Blanc-Brightening-serum-1-1024x1024.jpg",1024,1024,true],"author_info":[],"comment_info":0,"_links":{"self":[{"href":"https:\/\/charlottacarlson.com\/vi\/wp-json\/wp\/v2\/product\/80","targetHints":{"allow":["GET"]}}],"collection":[{"href":"https:\/\/charlottacarlson.com\/vi\/wp-json\/wp\/v2\/product"}],"about":[{"href":"https:\/\/charlottacarlson.com\/vi\/wp-json\/wp\/v2\/types\/product"}],"replies":[{"embeddable":true,"href":"https:\/\/charlottacarlson.com\/vi\/wp-json\/wp\/v2\/comments?post=80"}],"wp:featuredmedia":[{"embeddable":true,"href":"https:\/\/charlottacarlson.com\/vi\/wp-json\/wp\/v2\/media\/81"}],"wp:attachment":[{"href":"https:\/\/charlottacarlson.com\/vi\/wp-json\/wp\/v2\/media?parent=80"}],"wp:term":[{"taxonomy":"product_brand","embeddable":true,"href":"https:\/\/charlottacarlson.com\/vi\/wp-json\/wp\/v2\/product_brand?post=80"},{"taxonomy":"product_cat","embeddable":true,"href":"https:\/\/charlottacarlson.com\/vi\/wp-json\/wp\/v2\/product_cat?post=80"},{"taxonomy":"product_tag","embeddable":true,"href":"https:\/\/charlottacarlson.com\/vi\/wp-json\/wp\/v2\/product_tag?post=80"}],"curies":[{"name":"wp","href":"https:\/\/api.w.org\/{rel}","templated":true}]}}