{"id":76,"date":"2024-09-15T17:05:46","date_gmt":"2024-09-15T17:05:46","guid":{"rendered":"https:\/\/blissful-fish-387ec5.instawp.xyz\/?post_type=product&#038;p=76"},"modified":"2024-11-20T09:43:58","modified_gmt":"2024-11-20T09:43:58","slug":"kem-duong-sang-da","status":"publish","type":"product","link":"https:\/\/charlottacarlson.com\/vi\/san-pham\/kem-duong-sang-da\/","title":{"rendered":"S\u1eefa d\u01b0\u1ee1ng s\u00e1ng da"},"content":{"rendered":"<h3><img loading=\"lazy\" decoding=\"async\" class=\"wp-image-1085 alignright\" src=\"https:\/\/charlottacarlson.com\/wp-content\/uploads\/2024\/09\/Diamond-Wheat-brain-ingredient-Diamant-Blanc-Charlotta-Carlson-v2-1-300x205.webp\" alt=\"Th\u00e0nh ph\u1ea7n Diamond Wheat Brain Diamant Blanc Charlotta Carlson V2 1\" width=\"508\" height=\"347\" srcset=\"https:\/\/charlottacarlson.com\/wp-content\/uploads\/2024\/09\/Diamond-Wheat-brain-ingredient-Diamant-Blanc-Charlotta-Carlson-v2-1-300x205.webp 300w, https:\/\/charlottacarlson.com\/wp-content\/uploads\/2024\/09\/Diamond-Wheat-brain-ingredient-Diamant-Blanc-Charlotta-Carlson-v2-1-1024x699.webp 1024w, https:\/\/charlottacarlson.com\/wp-content\/uploads\/2024\/09\/Diamond-Wheat-brain-ingredient-Diamant-Blanc-Charlotta-Carlson-v2-1-768x524.webp 768w, https:\/\/charlottacarlson.com\/wp-content\/uploads\/2024\/09\/Diamond-Wheat-brain-ingredient-Diamant-Blanc-Charlotta-Carlson-v2-1-18x12.webp 18w, https:\/\/charlottacarlson.com\/wp-content\/uploads\/2024\/09\/Diamond-Wheat-brain-ingredient-Diamant-Blanc-Charlotta-Carlson-v2-1-600x410.webp 600w, https:\/\/charlottacarlson.com\/wp-content\/uploads\/2024\/09\/Diamond-Wheat-brain-ingredient-Diamant-Blanc-Charlotta-Carlson-v2-1.webp 1462w\" sizes=\"auto, (max-width: 508px) 100vw, 508px\" \/>S\u1ef1 mi\u00eau t\u1ea3:<\/h3>\n<p><span data-sheets-value=\"{\" data-sheets-userformat=\"{\">S\u1eefa d\u01b0\u1ee1ng da kim c\u01b0\u01a1ng l\u00e0m s\u00e1ng da n\u00e0y cung c\u1ea5p l\u00e0n da m\u1ec1m m\u1ea1i, ng\u1eadm n\u01b0\u1edbc v\u1edbi \u0111\u1ed9 t\u01b0\u01a1i m\u00e1t t\u1ee9c th\u00ec. N\u00f3 mang l\u1ea1i l\u00e0n da \u0111\u1ec1u m\u00e0u v\u00e0 s\u00e1ng h\u01a1n, \u0111\u1ed3ng th\u1eddi chu\u1ea9n b\u1ecb t\u1ed1i \u01b0u cho l\u00e0n da cho c\u00e1c b\u01b0\u1edbc ti\u1ebfp theo trong quy tr\u00ecnh ch\u0103m s\u00f3c da c\u1ee7a b\u1ea1n.<\/span><\/p>\n<h3>L\u1ee3i \u00edch:<\/h3>\n<ul>\n<li><span data-sheets-value=\"{\" data-sheets-userformat=\"{\">D\u01b0\u1ee1ng \u1ea9m cho da, mang l\u1ea1i s\u1ef1 t\u01b0\u01a1i m\u1edbi, l\u00e0m s\u00e1ng da, chu\u1ea9n b\u1ecb cho da \u0111\u1ec3 ch\u0103m s\u00f3c th\u01b0\u1eddng xuy\u00ean.<\/span><\/li>\n<li>Chi\u1ebft xu\u1ea5t kim c\u01b0\u01a1ng \u0111\u01b0\u1ee3c bi\u1ebft \u0111\u1ebfn v\u1edbi <b>t\u1ea9y t\u1ebf b\u00e0o ch\u1ebft cho da v\u00e0 l\u00e0m m\u1ecbn c\u00e1c khuy\u1ebft \u0111i\u1ec3m<\/b><\/li>\n<li>Chi\u1ebft xu\u1ea5t c\u00e1m l\u00faa m\u00ec \u0111\u01b0\u1ee3c bi\u1ebft \u0111\u1ebfn v\u1edbi <b>L\u00e0m tr\u1eafng, gi\u1ea3m s\u1eafc t\u1ed1 v\u00e0 l\u00e0m s\u00e1ng da <\/b>th\u00e0nh ph\u1ea7n ho\u1ea1t t\u00ednh.<\/li>\n<\/ul>\n<h3>Th\u00e0nh ph\u1ea7n ho\u1ea1t t\u00ednh:<\/h3>\n<p><span data-sheets-value=\"{\" data-sheets-userformat=\"{\">Chi\u1ebft xu\u1ea5t kim c\u01b0\u01a1ng v\u00e0 chi\u1ebft xu\u1ea5t c\u00e1m l\u00faa m\u00ec<\/span><\/p>\n<h3>C\u00e1ch s\u1eed d\u1ee5ng:<\/h3>\n<p><span data-sheets-value=\"{\" data-sheets-userformat=\"{\">S\u1eed d\u1ee5ng v\u00e0o bu\u1ed5i s\u00e1ng tr\u01b0\u1edbc khi trang \u0111i\u1ec3m v\u00e0 bu\u1ed5i t\u1ed1i \u0111\u1ec3 t\u1ea9y trang v\u00e0 d\u01b0\u1ee1ng \u1ea9m cho da \u2013 S\u1eed d\u1ee5ng h\u00e0ng ng\u00e0y<br \/>\n<\/span><\/p>\n<h3>T\u00ednh t\u1ef1 nhi\u00ean: <span data-sheets-value=\"{\" data-sheets-userformat=\"{\">99%<\/span><\/h3>\n<h3>Danh s\u00e1ch th\u00e0nh ph\u1ea7n:<\/h3>\n<p><span data-sheets-value=\"{\" data-sheets-userformat=\"{\">Aqua, Propanediol, B\u1ed9t kim c\u01b0\u01a1ng, B\u1ed9t m\u00ec th\u1ee7y ph\u00e2n, Glycerin, K\u1eb9o cao su Xanthan, Polysorbate 20, N\u01b0\u1edbc hoa, Axit lactic, Natri gluconat, Natri benzoat, Kali sorbat<\/span><\/p>\n<h3>Thu\u1ed9c t\u00ednh m\u00f4i tr\u01b0\u1eddng:<\/h3>\n<p><img alt=\"\" loading=\"lazy\" decoding=\"async\" class=\"alignnone wp-image-2935 size-full\" src=\"https:\/\/charlottacarlson.com\/wp-content\/uploads\/2019\/11\/BM.jpg\" width=\"332\" height=\"96\" \/><\/p>","protected":false},"excerpt":{"rendered":"<h3><img loading=\"lazy\" decoding=\"async\" class=\"wp-image-1085 alignright\" src=\"https:\/\/charlottacarlson.com\/wp-content\/uploads\/2024\/09\/Diamond-Wheat-brain-ingredient-Diamant-Blanc-Charlotta-Carlson-v2-1-300x205.webp\" alt=\"Th\u00e0nh ph\u1ea7n Diamond Wheat Brain Diamant Blanc Charlotta Carlson V2 1\" width=\"500\" height=\"341\" srcset=\"https:\/\/charlottacarlson.com\/wp-content\/uploads\/2024\/09\/Diamond-Wheat-brain-ingredient-Diamant-Blanc-Charlotta-Carlson-v2-1-300x205.webp 300w, https:\/\/charlottacarlson.com\/wp-content\/uploads\/2024\/09\/Diamond-Wheat-brain-ingredient-Diamant-Blanc-Charlotta-Carlson-v2-1-1024x699.webp 1024w, https:\/\/charlottacarlson.com\/wp-content\/uploads\/2024\/09\/Diamond-Wheat-brain-ingredient-Diamant-Blanc-Charlotta-Carlson-v2-1-768x524.webp 768w, https:\/\/charlottacarlson.com\/wp-content\/uploads\/2024\/09\/Diamond-Wheat-brain-ingredient-Diamant-Blanc-Charlotta-Carlson-v2-1-18x12.webp 18w, https:\/\/charlottacarlson.com\/wp-content\/uploads\/2024\/09\/Diamond-Wheat-brain-ingredient-Diamant-Blanc-Charlotta-Carlson-v2-1-600x410.webp 600w, https:\/\/charlottacarlson.com\/wp-content\/uploads\/2024\/09\/Diamond-Wheat-brain-ingredient-Diamant-Blanc-Charlotta-Carlson-v2-1.webp 1462w\" sizes=\"auto, (max-width: 500px) 100vw, 500px\" \/>S\u1ef1 mi\u00eau t\u1ea3:<\/h3>\n<p><span data-sheets-value=\"{\" data-sheets-userformat=\"{\">S\u1eefa d\u01b0\u1ee1ng da kim c\u01b0\u01a1ng l\u00e0m s\u00e1ng da n\u00e0y cung c\u1ea5p l\u00e0n da m\u1ec1m m\u1ea1i, ng\u1eadm n\u01b0\u1edbc v\u1edbi \u0111\u1ed9 t\u01b0\u01a1i m\u00e1t t\u1ee9c th\u00ec. N\u00f3 mang l\u1ea1i l\u00e0n da \u0111\u1ec1u m\u00e0u v\u00e0 s\u00e1ng h\u01a1n, \u0111\u1ed3ng th\u1eddi chu\u1ea9n b\u1ecb t\u1ed1i \u01b0u cho l\u00e0n da cho c\u00e1c b\u01b0\u1edbc ti\u1ebfp theo trong quy tr\u00ecnh ch\u0103m s\u00f3c da c\u1ee7a b\u1ea1n.<\/span><\/p>\n<h3>L\u1ee3i \u00edch:<\/h3>\n<ul>\n<li><span data-sheets-value=\"{\" data-sheets-userformat=\"{\">D\u01b0\u1ee1ng \u1ea9m cho da, mang l\u1ea1i s\u1ef1 t\u01b0\u01a1i m\u1edbi, l\u00e0m s\u00e1ng da, chu\u1ea9n b\u1ecb cho da \u0111\u1ec3 ch\u0103m s\u00f3c th\u01b0\u1eddng xuy\u00ean.<\/span><\/li>\n<li>Chi\u1ebft xu\u1ea5t kim c\u01b0\u01a1ng \u0111\u01b0\u1ee3c bi\u1ebft \u0111\u1ebfn v\u1edbi <b>t\u1ea9y t\u1ebf b\u00e0o ch\u1ebft cho da v\u00e0 l\u00e0m m\u1ecbn c\u00e1c khuy\u1ebft \u0111i\u1ec3m<\/b><\/li>\n<li>Chi\u1ebft xu\u1ea5t c\u00e1m l\u00faa m\u00ec \u0111\u01b0\u1ee3c bi\u1ebft \u0111\u1ebfn v\u1edbi <b>L\u00e0m tr\u1eafng, gi\u1ea3m s\u1eafc t\u1ed1 v\u00e0 l\u00e0m s\u00e1ng da <\/b>th\u00e0nh ph\u1ea7n ho\u1ea1t t\u00ednh.<\/li>\n<\/ul>\n<h3>Th\u00e0nh ph\u1ea7n ho\u1ea1t t\u00ednh:<\/h3>\n<p><span data-sheets-value=\"{\" data-sheets-userformat=\"{\">Chi\u1ebft xu\u1ea5t kim c\u01b0\u01a1ng v\u00e0 chi\u1ebft xu\u1ea5t c\u00e1m l\u00faa m\u00ec<\/span><\/p>\n<h3>C\u00e1ch s\u1eed d\u1ee5ng:<\/h3>\n<p><span data-sheets-value=\"{\" data-sheets-userformat=\"{\">S\u1eed d\u1ee5ng v\u00e0o bu\u1ed5i s\u00e1ng tr\u01b0\u1edbc khi trang \u0111i\u1ec3m v\u00e0 bu\u1ed5i t\u1ed1i \u0111\u1ec3 t\u1ea9y trang v\u00e0 d\u01b0\u1ee1ng \u1ea9m cho da \u2013 S\u1eed d\u1ee5ng h\u00e0ng ng\u00e0y<br \/>\n<\/span><\/p>\n<h3>T\u00ednh t\u1ef1 nhi\u00ean: <span data-sheets-value=\"{\" data-sheets-userformat=\"{\">99%<\/span><\/h3>\n<h3>Danh s\u00e1ch th\u00e0nh ph\u1ea7n:<\/h3>\n<p><span data-sheets-value=\"{\" data-sheets-userformat=\"{\">Aqua, Propanediol, B\u1ed9t kim c\u01b0\u01a1ng, B\u1ed9t m\u00ec th\u1ee7y ph\u00e2n, Glycerin, K\u1eb9o cao su Xanthan, Polysorbate 20, N\u01b0\u1edbc hoa, Axit lactic, Natri gluconat, Natri benzoat, Kali sorbat<\/span><\/p>\n<h3>Thu\u1ed9c t\u00ednh m\u00f4i tr\u01b0\u1eddng:<\/h3>\n<p><img alt=\"\" loading=\"lazy\" decoding=\"async\" class=\"alignnone wp-image-2935 size-full\" src=\"https:\/\/charlottacarlson.com\/wp-content\/uploads\/2019\/11\/BM.jpg\" width=\"332\" height=\"96\" \/><\/p>","protected":false},"featured_media":77,"comment_status":"open","ping_status":"closed","template":"","meta":{"_seopress_robots_primary_cat":"","_seopress_titles_title":"","_seopress_titles_desc":"","_seopress_robots_index":"","_kad_blocks_custom_css":"","_kad_blocks_head_custom_js":"","_kad_blocks_body_custom_js":"","_kad_blocks_footer_custom_js":"","_kad_post_transparent":"default","_kad_post_title":"","_kad_post_layout":"default","_kad_post_sidebar_id":"","_kad_post_content_style":"default","_kad_post_vertical_padding":"default","_kad_post_feature":"","_kad_post_feature_position":"","_kad_post_header":false,"_kad_post_footer":false,"_kad_post_classname":""},"product_brand":[],"product_cat":[17,19,21],"product_tag":[20],"class_list":{"0":"post-76","1":"product","2":"type-product","3":"status-publish","4":"has-post-thumbnail","6":"product_cat-brightening-anti-dark-spot","7":"product_cat-diamant-blanc","8":"product_cat-toners-lotions","9":"product_tag-diamant-blanc","11":"first","12":"instock","13":"featured","14":"taxable","15":"shipping-taxable","16":"purchasable","17":"product-type-simple","18":"entry","19":"content-bg","20":"loop-entry"},"taxonomy_info":{"product_cat":[{"value":17,"label":"Brightening &amp; Anti Dark spot"},{"value":19,"label":"Diamant Blanc"},{"value":21,"label":"Toners &amp; Lotions"}],"product_tag":[{"value":20,"label":"Diamant Blanc"}]},"featured_image_src_large":["https:\/\/charlottacarlson.com\/wp-content\/uploads\/2024\/09\/Diamant-Blanc-brigthening-lotion-scaled-2-1024x1024.jpg",1024,1024,true],"author_info":[],"comment_info":0,"_links":{"self":[{"href":"https:\/\/charlottacarlson.com\/vi\/wp-json\/wp\/v2\/product\/76","targetHints":{"allow":["GET"]}}],"collection":[{"href":"https:\/\/charlottacarlson.com\/vi\/wp-json\/wp\/v2\/product"}],"about":[{"href":"https:\/\/charlottacarlson.com\/vi\/wp-json\/wp\/v2\/types\/product"}],"replies":[{"embeddable":true,"href":"https:\/\/charlottacarlson.com\/vi\/wp-json\/wp\/v2\/comments?post=76"}],"wp:featuredmedia":[{"embeddable":true,"href":"https:\/\/charlottacarlson.com\/vi\/wp-json\/wp\/v2\/media\/77"}],"wp:attachment":[{"href":"https:\/\/charlottacarlson.com\/vi\/wp-json\/wp\/v2\/media?parent=76"}],"wp:term":[{"taxonomy":"product_brand","embeddable":true,"href":"https:\/\/charlottacarlson.com\/vi\/wp-json\/wp\/v2\/product_brand?post=76"},{"taxonomy":"product_cat","embeddable":true,"href":"https:\/\/charlottacarlson.com\/vi\/wp-json\/wp\/v2\/product_cat?post=76"},{"taxonomy":"product_tag","embeddable":true,"href":"https:\/\/charlottacarlson.com\/vi\/wp-json\/wp\/v2\/product_tag?post=76"}],"curies":[{"name":"wp","href":"https:\/\/api.w.org\/{rel}","templated":true}]}}