{"id":73,"date":"2024-09-15T17:05:40","date_gmt":"2024-09-15T17:05:40","guid":{"rendered":"https:\/\/blissful-fish-387ec5.instawp.xyz\/?post_type=product&#038;p=73"},"modified":"2024-12-03T10:08:20","modified_gmt":"2024-12-03T10:08:20","slug":"kem-chong-lao-hoa-lam-sang-da","status":"publish","type":"product","link":"https:\/\/charlottacarlson.com\/vi\/san-pham\/kem-chong-lao-hoa-lam-sang-da\/","title":{"rendered":"Kem l\u00e0m s\u00e1ng v\u00e0 ch\u1ed1ng l\u00e3o h\u00f3a"},"content":{"rendered":"<p><img loading=\"lazy\" decoding=\"async\" class=\"wp-image-1085 alignright\" src=\"https:\/\/charlottacarlson.com\/wp-content\/uploads\/2024\/09\/Diamond-Wheat-brain-ingredient-Diamant-Blanc-Charlotta-Carlson-v2-1-300x205.webp\" alt=\"Th\u00e0nh ph\u1ea7n Diamond Wheat Brain Diamant Blanc Charlotta Carlson V2 1\" width=\"490\" height=\"335\" srcset=\"https:\/\/charlottacarlson.com\/wp-content\/uploads\/2024\/09\/Diamond-Wheat-brain-ingredient-Diamant-Blanc-Charlotta-Carlson-v2-1-300x205.webp 300w, https:\/\/charlottacarlson.com\/wp-content\/uploads\/2024\/09\/Diamond-Wheat-brain-ingredient-Diamant-Blanc-Charlotta-Carlson-v2-1-1024x699.webp 1024w, https:\/\/charlottacarlson.com\/wp-content\/uploads\/2024\/09\/Diamond-Wheat-brain-ingredient-Diamant-Blanc-Charlotta-Carlson-v2-1-768x524.webp 768w, https:\/\/charlottacarlson.com\/wp-content\/uploads\/2024\/09\/Diamond-Wheat-brain-ingredient-Diamant-Blanc-Charlotta-Carlson-v2-1-18x12.webp 18w, https:\/\/charlottacarlson.com\/wp-content\/uploads\/2024\/09\/Diamond-Wheat-brain-ingredient-Diamant-Blanc-Charlotta-Carlson-v2-1-600x410.webp 600w, https:\/\/charlottacarlson.com\/wp-content\/uploads\/2024\/09\/Diamond-Wheat-brain-ingredient-Diamant-Blanc-Charlotta-Carlson-v2-1.webp 1462w\" sizes=\"auto, (max-width: 490px) 100vw, 490px\" \/>Kem d\u01b0\u1ee1ng da Nourishing Diamond k\u1ebft h\u1ee3p t\u00e1c d\u1ee5ng ch\u1ed1ng l\u00e3o h\u00f3a, ch\u1ed1ng nh\u0103n v\u00e0 l\u00e0m s\u00e1ng da, mang l\u1ea1i cho khu\u00f4n m\u1eb7t b\u1ea1n v\u1ebb r\u1ea1ng r\u1ee1. L\u00e0n da c\u1ee7a b\u1ea1n m\u1ec1m m\u1ea1i, d\u1ebbo dai v\u00e0 ng\u1eadm n\u01b0\u1edbc.<\/p>\n<h3>L\u1ee3i \u00edch:<\/h3>\n<ul>\n<li>Chi\u1ebft xu\u1ea5t kim c\u01b0\u01a1ng \u0111\u01b0\u1ee3c bi\u1ebft \u0111\u1ebfn v\u1edbi <b>t\u1ea9y t\u1ebf b\u00e0o ch\u1ebft cho da v\u00e0 l\u00e0m m\u1ecbn c\u00e1c khuy\u1ebft \u0111i\u1ec3m<\/b><\/li>\n<li>Chi\u1ebft xu\u1ea5t c\u00e1m l\u00faa m\u00ec \u0111\u01b0\u1ee3c bi\u1ebft \u0111\u1ebfn v\u1edbi <b>L\u00e0m tr\u1eafng, gi\u1ea3m s\u1eafc t\u1ed1 v\u00e0 l\u00e0m s\u00e1ng da <\/b>th\u00e0nh ph\u1ea7n ho\u1ea1t t\u00ednh.<\/li>\n<li>Da m\u1ec1m m\u1ea1i h\u01a1n: 85.19%<\/li>\n<li>Da m\u1ec1m h\u01a1n: 85.19%<\/li>\n<li>Kem mang l\u1ea1i s\u1ef1 tho\u1ea3i m\u00e1i cho l\u00e0n da: 88.89%<\/li>\n<li>Kem mang l\u1ea1i \u0111\u1ed9 \u1ea9m cho b\u1ec1 m\u1eb7t da (da kh\u00f4ng b\u1ecb kh\u00f4): 88.89%<\/li>\n<li>Kem cung c\u1ea5p hi\u1ec7u qu\u1ea3 nu\u00f4i d\u01b0\u1ee1ng cho da: 88.89%<\/li>\n<li>T\u00e1c d\u1ee5ng l\u00e0m s\u00e1ng da: 59.26%<\/li>\n<li>T\u00e1c \u0111\u1ed9ng l\u00ean \u0111\u1ed9 \u0111\u1ed3ng \u0111\u1ec1u c\u1ee7a n\u01b0\u1edbc da: 77.78%<\/li>\n<li>T\u00e1c \u0111\u1ed9ng l\u00ean \u0111\u1ed9 s\u00e1ng c\u1ee7a l\u00e0n da: 74.07%<\/li>\n<li>T\u00e1c \u0111\u1ed9ng l\u00ean n\u1ebfp nh\u0103n v\u00e0 v\u1ebft ch\u00e2n chim: 74.07%<\/li>\n<li>T\u00e1c d\u1ee5ng ch\u1ed1ng l\u00e3o h\u00f3a: 62.96%\u201d<\/li>\n<li>T\u1ef1 \u0111\u00e1nh gi\u00e1 \u0111\u01b0\u1ee3c th\u1ef1c hi\u1ec7n tr\u00ean 27 ng\u01b0\u1eddi trong 28 ng\u00e0y<\/li>\n<\/ul>\n<h3>Th\u00e0nh ph\u1ea7n ho\u1ea1t t\u00ednh:<\/h3>\n<p><span data-sheets-value=\"{\" data-sheets-userformat=\"{\">Kim c\u01b0\u01a1ng v\u00e0 c\u00e1m l\u00faa m\u00ec, rong bi\u1ec3n n\u00e2u, b\u01a1 h\u1ea1t m\u1ee1 sinh h\u1ecdc<\/span><\/p>\n<h3>C\u00e1ch s\u1eed d\u1ee5ng:<\/h3>\n<p><span data-sheets-value=\"{\" data-sheets-userformat=\"{\">Thoa v\u00e0o bu\u1ed5i s\u00e1ng v\u00e0 bu\u1ed5i t\u1ed1i l\u00ean da s\u1ea1ch kh\u00f4, tr\u00e1nh v\u00f9ng m\u1eaft. Massage v\u00e0o da theo chuy\u1ec3n \u0111\u1ed9ng tr\u00f2n \u2013 S\u1eed d\u1ee5ng h\u00e0ng ng\u00e0y<br \/>\n<\/span><\/p>\n<h3>\u0110\u1ed9 t\u1ef1 nhi\u00ean: 87,8%<\/h3>\n<h3>Danh s\u00e1ch th\u00e0nh ph\u1ea7n:<\/h3>\n<p><span data-sheets-value=\"{\" data-sheets-userformat=\"{\">Aqua, Isopropyl palmitate, Squalane, Cyclohexasiloxane, Cyclopentasiloxane, Cetyl alcohol, Glyceryl stearate, Glycerin, Butyrospermum parkii butter, Helianthus annuus hybrid oil, Propanediol, Glycol palmitate, Parfum, Diamond Powder, Alaria esculenta extract, Hydrolyzed wheat flour, Tocopheryl acetate, Caprylic\/capric triglyceride, PEG-75 stearate, Ceteth-20, Steareth-20, Laureth-7, Mica, Xanthan gum, Polyacrylamide, C13-14 Isoparaffin, Dimethiconol, Natri gluconat, Salicylic acid, Sorbic acid, Lactic acid, Natri hydroxide, Natri benzoat, Kali sorbat, Benzyl alcohol, CI 77891<\/span><\/p>\n<h3>Thu\u1ed9c t\u00ednh m\u00f4i tr\u01b0\u1eddng:<\/h3>\n<p><img alt=\"\" loading=\"lazy\" decoding=\"async\" class=\"alignnone wp-image-2935 size-full\" src=\"https:\/\/charlottacarlson.com\/wp-content\/uploads\/2019\/11\/BM.jpg\" width=\"332\" height=\"96\" \/><\/p>","protected":false},"excerpt":{"rendered":"<h3><img loading=\"lazy\" decoding=\"async\" class=\"wp-image-1085 alignright\" src=\"https:\/\/charlottacarlson.com\/wp-content\/uploads\/2024\/09\/Diamond-Wheat-brain-ingredient-Diamant-Blanc-Charlotta-Carlson-v2-1-300x205.webp\" alt=\"Th\u00e0nh ph\u1ea7n Diamond Wheat Brain Diamant Blanc Charlotta Carlson V2 1\" width=\"483\" height=\"330\" srcset=\"https:\/\/charlottacarlson.com\/wp-content\/uploads\/2024\/09\/Diamond-Wheat-brain-ingredient-Diamant-Blanc-Charlotta-Carlson-v2-1-300x205.webp 300w, https:\/\/charlottacarlson.com\/wp-content\/uploads\/2024\/09\/Diamond-Wheat-brain-ingredient-Diamant-Blanc-Charlotta-Carlson-v2-1-1024x699.webp 1024w, https:\/\/charlottacarlson.com\/wp-content\/uploads\/2024\/09\/Diamond-Wheat-brain-ingredient-Diamant-Blanc-Charlotta-Carlson-v2-1-768x524.webp 768w, https:\/\/charlottacarlson.com\/wp-content\/uploads\/2024\/09\/Diamond-Wheat-brain-ingredient-Diamant-Blanc-Charlotta-Carlson-v2-1-18x12.webp 18w, https:\/\/charlottacarlson.com\/wp-content\/uploads\/2024\/09\/Diamond-Wheat-brain-ingredient-Diamant-Blanc-Charlotta-Carlson-v2-1-600x410.webp 600w, https:\/\/charlottacarlson.com\/wp-content\/uploads\/2024\/09\/Diamond-Wheat-brain-ingredient-Diamant-Blanc-Charlotta-Carlson-v2-1.webp 1462w\" sizes=\"auto, (max-width: 483px) 100vw, 483px\" \/>S\u1ef1 mi\u00eau t\u1ea3:<\/h3>\n<p>Kem d\u01b0\u1ee1ng da Nourishing Diamond k\u1ebft h\u1ee3p t\u00e1c d\u1ee5ng ch\u1ed1ng l\u00e3o h\u00f3a, ch\u1ed1ng nh\u0103n v\u00e0 l\u00e0m s\u00e1ng da, mang l\u1ea1i cho khu\u00f4n m\u1eb7t b\u1ea1n v\u1ebb r\u1ea1ng r\u1ee1. L\u00e0n da c\u1ee7a b\u1ea1n m\u1ec1m m\u1ea1i, d\u1ebbo dai v\u00e0 ng\u1eadm n\u01b0\u1edbc.<\/p>\n<h3>L\u1ee3i \u00edch:<\/h3>\n<ul>\n<li>Chi\u1ebft xu\u1ea5t kim c\u01b0\u01a1ng \u0111\u01b0\u1ee3c bi\u1ebft \u0111\u1ebfn v\u1edbi <b>t\u1ea9y t\u1ebf b\u00e0o ch\u1ebft cho da v\u00e0 l\u00e0m m\u1ecbn c\u00e1c khuy\u1ebft \u0111i\u1ec3m<\/b><\/li>\n<li>Chi\u1ebft xu\u1ea5t c\u00e1m l\u00faa m\u00ec \u0111\u01b0\u1ee3c bi\u1ebft \u0111\u1ebfn v\u1edbi <b>L\u00e0m tr\u1eafng, gi\u1ea3m s\u1eafc t\u1ed1 v\u00e0 l\u00e0m s\u00e1ng da <\/b>th\u00e0nh ph\u1ea7n ho\u1ea1t t\u00ednh.<\/li>\n<li>Da m\u1ec1m m\u1ea1i h\u01a1n: 85.19%<\/li>\n<li>Da m\u1ec1m h\u01a1n: 85.19%<\/li>\n<li>Kem mang l\u1ea1i s\u1ef1 tho\u1ea3i m\u00e1i cho l\u00e0n da: 88.89%<\/li>\n<li>Kem mang l\u1ea1i \u0111\u1ed9 \u1ea9m cho b\u1ec1 m\u1eb7t da (da kh\u00f4ng b\u1ecb kh\u00f4): 88.89%<\/li>\n<li>Kem cung c\u1ea5p hi\u1ec7u qu\u1ea3 nu\u00f4i d\u01b0\u1ee1ng cho da: 88.89%<\/li>\n<li>T\u00e1c d\u1ee5ng l\u00e0m s\u00e1ng da: 59.26%<\/li>\n<li>T\u00e1c \u0111\u1ed9ng l\u00ean \u0111\u1ed9 \u0111\u1ed3ng \u0111\u1ec1u c\u1ee7a n\u01b0\u1edbc da: 77.78%<\/li>\n<li>T\u00e1c \u0111\u1ed9ng l\u00ean \u0111\u1ed9 s\u00e1ng c\u1ee7a l\u00e0n da: 74.07%<\/li>\n<li>T\u00e1c \u0111\u1ed9ng l\u00ean n\u1ebfp nh\u0103n v\u00e0 v\u1ebft ch\u00e2n chim: 74.07%<\/li>\n<li>T\u00e1c d\u1ee5ng ch\u1ed1ng l\u00e3o h\u00f3a: 62.96%\u201d<\/li>\n<li>T\u1ef1 \u0111\u00e1nh gi\u00e1 \u0111\u01b0\u1ee3c th\u1ef1c hi\u1ec7n tr\u00ean 27 ng\u01b0\u1eddi trong 28 ng\u00e0y<\/li>\n<\/ul>\n<h3>Th\u00e0nh ph\u1ea7n ho\u1ea1t t\u00ednh:<\/h3>\n<p><span data-sheets-value=\"{\" data-sheets-userformat=\"{\">Kim c\u01b0\u01a1ng v\u00e0 c\u00e1m l\u00faa m\u00ec, rong bi\u1ec3n n\u00e2u, b\u01a1 h\u1ea1t m\u1ee1 sinh h\u1ecdc<\/span><\/p>\n<h3>C\u00e1ch s\u1eed d\u1ee5ng:<\/h3>\n<p><span data-sheets-value=\"{\" data-sheets-userformat=\"{\">Thoa v\u00e0o bu\u1ed5i s\u00e1ng v\u00e0 bu\u1ed5i t\u1ed1i l\u00ean da s\u1ea1ch kh\u00f4, tr\u00e1nh v\u00f9ng m\u1eaft. Massage v\u00e0o da theo chuy\u1ec3n \u0111\u1ed9ng tr\u00f2n \u2013 S\u1eed d\u1ee5ng h\u00e0ng ng\u00e0y<br \/>\n<\/span><\/p>\n<h3>\u0110\u1ed9 t\u1ef1 nhi\u00ean: 87,8%<\/h3>\n<h3>Danh s\u00e1ch th\u00e0nh ph\u1ea7n:<\/h3>\n<p><span data-sheets-value=\"{\" data-sheets-userformat=\"{\">Aqua, Isopropyl palmitate, Squalane, Cyclohexasiloxane, Cyclopentasiloxane, Cetyl alcohol, Glyceryl stearate, Glycerin, Butyrospermum parkii butter, Helianthus annuus hybrid oil, Propanediol, Glycol palmitate, Parfum, Diamond Powder, Alaria esculenta extract, Hydrolyzed wheat flour, Tocopheryl acetate, Caprylic\/capric triglyceride, PEG-75 stearate, Ceteth-20, Steareth-20, Laureth-7, Mica, Xanthan gum, Polyacrylamide, C13-14 Isoparaffin, Dimethiconol, Natri gluconat, Salicylic acid, Sorbic acid, Lactic acid, Natri hydroxide, Natri benzoat, Kali sorbat, Benzyl alcohol, CI 77891<\/span><\/p>\n<h3>Thu\u1ed9c t\u00ednh m\u00f4i tr\u01b0\u1eddng:<\/h3>\n<p><img alt=\"\" loading=\"lazy\" decoding=\"async\" class=\"alignnone wp-image-2935 size-full\" src=\"https:\/\/charlottacarlson.com\/wp-content\/uploads\/2019\/11\/BM.jpg\" width=\"332\" height=\"96\" \/><\/p>","protected":false},"featured_media":74,"comment_status":"open","ping_status":"closed","template":"","meta":{"_seopress_robots_primary_cat":"","_seopress_titles_title":"","_seopress_titles_desc":"","_seopress_robots_index":"","_kad_blocks_custom_css":"","_kad_blocks_head_custom_js":"","_kad_blocks_body_custom_js":"","_kad_blocks_footer_custom_js":"","_kad_post_transparent":"default","_kad_post_title":"","_kad_post_layout":"default","_kad_post_sidebar_id":"","_kad_post_content_style":"default","_kad_post_vertical_padding":"default","_kad_post_feature":"","_kad_post_feature_position":"","_kad_post_header":false,"_kad_post_footer":false,"_kad_post_classname":""},"product_brand":[],"product_cat":[16,17,18,19],"product_tag":[20],"class_list":{"0":"post-73","1":"product","2":"type-product","3":"status-publish","4":"has-post-thumbnail","6":"product_cat-anti-age-anti-wrinkle","7":"product_cat-brightening-anti-dark-spot","8":"product_cat-creams","9":"product_cat-diamant-blanc","10":"product_tag-diamant-blanc","12":"first","13":"instock","14":"featured","15":"taxable","16":"shipping-taxable","17":"purchasable","18":"product-type-simple","19":"entry","20":"content-bg","21":"loop-entry"},"taxonomy_info":{"product_cat":[{"value":16,"label":"Anti-Age &amp; Anti-wrinkle"},{"value":17,"label":"Brightening &amp; Anti Dark spot"},{"value":18,"label":"Creams"},{"value":19,"label":"Diamant Blanc"}],"product_tag":[{"value":20,"label":"Diamant Blanc"}]},"featured_image_src_large":["https:\/\/charlottacarlson.com\/wp-content\/uploads\/2024\/09\/Diamant-Blanc-Cream-1.jpg",1022,1022,false],"author_info":[],"comment_info":0,"_links":{"self":[{"href":"https:\/\/charlottacarlson.com\/vi\/wp-json\/wp\/v2\/product\/73","targetHints":{"allow":["GET"]}}],"collection":[{"href":"https:\/\/charlottacarlson.com\/vi\/wp-json\/wp\/v2\/product"}],"about":[{"href":"https:\/\/charlottacarlson.com\/vi\/wp-json\/wp\/v2\/types\/product"}],"replies":[{"embeddable":true,"href":"https:\/\/charlottacarlson.com\/vi\/wp-json\/wp\/v2\/comments?post=73"}],"wp:featuredmedia":[{"embeddable":true,"href":"https:\/\/charlottacarlson.com\/vi\/wp-json\/wp\/v2\/media\/74"}],"wp:attachment":[{"href":"https:\/\/charlottacarlson.com\/vi\/wp-json\/wp\/v2\/media?parent=73"}],"wp:term":[{"taxonomy":"product_brand","embeddable":true,"href":"https:\/\/charlottacarlson.com\/vi\/wp-json\/wp\/v2\/product_brand?post=73"},{"taxonomy":"product_cat","embeddable":true,"href":"https:\/\/charlottacarlson.com\/vi\/wp-json\/wp\/v2\/product_cat?post=73"},{"taxonomy":"product_tag","embeddable":true,"href":"https:\/\/charlottacarlson.com\/vi\/wp-json\/wp\/v2\/product_tag?post=73"}],"curies":[{"name":"wp","href":"https:\/\/api.w.org\/{rel}","templated":true}]}}