{"id":943,"date":"2024-11-03T22:48:24","date_gmt":"2024-11-03T22:48:24","guid":{"rendered":"http:\/\/charlotta-carlson.local\/?post_type=product&#038;p=943"},"modified":"2024-11-08T15:24:55","modified_gmt":"2024-11-08T15:24:55","slug":"matt-lappstift","status":"publish","type":"product","link":"https:\/\/charlottacarlson.com\/sv\/produkt\/matt-lappstift\/","title":{"rendered":"Matt l\u00e4ppstift"},"content":{"rendered":"<p>L\u00e4ppstift med subtilt mattande formula med rena pigment som sublimerar dina l\u00e4ppar med en extremt bekv\u00e4m, utsl\u00e4tande och l\u00e5ngvarig konsistens. Inneh\u00e5ller risvax f\u00f6r att intensifiera den matta finishen samt en icke-klibbig och kr\u00e4mig k\u00e4nsla. Solrosvax f\u00f6r l\u00e5ngvarig h\u00e5llbarhet. Och candelillavax f\u00f6r att skydda och \u00e5terfukta l\u00e4pparna. Berikad med E-vitamin, antioxidant och fuktighetskr\u00e4m, som f\u00f6rb\u00e4ttrar elasticiteten och j\u00e4mnheten f\u00f6r omedelbar komfort f\u00f6r dina l\u00e4ppar.<\/p>\n<blockquote><p><em><strong>HUR DU ANS\u00d6KER<\/strong><\/em><br \/>\nApplicera direkt p\u00e5 l\u00e4pparna, fr\u00e5n mitten och ut\u00e5t. F\u00f6r en mycket exakt l\u00e4ppkontur kan du f\u00f6re appliceringen av SEDUIRE dra en linje med l\u00e4ppenna i samma nyans.<\/p>\n<p>&nbsp;<\/p>\n<p><strong><em>I<\/em><em>NGREDIENSER<\/em><em> ROSE SENSUEL MATT <\/em><em>:<br \/>\n<\/em><\/strong>Octyldodecylmyristat, Octyldodecanol, Oryza Sativa Bran Wax, Cellulosa, Pentaerythrityl Tetrabehenate, Candelilla Cera, Silica, Helianthus Annuus Seed Cera, Aluminum Hydroxide, C10-18 Triglycerides, Tocopheryl Acetate, Tocopherol, Helianthus Annuus Seed Oil, Ascorbyl Palmitate<br \/>\n+\/- : CI 77891, CI 15850<\/p>\n<p>&nbsp;<\/p>\n<p><strong><em>INGREDIENSER NAKENMATTA <\/em><\/strong>:<br \/>\nOctyldodecylmyristat, Octyldodecanol, Oryza Sativa Bran Wax, Cellulosa, Pentaerythrityl Tetrabehenate, Candelilla Cera, Silica, Helianthus Annuus Seed Cera, C10-18 Triglycerides, Tocopheryl Acetate, Tocopherol, Helianthus Annuus Seed Oil, Ascorbyl Palmitate<br \/>\n+\/- : CI 77891, CI 77491, CI 15850, CI 77499, CI 17200<\/p>\n<p>&nbsp;<\/p>\n<p><strong><em>INGREDIENSER ROSENMATTA : <\/em><\/strong><br \/>\nOctyldodecylmyristat, Octyldodecanol, Oryza Sativa Bran Wax, Cellulosa, Pentaerythrityl Tetrabehenate, Candelilla Cera, Silica, Helianthus Annuus Seed Cera, Aluminum Hydroxide, C10-18 Triglycerides, Tocopheryl Acetate, Tocopherol, Helianthus Annuus Seed Oil, Ascorbyl Palmitate, Maltodextrin<br \/>\n+\/- : CI 77891, CI 73360, CI 15850, CI 75470<\/p>\n<p>&nbsp;<\/p>\n<p><em><strong>INGREDIENSER ROUGE MAT :<\/strong><\/em><br \/>\nOctyldodecylmyristat, Octyldodecanol, Oryza Sativa Bran Wax, Cellulosa, Aluminiumhydroxid, Pentaerythrityl Tetrabehenate, Candelilla Cera, Silica, Helianthus Annuus Seed Cera, C10-18 Triglycerider, Tocopheryl Acetate, Tocopherol, Helianthus Annuus Seed Oil, Ascorbyl Palmitate<br \/>\n+\/- : CI 73360, CI 45410, CI 15850<\/p><\/blockquote>","protected":false},"excerpt":{"rendered":"<p>L\u00e4ppstift med subtil formula med rena pigment f\u00f6r att sublimera dina l\u00e4ppar med en extremt bekv\u00e4m, utj\u00e4mnande och l\u00e5ngvarig konsistens. Inneh\u00e5ller mer \u00e4n 50% vegetabilisk olja som intensifierar f\u00e4rgen p\u00e5 pigmenten i formeln. K\u00e4nd f\u00f6r sina n\u00e4rande egenskaper, den mjukg\u00f6r och mjukg\u00f6r l\u00e4pparna. Berikad med en trio av naturliga vegetabiliska vaxer, solros f\u00f6r l\u00e5ngvarig stadga, candelilla f\u00f6r \u00e5terfuktning och carnauba som bildar en skyddande barri\u00e4r p\u00e5 l\u00e4pparna.<\/p>","protected":false},"featured_media":923,"comment_status":"open","ping_status":"closed","template":"","meta":{"_seopress_robots_primary_cat":"","_seopress_titles_title":"","_seopress_titles_desc":"","_seopress_robots_index":"","_kad_blocks_custom_css":"","_kad_blocks_head_custom_js":"","_kad_blocks_body_custom_js":"","_kad_blocks_footer_custom_js":"","_kad_post_transparent":"default","_kad_post_title":"","_kad_post_layout":"default","_kad_post_sidebar_id":"","_kad_post_content_style":"default","_kad_post_vertical_padding":"default","_kad_post_feature":"","_kad_post_feature_position":"","_kad_post_header":false,"_kad_post_footer":false,"_kad_post_classname":""},"product_brand":[],"product_cat":[38,36,39],"product_tag":[],"class_list":{"0":"post-943","1":"product","2":"type-product","3":"status-publish","4":"has-post-thumbnail","6":"product_cat-lips","7":"product_cat-moisturizer-lipstick","8":"product_cat-seduire","10":"first","11":"instock","12":"taxable","13":"shipping-taxable","14":"purchasable","15":"product-type-variable","16":"entry","17":"content-bg","18":"loop-entry"},"taxonomy_info":{"product_cat":[{"value":38,"label":"Lips"},{"value":36,"label":"Moisturizer Lipstick"},{"value":39,"label":"S\u00e9duire"}]},"featured_image_src_large":["https:\/\/charlottacarlson.com\/wp-content\/uploads\/2024\/11\/Lisptick-Charlotta-257-Shine-938x1024.webp",938,1024,true],"author_info":[],"comment_info":0,"_links":{"self":[{"href":"https:\/\/charlottacarlson.com\/sv\/wp-json\/wp\/v2\/product\/943","targetHints":{"allow":["GET"]}}],"collection":[{"href":"https:\/\/charlottacarlson.com\/sv\/wp-json\/wp\/v2\/product"}],"about":[{"href":"https:\/\/charlottacarlson.com\/sv\/wp-json\/wp\/v2\/types\/product"}],"replies":[{"embeddable":true,"href":"https:\/\/charlottacarlson.com\/sv\/wp-json\/wp\/v2\/comments?post=943"}],"wp:featuredmedia":[{"embeddable":true,"href":"https:\/\/charlottacarlson.com\/sv\/wp-json\/wp\/v2\/media\/923"}],"wp:attachment":[{"href":"https:\/\/charlottacarlson.com\/sv\/wp-json\/wp\/v2\/media?parent=943"}],"wp:term":[{"taxonomy":"product_brand","embeddable":true,"href":"https:\/\/charlottacarlson.com\/sv\/wp-json\/wp\/v2\/product_brand?post=943"},{"taxonomy":"product_cat","embeddable":true,"href":"https:\/\/charlottacarlson.com\/sv\/wp-json\/wp\/v2\/product_cat?post=943"},{"taxonomy":"product_tag","embeddable":true,"href":"https:\/\/charlottacarlson.com\/sv\/wp-json\/wp\/v2\/product_tag?post=943"}],"curies":[{"name":"wp","href":"https:\/\/api.w.org\/{rel}","templated":true}]}}