{"id":94,"date":"2024-09-15T17:06:30","date_gmt":"2024-09-15T17:06:30","guid":{"rendered":"https:\/\/blissful-fish-387ec5.instawp.xyz\/?post_type=product&#038;p=94"},"modified":"2024-12-17T13:31:15","modified_gmt":"2024-12-17T13:31:15","slug":"solskydd-med-flera-skydd-spf-50","status":"publish","type":"product","link":"https:\/\/charlottacarlson.com\/sv\/produkt\/solskydd-med-flera-skydd-spf-50\/","title":{"rendered":"Multi Protection Sun Block SPF 50"},"content":{"rendered":"<p><img loading=\"lazy\" decoding=\"async\" class=\"wp-image-1090 alignright\" src=\"https:\/\/charlottacarlson.com\/wp-content\/uploads\/2024\/09\/pexels-stergerz-11227918-beach-for-SPF-50-240x300.webp\" alt=\"Pexels Stergerz 11227918 Strand f\u00f6r Spf 50\" width=\"385\" height=\"481\" srcset=\"https:\/\/charlottacarlson.com\/wp-content\/uploads\/2024\/09\/pexels-stergerz-11227918-beach-for-SPF-50-240x300.webp 240w, https:\/\/charlottacarlson.com\/wp-content\/uploads\/2024\/09\/pexels-stergerz-11227918-beach-for-SPF-50-819x1024.webp 819w, https:\/\/charlottacarlson.com\/wp-content\/uploads\/2024\/09\/pexels-stergerz-11227918-beach-for-SPF-50-768x960.webp 768w, https:\/\/charlottacarlson.com\/wp-content\/uploads\/2024\/09\/pexels-stergerz-11227918-beach-for-SPF-50-1229x1536.webp 1229w, https:\/\/charlottacarlson.com\/wp-content\/uploads\/2024\/09\/pexels-stergerz-11227918-beach-for-SPF-50-1639x2048.webp 1639w, https:\/\/charlottacarlson.com\/wp-content\/uploads\/2024\/09\/pexels-stergerz-11227918-beach-for-SPF-50-10x12.webp 10w, https:\/\/charlottacarlson.com\/wp-content\/uploads\/2024\/09\/pexels-stergerz-11227918-beach-for-SPF-50-600x750.webp 600w\" sizes=\"auto, (max-width: 385px) 100vw, 385px\" \/><span data-sheets-value=\"{\" data-sheets-userformat=\"{\" data-sheets-textstyleruns=\"{\"><strong>SPF 50, h\u00f6gt UVA- och UVB-solskydd med hyaluronsyra<\/strong>. Best\u00e5r av tre solfilter med <strong>INGEN betydande<\/strong> <strong>ingen negativ inverkan p\u00e5 milj\u00f6n<\/strong>, officiellt bevisad genom tester*. Blommig doft, <strong>Inga vita m\u00e4rken l\u00e4mnas kvar p\u00e5 din hud<\/strong>Kr\u00e4men absorberas snabbt. Inneh\u00e5ller hyaluronsyra som \u00e4r k\u00e4nd f\u00f6r sina \u00e5terfuktande egenskaper.<\/span><\/p>\n<p>Yuka : 100\/100<\/p>\n<p>Vegansk formel<\/p>\n<p>*NF EN ISO 11348-3 och NF EN ISO 10253<\/p>\n<h3>Aktiva ingredienser :<\/h3>\n<p><span data-sheets-value=\"{\" data-sheets-userformat=\"{\">SPF 50 - UVA och UVB - H\u00f6gt solskydd. <\/span>Mineral filtrerar naturligt med <span data-sheets-value=\"{\" data-sheets-userformat=\"{\" data-sheets-textstyleruns=\"{\">hyaluronsyra som \u00e4r k\u00e4nd f\u00f6r sina fuktgivande egenskaper.<\/span><\/p>\n<h3><span data-sheets-value=\"{\" data-sheets-userformat=\"{\">Basens naturliga ursprung<\/span>: <span data-sheets-value=\"{\" data-sheets-userformat=\"{\">97,8% <\/span><\/h3>\n<h3><span data-sheets-value=\"{\" data-sheets-userformat=\"{\">RESPEKTERA LIVET I HAVET<\/span><\/h3>\n<p><img alt=\"\" loading=\"lazy\" decoding=\"async\" class=\"alignnone size-full wp-image-3060\" src=\"https:\/\/charlottacarlson.com\/wp-content\/uploads\/2023\/07\/iconsolaire.png\" width=\"250\" height=\"80\" \/><\/p>\n<h3>Hur man anv\u00e4nder:<\/h3>\n<p><span data-sheets-value=\"{\" data-sheets-userformat=\"{\">Applicera morgon och kv\u00e4ll p\u00e5 torr och ren hud, undvik \u00f6gonomr\u00e5det. Massera in i huden med cirkul\u00e4ra r\u00f6relser - Daglig anv\u00e4ndning<br \/>\n<\/span><\/p>\n<p><span data-sheets-value=\"{\" data-sheets-userformat=\"{\">Applicera solskyddsmedlet innan du g\u00e5r ut i solen. \u00c5terapplicera ofta f\u00f6r att bibeh\u00e5lla skyddet, s\u00e4rskilt efter svettning, simning eller handdukstorkande. Undvik att uts\u00e4tta dig f\u00f6r solen under de timmar d\u00e5 solen skiner som mest och anv\u00e4nd i annat fall skyddande kl\u00e4der. Stanna inte ute i solen f\u00f6r l\u00e4nge, \u00e4ven om du anv\u00e4nder solskyddsmedel. \u00d6verexponering f\u00f6r solen \u00e4r ett allvarligt hot mot h\u00e4lsan. Uts\u00e4tt inte sp\u00e4dbarn och sm\u00e5barn f\u00f6r solen. Applicera inte p\u00e5 barn under 6 \u00e5r.<\/span><\/p>\n<h3>Lista \u00f6ver ingredienser:<\/h3>\n<p><span data-sheets-value=\"{\" data-sheets-userformat=\"{\">Aqua, dikaprylylkarbonat, kapryl\/kapris triglycerid, bisetylhexyloxifenolmetoxifenyltriazin, dietylaminohydroxibensoylhexylbensoat, etylhexyltriazon, glycerin, polyglyceryl-2 dipolyhydroxystearat, inulinlaurylkarbamat, polyglyceryl-3-diisostearat, natriumhyaluronat, xantangummi, tokoferol, parfym, citronsyra, natriumbensoat, kaliumsorbat, linalool, limonen, geraniol<\/span><\/p>\n<h3>Milj\u00f6egenskaper:<\/h3>\n<p><img alt=\"\" loading=\"lazy\" decoding=\"async\" class=\"alignnone wp-image-3061 size-full\" src=\"https:\/\/charlottacarlson.com\/wp-content\/uploads\/2023\/07\/iconsolaire2.png\" width=\"419\" height=\"97\" \/><\/p>","protected":false},"excerpt":{"rendered":"<h3><img loading=\"lazy\" decoding=\"async\" class=\"wp-image-1090 alignright\" src=\"https:\/\/charlottacarlson.com\/wp-content\/uploads\/2024\/09\/pexels-stergerz-11227918-beach-for-SPF-50-240x300.webp\" alt=\"Pexels Stergerz 11227918 Strand f\u00f6r Spf 50\" width=\"422\" height=\"528\" srcset=\"https:\/\/charlottacarlson.com\/wp-content\/uploads\/2024\/09\/pexels-stergerz-11227918-beach-for-SPF-50-240x300.webp 240w, https:\/\/charlottacarlson.com\/wp-content\/uploads\/2024\/09\/pexels-stergerz-11227918-beach-for-SPF-50-819x1024.webp 819w, https:\/\/charlottacarlson.com\/wp-content\/uploads\/2024\/09\/pexels-stergerz-11227918-beach-for-SPF-50-768x960.webp 768w, https:\/\/charlottacarlson.com\/wp-content\/uploads\/2024\/09\/pexels-stergerz-11227918-beach-for-SPF-50-1229x1536.webp 1229w, https:\/\/charlottacarlson.com\/wp-content\/uploads\/2024\/09\/pexels-stergerz-11227918-beach-for-SPF-50-1639x2048.webp 1639w, https:\/\/charlottacarlson.com\/wp-content\/uploads\/2024\/09\/pexels-stergerz-11227918-beach-for-SPF-50-10x12.webp 10w, https:\/\/charlottacarlson.com\/wp-content\/uploads\/2024\/09\/pexels-stergerz-11227918-beach-for-SPF-50-600x750.webp 600w\" sizes=\"auto, (max-width: 422px) 100vw, 422px\" \/>Beskrivning:<\/h3>\n<p><span data-sheets-value=\"{\" data-sheets-userformat=\"{\" data-sheets-textstyleruns=\"{\"><strong>SPF 50, h\u00f6gt UVA- och UVB-solskydd med hyaluronsyra<\/strong>. Best\u00e5r av tre solfilter med <strong>INGEN betydande<\/strong> <strong>ingen negativ inverkan p\u00e5 milj\u00f6n<\/strong>, officiellt bevisad genom tester*. Blommig doft, <strong>Inga vita m\u00e4rken l\u00e4mnas kvar p\u00e5 din hud<\/strong>Kr\u00e4men absorberas snabbt. Inneh\u00e5ller hyaluronsyra som \u00e4r k\u00e4nd f\u00f6r sina \u00e5terfuktande egenskaper.<\/span><\/p>\n<p>*NF EN ISO 11348-3 och NF EN ISO 10253<\/p>\n<h3>Aktiva ingredienser :<\/h3>\n<p><span data-sheets-value=\"{\" data-sheets-userformat=\"{\">SPF 50 - UVA och UVB - H\u00f6gt solskydd. Naturliga mineralfilter med hyaluronsyra som \u00e4r k\u00e4nd f\u00f6r sina fuktgivande egenskaper.<\/span><\/p>\n<h3><span data-sheets-value=\"{\" data-sheets-userformat=\"{\">Naturligt ursprung f\u00f6r basen av formeln<\/span>: <span data-sheets-value=\"{\" data-sheets-userformat=\"{\">97,8%<\/span><\/h3>\n<h3><span data-sheets-value=\"{\" data-sheets-userformat=\"{\">RESPEKTERA LIVET I HAVET<\/span><\/h3>\n<p><img alt=\"\" loading=\"lazy\" decoding=\"async\" class=\"alignnone size-full wp-image-3060\" src=\"https:\/\/charlottacarlson.com\/wp-content\/uploads\/2023\/07\/iconsolaire.png\" width=\"250\" height=\"80\" \/><\/p>\n<h3>Hur man anv\u00e4nder:<\/h3>\n<p><span data-sheets-value=\"{\" data-sheets-userformat=\"{\">Applicera morgon och kv\u00e4ll p\u00e5 torr och ren hud, undvik \u00f6gonomr\u00e5det. Massera in i huden med cirkul\u00e4ra r\u00f6relser - Daglig anv\u00e4ndning. <\/span><span data-sheets-value=\"{\" data-sheets-userformat=\"{\">Applicera solskyddsmedlet innan du g\u00e5r ut i solen. \u00c5terapplicera ofta f\u00f6r att bibeh\u00e5lla skyddet, s\u00e4rskilt efter svettning, simning eller handdukstorkande. Undvik att uts\u00e4tta dig f\u00f6r solen under de timmar d\u00e5 solen skiner som mest och anv\u00e4nd i annat fall skyddande kl\u00e4der. Stanna inte ute i solen f\u00f6r l\u00e4nge, \u00e4ven om du anv\u00e4nder solskyddsmedel. \u00d6verexponering f\u00f6r solen \u00e4r ett allvarligt hot mot h\u00e4lsan. Uts\u00e4tt inte sp\u00e4dbarn och sm\u00e5barn f\u00f6r solen. Applicera inte p\u00e5 barn under 6 \u00e5r.<\/span><\/p>\n<h3>Lista \u00f6ver ingredienser:<\/h3>\n<p><span data-sheets-value=\"{\" data-sheets-userformat=\"{\">Aqua, dikaprylylkarbonat, kapryl\/kapris triglycerid, bisetylhexyloxifenolmetoxifenyltriazin, dietylaminohydroxibensoylhexylbensoat, etylhexyltriazon, glycerin, polyglyceryl-2 dipolyhydroxystearat, inulinlaurylkarbamat, polyglyceryl-3-diisostearat, natriumhyaluronat, xantangummi, tokoferol, parfym, citronsyra, natriumbensoat, kaliumsorbat, linalool, limonen, geraniol<\/span><\/p>\n<h3>Milj\u00f6egenskaper:<\/h3>\n<p><img alt=\"\" loading=\"lazy\" decoding=\"async\" class=\"alignnone wp-image-3061 size-full\" src=\"https:\/\/charlottacarlson.com\/wp-content\/uploads\/2023\/07\/iconsolaire2.png\" width=\"419\" height=\"97\" \/><\/p>","protected":false},"featured_media":95,"comment_status":"open","ping_status":"closed","template":"","meta":{"_seopress_robots_primary_cat":"none","_seopress_titles_title":"","_seopress_titles_desc":"","_seopress_robots_index":"","_kad_blocks_custom_css":"","_kad_blocks_head_custom_js":"","_kad_blocks_body_custom_js":"","_kad_blocks_footer_custom_js":"","_kad_post_transparent":"default","_kad_post_title":"","_kad_post_layout":"default","_kad_post_sidebar_id":"","_kad_post_content_style":"default","_kad_post_vertical_padding":"default","_kad_post_feature":"","_kad_post_feature_position":"","_kad_post_header":false,"_kad_post_footer":false,"_kad_post_classname":""},"product_brand":[],"product_cat":[18,27,28,29],"product_tag":[30],"class_list":{"0":"post-94","1":"product","2":"type-product","3":"status-publish","4":"has-post-thumbnail","6":"product_cat-creams","7":"product_cat-multi-protection-sunscreen","8":"product_cat-pure-solaire","9":"product_cat-sun-protection","10":"product_tag-pure-solaire","12":"first","13":"instock","14":"featured","15":"taxable","16":"shipping-taxable","17":"purchasable","18":"product-type-simple","19":"entry","20":"content-bg","21":"loop-entry"},"taxonomy_info":{"product_cat":[{"value":18,"label":"Creams"},{"value":27,"label":"Multi-Protection Sunscreen"},{"value":28,"label":"Pure Solaire"},{"value":29,"label":"Sun protection"}],"product_tag":[{"value":30,"label":"Pure Solaire"}]},"featured_image_src_large":["https:\/\/charlottacarlson.com\/wp-content\/uploads\/2024\/09\/pure-solaire-1-1024x1024.jpg",1024,1024,true],"author_info":[],"comment_info":0,"_links":{"self":[{"href":"https:\/\/charlottacarlson.com\/sv\/wp-json\/wp\/v2\/product\/94","targetHints":{"allow":["GET"]}}],"collection":[{"href":"https:\/\/charlottacarlson.com\/sv\/wp-json\/wp\/v2\/product"}],"about":[{"href":"https:\/\/charlottacarlson.com\/sv\/wp-json\/wp\/v2\/types\/product"}],"replies":[{"embeddable":true,"href":"https:\/\/charlottacarlson.com\/sv\/wp-json\/wp\/v2\/comments?post=94"}],"wp:featuredmedia":[{"embeddable":true,"href":"https:\/\/charlottacarlson.com\/sv\/wp-json\/wp\/v2\/media\/95"}],"wp:attachment":[{"href":"https:\/\/charlottacarlson.com\/sv\/wp-json\/wp\/v2\/media?parent=94"}],"wp:term":[{"taxonomy":"product_brand","embeddable":true,"href":"https:\/\/charlottacarlson.com\/sv\/wp-json\/wp\/v2\/product_brand?post=94"},{"taxonomy":"product_cat","embeddable":true,"href":"https:\/\/charlottacarlson.com\/sv\/wp-json\/wp\/v2\/product_cat?post=94"},{"taxonomy":"product_tag","embeddable":true,"href":"https:\/\/charlottacarlson.com\/sv\/wp-json\/wp\/v2\/product_tag?post=94"}],"curies":[{"name":"wp","href":"https:\/\/api.w.org\/{rel}","templated":true}]}}