{"id":88,"date":"2024-09-15T17:06:18","date_gmt":"2024-09-15T17:06:18","guid":{"rendered":"https:\/\/blissful-fish-387ec5.instawp.xyz\/?post_type=product&#038;p=88"},"modified":"2024-11-23T19:49:13","modified_gmt":"2024-11-23T19:49:13","slug":"anti-aging-24-k-gold-serum","status":"publish","type":"product","link":"https:\/\/charlottacarlson.com\/sv\/produkt\/anti-aging-24-k-gold-serum\/","title":{"rendered":"Anti-aging 24 k Gold Serum"},"content":{"rendered":"<h3 class=\"fusion-responsive-typography-calculated\" style=\"--fontsize: 25; line-height: 1.36;\" data-fontsize=\"25\" data-lineheight=\"34px\"><img loading=\"lazy\" decoding=\"async\" class=\"wp-image-1088 alignright\" src=\"https:\/\/charlottacarlson.com\/wp-content\/uploads\/2024\/09\/Golden-collagenin-and-peptide-9-Peau-d-Or-Charlotta-Carlson-300x220.webp\" alt=\"Golden Collagenin And Peptide 9 Peau D Or Charlotta Carlson\" width=\"535\" height=\"392\" srcset=\"https:\/\/charlottacarlson.com\/wp-content\/uploads\/2024\/09\/Golden-collagenin-and-peptide-9-Peau-d-Or-Charlotta-Carlson-300x220.webp 300w, https:\/\/charlottacarlson.com\/wp-content\/uploads\/2024\/09\/Golden-collagenin-and-peptide-9-Peau-d-Or-Charlotta-Carlson-1024x750.webp 1024w, https:\/\/charlottacarlson.com\/wp-content\/uploads\/2024\/09\/Golden-collagenin-and-peptide-9-Peau-d-Or-Charlotta-Carlson-768x563.webp 768w, https:\/\/charlottacarlson.com\/wp-content\/uploads\/2024\/09\/Golden-collagenin-and-peptide-9-Peau-d-Or-Charlotta-Carlson-16x12.webp 16w, https:\/\/charlottacarlson.com\/wp-content\/uploads\/2024\/09\/Golden-collagenin-and-peptide-9-Peau-d-Or-Charlotta-Carlson-600x440.webp 600w, https:\/\/charlottacarlson.com\/wp-content\/uploads\/2024\/09\/Golden-collagenin-and-peptide-9-Peau-d-Or-Charlotta-Carlson.webp 1384w\" sizes=\"auto, (max-width: 535px) 100vw, 535px\" \/>Beskrivning:<\/h3>\n<p>Serum 24 carat gold med antirynk- och anti-aging-verkning, tillverkat av guldpartiklar av naturligt ursprung, ger din hud mjukhet och smidighet och erbjuder ett \u00f6gonblick av sensorisk njutning.<\/p>\n<p>Den inneh\u00e5ller vitamin E som \u00e4r k\u00e4nt f\u00f6r sina antioxidativa egenskaper, samt Golden Collagenine som \u00e4r associerat med peptiden acetylheptapeptid-9, k\u00e4nd f\u00f6r sin effekt att j\u00e4mna ut rynkor.<\/p>\n<h3 class=\"fusion-responsive-typography-calculated\" style=\"--fontsize: 25; line-height: 1.36;\" data-fontsize=\"25\" data-lineheight=\"34px\">F\u00f6rdel:<\/h3>\n<p>Tester: Sj\u00e4lvutv\u00e4rdering genomf\u00f6rd p\u00e5 37 personer under 21 dagar - <span style=\"color: var(--awb-text-color); font-family: var(--awb-text-font-family); font-size: var(--awb-font-size); font-style: var(--awb-text-font-style); font-weight: var(--awb-text-font-weight); letter-spacing: var(--awb-letter-spacing); text-align: var(--awb-content-alignment); text-transform: var(--awb-text-transform); background-color: var(--awb-bg-color-hover);\">Tester utf\u00f6rda under medicinsk \u00f6vervakning<\/span><\/p>\n<ul>\n<li>F\u00f6rb\u00e4ttrad fasthet i huden: 91.2%.<\/li>\n<li>Mer elastisk hud: 88,2%.<\/li>\n<li>Oval av det omformade ansiktet: 81,3%.<\/li>\n<li>Huden ser yngre ut: 71.9%.<\/li>\n<li>Skrynkliga detaljer: 87,5%.<\/li>\n<li>Avblekta rynkor: 75%.<\/li>\n<li>Djupt n\u00e4rd hud: 91,2%.<\/li>\n<li>God h\u00e4lsa p\u00e5 morgonen n\u00e4r du vaknar:<\/li>\n<li>91.2%.<\/li>\n<li>Mer str\u00e5lande hud: 87,9%<\/li>\n<\/ul>\n<h3 class=\"fusion-responsive-typography-calculated\" data-fontsize=\"25\" data-lineheight=\"34px\">Huvudingredienser:<\/h3>\n<p><strong>Gyllene kollagenin<\/strong> och peptidacetyl <strong>heptapeptid-9<\/strong><\/p>\n<h3 class=\"fusion-responsive-typography-calculated\" style=\"--fontsize: 25; line-height: 1.36;\" data-fontsize=\"25\" data-lineheight=\"34px\">Hur man anv\u00e4nder:<\/h3>\n<p><span data-sheets-value=\"{'1':2,'2':'Apply morning and evening to dry clean skin, avoiding eye area. Massage into skin with a circular movement - Daily usen'}\" data-sheets-userformat=\"{'2':14783,'3':{'1':0,'3':1},'4':{'1':2,'2':9621584},'5':{'1':[{'1':2,'2':0,'5':{'1':0}},{'1':0,'2':0,'3':3},{'1':1,'2':0,'4':1}]},'6':{'1':[{'1':2,'2':0,'5':{'1':0}},{'1':0,'2':0,'3':3},{'1':1,'2':0,'4':1}]},'7':{'1':[{'1':2,'2':0,'5':{'1':0}},{'1':0,'2':0,'3':3},{'1':1,'2':0,'4':1}]},'8':{'1':[{'1':2,'2':0,'5':{'1':0}},{'1':0,'2':0,'3':3},{'1':1,'2':0,'4':1}]},'10':1,'11':4,'14':{'1':3,'3':1},'15':'Calibri','16':11}\">Applicera serumet morgon och kv\u00e4ll p\u00e5 hela det torra, rena ansiktet, undvik \u00f6gonomr\u00e5det, med l\u00e4tt massage, f\u00f6re dag- eller nattkr\u00e4men. Daglig anv\u00e4ndning.<br \/>\n<\/span><\/p>\n<h3 class=\"fusion-responsive-typography-calculated\" style=\"--fontsize: 25; line-height: 1.36;\" data-fontsize=\"25\" data-lineheight=\"34px\">Naturlighet: 97,8%<\/h3>\n<h3 class=\"fusion-responsive-typography-calculated\" style=\"--fontsize: 25; line-height: 1.36;\" data-fontsize=\"25\" data-lineheight=\"34px\">Lista \u00f6ver ingredienser:<\/h3>\n<p>Aqua, Propanediol, Metylglukossesquistearat, Kokos-kaprylat\/-kaprat, <span style=\"color: var(--awb-text-color); font-family: var(--awb-text-font-family); font-size: var(--awb-font-size); font-style: var(--awb-text-font-style); font-weight: var(--awb-text-font-weight); letter-spacing: var(--awb-letter-spacing); text-align: var(--awb-content-alignment); text-transform: var(--awb-text-transform); background-color: var(--awb-bg-color-hover);\">Bentonit, Squalane, Parfum, Oleic\/Linoleic\/Linolenic polyglycerider, Diglycerin, <\/span><span style=\"color: var(--awb-text-color); font-family: var(--awb-text-font-family); font-size: var(--awb-font-size); font-style: var(--awb-text-font-style); font-weight: var(--awb-text-font-weight); letter-spacing: var(--awb-letter-spacing); text-align: var(--awb-content-alignment); text-transform: var(--awb-text-transform); background-color: var(--awb-bg-color-hover);\">Kolloidalt guld, Acetyl heptapeptid-9, Natriumhyaluronat, Planktonextrakt, <\/span><span style=\"color: var(--awb-text-color); font-family: var(--awb-text-font-family); font-size: var(--awb-font-size); font-style: var(--awb-text-font-style); font-weight: var(--awb-text-font-weight); letter-spacing: var(--awb-letter-spacing); text-align: var(--awb-content-alignment); text-transform: var(--awb-text-transform); background-color: var(--awb-bg-color-hover);\">Maltodextrin, gummi fr\u00e5n akacia senegal, xantangummi, glimmer, CI 77891, tokoferyl <\/span><span style=\"color: var(--awb-text-color); font-family: var(--awb-text-font-family); font-size: var(--awb-font-size); font-style: var(--awb-text-font-style); font-weight: var(--awb-text-font-weight); letter-spacing: var(--awb-letter-spacing); text-align: var(--awb-content-alignment); text-transform: var(--awb-text-transform); background-color: var(--awb-bg-color-hover);\">acetat, citronsyra, dehydro\u00e4ttiksyra, natriumbensoat, kaliumsorbat, <\/span><span style=\"color: var(--awb-text-color); font-family: var(--awb-text-font-family); font-size: var(--awb-font-size); font-style: var(--awb-text-font-style); font-weight: var(--awb-text-font-weight); letter-spacing: var(--awb-letter-spacing); text-align: var(--awb-content-alignment); text-transform: var(--awb-text-transform); background-color: var(--awb-bg-color-hover);\">Bensylalkohol, CI 77491\u2033<\/span><\/p>\n<h3 class=\"fusion-responsive-typography-calculated\" style=\"--fontsize: 25; line-height: 1.36;\" data-fontsize=\"25\" data-lineheight=\"34px\">Milj\u00f6egenskaper:<\/h3>\n<p><img alt=\"\" loading=\"lazy\" decoding=\"async\" class=\"alignnone wp-image-2935 size-full\" src=\"https:\/\/charlottacarlson.com\/wp-content\/uploads\/2019\/11\/BM.jpg\" width=\"332\" height=\"96\" \/><\/p>","protected":false},"excerpt":{"rendered":"<h3 class=\"fusion-responsive-typography-calculated\" style=\"--fontsize: 25; line-height: 1.36;\" data-fontsize=\"25\" data-lineheight=\"34px\"><img loading=\"lazy\" decoding=\"async\" class=\"wp-image-1088 alignright\" src=\"https:\/\/charlottacarlson.com\/wp-content\/uploads\/2024\/09\/Golden-collagenin-and-peptide-9-Peau-d-Or-Charlotta-Carlson-300x220.webp\" alt=\"Golden Collagenin And Peptide 9 Peau D Or Charlotta Carlson\" width=\"535\" height=\"392\" srcset=\"https:\/\/charlottacarlson.com\/wp-content\/uploads\/2024\/09\/Golden-collagenin-and-peptide-9-Peau-d-Or-Charlotta-Carlson-300x220.webp 300w, https:\/\/charlottacarlson.com\/wp-content\/uploads\/2024\/09\/Golden-collagenin-and-peptide-9-Peau-d-Or-Charlotta-Carlson-1024x750.webp 1024w, https:\/\/charlottacarlson.com\/wp-content\/uploads\/2024\/09\/Golden-collagenin-and-peptide-9-Peau-d-Or-Charlotta-Carlson-768x563.webp 768w, https:\/\/charlottacarlson.com\/wp-content\/uploads\/2024\/09\/Golden-collagenin-and-peptide-9-Peau-d-Or-Charlotta-Carlson-16x12.webp 16w, https:\/\/charlottacarlson.com\/wp-content\/uploads\/2024\/09\/Golden-collagenin-and-peptide-9-Peau-d-Or-Charlotta-Carlson-600x440.webp 600w, https:\/\/charlottacarlson.com\/wp-content\/uploads\/2024\/09\/Golden-collagenin-and-peptide-9-Peau-d-Or-Charlotta-Carlson.webp 1384w\" sizes=\"auto, (max-width: 535px) 100vw, 535px\" \/>Beskrivning:<\/h3>\n<p>Serum 24 carat gold med antirynk- och anti-aging-verkning, tillverkat av guldpartiklar av naturligt ursprung, ger din hud mjukhet och smidighet och erbjuder ett \u00f6gonblick av sensorisk njutning.<\/p>\n<p>Den inneh\u00e5ller vitamin E som \u00e4r k\u00e4nt f\u00f6r sina antioxidativa egenskaper, samt Golden Collagenine som \u00e4r associerat med peptiden acetylheptapeptid-9, k\u00e4nd f\u00f6r sin effekt att j\u00e4mna ut rynkor.<\/p>\n<h3 class=\"fusion-responsive-typography-calculated\" style=\"--fontsize: 25; line-height: 1.36;\" data-fontsize=\"25\" data-lineheight=\"34px\">F\u00f6rdel:<\/h3>\n<p>Tester: Sj\u00e4lvutv\u00e4rdering genomf\u00f6rd p\u00e5 37 personer under 21 dagar - <span style=\"color: var(--awb-text-color); font-family: var(--awb-text-font-family); font-size: var(--awb-font-size); font-style: var(--awb-text-font-style); font-weight: var(--awb-text-font-weight); letter-spacing: var(--awb-letter-spacing); text-align: var(--awb-content-alignment); text-transform: var(--awb-text-transform); background-color: var(--awb-bg-color-hover);\">Tester utf\u00f6rda under medicinsk \u00f6vervakning<\/span><\/p>\n<ul>\n<li>F\u00f6rb\u00e4ttrad fasthet i huden: 91.2%.<\/li>\n<li>Mer elastisk hud: 88,2%.<\/li>\n<li>Oval av det omformade ansiktet: 81,3%.<\/li>\n<li>Huden ser yngre ut: 71.9%.<\/li>\n<li>Skrynkliga detaljer: 87,5%.<\/li>\n<li>Avblekta rynkor: 75%.<\/li>\n<li>Djupt n\u00e4rd hud: 91,2%.<\/li>\n<li>God h\u00e4lsa p\u00e5 morgonen n\u00e4r du vaknar:<\/li>\n<li>91.2%.<\/li>\n<li>Mer str\u00e5lande hud: 87,9%<\/li>\n<\/ul>\n<h3 class=\"fusion-responsive-typography-calculated\" data-fontsize=\"25\" data-lineheight=\"34px\">Huvudingredienser:<\/h3>\n<p><strong>Gyllene kollagenin<\/strong> och peptidacetyl <strong>heptapeptid-9<\/strong><\/p>\n<h3 class=\"fusion-responsive-typography-calculated\" style=\"--fontsize: 25; line-height: 1.36;\" data-fontsize=\"25\" data-lineheight=\"34px\">Hur man anv\u00e4nder:<\/h3>\n<p><span data-sheets-value=\"{'1':2,'2':'Apply morning and evening to dry clean skin, avoiding eye area. Massage into skin with a circular movement - Daily usen'}\" data-sheets-userformat=\"{'2':14783,'3':{'1':0,'3':1},'4':{'1':2,'2':9621584},'5':{'1':[{'1':2,'2':0,'5':{'1':0}},{'1':0,'2':0,'3':3},{'1':1,'2':0,'4':1}]},'6':{'1':[{'1':2,'2':0,'5':{'1':0}},{'1':0,'2':0,'3':3},{'1':1,'2':0,'4':1}]},'7':{'1':[{'1':2,'2':0,'5':{'1':0}},{'1':0,'2':0,'3':3},{'1':1,'2':0,'4':1}]},'8':{'1':[{'1':2,'2':0,'5':{'1':0}},{'1':0,'2':0,'3':3},{'1':1,'2':0,'4':1}]},'10':1,'11':4,'14':{'1':3,'3':1},'15':'Calibri','16':11}\">Applicera serumet morgon och kv\u00e4ll p\u00e5 hela det torra, rena ansiktet, undvik \u00f6gonomr\u00e5det, med l\u00e4tt massage, f\u00f6re dag- eller nattkr\u00e4men. Daglig anv\u00e4ndning.<br \/>\n<\/span><\/p>\n<h3 class=\"fusion-responsive-typography-calculated\" style=\"--fontsize: 25; line-height: 1.36;\" data-fontsize=\"25\" data-lineheight=\"34px\">Naturlighet: 97,8%<\/h3>\n<h3 class=\"fusion-responsive-typography-calculated\" style=\"--fontsize: 25; line-height: 1.36;\" data-fontsize=\"25\" data-lineheight=\"34px\">Lista \u00f6ver ingredienser:<\/h3>\n<p>Aqua, Propanediol, Metylglukossesquistearat, Kokos-kaprylat\/-kaprat, <span style=\"color: var(--awb-text-color); font-family: var(--awb-text-font-family); font-size: var(--awb-font-size); font-style: var(--awb-text-font-style); font-weight: var(--awb-text-font-weight); letter-spacing: var(--awb-letter-spacing); text-align: var(--awb-content-alignment); text-transform: var(--awb-text-transform); background-color: var(--awb-bg-color-hover);\">Bentonit, Squalane, Parfum, Oleic\/Linoleic\/Linolenic polyglycerider, Diglycerin, <\/span><span style=\"color: var(--awb-text-color); font-family: var(--awb-text-font-family); font-size: var(--awb-font-size); font-style: var(--awb-text-font-style); font-weight: var(--awb-text-font-weight); letter-spacing: var(--awb-letter-spacing); text-align: var(--awb-content-alignment); text-transform: var(--awb-text-transform); background-color: var(--awb-bg-color-hover);\">Kolloidalt guld, Acetyl heptapeptid-9, Natriumhyaluronat, Planktonextrakt, <\/span><span style=\"color: var(--awb-text-color); font-family: var(--awb-text-font-family); font-size: var(--awb-font-size); font-style: var(--awb-text-font-style); font-weight: var(--awb-text-font-weight); letter-spacing: var(--awb-letter-spacing); text-align: var(--awb-content-alignment); text-transform: var(--awb-text-transform); background-color: var(--awb-bg-color-hover);\">Maltodextrin, gummi fr\u00e5n akacia senegal, xantangummi, glimmer, CI 77891, tokoferyl <\/span><span style=\"color: var(--awb-text-color); font-family: var(--awb-text-font-family); font-size: var(--awb-font-size); font-style: var(--awb-text-font-style); font-weight: var(--awb-text-font-weight); letter-spacing: var(--awb-letter-spacing); text-align: var(--awb-content-alignment); text-transform: var(--awb-text-transform); background-color: var(--awb-bg-color-hover);\">acetat, citronsyra, dehydro\u00e4ttiksyra, natriumbensoat, kaliumsorbat, <\/span><span style=\"color: var(--awb-text-color); font-family: var(--awb-text-font-family); font-size: var(--awb-font-size); font-style: var(--awb-text-font-style); font-weight: var(--awb-text-font-weight); letter-spacing: var(--awb-letter-spacing); text-align: var(--awb-content-alignment); text-transform: var(--awb-text-transform); background-color: var(--awb-bg-color-hover);\">Bensylalkohol, CI 77491\u2033<\/span><\/p>\n<h3 class=\"fusion-responsive-typography-calculated\" style=\"--fontsize: 25; line-height: 1.36;\" data-fontsize=\"25\" data-lineheight=\"34px\">Milj\u00f6egenskaper:<\/h3>\n<p><img alt=\"\" loading=\"lazy\" decoding=\"async\" class=\"alignnone wp-image-2935 size-full\" src=\"https:\/\/charlottacarlson.com\/wp-content\/uploads\/2019\/11\/BM.jpg\" width=\"332\" height=\"96\" \/><\/p>","protected":false},"featured_media":89,"comment_status":"open","ping_status":"closed","template":"","meta":{"_seopress_robots_primary_cat":"","_seopress_titles_title":"","_seopress_titles_desc":"","_seopress_robots_index":"","_kad_blocks_custom_css":"","_kad_blocks_head_custom_js":"","_kad_blocks_body_custom_js":"","_kad_blocks_footer_custom_js":"","_kad_post_transparent":"default","_kad_post_title":"","_kad_post_layout":"default","_kad_post_sidebar_id":"","_kad_post_content_style":"default","_kad_post_vertical_padding":"default","_kad_post_feature":"","_kad_post_feature_position":"","_kad_post_header":false,"_kad_post_footer":false,"_kad_post_classname":""},"product_brand":[],"product_cat":[16,22],"product_tag":[24],"class_list":{"0":"post-88","1":"product","2":"type-product","3":"status-publish","4":"has-post-thumbnail","6":"product_cat-anti-age-anti-wrinkle","7":"product_cat-serums","8":"product_tag-peau-dor","10":"first","11":"instock","12":"featured","13":"taxable","14":"shipping-taxable","15":"purchasable","16":"product-type-simple","17":"entry","18":"content-bg","19":"loop-entry"},"taxonomy_info":{"product_cat":[{"value":16,"label":"Anti-Age &amp; Anti-wrinkle"},{"value":22,"label":"Serums"}],"product_tag":[{"value":24,"label":"Peau D\u2019Or"}]},"featured_image_src_large":["https:\/\/charlottacarlson.com\/wp-content\/uploads\/2024\/09\/Peau-dor-Anti-aging-24K-gold-1-1024x1024.jpg",1024,1024,true],"author_info":[],"comment_info":0,"_links":{"self":[{"href":"https:\/\/charlottacarlson.com\/sv\/wp-json\/wp\/v2\/product\/88","targetHints":{"allow":["GET"]}}],"collection":[{"href":"https:\/\/charlottacarlson.com\/sv\/wp-json\/wp\/v2\/product"}],"about":[{"href":"https:\/\/charlottacarlson.com\/sv\/wp-json\/wp\/v2\/types\/product"}],"replies":[{"embeddable":true,"href":"https:\/\/charlottacarlson.com\/sv\/wp-json\/wp\/v2\/comments?post=88"}],"wp:featuredmedia":[{"embeddable":true,"href":"https:\/\/charlottacarlson.com\/sv\/wp-json\/wp\/v2\/media\/89"}],"wp:attachment":[{"href":"https:\/\/charlottacarlson.com\/sv\/wp-json\/wp\/v2\/media?parent=88"}],"wp:term":[{"taxonomy":"product_brand","embeddable":true,"href":"https:\/\/charlottacarlson.com\/sv\/wp-json\/wp\/v2\/product_brand?post=88"},{"taxonomy":"product_cat","embeddable":true,"href":"https:\/\/charlottacarlson.com\/sv\/wp-json\/wp\/v2\/product_cat?post=88"},{"taxonomy":"product_tag","embeddable":true,"href":"https:\/\/charlottacarlson.com\/sv\/wp-json\/wp\/v2\/product_tag?post=88"}],"curies":[{"name":"wp","href":"https:\/\/api.w.org\/{rel}","templated":true}]}}