{"id":83,"date":"2024-09-15T17:06:11","date_gmt":"2024-09-15T17:06:11","guid":{"rendered":"https:\/\/blissful-fish-387ec5.instawp.xyz\/?post_type=product&#038;p=83"},"modified":"2024-11-20T09:55:54","modified_gmt":"2024-11-20T09:55:54","slug":"anti-aging-24-k-guld-mask","status":"publish","type":"product","link":"https:\/\/charlottacarlson.com\/sv\/produkt\/anti-aging-24-k-guld-mask\/","title":{"rendered":"Anti-aging 24 k guldmask"},"content":{"rendered":"<p><span data-sheets-value=\"{&quot;1&quot;:2,&quot;2&quot;:&quot;Peau D'Or&quot;}\" data-sheets-userformat=\"{&quot;2&quot;:14465,&quot;3&quot;:{&quot;1&quot;:0,&quot;3&quot;:1},&quot;10&quot;:1,&quot;14&quot;:{&quot;1&quot;:3,&quot;3&quot;:1},&quot;15&quot;:&quot;Calibri&quot;,&quot;16&quot;:11}\"><img loading=\"lazy\" decoding=\"async\" class=\"wp-image-1088 alignright\" src=\"https:\/\/charlottacarlson.com\/wp-content\/uploads\/2024\/09\/Golden-collagenin-and-peptide-9-Peau-d-Or-Charlotta-Carlson-300x220.webp\" alt=\"Golden Collagenin And Peptide 9 Peau D Or Charlotta Carlson\" width=\"428\" height=\"314\" srcset=\"https:\/\/charlottacarlson.com\/wp-content\/uploads\/2024\/09\/Golden-collagenin-and-peptide-9-Peau-d-Or-Charlotta-Carlson-300x220.webp 300w, https:\/\/charlottacarlson.com\/wp-content\/uploads\/2024\/09\/Golden-collagenin-and-peptide-9-Peau-d-Or-Charlotta-Carlson-1024x750.webp 1024w, https:\/\/charlottacarlson.com\/wp-content\/uploads\/2024\/09\/Golden-collagenin-and-peptide-9-Peau-d-Or-Charlotta-Carlson-768x563.webp 768w, https:\/\/charlottacarlson.com\/wp-content\/uploads\/2024\/09\/Golden-collagenin-and-peptide-9-Peau-d-Or-Charlotta-Carlson-16x12.webp 16w, https:\/\/charlottacarlson.com\/wp-content\/uploads\/2024\/09\/Golden-collagenin-and-peptide-9-Peau-d-Or-Charlotta-Carlson-600x440.webp 600w, https:\/\/charlottacarlson.com\/wp-content\/uploads\/2024\/09\/Golden-collagenin-and-peptide-9-Peau-d-Or-Charlotta-Carlson.webp 1384w\" sizes=\"auto, (max-width: 428px) 100vw, 428px\" \/>Peau D'Or<\/span><\/p>\n<p><span data-sheets-value=\"{\" data-sheets-userformat=\"{\">Masken 24 karat guld med antirynk- och anti-agingverkan, tillverkad av guldpartiklar av naturligt ursprung, ger din hud mjukhet och smidighet och erbjuder ett \u00f6gonblick av sensorisk njutning.<br \/>\nDen inneh\u00e5ller vitamin E som \u00e4r k\u00e4nt f\u00f6r sina antioxidativa egenskaper, samt Golden Collagenine som \u00e4r associerat med peptiden acetylheptapeptid-9, k\u00e4nd f\u00f6r sin effekt att j\u00e4mna ut rynkor.<\/span><\/p>\n<h3>F\u00f6rdel:<\/h3>\n<p><span data-sheets-value=\"{\" data-sheets-userformat=\"{\">Tester: Sj\u00e4lvutv\u00e4rdering utf\u00f6rd p\u00e5 37 personer under 21 dagar<br \/>\nTester utf\u00f6rda under medicinsk \u00f6vervakning<br \/>\n<\/span><\/p>\n<ul>\n<li><span data-sheets-value=\"{\" data-sheets-userformat=\"{\">N\u00e4rd hud: 91.9%<br \/>\n<\/span><\/li>\n<li><span data-sheets-value=\"{\" data-sheets-userformat=\"{\">Mjuk hud efter anv\u00e4ndning: 97,3%<br \/>\n<\/span><\/li>\n<li><span data-sheets-value=\"{\" data-sheets-userformat=\"{\">K\u00e4nsla av komfort: 100%<br \/>\n<\/span><\/li>\n<li><span data-sheets-value=\"{\" data-sheets-userformat=\"{\">Behaglig textur: 100%<br \/>\n<\/span><\/li>\n<li><span data-sheets-value=\"{\" data-sheets-userformat=\"{\">Behaglig lukt: 97,3%<br \/>\n<\/span><\/li>\n<li><span data-sheets-value=\"{\" data-sheets-userformat=\"{\">Spridbar produkt: 100%<br \/>\n<\/span><\/li>\n<li><span data-sheets-value=\"{\" data-sheets-userformat=\"{\">Anv\u00e4ndarv\u00e4nlig produkt: 100%<\/span><\/li>\n<\/ul>\n<h3>Aktiva ingredienser :<\/h3>\n<p><span data-sheets-value=\"{\" data-sheets-userformat=\"{\">Gyllene kollagen (24 k guld) och gyllene glitter, vitamin E, sheasm\u00f6r, avokadoolja, riskliolja, solrosolja<\/span><\/p>\n<h3>Hur man anv\u00e4nder:<\/h3>\n<p><span data-sheets-value=\"{\" data-sheets-userformat=\"{\">Applicera masken i ett tjockt lager p\u00e5 hela det rena ansiktet. Undvik \u00f6gonomr\u00e5det. Vid kontakt med \u00f6gonen, sk\u00f6lj noggrant med rent vatten. L\u00e5t verka i 10 till 15 minuter. Ta bort \u00f6verfl\u00f6det med en fuktig svamp eller servett. Anv\u00e4nd behandlingen en eller tv\u00e5 g\u00e5nger i veckan.<\/span><\/p>\n<h3>Naturlighet: <span data-sheets-value=\"{\" data-sheets-userformat=\"{\">97,8%<\/span><\/h3>\n<h3>Lista \u00f6ver ingredienser:<\/h3>\n<p><span data-sheets-value=\"{\" data-sheets-userformat=\"{\">Aqua, Helianthus annuus hybrid oil*, Glycerin, Cetyl babassuate, Glyceryl behenate, Butyrospermum parkii butter*, Cetearyl alcohol , Glyceryl stearate, Parfum, Sodium lauroyl glutamate, Stearic acid, Colloidal gold, Acetyl heptapeptide-9, Alaria esculenta extract, Persea gratissima (avokado)-olja*, Oryza sativa (ris)-kliolja, Olusolja, Kapryl-\/kapryltriglycerid, Tokoferylacetat, Hydrogenerad vegetabilisk olja, Candelilla cera, Glimmer, Maltodextrin, Dehydro\u00e4ttiksyra, Bensylalkohol, CI 77891, CI 77491 *Ingredienser fr\u00e5n ekologisk odling<\/span><\/p>\n<h3>Milj\u00f6egenskaper:<\/h3>\n<p><img alt=\"\" loading=\"lazy\" decoding=\"async\" class=\"alignnone wp-image-2935 size-full\" src=\"https:\/\/charlottacarlson.com\/wp-content\/uploads\/2019\/11\/BM.jpg\" width=\"332\" height=\"96\" \/><\/p>","protected":false},"excerpt":{"rendered":"<p><span data-sheets-value=\"{\" data-sheets-userformat=\"{\"><img loading=\"lazy\" decoding=\"async\" class=\"size-medium wp-image-1088 alignright\" src=\"https:\/\/charlottacarlson.com\/wp-content\/uploads\/2024\/09\/Golden-collagenin-and-peptide-9-Peau-d-Or-Charlotta-Carlson-300x220.webp\" alt=\"Golden Collagenin And Peptide 9 Peau D Or Charlotta Carlson\" width=\"300\" height=\"220\" srcset=\"https:\/\/charlottacarlson.com\/wp-content\/uploads\/2024\/09\/Golden-collagenin-and-peptide-9-Peau-d-Or-Charlotta-Carlson-300x220.webp 300w, https:\/\/charlottacarlson.com\/wp-content\/uploads\/2024\/09\/Golden-collagenin-and-peptide-9-Peau-d-Or-Charlotta-Carlson-1024x750.webp 1024w, https:\/\/charlottacarlson.com\/wp-content\/uploads\/2024\/09\/Golden-collagenin-and-peptide-9-Peau-d-Or-Charlotta-Carlson-768x563.webp 768w, https:\/\/charlottacarlson.com\/wp-content\/uploads\/2024\/09\/Golden-collagenin-and-peptide-9-Peau-d-Or-Charlotta-Carlson-16x12.webp 16w, https:\/\/charlottacarlson.com\/wp-content\/uploads\/2024\/09\/Golden-collagenin-and-peptide-9-Peau-d-Or-Charlotta-Carlson-600x440.webp 600w, https:\/\/charlottacarlson.com\/wp-content\/uploads\/2024\/09\/Golden-collagenin-and-peptide-9-Peau-d-Or-Charlotta-Carlson.webp 1384w\" sizes=\"auto, (max-width: 300px) 100vw, 300px\" \/>Masken 24 karat guld med antirynk- och anti-agingverkan, tillverkad av guldpartiklar av naturligt ursprung, ger din hud mjukhet och smidighet och erbjuder ett \u00f6gonblick av sensorisk njutning.<br \/>\nDen inneh\u00e5ller vitamin E som \u00e4r k\u00e4nt f\u00f6r sina antioxidativa egenskaper, samt Golden Collagenine som \u00e4r associerat med peptiden acetylheptapeptid-9, k\u00e4nd f\u00f6r sin effekt att j\u00e4mna ut rynkor.<\/span><\/p>","protected":false},"featured_media":84,"comment_status":"open","ping_status":"closed","template":"","meta":{"_seopress_robots_primary_cat":"","_seopress_titles_title":"","_seopress_titles_desc":"","_seopress_robots_index":"","_kad_blocks_custom_css":"","_kad_blocks_head_custom_js":"","_kad_blocks_body_custom_js":"","_kad_blocks_footer_custom_js":"","_kad_post_transparent":"default","_kad_post_title":"","_kad_post_layout":"default","_kad_post_sidebar_id":"","_kad_post_content_style":"default","_kad_post_vertical_padding":"default","_kad_post_feature":"","_kad_post_feature_position":"","_kad_post_header":false,"_kad_post_footer":false,"_kad_post_classname":""},"product_brand":[],"product_cat":[16,23],"product_tag":[24],"class_list":{"0":"post-83","1":"product","2":"type-product","3":"status-publish","4":"has-post-thumbnail","6":"product_cat-anti-age-anti-wrinkle","7":"product_cat-masks","8":"product_tag-peau-dor","10":"first","11":"instock","12":"featured","13":"taxable","14":"shipping-taxable","15":"purchasable","16":"product-type-simple","17":"entry","18":"content-bg","19":"loop-entry"},"taxonomy_info":{"product_cat":[{"value":16,"label":"Anti-Age &amp; Anti-wrinkle"},{"value":23,"label":"Masks"}],"product_tag":[{"value":24,"label":"Peau D\u2019Or"}]},"featured_image_src_large":["https:\/\/charlottacarlson.com\/wp-content\/uploads\/2024\/09\/Anti-aging-24k-gold-Mask-1-1024x1024.jpg",1024,1024,true],"author_info":[],"comment_info":0,"_links":{"self":[{"href":"https:\/\/charlottacarlson.com\/sv\/wp-json\/wp\/v2\/product\/83","targetHints":{"allow":["GET"]}}],"collection":[{"href":"https:\/\/charlottacarlson.com\/sv\/wp-json\/wp\/v2\/product"}],"about":[{"href":"https:\/\/charlottacarlson.com\/sv\/wp-json\/wp\/v2\/types\/product"}],"replies":[{"embeddable":true,"href":"https:\/\/charlottacarlson.com\/sv\/wp-json\/wp\/v2\/comments?post=83"}],"wp:featuredmedia":[{"embeddable":true,"href":"https:\/\/charlottacarlson.com\/sv\/wp-json\/wp\/v2\/media\/84"}],"wp:attachment":[{"href":"https:\/\/charlottacarlson.com\/sv\/wp-json\/wp\/v2\/media?parent=83"}],"wp:term":[{"taxonomy":"product_brand","embeddable":true,"href":"https:\/\/charlottacarlson.com\/sv\/wp-json\/wp\/v2\/product_brand?post=83"},{"taxonomy":"product_cat","embeddable":true,"href":"https:\/\/charlottacarlson.com\/sv\/wp-json\/wp\/v2\/product_cat?post=83"},{"taxonomy":"product_tag","embeddable":true,"href":"https:\/\/charlottacarlson.com\/sv\/wp-json\/wp\/v2\/product_tag?post=83"}],"curies":[{"name":"wp","href":"https:\/\/api.w.org\/{rel}","templated":true}]}}