{"id":80,"date":"2024-09-15T17:06:05","date_gmt":"2024-09-15T17:06:05","guid":{"rendered":"https:\/\/blissful-fish-387ec5.instawp.xyz\/?post_type=product&#038;p=80"},"modified":"2024-11-20T09:46:38","modified_gmt":"2024-11-20T09:46:38","slug":"uppljusande-serum","status":"publish","type":"product","link":"https:\/\/charlottacarlson.com\/sv\/produkt\/uppljusande-serum\/","title":{"rendered":"Ljusnande serum"},"content":{"rendered":"<h3><img loading=\"lazy\" decoding=\"async\" class=\"wp-image-1085 alignright\" src=\"https:\/\/charlottacarlson.com\/wp-content\/uploads\/2024\/09\/Diamond-Wheat-brain-ingredient-Diamant-Blanc-Charlotta-Carlson-v2-1-300x205.webp\" alt=\"Diamond Wheat Brain Ingredient Diamant Blanc Charlotta Carlson V2 1\" width=\"522\" height=\"357\" srcset=\"https:\/\/charlottacarlson.com\/wp-content\/uploads\/2024\/09\/Diamond-Wheat-brain-ingredient-Diamant-Blanc-Charlotta-Carlson-v2-1-300x205.webp 300w, https:\/\/charlottacarlson.com\/wp-content\/uploads\/2024\/09\/Diamond-Wheat-brain-ingredient-Diamant-Blanc-Charlotta-Carlson-v2-1-1024x699.webp 1024w, https:\/\/charlottacarlson.com\/wp-content\/uploads\/2024\/09\/Diamond-Wheat-brain-ingredient-Diamant-Blanc-Charlotta-Carlson-v2-1-768x524.webp 768w, https:\/\/charlottacarlson.com\/wp-content\/uploads\/2024\/09\/Diamond-Wheat-brain-ingredient-Diamant-Blanc-Charlotta-Carlson-v2-1-18x12.webp 18w, https:\/\/charlottacarlson.com\/wp-content\/uploads\/2024\/09\/Diamond-Wheat-brain-ingredient-Diamant-Blanc-Charlotta-Carlson-v2-1-600x410.webp 600w, https:\/\/charlottacarlson.com\/wp-content\/uploads\/2024\/09\/Diamond-Wheat-brain-ingredient-Diamant-Blanc-Charlotta-Carlson-v2-1.webp 1462w\" sizes=\"auto, (max-width: 522px) 100vw, 522px\" \/>Beskrivning:<\/h3>\n<p><span data-sheets-value=\"{\" data-sheets-userformat=\"{\">Detta uppljusande diamantserum med en flytande konsistens ger huden smidighet och \u00e5terfuktning. Huden blir mjukare och dess uppljusande effekt ger en ljus och j\u00e4mn hy.<\/span><\/p>\n<h3>F\u00f6rdel:<\/h3>\n<ul>\n<li>Diamantextrakt k\u00e4nt f\u00f6r <b>exfolierar huden och j\u00e4mnar ut oj\u00e4mnheter<\/b><\/li>\n<li>Vetekli-extrakt k\u00e4nt f\u00f6r <b>Blekning, depigmentering och uppljusning <\/b>aktiv ingrediens.<\/li>\n<li><span data-sheets-value=\"{\" data-sheets-userformat=\"{\">Ljusare effekt p\u00e5 din hy: 55.17%<br \/>\n<\/span><\/li>\n<li><span data-sheets-value=\"{\" data-sheets-userformat=\"{\">Inverkan p\u00e5 hudf\u00e4rgens enhetlighet: 68.97%<br \/>\n<\/span><\/li>\n<li><span data-sheets-value=\"{\" data-sheets-userformat=\"{\">Verkar f\u00f6r att g\u00f6ra hyn ljusare: 75,86%\"<\/span><\/li>\n<li><span data-sheets-value=\"{\" data-sheets-userformat=\"{\">Sj\u00e4lvutv\u00e4rdering utf\u00f6rd p\u00e5 29 personer under 28 dagar<\/span><\/li>\n<\/ul>\n<h3>Aktiva ingredienser :<\/h3>\n<p><span data-sheets-value=\"{\" data-sheets-userformat=\"{\">Diamantextrakt och vetekli-extrakt<\/span><\/p>\n<h3>Hur man anv\u00e4nder:<\/h3>\n<p><span data-sheets-value=\"{\" data-sheets-userformat=\"{\">Applicera morgon och kv\u00e4ll p\u00e5 hela det rena och torra ansiktet, undvik \u00f6gonomr\u00e5det, med l\u00e4tt massage f\u00f6re dag- eller nattkr\u00e4m - Daglig anv\u00e4ndning<\/span><\/p>\n<h3>Naturlighet: <span data-sheets-value=\"{\" data-sheets-userformat=\"{\">92%<\/span><\/h3>\n<h3>Lista \u00f6ver ingredienser:<\/h3>\n<p><span data-sheets-value=\"{\" data-sheets-userformat=\"{\">Aqua, Propanediol, Glycerin, Dimetikon, Polyglyceryl-6 distearat, Diglycerin, Cyclopentasiloxan, Diamantpulver, Jojobaestrar, Hydrolyserat vetemj\u00f6l, Tokoferylacetat, Parfum, Glimmer, Cetylalkohol, Polyglyceryl-3 bivax, Akrylater\/C10-30 alkylakrylatkorsspolymer, dimetikonol, xantangummi, natriumglukonat, salicylsyra, sorbinsyra, citronsyra, mj\u00f6lksyra, natriumhydroxid, natriumbensoat, kaliumsorbat, bensylalkohol, CI 77891<\/span><\/p>\n<h3>Milj\u00f6egenskaper:<\/h3>\n<p><img alt=\"\" loading=\"lazy\" decoding=\"async\" class=\"alignnone wp-image-2935 size-full\" src=\"https:\/\/charlottacarlson.com\/wp-content\/uploads\/2019\/11\/BM.jpg\" width=\"332\" height=\"96\" \/><\/p>","protected":false},"excerpt":{"rendered":"<h3><img loading=\"lazy\" decoding=\"async\" class=\"wp-image-1085 alignright\" src=\"https:\/\/charlottacarlson.com\/wp-content\/uploads\/2024\/09\/Diamond-Wheat-brain-ingredient-Diamant-Blanc-Charlotta-Carlson-v2-1-300x205.webp\" alt=\"Diamond Wheat Brain Ingredient Diamant Blanc Charlotta Carlson V2 1\" width=\"435\" height=\"297\" srcset=\"https:\/\/charlottacarlson.com\/wp-content\/uploads\/2024\/09\/Diamond-Wheat-brain-ingredient-Diamant-Blanc-Charlotta-Carlson-v2-1-300x205.webp 300w, https:\/\/charlottacarlson.com\/wp-content\/uploads\/2024\/09\/Diamond-Wheat-brain-ingredient-Diamant-Blanc-Charlotta-Carlson-v2-1-1024x699.webp 1024w, https:\/\/charlottacarlson.com\/wp-content\/uploads\/2024\/09\/Diamond-Wheat-brain-ingredient-Diamant-Blanc-Charlotta-Carlson-v2-1-768x524.webp 768w, https:\/\/charlottacarlson.com\/wp-content\/uploads\/2024\/09\/Diamond-Wheat-brain-ingredient-Diamant-Blanc-Charlotta-Carlson-v2-1-18x12.webp 18w, https:\/\/charlottacarlson.com\/wp-content\/uploads\/2024\/09\/Diamond-Wheat-brain-ingredient-Diamant-Blanc-Charlotta-Carlson-v2-1-600x410.webp 600w, https:\/\/charlottacarlson.com\/wp-content\/uploads\/2024\/09\/Diamond-Wheat-brain-ingredient-Diamant-Blanc-Charlotta-Carlson-v2-1.webp 1462w\" sizes=\"auto, (max-width: 435px) 100vw, 435px\" \/>Beskrivning:<\/h3>\n<p><span data-sheets-value=\"{\" data-sheets-userformat=\"{\">Detta uppljusande diamantserum med en flytande konsistens ger huden smidighet och \u00e5terfuktning. Huden blir mjukare och dess uppljusande effekt ger en ljus och j\u00e4mn hy.<\/span><\/p>\n<h3>F\u00f6rdel:<\/h3>\n<ul>\n<li>Diamantextrakt k\u00e4nt f\u00f6r <b>exfolierar huden och j\u00e4mnar ut oj\u00e4mnheter<\/b><\/li>\n<li>Vetekli-extrakt k\u00e4nt f\u00f6r <b>Blekning, depigmentering och uppljusning <\/b>aktiv ingrediens.<span data-sheets-value=\"{\" data-sheets-userformat=\"{\"><br \/>\n<\/span><\/li>\n<li><span data-sheets-value=\"{\" data-sheets-userformat=\"{\">Ljusare effekt p\u00e5 din hy: 55.17%<br \/>\n<\/span><\/li>\n<li><span data-sheets-value=\"{\" data-sheets-userformat=\"{\">Inverkan p\u00e5 hudf\u00e4rgens enhetlighet: 68.97%<br \/>\n<\/span><\/li>\n<li><span data-sheets-value=\"{\" data-sheets-userformat=\"{\">Verkar f\u00f6r att g\u00f6ra hyn ljusare: 75,86%\"<\/span><\/li>\n<li><span data-sheets-value=\"{\" data-sheets-userformat=\"{\">Sj\u00e4lvutv\u00e4rdering utf\u00f6rd p\u00e5 29 personer under 28 dagar<\/span><\/li>\n<\/ul>\n<h3>Aktiva ingredienser :<\/h3>\n<p><span data-sheets-value=\"{\" data-sheets-userformat=\"{\">Diamantextrakt och vetekli-extrakt<\/span><\/p>\n<h3>Hur man anv\u00e4nder:<\/h3>\n<p><span data-sheets-value=\"{\" data-sheets-userformat=\"{\">Applicera morgon och kv\u00e4ll p\u00e5 hela det rena och torra ansiktet, undvik \u00f6gonomr\u00e5det, med l\u00e4tt massage f\u00f6re dag- eller nattkr\u00e4m - Daglig anv\u00e4ndning<\/span><\/p>\n<h3>Naturlighet: <span data-sheets-value=\"{\" data-sheets-userformat=\"{\">92%<\/span><\/h3>\n<h3>Lista \u00f6ver ingredienser:<\/h3>\n<p><span data-sheets-value=\"{\" data-sheets-userformat=\"{\">Aqua, Propanediol, Glycerin, Dimetikon, Polyglyceryl-6 distearat, Diglycerin, Cyclopentasiloxan, Diamantpulver, Jojobaestrar, Hydrolyserat vetemj\u00f6l, Tokoferylacetat, Parfum, Glimmer, Cetylalkohol, Polyglyceryl-3 bivax, Akrylater\/C10-30 alkylakrylatkorsspolymer, dimetikonol, xantangummi, natriumglukonat, salicylsyra, sorbinsyra, citronsyra, mj\u00f6lksyra, natriumhydroxid, natriumbensoat, kaliumsorbat, bensylalkohol, CI 77891<\/span><\/p>\n<h3>Milj\u00f6egenskaper:<\/h3>\n<p><img alt=\"\" loading=\"lazy\" decoding=\"async\" class=\"alignnone wp-image-2935 size-full\" src=\"https:\/\/charlottacarlson.com\/wp-content\/uploads\/2019\/11\/BM.jpg\" width=\"332\" height=\"96\" \/><\/p>","protected":false},"featured_media":81,"comment_status":"open","ping_status":"closed","template":"","meta":{"_seopress_robots_primary_cat":"","_seopress_titles_title":"","_seopress_titles_desc":"","_seopress_robots_index":"","_kad_blocks_custom_css":"","_kad_blocks_head_custom_js":"","_kad_blocks_body_custom_js":"","_kad_blocks_footer_custom_js":"","_kad_post_transparent":"default","_kad_post_title":"","_kad_post_layout":"default","_kad_post_sidebar_id":"","_kad_post_content_style":"default","_kad_post_vertical_padding":"default","_kad_post_feature":"","_kad_post_feature_position":"","_kad_post_header":false,"_kad_post_footer":false,"_kad_post_classname":""},"product_brand":[],"product_cat":[17,19,22],"product_tag":[20],"class_list":{"0":"post-80","1":"product","2":"type-product","3":"status-publish","4":"has-post-thumbnail","6":"product_cat-brightening-anti-dark-spot","7":"product_cat-diamant-blanc","8":"product_cat-serums","9":"product_tag-diamant-blanc","11":"first","12":"instock","13":"featured","14":"taxable","15":"shipping-taxable","16":"purchasable","17":"product-type-simple","18":"entry","19":"content-bg","20":"loop-entry"},"taxonomy_info":{"product_cat":[{"value":17,"label":"Brightening &amp; Anti Dark spot"},{"value":19,"label":"Diamant Blanc"},{"value":22,"label":"Serums"}],"product_tag":[{"value":20,"label":"Diamant Blanc"}]},"featured_image_src_large":["https:\/\/charlottacarlson.com\/wp-content\/uploads\/2024\/09\/Diamant-Blanc-Brightening-serum-1-1024x1024.jpg",1024,1024,true],"author_info":[],"comment_info":0,"_links":{"self":[{"href":"https:\/\/charlottacarlson.com\/sv\/wp-json\/wp\/v2\/product\/80","targetHints":{"allow":["GET"]}}],"collection":[{"href":"https:\/\/charlottacarlson.com\/sv\/wp-json\/wp\/v2\/product"}],"about":[{"href":"https:\/\/charlottacarlson.com\/sv\/wp-json\/wp\/v2\/types\/product"}],"replies":[{"embeddable":true,"href":"https:\/\/charlottacarlson.com\/sv\/wp-json\/wp\/v2\/comments?post=80"}],"wp:featuredmedia":[{"embeddable":true,"href":"https:\/\/charlottacarlson.com\/sv\/wp-json\/wp\/v2\/media\/81"}],"wp:attachment":[{"href":"https:\/\/charlottacarlson.com\/sv\/wp-json\/wp\/v2\/media?parent=80"}],"wp:term":[{"taxonomy":"product_brand","embeddable":true,"href":"https:\/\/charlottacarlson.com\/sv\/wp-json\/wp\/v2\/product_brand?post=80"},{"taxonomy":"product_cat","embeddable":true,"href":"https:\/\/charlottacarlson.com\/sv\/wp-json\/wp\/v2\/product_cat?post=80"},{"taxonomy":"product_tag","embeddable":true,"href":"https:\/\/charlottacarlson.com\/sv\/wp-json\/wp\/v2\/product_tag?post=80"}],"curies":[{"name":"wp","href":"https:\/\/api.w.org\/{rel}","templated":true}]}}