{"id":76,"date":"2024-09-15T17:05:46","date_gmt":"2024-09-15T17:05:46","guid":{"rendered":"https:\/\/blissful-fish-387ec5.instawp.xyz\/?post_type=product&#038;p=76"},"modified":"2024-11-20T09:43:58","modified_gmt":"2024-11-20T09:43:58","slug":"brigthening-lotion","status":"publish","type":"product","link":"https:\/\/charlottacarlson.com\/sv\/produkt\/brigthening-lotion\/","title":{"rendered":"Brigthening Lotion"},"content":{"rendered":"<h3><img loading=\"lazy\" decoding=\"async\" class=\"wp-image-1085 alignright\" src=\"https:\/\/charlottacarlson.com\/wp-content\/uploads\/2024\/09\/Diamond-Wheat-brain-ingredient-Diamant-Blanc-Charlotta-Carlson-v2-1-300x205.webp\" alt=\"Diamond Wheat Brain Ingredient Diamant Blanc Charlotta Carlson V2 1\" width=\"508\" height=\"347\" srcset=\"https:\/\/charlottacarlson.com\/wp-content\/uploads\/2024\/09\/Diamond-Wheat-brain-ingredient-Diamant-Blanc-Charlotta-Carlson-v2-1-300x205.webp 300w, https:\/\/charlottacarlson.com\/wp-content\/uploads\/2024\/09\/Diamond-Wheat-brain-ingredient-Diamant-Blanc-Charlotta-Carlson-v2-1-1024x699.webp 1024w, https:\/\/charlottacarlson.com\/wp-content\/uploads\/2024\/09\/Diamond-Wheat-brain-ingredient-Diamant-Blanc-Charlotta-Carlson-v2-1-768x524.webp 768w, https:\/\/charlottacarlson.com\/wp-content\/uploads\/2024\/09\/Diamond-Wheat-brain-ingredient-Diamant-Blanc-Charlotta-Carlson-v2-1-18x12.webp 18w, https:\/\/charlottacarlson.com\/wp-content\/uploads\/2024\/09\/Diamond-Wheat-brain-ingredient-Diamant-Blanc-Charlotta-Carlson-v2-1-600x410.webp 600w, https:\/\/charlottacarlson.com\/wp-content\/uploads\/2024\/09\/Diamond-Wheat-brain-ingredient-Diamant-Blanc-Charlotta-Carlson-v2-1.webp 1462w\" sizes=\"auto, (max-width: 508px) 100vw, 508px\" \/>Beskrivning:<\/h3>\n<p><span data-sheets-value=\"{\" data-sheets-userformat=\"{\">Denna uppljusande diamantlotion ger en smidig, \u00e5terfuktad hud med omedelbar fr\u00e4sch\u00f6r. Den ger en j\u00e4mn och ljus hudton och f\u00f6rbereder huden optimalt f\u00f6r n\u00e4sta steg i din hudv\u00e5rdsrutin.<\/span><\/p>\n<h3>F\u00f6rdel:<\/h3>\n<ul>\n<li><span data-sheets-value=\"{\" data-sheets-userformat=\"{\">\u00c5terfuktar huden, ger friskhet, ljusar upp hyn och f\u00f6rbereder huden f\u00f6r rutinv\u00e5rd.<\/span><\/li>\n<li>Diamantextrakt k\u00e4nt f\u00f6r <b>exfolierar huden och j\u00e4mnar ut oj\u00e4mnheter<\/b><\/li>\n<li>Vetekli-extrakt k\u00e4nt f\u00f6r <b>Blekning, depigmentering och uppljusning <\/b>aktiv ingrediens.<\/li>\n<\/ul>\n<h3>Aktiva ingredienser :<\/h3>\n<p><span data-sheets-value=\"{\" data-sheets-userformat=\"{\">Diamantextrakt och vetekli-extrakt<\/span><\/p>\n<h3>Hur man anv\u00e4nder:<\/h3>\n<p><span data-sheets-value=\"{\" data-sheets-userformat=\"{\">Applicera p\u00e5 morgonen f\u00f6re sminkning och p\u00e5 kv\u00e4llen f\u00f6r att ta bort smink och \u00e5terfukta huden - Daglig anv\u00e4ndning<br \/>\n<\/span><\/p>\n<h3>Naturlighet: <span data-sheets-value=\"{\" data-sheets-userformat=\"{\">99%<\/span><\/h3>\n<h3>Lista \u00f6ver ingredienser:<\/h3>\n<p><span data-sheets-value=\"{\" data-sheets-userformat=\"{\">Aqua, Propanediol, Diamantpulver, Hydrolyserat vetemj\u00f6l, Glycerin, Xantangummi, Polysorbat 20, Parfum, Mj\u00f6lksyra, Natriumglukonat, Natriumbensoat, Kaliumsorbat<\/span><\/p>\n<h3>Milj\u00f6egenskaper:<\/h3>\n<p><img alt=\"\" loading=\"lazy\" decoding=\"async\" class=\"alignnone wp-image-2935 size-full\" src=\"https:\/\/charlottacarlson.com\/wp-content\/uploads\/2019\/11\/BM.jpg\" width=\"332\" height=\"96\" \/><\/p>","protected":false},"excerpt":{"rendered":"<h3><img loading=\"lazy\" decoding=\"async\" class=\"wp-image-1085 alignright\" src=\"https:\/\/charlottacarlson.com\/wp-content\/uploads\/2024\/09\/Diamond-Wheat-brain-ingredient-Diamant-Blanc-Charlotta-Carlson-v2-1-300x205.webp\" alt=\"Diamond Wheat Brain Ingredient Diamant Blanc Charlotta Carlson V2 1\" width=\"500\" height=\"341\" srcset=\"https:\/\/charlottacarlson.com\/wp-content\/uploads\/2024\/09\/Diamond-Wheat-brain-ingredient-Diamant-Blanc-Charlotta-Carlson-v2-1-300x205.webp 300w, https:\/\/charlottacarlson.com\/wp-content\/uploads\/2024\/09\/Diamond-Wheat-brain-ingredient-Diamant-Blanc-Charlotta-Carlson-v2-1-1024x699.webp 1024w, https:\/\/charlottacarlson.com\/wp-content\/uploads\/2024\/09\/Diamond-Wheat-brain-ingredient-Diamant-Blanc-Charlotta-Carlson-v2-1-768x524.webp 768w, https:\/\/charlottacarlson.com\/wp-content\/uploads\/2024\/09\/Diamond-Wheat-brain-ingredient-Diamant-Blanc-Charlotta-Carlson-v2-1-18x12.webp 18w, https:\/\/charlottacarlson.com\/wp-content\/uploads\/2024\/09\/Diamond-Wheat-brain-ingredient-Diamant-Blanc-Charlotta-Carlson-v2-1-600x410.webp 600w, https:\/\/charlottacarlson.com\/wp-content\/uploads\/2024\/09\/Diamond-Wheat-brain-ingredient-Diamant-Blanc-Charlotta-Carlson-v2-1.webp 1462w\" sizes=\"auto, (max-width: 500px) 100vw, 500px\" \/>Beskrivning:<\/h3>\n<p><span data-sheets-value=\"{\" data-sheets-userformat=\"{\">Denna uppljusande diamantlotion ger en smidig, \u00e5terfuktad hud med omedelbar fr\u00e4sch\u00f6r. Den ger en j\u00e4mn och ljus hudton och f\u00f6rbereder huden optimalt f\u00f6r n\u00e4sta steg i din hudv\u00e5rdsrutin.<\/span><\/p>\n<h3>F\u00f6rdel:<\/h3>\n<ul>\n<li><span data-sheets-value=\"{\" data-sheets-userformat=\"{\">\u00c5terfuktar huden, ger friskhet, ljusar upp hyn och f\u00f6rbereder huden f\u00f6r rutinv\u00e5rd.<\/span><\/li>\n<li>Diamantextrakt k\u00e4nt f\u00f6r <b>exfolierar huden och j\u00e4mnar ut oj\u00e4mnheter<\/b><\/li>\n<li>Vetekli-extrakt k\u00e4nt f\u00f6r <b>Blekning, depigmentering och uppljusning <\/b>aktiv ingrediens.<\/li>\n<\/ul>\n<h3>Aktiva ingredienser :<\/h3>\n<p><span data-sheets-value=\"{\" data-sheets-userformat=\"{\">Diamantextrakt och vetekli-extrakt<\/span><\/p>\n<h3>Hur man anv\u00e4nder:<\/h3>\n<p><span data-sheets-value=\"{\" data-sheets-userformat=\"{\">Applicera p\u00e5 morgonen f\u00f6re sminkning och p\u00e5 kv\u00e4llen f\u00f6r att ta bort smink och \u00e5terfukta huden - Daglig anv\u00e4ndning<br \/>\n<\/span><\/p>\n<h3>Naturlighet: <span data-sheets-value=\"{\" data-sheets-userformat=\"{\">99%<\/span><\/h3>\n<h3>Lista \u00f6ver ingredienser:<\/h3>\n<p><span data-sheets-value=\"{\" data-sheets-userformat=\"{\">Aqua, Propanediol, Diamantpulver, Hydrolyserat vetemj\u00f6l, Glycerin, Xantangummi, Polysorbat 20, Parfum, Mj\u00f6lksyra, Natriumglukonat, Natriumbensoat, Kaliumsorbat<\/span><\/p>\n<h3>Milj\u00f6egenskaper:<\/h3>\n<p><img alt=\"\" loading=\"lazy\" decoding=\"async\" class=\"alignnone wp-image-2935 size-full\" src=\"https:\/\/charlottacarlson.com\/wp-content\/uploads\/2019\/11\/BM.jpg\" width=\"332\" height=\"96\" \/><\/p>","protected":false},"featured_media":77,"comment_status":"open","ping_status":"closed","template":"","meta":{"_seopress_robots_primary_cat":"","_seopress_titles_title":"","_seopress_titles_desc":"","_seopress_robots_index":"","_kad_blocks_custom_css":"","_kad_blocks_head_custom_js":"","_kad_blocks_body_custom_js":"","_kad_blocks_footer_custom_js":"","_kad_post_transparent":"default","_kad_post_title":"","_kad_post_layout":"default","_kad_post_sidebar_id":"","_kad_post_content_style":"default","_kad_post_vertical_padding":"default","_kad_post_feature":"","_kad_post_feature_position":"","_kad_post_header":false,"_kad_post_footer":false,"_kad_post_classname":""},"product_brand":[],"product_cat":[17,19,21],"product_tag":[20],"class_list":{"0":"post-76","1":"product","2":"type-product","3":"status-publish","4":"has-post-thumbnail","6":"product_cat-brightening-anti-dark-spot","7":"product_cat-diamant-blanc","8":"product_cat-toners-lotions","9":"product_tag-diamant-blanc","11":"first","12":"instock","13":"featured","14":"taxable","15":"shipping-taxable","16":"purchasable","17":"product-type-simple","18":"entry","19":"content-bg","20":"loop-entry"},"taxonomy_info":{"product_cat":[{"value":17,"label":"Brightening &amp; Anti Dark spot"},{"value":19,"label":"Diamant Blanc"},{"value":21,"label":"Toners &amp; Lotions"}],"product_tag":[{"value":20,"label":"Diamant Blanc"}]},"featured_image_src_large":["https:\/\/charlottacarlson.com\/wp-content\/uploads\/2024\/09\/Diamant-Blanc-brigthening-lotion-scaled-2-1024x1024.jpg",1024,1024,true],"author_info":[],"comment_info":0,"_links":{"self":[{"href":"https:\/\/charlottacarlson.com\/sv\/wp-json\/wp\/v2\/product\/76","targetHints":{"allow":["GET"]}}],"collection":[{"href":"https:\/\/charlottacarlson.com\/sv\/wp-json\/wp\/v2\/product"}],"about":[{"href":"https:\/\/charlottacarlson.com\/sv\/wp-json\/wp\/v2\/types\/product"}],"replies":[{"embeddable":true,"href":"https:\/\/charlottacarlson.com\/sv\/wp-json\/wp\/v2\/comments?post=76"}],"wp:featuredmedia":[{"embeddable":true,"href":"https:\/\/charlottacarlson.com\/sv\/wp-json\/wp\/v2\/media\/77"}],"wp:attachment":[{"href":"https:\/\/charlottacarlson.com\/sv\/wp-json\/wp\/v2\/media?parent=76"}],"wp:term":[{"taxonomy":"product_brand","embeddable":true,"href":"https:\/\/charlottacarlson.com\/sv\/wp-json\/wp\/v2\/product_brand?post=76"},{"taxonomy":"product_cat","embeddable":true,"href":"https:\/\/charlottacarlson.com\/sv\/wp-json\/wp\/v2\/product_cat?post=76"},{"taxonomy":"product_tag","embeddable":true,"href":"https:\/\/charlottacarlson.com\/sv\/wp-json\/wp\/v2\/product_tag?post=76"}],"curies":[{"name":"wp","href":"https:\/\/api.w.org\/{rel}","templated":true}]}}