{"id":73,"date":"2024-09-15T17:05:40","date_gmt":"2024-09-15T17:05:40","guid":{"rendered":"https:\/\/blissful-fish-387ec5.instawp.xyz\/?post_type=product&#038;p=73"},"modified":"2024-12-03T10:08:20","modified_gmt":"2024-12-03T10:08:20","slug":"uppljusande-anti-aging-kram","status":"publish","type":"product","link":"https:\/\/charlottacarlson.com\/sv\/produkt\/uppljusande-anti-aging-kram\/","title":{"rendered":"Ljusg\u00f6rande &amp; Anti-aging kr\u00e4m"},"content":{"rendered":"<p><img loading=\"lazy\" decoding=\"async\" class=\"wp-image-1085 alignright\" src=\"https:\/\/charlottacarlson.com\/wp-content\/uploads\/2024\/09\/Diamond-Wheat-brain-ingredient-Diamant-Blanc-Charlotta-Carlson-v2-1-300x205.webp\" alt=\"Diamond Wheat Brain Ingredient Diamant Blanc Charlotta Carlson V2 1\" width=\"490\" height=\"335\" srcset=\"https:\/\/charlottacarlson.com\/wp-content\/uploads\/2024\/09\/Diamond-Wheat-brain-ingredient-Diamant-Blanc-Charlotta-Carlson-v2-1-300x205.webp 300w, https:\/\/charlottacarlson.com\/wp-content\/uploads\/2024\/09\/Diamond-Wheat-brain-ingredient-Diamant-Blanc-Charlotta-Carlson-v2-1-1024x699.webp 1024w, https:\/\/charlottacarlson.com\/wp-content\/uploads\/2024\/09\/Diamond-Wheat-brain-ingredient-Diamant-Blanc-Charlotta-Carlson-v2-1-768x524.webp 768w, https:\/\/charlottacarlson.com\/wp-content\/uploads\/2024\/09\/Diamond-Wheat-brain-ingredient-Diamant-Blanc-Charlotta-Carlson-v2-1-18x12.webp 18w, https:\/\/charlottacarlson.com\/wp-content\/uploads\/2024\/09\/Diamond-Wheat-brain-ingredient-Diamant-Blanc-Charlotta-Carlson-v2-1-600x410.webp 600w, https:\/\/charlottacarlson.com\/wp-content\/uploads\/2024\/09\/Diamond-Wheat-brain-ingredient-Diamant-Blanc-Charlotta-Carlson-v2-1.webp 1462w\" sizes=\"auto, (max-width: 490px) 100vw, 490px\" \/>Nourishing Diamond Cream kombinerar anti-aging, anti-rynk och uppljusande \u00e5tg\u00e4rder som ger ditt ansikte lyster. Din hud \u00e4r mjuk, smidig och \u00e5terfuktad.<\/p>\n<h3>F\u00f6rdel:<\/h3>\n<ul>\n<li>Diamantextrakt k\u00e4nt f\u00f6r <b>exfolierar huden och j\u00e4mnar ut oj\u00e4mnheter<\/b><\/li>\n<li>Vetekli-extrakt k\u00e4nt f\u00f6r <b>Blekning, depigmentering och uppljusning <\/b>aktiv ingrediens.<\/li>\n<li>Huden \u00e4r smidigare: 85.19%<\/li>\n<li>Huden \u00e4r mjukare: 85.19%<\/li>\n<li>Kr\u00e4men ger komfort till huden: 88.89%<\/li>\n<li>Kr\u00e4men tillf\u00f6r fukt till hudytan (otorkad hud): 88.89%<\/li>\n<li>Kr\u00e4men ger en n\u00e4rande effekt till huden: 88.89%<\/li>\n<li>Ljusare effekt p\u00e5 din hy: 59.26%<\/li>\n<li>P\u00e5verkan p\u00e5 hudf\u00e4rgens enhetlighet: 77.78%<\/li>\n<li>Inverkan p\u00e5 hudens lyster: 74,07%<\/li>\n<li>\u00c5tg\u00e4rd mot fina linjer och rynkor: 74.07%<\/li>\n<li>Anti-aging verkan: 62,96%\"<\/li>\n<li>Sj\u00e4lvutv\u00e4rdering utf\u00f6rd p\u00e5 27 personer under 28 dagar<\/li>\n<\/ul>\n<h3>Aktiva ingredienser :<\/h3>\n<p><span data-sheets-value=\"{\" data-sheets-userformat=\"{\">Diamant- och vetekli, t\u00e5ngbrunt, sheasm\u00f6r, biologiskt<\/span><\/p>\n<h3>Hur man anv\u00e4nder:<\/h3>\n<p><span data-sheets-value=\"{\" data-sheets-userformat=\"{\">Applicera morgon och kv\u00e4ll p\u00e5 torr och ren hud, undvik \u00f6gonomr\u00e5det. Massera in i huden med cirkul\u00e4ra r\u00f6relser - Daglig anv\u00e4ndning<br \/>\n<\/span><\/p>\n<h3>Naturlighet: 87,8%<\/h3>\n<h3>Lista \u00f6ver ingredienser:<\/h3>\n<p><span data-sheets-value=\"{\" data-sheets-userformat=\"{\">Aqua, Isopropyl palmitate, Squalane, Cyclohexasiloxane, Cyclopentasiloxane, Cetyl alcohol, Glyceryl stearate, Glycerin, Butyrospermum parkii butter, Helianthus annuus hybrid oil, Propanediol, Glycol palmitate, Parfum, Diamond Powder, Alaria esculenta extract, Hydrolyzed wheat flour, Tocopheryl acetate, Kapryl-\/kapryltriglycerid, PEG-75-stearat, Ceteth-20, Steareth-20, Laureth-7, Mica, Xanthangummi, Polyakrylamid, C13-14 isoparaffin, Dimetikonol, Natriumglukonat, Salicylsyra, Sorbinsyra, Mj\u00f6lksyra, Natriumhydroxid, Natriumbensoat, Kaliumsorbat, Bensylalkohol, CI 77891<\/span><\/p>\n<h3>Milj\u00f6egenskaper:<\/h3>\n<p><img alt=\"\" loading=\"lazy\" decoding=\"async\" class=\"alignnone wp-image-2935 size-full\" src=\"https:\/\/charlottacarlson.com\/wp-content\/uploads\/2019\/11\/BM.jpg\" width=\"332\" height=\"96\" \/><\/p>","protected":false},"excerpt":{"rendered":"<h3><img loading=\"lazy\" decoding=\"async\" class=\"wp-image-1085 alignright\" src=\"https:\/\/charlottacarlson.com\/wp-content\/uploads\/2024\/09\/Diamond-Wheat-brain-ingredient-Diamant-Blanc-Charlotta-Carlson-v2-1-300x205.webp\" alt=\"Diamond Wheat Brain Ingredient Diamant Blanc Charlotta Carlson V2 1\" width=\"483\" height=\"330\" srcset=\"https:\/\/charlottacarlson.com\/wp-content\/uploads\/2024\/09\/Diamond-Wheat-brain-ingredient-Diamant-Blanc-Charlotta-Carlson-v2-1-300x205.webp 300w, https:\/\/charlottacarlson.com\/wp-content\/uploads\/2024\/09\/Diamond-Wheat-brain-ingredient-Diamant-Blanc-Charlotta-Carlson-v2-1-1024x699.webp 1024w, https:\/\/charlottacarlson.com\/wp-content\/uploads\/2024\/09\/Diamond-Wheat-brain-ingredient-Diamant-Blanc-Charlotta-Carlson-v2-1-768x524.webp 768w, https:\/\/charlottacarlson.com\/wp-content\/uploads\/2024\/09\/Diamond-Wheat-brain-ingredient-Diamant-Blanc-Charlotta-Carlson-v2-1-18x12.webp 18w, https:\/\/charlottacarlson.com\/wp-content\/uploads\/2024\/09\/Diamond-Wheat-brain-ingredient-Diamant-Blanc-Charlotta-Carlson-v2-1-600x410.webp 600w, https:\/\/charlottacarlson.com\/wp-content\/uploads\/2024\/09\/Diamond-Wheat-brain-ingredient-Diamant-Blanc-Charlotta-Carlson-v2-1.webp 1462w\" sizes=\"auto, (max-width: 483px) 100vw, 483px\" \/>Beskrivning:<\/h3>\n<p>Nourishing Diamond Cream kombinerar anti-aging, anti-rynk och uppljusande \u00e5tg\u00e4rder som ger ditt ansikte lyster. Din hud \u00e4r mjuk, smidig och \u00e5terfuktad.<\/p>\n<h3>F\u00f6rdel:<\/h3>\n<ul>\n<li>Diamantextrakt k\u00e4nt f\u00f6r <b>exfolierar huden och j\u00e4mnar ut oj\u00e4mnheter<\/b><\/li>\n<li>Vetekli-extrakt k\u00e4nt f\u00f6r <b>Blekning, depigmentering och uppljusning <\/b>aktiv ingrediens.<\/li>\n<li>Huden \u00e4r smidigare: 85.19%<\/li>\n<li>Huden \u00e4r mjukare: 85.19%<\/li>\n<li>Kr\u00e4men ger komfort till huden: 88.89%<\/li>\n<li>Kr\u00e4men tillf\u00f6r fukt till hudytan (otorkad hud): 88.89%<\/li>\n<li>Kr\u00e4men ger en n\u00e4rande effekt till huden: 88.89%<\/li>\n<li>Ljusare effekt p\u00e5 din hy: 59.26%<\/li>\n<li>P\u00e5verkan p\u00e5 hudf\u00e4rgens enhetlighet: 77.78%<\/li>\n<li>Inverkan p\u00e5 hudens lyster: 74,07%<\/li>\n<li>\u00c5tg\u00e4rd mot fina linjer och rynkor: 74.07%<\/li>\n<li>Anti-aging verkan: 62,96%\"<\/li>\n<li>Sj\u00e4lvutv\u00e4rdering utf\u00f6rd p\u00e5 27 personer under 28 dagar<\/li>\n<\/ul>\n<h3>Aktiva ingredienser :<\/h3>\n<p><span data-sheets-value=\"{\" data-sheets-userformat=\"{\">Diamant- och vetekli, t\u00e5ngbrunt, sheasm\u00f6r, biologiskt<\/span><\/p>\n<h3>Hur man anv\u00e4nder:<\/h3>\n<p><span data-sheets-value=\"{\" data-sheets-userformat=\"{\">Applicera morgon och kv\u00e4ll p\u00e5 torr och ren hud, undvik \u00f6gonomr\u00e5det. Massera in i huden med cirkul\u00e4ra r\u00f6relser - Daglig anv\u00e4ndning<br \/>\n<\/span><\/p>\n<h3>Naturlighet: 87,8%<\/h3>\n<h3>Lista \u00f6ver ingredienser:<\/h3>\n<p><span data-sheets-value=\"{\" data-sheets-userformat=\"{\">Aqua, Isopropyl palmitate, Squalane, Cyclohexasiloxane, Cyclopentasiloxane, Cetyl alcohol, Glyceryl stearate, Glycerin, Butyrospermum parkii butter, Helianthus annuus hybrid oil, Propanediol, Glycol palmitate, Parfum, Diamond Powder, Alaria esculenta extract, Hydrolyzed wheat flour, Tocopheryl acetate, Kapryl-\/kapryltriglycerid, PEG-75-stearat, Ceteth-20, Steareth-20, Laureth-7, Mica, Xanthangummi, Polyakrylamid, C13-14 isoparaffin, Dimetikonol, Natriumglukonat, Salicylsyra, Sorbinsyra, Mj\u00f6lksyra, Natriumhydroxid, Natriumbensoat, Kaliumsorbat, Bensylalkohol, CI 77891<\/span><\/p>\n<h3>Milj\u00f6egenskaper:<\/h3>\n<p><img alt=\"\" loading=\"lazy\" decoding=\"async\" class=\"alignnone wp-image-2935 size-full\" src=\"https:\/\/charlottacarlson.com\/wp-content\/uploads\/2019\/11\/BM.jpg\" width=\"332\" height=\"96\" \/><\/p>","protected":false},"featured_media":74,"comment_status":"open","ping_status":"closed","template":"","meta":{"_seopress_robots_primary_cat":"","_seopress_titles_title":"","_seopress_titles_desc":"","_seopress_robots_index":"","_kad_blocks_custom_css":"","_kad_blocks_head_custom_js":"","_kad_blocks_body_custom_js":"","_kad_blocks_footer_custom_js":"","_kad_post_transparent":"default","_kad_post_title":"","_kad_post_layout":"default","_kad_post_sidebar_id":"","_kad_post_content_style":"default","_kad_post_vertical_padding":"default","_kad_post_feature":"","_kad_post_feature_position":"","_kad_post_header":false,"_kad_post_footer":false,"_kad_post_classname":""},"product_brand":[],"product_cat":[16,17,18,19],"product_tag":[20],"class_list":{"0":"post-73","1":"product","2":"type-product","3":"status-publish","4":"has-post-thumbnail","6":"product_cat-anti-age-anti-wrinkle","7":"product_cat-brightening-anti-dark-spot","8":"product_cat-creams","9":"product_cat-diamant-blanc","10":"product_tag-diamant-blanc","12":"first","13":"instock","14":"featured","15":"taxable","16":"shipping-taxable","17":"purchasable","18":"product-type-simple","19":"entry","20":"content-bg","21":"loop-entry"},"taxonomy_info":{"product_cat":[{"value":16,"label":"Anti-Age &amp; Anti-wrinkle"},{"value":17,"label":"Brightening &amp; Anti Dark spot"},{"value":18,"label":"Creams"},{"value":19,"label":"Diamant Blanc"}],"product_tag":[{"value":20,"label":"Diamant Blanc"}]},"featured_image_src_large":["https:\/\/charlottacarlson.com\/wp-content\/uploads\/2024\/09\/Diamant-Blanc-Cream-1.jpg",1022,1022,false],"author_info":[],"comment_info":0,"_links":{"self":[{"href":"https:\/\/charlottacarlson.com\/sv\/wp-json\/wp\/v2\/product\/73","targetHints":{"allow":["GET"]}}],"collection":[{"href":"https:\/\/charlottacarlson.com\/sv\/wp-json\/wp\/v2\/product"}],"about":[{"href":"https:\/\/charlottacarlson.com\/sv\/wp-json\/wp\/v2\/types\/product"}],"replies":[{"embeddable":true,"href":"https:\/\/charlottacarlson.com\/sv\/wp-json\/wp\/v2\/comments?post=73"}],"wp:featuredmedia":[{"embeddable":true,"href":"https:\/\/charlottacarlson.com\/sv\/wp-json\/wp\/v2\/media\/74"}],"wp:attachment":[{"href":"https:\/\/charlottacarlson.com\/sv\/wp-json\/wp\/v2\/media?parent=73"}],"wp:term":[{"taxonomy":"product_brand","embeddable":true,"href":"https:\/\/charlottacarlson.com\/sv\/wp-json\/wp\/v2\/product_brand?post=73"},{"taxonomy":"product_cat","embeddable":true,"href":"https:\/\/charlottacarlson.com\/sv\/wp-json\/wp\/v2\/product_cat?post=73"},{"taxonomy":"product_tag","embeddable":true,"href":"https:\/\/charlottacarlson.com\/sv\/wp-json\/wp\/v2\/product_tag?post=73"}],"curies":[{"name":"wp","href":"https:\/\/api.w.org\/{rel}","templated":true}]}}