{"id":97,"date":"2024-09-15T17:06:35","date_gmt":"2024-09-15T17:06:35","guid":{"rendered":"https:\/\/blissful-fish-387ec5.instawp.xyz\/?post_type=product&#038;p=97"},"modified":"2025-03-14T09:52:16","modified_gmt":"2025-03-14T09:52:16","slug":"espuma-de-limpeza-50ml","status":"publish","type":"product","link":"https:\/\/charlottacarlson.com\/pt\/produto\/espuma-de-limpeza-50ml\/","title":{"rendered":"Espuma de limpeza - 50ml"},"content":{"rendered":"<p><span data-sheets-value=\"{&quot;1&quot;:2,&quot;2&quot;:&quot;The creamy foam made of aloe vera and sweet almond protein extract, gently cleanses your skin.&quot;}\" data-sheets-userformat=\"{&quot;2&quot;:14783,&quot;3&quot;:{&quot;1&quot;:0,&quot;3&quot;:1},&quot;4&quot;:{&quot;1&quot;:2,&quot;2&quot;:9621584},&quot;5&quot;:{&quot;1&quot;:[{&quot;1&quot;:2,&quot;2&quot;:0,&quot;5&quot;:{&quot;1&quot;:0}},{&quot;1&quot;:0,&quot;2&quot;:0,&quot;3&quot;:3},{&quot;1&quot;:1,&quot;2&quot;:0,&quot;4&quot;:1}]},&quot;6&quot;:{&quot;1&quot;:[{&quot;1&quot;:2,&quot;2&quot;:0,&quot;5&quot;:{&quot;1&quot;:0}},{&quot;1&quot;:0,&quot;2&quot;:0,&quot;3&quot;:3},{&quot;1&quot;:1,&quot;2&quot;:0,&quot;4&quot;:1}]},&quot;7&quot;:{&quot;1&quot;:[{&quot;1&quot;:2,&quot;2&quot;:0,&quot;5&quot;:{&quot;1&quot;:0}},{&quot;1&quot;:0,&quot;2&quot;:0,&quot;3&quot;:3},{&quot;1&quot;:1,&quot;2&quot;:0,&quot;4&quot;:1}]},&quot;8&quot;:{&quot;1&quot;:[{&quot;1&quot;:2,&quot;2&quot;:0,&quot;5&quot;:{&quot;1&quot;:0}},{&quot;1&quot;:0,&quot;2&quot;:0,&quot;3&quot;:3},{&quot;1&quot;:1,&quot;2&quot;:0,&quot;4&quot;:1}]},&quot;10&quot;:1,&quot;11&quot;:4,&quot;14&quot;:{&quot;1&quot;:3,&quot;3&quot;:1},&quot;15&quot;:&quot;Calibri&quot;,&quot;16&quot;:11}\">A espuma cremosa \u00e0 base de alo\u00e9 vera e de extrato de prote\u00ednas de am\u00eandoa doce limpa suavemente a sua pele.<\/span><\/p>\n<h3>Modo de utiliza\u00e7\u00e3o:<\/h3>\n<p><span data-sheets-value=\"{\" data-sheets-userformat=\"{\">De manh\u00e3 e \u00e0 noite, aplicar a espuma na pele h\u00famida. Enxaguar com \u00e1gua. Evitar o contorno dos olhos.<\/span><\/p>\n<h3>Naturalidade: <span data-sheets-value=\"{\" data-sheets-userformat=\"{\">99,5%<\/span><\/h3>\n<h3>Lista de ingredientes:<\/h3>\n<p><span data-sheets-value=\"{&quot;1&quot;:2,&quot;2&quot;:&quot;Aqua, Decyl glucoside, Diglycerin, Caprylyl\/Capryl glucoside, Glycerin**, Aloe \\nbarbadensis leaf extract*, Hydrolyzed sweet almond protein, Sunflower seed oil \\npolyglyceryl-6 esters**, Parfum, Citric acid, Sodium benzoate, Potassium sorbate\\n*Ingredients from organic farming\\n** Processed from organic ingredients\\n&quot;}\" data-sheets-userformat=\"{&quot;2&quot;:14527,&quot;3&quot;:{&quot;1&quot;:0,&quot;3&quot;:1},&quot;4&quot;:{&quot;1&quot;:2,&quot;2&quot;:4121084},&quot;5&quot;:{&quot;1&quot;:[{&quot;1&quot;:2,&quot;2&quot;:0,&quot;5&quot;:{&quot;1&quot;:0}},{&quot;1&quot;:0,&quot;2&quot;:0,&quot;3&quot;:3},{&quot;1&quot;:1,&quot;2&quot;:0,&quot;4&quot;:1}]},&quot;6&quot;:{&quot;1&quot;:[{&quot;1&quot;:2,&quot;2&quot;:0,&quot;5&quot;:{&quot;1&quot;:0}},{&quot;1&quot;:0,&quot;2&quot;:0,&quot;3&quot;:3},{&quot;1&quot;:1,&quot;2&quot;:0,&quot;4&quot;:1}]},&quot;7&quot;:{&quot;1&quot;:[{&quot;1&quot;:2,&quot;2&quot;:0,&quot;5&quot;:{&quot;1&quot;:0}},{&quot;1&quot;:0,&quot;2&quot;:0,&quot;3&quot;:3},{&quot;1&quot;:1,&quot;2&quot;:0,&quot;4&quot;:1}]},&quot;8&quot;:{&quot;1&quot;:[{&quot;1&quot;:2,&quot;2&quot;:0,&quot;5&quot;:{&quot;1&quot;:0}},{&quot;1&quot;:0,&quot;2&quot;:0,&quot;3&quot;:3},{&quot;1&quot;:1,&quot;2&quot;:0,&quot;4&quot;:1}]},&quot;10&quot;:1,&quot;14&quot;:{&quot;1&quot;:3,&quot;3&quot;:1},&quot;15&quot;:&quot;Calibri&quot;,&quot;16&quot;:11}\" data-sheets-formula=\"=R[0]C[-59]\">Aqua, Decil gluc\u00f3sido, Diglicerina, Caprilil\/Capril gluc\u00f3sido, Glicerina**, Alo\u00e9<br \/>\nextrato de folha de Barbadensis*, prote\u00edna hidrolisada de am\u00eandoa doce, \u00f3leo de semente de girassol<br \/>\n\u00c9steres de poligliceril-6**, Parfum, \u00c1cido c\u00edtrico, Benzoato de s\u00f3dio, Sorbato de pot\u00e1ssio<br \/>\n*Ingredientes provenientes da agricultura biol\u00f3gica<br \/>\n** Processado a partir de ingredientes biol\u00f3gicos<br \/>\n<\/span><\/p>\n<h3>Atributos ambientais:<\/h3>\n<p><img alt=\"\" loading=\"lazy\" decoding=\"async\" class=\"alignnone wp-image-2935 size-full\" src=\"https:\/\/charlottacarlson.com\/wp-content\/uploads\/2019\/11\/BM.jpg\" width=\"332\" height=\"96\" \/><\/p>","protected":false},"excerpt":{"rendered":"<p>A espuma cremosa \u00e0 base de alo\u00e9 vera e extrato de prote\u00edna de am\u00eandoa doce limpa suavemente a sua pele. Modo de utiliza\u00e7\u00e3o: De manh\u00e3 e \u00e0 noite, aplicar a espuma na pele h\u00famida. Enxaguar com \u00e1gua. Evitar a zona dos olhos. Naturalidade: 99,5% Lista de Ingredientes: Aqua, Decyl glucoside, Diglycerin, Caprylyl\/Capryl glucoside, Glycerin**, Aloe barbadensis leaf extract*, Hydrolyzed sweet almond protein, Sunflower...<\/p>","protected":false},"featured_media":98,"comment_status":"open","ping_status":"closed","template":"","meta":{"_seopress_robots_primary_cat":"none","_seopress_titles_title":"","_seopress_titles_desc":"","_seopress_robots_index":"","_kad_blocks_custom_css":"","_kad_blocks_head_custom_js":"","_kad_blocks_body_custom_js":"","_kad_blocks_footer_custom_js":"","_kad_post_transparent":"default","_kad_post_title":"","_kad_post_layout":"default","_kad_post_sidebar_id":"","_kad_post_content_style":"default","_kad_post_vertical_padding":"default","_kad_post_feature":"","_kad_post_feature_position":"","_kad_post_header":false,"_kad_post_footer":false,"_kad_post_classname":""},"product_brand":[],"product_cat":[31,32],"product_tag":[33],"class_list":{"0":"post-97","1":"product","2":"type-product","3":"status-publish","4":"has-post-thumbnail","6":"product_cat-cleansers","7":"product_cat-pure-nettoyante","8":"product_tag-pure-nettoyant","10":"first","11":"instock","12":"taxable","13":"shipping-taxable","14":"purchasable","15":"product-type-simple","16":"entry","17":"content-bg","18":"loop-entry"},"taxonomy_info":{"product_cat":[{"value":31,"label":"Cleansers"},{"value":32,"label":"Pure Nettoyante"}],"product_tag":[{"value":33,"label":"Pure Nettoyant"}]},"featured_image_src_large":["https:\/\/charlottacarlson.com\/wp-content\/uploads\/2024\/09\/Pure-Nettoyant-50ml-1-1024x1024.jpg",1024,1024,true],"author_info":[],"comment_info":0,"_links":{"self":[{"href":"https:\/\/charlottacarlson.com\/pt\/wp-json\/wp\/v2\/product\/97","targetHints":{"allow":["GET"]}}],"collection":[{"href":"https:\/\/charlottacarlson.com\/pt\/wp-json\/wp\/v2\/product"}],"about":[{"href":"https:\/\/charlottacarlson.com\/pt\/wp-json\/wp\/v2\/types\/product"}],"replies":[{"embeddable":true,"href":"https:\/\/charlottacarlson.com\/pt\/wp-json\/wp\/v2\/comments?post=97"}],"wp:featuredmedia":[{"embeddable":true,"href":"https:\/\/charlottacarlson.com\/pt\/wp-json\/wp\/v2\/media\/98"}],"wp:attachment":[{"href":"https:\/\/charlottacarlson.com\/pt\/wp-json\/wp\/v2\/media?parent=97"}],"wp:term":[{"taxonomy":"product_brand","embeddable":true,"href":"https:\/\/charlottacarlson.com\/pt\/wp-json\/wp\/v2\/product_brand?post=97"},{"taxonomy":"product_cat","embeddable":true,"href":"https:\/\/charlottacarlson.com\/pt\/wp-json\/wp\/v2\/product_cat?post=97"},{"taxonomy":"product_tag","embeddable":true,"href":"https:\/\/charlottacarlson.com\/pt\/wp-json\/wp\/v2\/product_tag?post=97"}],"curies":[{"name":"wp","href":"https:\/\/api.w.org\/{rel}","templated":true}]}}