{"id":943,"date":"2024-11-03T22:48:24","date_gmt":"2024-11-03T22:48:24","guid":{"rendered":"http:\/\/charlotta-carlson.local\/?post_type=product&#038;p=943"},"modified":"2024-11-08T15:24:55","modified_gmt":"2024-11-08T15:24:55","slug":"batom-mate","status":"publish","type":"product","link":"https:\/\/charlottacarlson.com\/pt\/produto\/batom-mate\/","title":{"rendered":"Batom mate"},"content":{"rendered":"<p>Batom com f\u00f3rmula subtil matificante com pigmentos puros para sublimar os seus l\u00e1bios com uma textura extremamente confort\u00e1vel, suave e duradoura. Cont\u00e9m cera de arroz para intensificar o acabamento mate, bem como uma sensa\u00e7\u00e3o cremosa e n\u00e3o pegajosa. Cera de girassol para uma longa dura\u00e7\u00e3o. E cera de candelilha para proteger e hidratar os l\u00e1bios. Enriquecido com vitamina E, antioxidante e hidratante, que melhora a elasticidade e a suavidade para o conforto imediato dos seus l\u00e1bios.<\/p>\n<blockquote><p><em><strong>COMO CANDIDATAR-SE<\/strong><\/em><br \/>\nAplicar diretamente nos l\u00e1bios, do centro para o exterior. Para um contorno ultra-preciso dos l\u00e1bios, preceder a aplica\u00e7\u00e3o de SEDUIRE com uma linha de l\u00e1pis para l\u00e1bios da mesma tonalidade.<\/p>\n<p>&nbsp;<\/p>\n<p><strong><em>I<\/em><em>NGREDIENTES<\/em><em> TAPETE ROSE SENSUEL <\/em><em>:<br \/>\n<\/em><\/strong>Miristato de octildodecilo, octildodecanol, cera de farelo de Oryza sativa, celulose, tetrabeenato de pentaeritrilo, cera de candelilha, s\u00edlica, cera de semente de Helianthus annuus, hidr\u00f3xido de alum\u00ednio, triglic\u00e9ridos C10-18, acetato de tocoferilo, tocoferol, \u00f3leo de semente de Helianthus annuus, palmitato de ascorbilo<br \/>\n+\/- : CI 77891, CI 15850<\/p>\n<p>&nbsp;<\/p>\n<p><strong><em>INGREDIENTES TAPETE NUDE <\/em><\/strong>:<br \/>\nMiristato de octildodecilo, octildodecanol, cera de farelo de Oryza sativa, celulose, tetrabeenato de pentaeritrilo, cera de candelilha, s\u00edlica, cera de sementes de Helianthus annuus, triglic\u00e9ridos C10-18, acetato de tocoferilo, tocoferol, \u00f3leo de sementes de Helianthus annuus, palmitato de ascorbilo<br \/>\n+\/- : CI 77891, CI 77491, CI 15850, CI 77499, CI 17200<\/p>\n<p>&nbsp;<\/p>\n<p><strong><em>INGREDIENTES TAPETE DE ROSAS : <\/em><\/strong><br \/>\nMiristato de octildodecilo, octildodecanol, cera de farelo de Oryza sativa, celulose, tetrabeenato de pentaeritrilo, cera de candelilha, s\u00edlica, cera de semente de Helianthus annuus, hidr\u00f3xido de alum\u00ednio, triglic\u00e9ridos C10-18, acetato de tocoferilo, tocoferol, \u00f3leo de semente de Helianthus annuus, palmitato de ascorbilo, maltodextrina<br \/>\n+\/- : CI 77891, CI 73360, CI 15850, CI 75470<\/p>\n<p>&nbsp;<\/p>\n<p><em><strong>INGREDIENTES ROUGE MAT :<\/strong><\/em><br \/>\nMiristato de octildodecilo, octildodecanol, cera de farelo de Oryza sativa, celulose, hidr\u00f3xido de alum\u00ednio, tetrabeenato de pentaeritrilo, cera de candelilha, s\u00edlica, cera de semente de Helianthus annuus, triglic\u00e9ridos C10-18, acetato de tocoferilo, tocoferol, \u00f3leo de semente de Helianthus annuus, palmitato de ascorbilo<br \/>\n+\/- : CI 73360, CI 45410, CI 15850<\/p><\/blockquote>","protected":false},"excerpt":{"rendered":"<p>Batom com f\u00f3rmula subtil com pigmentos puros para sublimar os seus l\u00e1bios com uma textura extremamente confort\u00e1vel, suavizante e de longa dura\u00e7\u00e3o. Cont\u00e9m mais de 50% de \u00f3leo vegetal que intensifica a cor dos pigmentos da f\u00f3rmula. Conhecido pelas suas propriedades nutritivas, suaviza e amacia os l\u00e1bios. Enriquecido com um trio de ceras vegetais naturais, o girassol para uma fixa\u00e7\u00e3o duradoura, a candelilla para hidrata\u00e7\u00e3o e a carna\u00faba que forma uma barreira protetora nos l\u00e1bios.<\/p>","protected":false},"featured_media":923,"comment_status":"open","ping_status":"closed","template":"","meta":{"_seopress_robots_primary_cat":"","_seopress_titles_title":"","_seopress_titles_desc":"","_seopress_robots_index":"","_kad_blocks_custom_css":"","_kad_blocks_head_custom_js":"","_kad_blocks_body_custom_js":"","_kad_blocks_footer_custom_js":"","_kad_post_transparent":"default","_kad_post_title":"","_kad_post_layout":"default","_kad_post_sidebar_id":"","_kad_post_content_style":"default","_kad_post_vertical_padding":"default","_kad_post_feature":"","_kad_post_feature_position":"","_kad_post_header":false,"_kad_post_footer":false,"_kad_post_classname":""},"product_brand":[],"product_cat":[38,36,39],"product_tag":[],"class_list":{"0":"post-943","1":"product","2":"type-product","3":"status-publish","4":"has-post-thumbnail","6":"product_cat-lips","7":"product_cat-moisturizer-lipstick","8":"product_cat-seduire","10":"first","11":"instock","12":"taxable","13":"shipping-taxable","14":"purchasable","15":"product-type-variable","16":"entry","17":"content-bg","18":"loop-entry"},"taxonomy_info":{"product_cat":[{"value":38,"label":"Lips"},{"value":36,"label":"Moisturizer Lipstick"},{"value":39,"label":"S\u00e9duire"}]},"featured_image_src_large":["https:\/\/charlottacarlson.com\/wp-content\/uploads\/2024\/11\/Lisptick-Charlotta-257-Shine-938x1024.webp",938,1024,true],"author_info":[],"comment_info":0,"_links":{"self":[{"href":"https:\/\/charlottacarlson.com\/pt\/wp-json\/wp\/v2\/product\/943","targetHints":{"allow":["GET"]}}],"collection":[{"href":"https:\/\/charlottacarlson.com\/pt\/wp-json\/wp\/v2\/product"}],"about":[{"href":"https:\/\/charlottacarlson.com\/pt\/wp-json\/wp\/v2\/types\/product"}],"replies":[{"embeddable":true,"href":"https:\/\/charlottacarlson.com\/pt\/wp-json\/wp\/v2\/comments?post=943"}],"wp:featuredmedia":[{"embeddable":true,"href":"https:\/\/charlottacarlson.com\/pt\/wp-json\/wp\/v2\/media\/923"}],"wp:attachment":[{"href":"https:\/\/charlottacarlson.com\/pt\/wp-json\/wp\/v2\/media?parent=943"}],"wp:term":[{"taxonomy":"product_brand","embeddable":true,"href":"https:\/\/charlottacarlson.com\/pt\/wp-json\/wp\/v2\/product_brand?post=943"},{"taxonomy":"product_cat","embeddable":true,"href":"https:\/\/charlottacarlson.com\/pt\/wp-json\/wp\/v2\/product_cat?post=943"},{"taxonomy":"product_tag","embeddable":true,"href":"https:\/\/charlottacarlson.com\/pt\/wp-json\/wp\/v2\/product_tag?post=943"}],"curies":[{"name":"wp","href":"https:\/\/api.w.org\/{rel}","templated":true}]}}