{"id":91,"date":"2024-09-15T17:06:25","date_gmt":"2024-09-15T17:06:25","guid":{"rendered":"https:\/\/blissful-fish-387ec5.instawp.xyz\/?post_type=product&#038;p=91"},"modified":"2025-12-18T23:57:52","modified_gmt":"2025-12-18T23:57:52","slug":"creme-anti-envelhecimento-em-ouro-de-24-quilates","status":"publish","type":"product","link":"https:\/\/charlottacarlson.com\/pt\/produto\/creme-anti-envelhecimento-em-ouro-de-24-quilates\/","title":{"rendered":"Creme anti-envelhecimento em ouro 24 k"},"content":{"rendered":"<h3 class=\"fusion-responsive-typography-calculated\" style=\"--fontsize: 25; line-height: 1.36;\" data-fontsize=\"25\" data-lineheight=\"34px\"><img loading=\"lazy\" decoding=\"async\" class=\"wp-image-1088 alignright\" src=\"https:\/\/charlottacarlson.com\/wp-content\/uploads\/2024\/09\/Golden-collagenin-and-peptide-9-Peau-d-Or-Charlotta-Carlson-300x220.webp\" alt=\"Colagenina Dourada e P\u00e9ptido 9 Peau D Or Charlotta Carlson\" width=\"463\" height=\"340\" srcset=\"https:\/\/charlottacarlson.com\/wp-content\/uploads\/2024\/09\/Golden-collagenin-and-peptide-9-Peau-d-Or-Charlotta-Carlson-300x220.webp 300w, https:\/\/charlottacarlson.com\/wp-content\/uploads\/2024\/09\/Golden-collagenin-and-peptide-9-Peau-d-Or-Charlotta-Carlson-1024x750.webp 1024w, https:\/\/charlottacarlson.com\/wp-content\/uploads\/2024\/09\/Golden-collagenin-and-peptide-9-Peau-d-Or-Charlotta-Carlson-768x563.webp 768w, https:\/\/charlottacarlson.com\/wp-content\/uploads\/2024\/09\/Golden-collagenin-and-peptide-9-Peau-d-Or-Charlotta-Carlson-16x12.webp 16w, https:\/\/charlottacarlson.com\/wp-content\/uploads\/2024\/09\/Golden-collagenin-and-peptide-9-Peau-d-Or-Charlotta-Carlson-600x440.webp 600w, https:\/\/charlottacarlson.com\/wp-content\/uploads\/2024\/09\/Golden-collagenin-and-peptide-9-Peau-d-Or-Charlotta-Carlson.webp 1384w\" sizes=\"auto, (max-width: 463px) 100vw, 463px\" \/>Descri\u00e7\u00e3o:<\/h3>\n<p>\"O Creme de ouro de 24 quilates com uma a\u00e7\u00e3o antirrugas e anti-envelhecimento, feito de part\u00edculas de ouro de origem natural, d\u00e1 \u00e0 sua pele suavidade e elasticidade oferecendo um momento de prazer sensorial.<\/p>\n<p>Cont\u00e9m vitamina E, conhecida pelas suas propriedades antioxidantes, bem como <strong>Colagenina dourada<\/strong> associado ao p\u00e9ptido acetil <strong>heptapept\u00eddeo-9<\/strong>conhecido pelo seu efeito de alisar as rugas\".<\/p>\n<h3 class=\"fusion-responsive-typography-calculated\" style=\"--fontsize: 25; line-height: 1.36;\" data-fontsize=\"25\" data-lineheight=\"34px\">Benef\u00edcio:<\/h3>\n<p>Testes: Autoavalia\u00e7\u00e3o efectuada em 37 pessoas durante 21 dias <span style=\"color: var(--awb-text-color); font-family: var(--awb-text-font-family); font-size: var(--awb-font-size); font-style: var(--awb-text-font-style); font-weight: var(--awb-text-font-weight); letter-spacing: var(--awb-letter-spacing); text-align: var(--awb-content-alignment); text-transform: var(--awb-text-transform); background-color: var(--awb-bg-color-hover);\">Testes efectuados sob controlo m\u00e9dico<\/span><\/p>\n<ul>\n<li>Pele mais suave: 100% pele macia<\/li>\n<li>Sensa\u00e7\u00e3o de conforto: 97,2%.<\/li>\n<li>Melhoria da firmeza da pele: 91,2%.<\/li>\n<li>Pele mais el\u00e1stica: 88.2%.<\/li>\n<li>Oval do rosto remodelado: 81,3%.<\/li>\n<li>A pele parece mais jovem: 71,9%.<\/li>\n<li>Carater\u00edsticas enrugadas: 87.5%.<\/li>\n<li>Rugas desbotadas: 75%.<\/li>\n<li>Pele profundamente nutrida: 91.2%.<\/li>\n<\/ul>\n<p>Boa sa\u00fade logo de manh\u00e3 ao acordar:<\/p>\n<p>91.2%. - <span style=\"color: var(--awb-text-color); font-family: var(--awb-text-font-family); font-size: var(--awb-font-size); font-style: var(--awb-text-font-style); font-weight: var(--awb-text-font-weight); letter-spacing: var(--awb-letter-spacing); text-align: var(--awb-content-alignment); text-transform: var(--awb-text-transform); background-color: var(--awb-bg-color-hover);\">Pele mais luminosa: 87.9%<\/span><\/p>\n<h3 class=\"fusion-responsive-typography-calculated\" data-fontsize=\"25\" data-lineheight=\"34px\">Ingredientes principais:<\/h3>\n<p><strong>Colagenina dourada<\/strong> e o p\u00e9ptido acetil <strong>heptapept\u00eddeo-9<\/strong><\/p>\n<h3 class=\"fusion-responsive-typography-calculated\" style=\"--fontsize: 25; line-height: 1.36;\" data-fontsize=\"25\" data-lineheight=\"34px\">Modo de utiliza\u00e7\u00e3o:<\/h3>\n<p>Aplicar de manh\u00e3 e \u00e0 noite na pele limpa e seca, evitando a zona dos olhos. Massajar a pele com movimentos circulares. Utiliza\u00e7\u00e3o di\u00e1ria<\/p>\n<h3 class=\"fusion-responsive-typography-calculated\" style=\"--fontsize: 25; line-height: 1.36;\" data-fontsize=\"25\" data-lineheight=\"34px\">Naturalidade: 92%<\/h3>\n<h3 class=\"fusion-responsive-typography-calculated\" style=\"--fontsize: 25; line-height: 1.36;\" data-fontsize=\"25\" data-lineheight=\"34px\">Lista de ingredientes:<\/h3>\n<p>Aqua, Coco-caprilato\/caprato, behenato de glicerilo, Palmitato de cetilo, <span style=\"color: var(--awb-text-color); font-family: var(--awb-text-font-family); font-size: var(--awb-font-size); font-style: var(--awb-text-font-style); font-weight: var(--awb-text-font-weight); letter-spacing: var(--awb-letter-spacing); text-align: var(--awb-content-alignment); text-transform: var(--awb-text-transform); background-color: var(--awb-bg-color-hover);\">Ciclohexasiloxano, citrato de estearato de glicerilo, glicerina, diglicerina, ciclopentasiloxano, <\/span><span style=\"color: var(--awb-text-color); font-family: var(--awb-text-font-family); font-size: var(--awb-font-size); font-style: var(--awb-text-font-style); font-weight: var(--awb-text-font-weight); letter-spacing: var(--awb-letter-spacing); text-align: var(--awb-content-alignment); text-transform: var(--awb-text-transform); background-color: var(--awb-bg-color-hover);\">Estearato de poligliceril-3, Parfum, Ouro coloidal, Acetil heptapept\u00eddeo-9, Pl\u00e2ncton <\/span><span style=\"color: var(--awb-text-color); font-family: var(--awb-text-font-family); font-size: var(--awb-font-size); font-style: var(--awb-text-font-style); font-weight: var(--awb-text-font-weight); letter-spacing: var(--awb-letter-spacing); text-align: var(--awb-content-alignment); text-transform: var(--awb-text-transform); background-color: var(--awb-bg-color-hover);\">extrato, tocoferol, amido de Zea mays (milho), lecitina hidrogenada, goma xantana, <\/span><span style=\"color: var(--awb-text-color); font-family: var(--awb-text-font-family); font-size: var(--awb-font-size); font-style: var(--awb-text-font-style); font-weight: var(--awb-text-font-weight); letter-spacing: var(--awb-letter-spacing); text-align: var(--awb-content-alignment); text-transform: var(--awb-text-transform); background-color: var(--awb-bg-color-hover);\">Dimeticonol, Maltodextrina, Poliacrilamida, Acetato de tocoferilo, Mica, C13-14 <\/span><span style=\"color: var(--awb-text-color); font-family: var(--awb-text-font-family); font-size: var(--awb-font-size); font-style: var(--awb-text-font-style); font-weight: var(--awb-text-font-weight); letter-spacing: var(--awb-letter-spacing); text-align: var(--awb-content-alignment); text-transform: var(--awb-text-transform); background-color: var(--awb-bg-color-hover);\">Isoparafina, Laureth-7, Hidr\u00f3xido de s\u00f3dio, \u00c1cido c\u00edtrico, \u00c1cido desidroac\u00e9tico, S\u00f3dio <\/span><span style=\"color: var(--awb-text-color); font-family: var(--awb-text-font-family); font-size: var(--awb-font-size); font-style: var(--awb-text-font-style); font-weight: var(--awb-text-font-weight); letter-spacing: var(--awb-letter-spacing); text-align: var(--awb-content-alignment); text-transform: var(--awb-text-transform); background-color: var(--awb-bg-color-hover);\">benzoato, sorbato de pot\u00e1ssio, \u00e1lcool benz\u00edlico, CI 77891, CI 77491\u2033<\/span><\/p>\n<h3 class=\"fusion-responsive-typography-calculated\" style=\"--fontsize: 25; line-height: 1.36;\" data-fontsize=\"25\" data-lineheight=\"34px\">Atributos ambientais:<\/h3>\n<p><img alt=\"\" loading=\"lazy\" decoding=\"async\" class=\"alignnone wp-image-2935 size-full\" src=\"https:\/\/charlottacarlson.com\/wp-content\/uploads\/2019\/11\/BM.jpg\" width=\"332\" height=\"96\" \/><\/p>","protected":false},"excerpt":{"rendered":"<h3 class=\"fusion-responsive-typography-calculated\" style=\"--fontsize: 25; line-height: 1.36;\" data-fontsize=\"25\" data-lineheight=\"34px\"><img loading=\"lazy\" decoding=\"async\" class=\"wp-image-1088 alignright\" src=\"https:\/\/charlottacarlson.com\/wp-content\/uploads\/2024\/09\/Golden-collagenin-and-peptide-9-Peau-d-Or-Charlotta-Carlson-300x220.webp\" alt=\"Colagenina Dourada e P\u00e9ptido 9 Peau D Or Charlotta Carlson\" width=\"494\" height=\"362\" srcset=\"https:\/\/charlottacarlson.com\/wp-content\/uploads\/2024\/09\/Golden-collagenin-and-peptide-9-Peau-d-Or-Charlotta-Carlson-300x220.webp 300w, https:\/\/charlottacarlson.com\/wp-content\/uploads\/2024\/09\/Golden-collagenin-and-peptide-9-Peau-d-Or-Charlotta-Carlson-1024x750.webp 1024w, https:\/\/charlottacarlson.com\/wp-content\/uploads\/2024\/09\/Golden-collagenin-and-peptide-9-Peau-d-Or-Charlotta-Carlson-768x563.webp 768w, https:\/\/charlottacarlson.com\/wp-content\/uploads\/2024\/09\/Golden-collagenin-and-peptide-9-Peau-d-Or-Charlotta-Carlson-16x12.webp 16w, https:\/\/charlottacarlson.com\/wp-content\/uploads\/2024\/09\/Golden-collagenin-and-peptide-9-Peau-d-Or-Charlotta-Carlson-600x440.webp 600w, https:\/\/charlottacarlson.com\/wp-content\/uploads\/2024\/09\/Golden-collagenin-and-peptide-9-Peau-d-Or-Charlotta-Carlson.webp 1384w\" sizes=\"auto, (max-width: 494px) 100vw, 494px\" \/>Descri\u00e7\u00e3o:<\/h3>\n<p>\"O Creme de ouro de 24 quilates com uma a\u00e7\u00e3o antirrugas e anti-envelhecimento, feito de part\u00edculas de ouro de origem natural, d\u00e1 \u00e0 sua pele suavidade e elasticidade oferecendo um momento de prazer sensorial.<\/p>\n<p>Cont\u00e9m Vitamina E, conhecida pelas suas propriedades antioxidantes, bem como Colagenina Dourada associada ao p\u00e9ptido acetil heptapept\u00eddeo-9, conhecido pelo seu efeito de alisar as rugas.\"<\/p>\n<h3 class=\"fusion-responsive-typography-calculated\" style=\"--fontsize: 25; line-height: 1.36;\" data-fontsize=\"25\" data-lineheight=\"34px\">Benef\u00edcio:<\/h3>\n<p>Testes: Autoavalia\u00e7\u00e3o efectuada em 37 pessoas durante 21 dias <span style=\"color: var(--awb-text-color); font-family: var(--awb-text-font-family); font-size: var(--awb-font-size); font-style: var(--awb-text-font-style); font-weight: var(--awb-text-font-weight); letter-spacing: var(--awb-letter-spacing); text-align: var(--awb-content-alignment); text-transform: var(--awb-text-transform); background-color: var(--awb-bg-color-hover);\">Testes efectuados sob controlo m\u00e9dico<\/span><\/p>\n<ul>\n<li>Pele mais suave: 100% pele macia<\/li>\n<li>Sensa\u00e7\u00e3o de conforto: 97,2%.<\/li>\n<li>Melhoria da firmeza da pele: 91,2%.<\/li>\n<li>Pele mais el\u00e1stica: 88.2%.<\/li>\n<li>Oval do rosto remodelado: 81,3%.<\/li>\n<li>A pele parece mais jovem: 71,9%.<\/li>\n<li>Carater\u00edsticas enrugadas: 87.5%.<\/li>\n<li>Rugas desbotadas: 75%.<\/li>\n<li>Pele profundamente nutrida: 91.2%.<\/li>\n<\/ul>\n<p>Boa sa\u00fade logo de manh\u00e3 ao acordar:<\/p>\n<p>91.2%. - <span style=\"color: var(--awb-text-color); font-family: var(--awb-text-font-family); font-size: var(--awb-font-size); font-style: var(--awb-text-font-style); font-weight: var(--awb-text-font-weight); letter-spacing: var(--awb-letter-spacing); text-align: var(--awb-content-alignment); text-transform: var(--awb-text-transform); background-color: var(--awb-bg-color-hover);\">Pele mais luminosa: 87.9%<\/span><\/p>\n<h3 class=\"fusion-responsive-typography-calculated\" data-fontsize=\"25\" data-lineheight=\"34px\">Ingredientes principais:<\/h3>\n<p><strong>Colagenina dourada<\/strong> e o p\u00e9ptido acetil <strong>heptapept\u00eddeo-9<\/strong><\/p>\n<h3 class=\"fusion-responsive-typography-calculated\" style=\"--fontsize: 25; line-height: 1.36;\" data-fontsize=\"25\" data-lineheight=\"34px\">Modo de utiliza\u00e7\u00e3o:<\/h3>\n<p>Aplicar de manh\u00e3 e \u00e0 noite na pele limpa e seca, evitando a zona dos olhos. Massajar a pele com movimentos circulares. Utiliza\u00e7\u00e3o di\u00e1ria<\/p>\n<h3 class=\"fusion-responsive-typography-calculated\" style=\"--fontsize: 25; line-height: 1.36;\" data-fontsize=\"25\" data-lineheight=\"34px\">Naturalidade: 92%<\/h3>\n<h3 class=\"fusion-responsive-typography-calculated\" style=\"--fontsize: 25; line-height: 1.36;\" data-fontsize=\"25\" data-lineheight=\"34px\">Lista de ingredientes:<\/h3>\n<p>Aqua, Coco-caprilato\/caprato, behenato de glicerilo, Palmitato de cetilo, <span style=\"color: var(--awb-text-color); font-family: var(--awb-text-font-family); font-size: var(--awb-font-size); font-style: var(--awb-text-font-style); font-weight: var(--awb-text-font-weight); letter-spacing: var(--awb-letter-spacing); text-align: var(--awb-content-alignment); text-transform: var(--awb-text-transform); background-color: var(--awb-bg-color-hover);\">Ciclohexasiloxano, citrato de estearato de glicerilo, glicerina, diglicerina, ciclopentasiloxano, <\/span><span style=\"color: var(--awb-text-color); font-family: var(--awb-text-font-family); font-size: var(--awb-font-size); font-style: var(--awb-text-font-style); font-weight: var(--awb-text-font-weight); letter-spacing: var(--awb-letter-spacing); text-align: var(--awb-content-alignment); text-transform: var(--awb-text-transform); background-color: var(--awb-bg-color-hover);\">Estearato de poligliceril-3, Parfum, Ouro coloidal, Acetil heptapept\u00eddeo-9, Pl\u00e2ncton <\/span><span style=\"color: var(--awb-text-color); font-family: var(--awb-text-font-family); font-size: var(--awb-font-size); font-style: var(--awb-text-font-style); font-weight: var(--awb-text-font-weight); letter-spacing: var(--awb-letter-spacing); text-align: var(--awb-content-alignment); text-transform: var(--awb-text-transform); background-color: var(--awb-bg-color-hover);\">extrato, tocoferol, amido de Zea mays (milho), lecitina hidrogenada, goma xantana, <\/span><span style=\"color: var(--awb-text-color); font-family: var(--awb-text-font-family); font-size: var(--awb-font-size); font-style: var(--awb-text-font-style); font-weight: var(--awb-text-font-weight); letter-spacing: var(--awb-letter-spacing); text-align: var(--awb-content-alignment); text-transform: var(--awb-text-transform); background-color: var(--awb-bg-color-hover);\">Dimeticonol, Maltodextrina, Poliacrilamida, Acetato de tocoferilo, Mica, C13-14 <\/span><span style=\"color: var(--awb-text-color); font-family: var(--awb-text-font-family); font-size: var(--awb-font-size); font-style: var(--awb-text-font-style); font-weight: var(--awb-text-font-weight); letter-spacing: var(--awb-letter-spacing); text-align: var(--awb-content-alignment); text-transform: var(--awb-text-transform); background-color: var(--awb-bg-color-hover);\">Isoparafina, Laureth-7, Hidr\u00f3xido de s\u00f3dio, \u00c1cido c\u00edtrico, \u00c1cido desidroac\u00e9tico, S\u00f3dio <\/span><span style=\"color: var(--awb-text-color); font-family: var(--awb-text-font-family); font-size: var(--awb-font-size); font-style: var(--awb-text-font-style); font-weight: var(--awb-text-font-weight); letter-spacing: var(--awb-letter-spacing); text-align: var(--awb-content-alignment); text-transform: var(--awb-text-transform); background-color: var(--awb-bg-color-hover);\">benzoato, sorbato de pot\u00e1ssio, \u00e1lcool benz\u00edlico, CI 77891, CI 77491\u2033<\/span><\/p>\n<h3 class=\"fusion-responsive-typography-calculated\" style=\"--fontsize: 25; line-height: 1.36;\" data-fontsize=\"25\" data-lineheight=\"34px\">Atributos ambientais:<\/h3>\n<p><img alt=\"\" loading=\"lazy\" decoding=\"async\" class=\"alignnone wp-image-2935 size-full\" src=\"https:\/\/charlottacarlson.com\/wp-content\/uploads\/2019\/11\/BM.jpg\" width=\"332\" height=\"96\" \/><\/p>","protected":false},"featured_media":92,"comment_status":"open","ping_status":"closed","template":"","meta":{"_seopress_robots_primary_cat":"","_seopress_titles_title":"","_seopress_titles_desc":"","_seopress_robots_index":"","_kad_blocks_custom_css":"","_kad_blocks_head_custom_js":"","_kad_blocks_body_custom_js":"","_kad_blocks_footer_custom_js":"","_kad_post_transparent":"default","_kad_post_title":"","_kad_post_layout":"default","_kad_post_sidebar_id":"","_kad_post_content_style":"default","_kad_post_vertical_padding":"default","_kad_post_feature":"","_kad_post_feature_position":"","_kad_post_header":false,"_kad_post_footer":false,"_kad_post_classname":""},"product_brand":[],"product_cat":[16,18],"product_tag":[24],"class_list":{"0":"post-91","1":"product","2":"type-product","3":"status-publish","4":"has-post-thumbnail","6":"product_cat-anti-age-anti-wrinkle","7":"product_cat-creams","8":"product_tag-peau-dor","10":"first","11":"instock","12":"featured","13":"taxable","14":"shipping-taxable","15":"purchasable","16":"product-type-simple","17":"entry","18":"content-bg","19":"loop-entry"},"taxonomy_info":{"product_cat":[{"value":16,"label":"Anti-Age &amp; Anti-wrinkle"},{"value":18,"label":"Creams"}],"product_tag":[{"value":24,"label":"Peau D\u2019Or"}]},"featured_image_src_large":["https:\/\/charlottacarlson.com\/wp-content\/uploads\/2024\/09\/Anti-aging-24k-gold-Cream-1-1024x1024.jpg",1024,1024,true],"author_info":[],"comment_info":1,"_links":{"self":[{"href":"https:\/\/charlottacarlson.com\/pt\/wp-json\/wp\/v2\/product\/91","targetHints":{"allow":["GET"]}}],"collection":[{"href":"https:\/\/charlottacarlson.com\/pt\/wp-json\/wp\/v2\/product"}],"about":[{"href":"https:\/\/charlottacarlson.com\/pt\/wp-json\/wp\/v2\/types\/product"}],"replies":[{"embeddable":true,"href":"https:\/\/charlottacarlson.com\/pt\/wp-json\/wp\/v2\/comments?post=91"}],"wp:featuredmedia":[{"embeddable":true,"href":"https:\/\/charlottacarlson.com\/pt\/wp-json\/wp\/v2\/media\/92"}],"wp:attachment":[{"href":"https:\/\/charlottacarlson.com\/pt\/wp-json\/wp\/v2\/media?parent=91"}],"wp:term":[{"taxonomy":"product_brand","embeddable":true,"href":"https:\/\/charlottacarlson.com\/pt\/wp-json\/wp\/v2\/product_brand?post=91"},{"taxonomy":"product_cat","embeddable":true,"href":"https:\/\/charlottacarlson.com\/pt\/wp-json\/wp\/v2\/product_cat?post=91"},{"taxonomy":"product_tag","embeddable":true,"href":"https:\/\/charlottacarlson.com\/pt\/wp-json\/wp\/v2\/product_tag?post=91"}],"curies":[{"name":"wp","href":"https:\/\/api.w.org\/{rel}","templated":true}]}}