{"id":88,"date":"2024-09-15T17:06:18","date_gmt":"2024-09-15T17:06:18","guid":{"rendered":"https:\/\/blissful-fish-387ec5.instawp.xyz\/?post_type=product&#038;p=88"},"modified":"2024-11-23T19:49:13","modified_gmt":"2024-11-23T19:49:13","slug":"soro-anti-envelhecimento-de-ouro-de-24-quilates","status":"publish","type":"product","link":"https:\/\/charlottacarlson.com\/pt\/produto\/soro-anti-envelhecimento-de-ouro-de-24-quilates\/","title":{"rendered":"S\u00e9rum anti-envelhecimento em ouro 24 k"},"content":{"rendered":"<h3 class=\"fusion-responsive-typography-calculated\" style=\"--fontsize: 25; line-height: 1.36;\" data-fontsize=\"25\" data-lineheight=\"34px\"><img loading=\"lazy\" decoding=\"async\" class=\"wp-image-1088 alignright\" src=\"https:\/\/charlottacarlson.com\/wp-content\/uploads\/2024\/09\/Golden-collagenin-and-peptide-9-Peau-d-Or-Charlotta-Carlson-300x220.webp\" alt=\"Colagenina Dourada e P\u00e9ptido 9 Peau D Or Charlotta Carlson\" width=\"535\" height=\"392\" srcset=\"https:\/\/charlottacarlson.com\/wp-content\/uploads\/2024\/09\/Golden-collagenin-and-peptide-9-Peau-d-Or-Charlotta-Carlson-300x220.webp 300w, https:\/\/charlottacarlson.com\/wp-content\/uploads\/2024\/09\/Golden-collagenin-and-peptide-9-Peau-d-Or-Charlotta-Carlson-1024x750.webp 1024w, https:\/\/charlottacarlson.com\/wp-content\/uploads\/2024\/09\/Golden-collagenin-and-peptide-9-Peau-d-Or-Charlotta-Carlson-768x563.webp 768w, https:\/\/charlottacarlson.com\/wp-content\/uploads\/2024\/09\/Golden-collagenin-and-peptide-9-Peau-d-Or-Charlotta-Carlson-16x12.webp 16w, https:\/\/charlottacarlson.com\/wp-content\/uploads\/2024\/09\/Golden-collagenin-and-peptide-9-Peau-d-Or-Charlotta-Carlson-600x440.webp 600w, https:\/\/charlottacarlson.com\/wp-content\/uploads\/2024\/09\/Golden-collagenin-and-peptide-9-Peau-d-Or-Charlotta-Carlson.webp 1384w\" sizes=\"auto, (max-width: 535px) 100vw, 535px\" \/>Descri\u00e7\u00e3o:<\/h3>\n<p>O S\u00e9rum Ouro 24 quilates com a\u00e7\u00e3o antirrugas e anti-envelhecimento, composto por part\u00edculas de ouro de origem natural, confere \u00e0 sua pele suavidade e elasticidade oferecendo um momento de prazer sensorial.<\/p>\n<p>Cont\u00e9m Vitamina E, conhecida pelas suas propriedades antioxidantes, bem como Colagenina Dourada associada ao p\u00e9ptido acetil heptapept\u00eddeo-9, conhecido pelo seu efeito de alisamento das rugas.<\/p>\n<h3 class=\"fusion-responsive-typography-calculated\" style=\"--fontsize: 25; line-height: 1.36;\" data-fontsize=\"25\" data-lineheight=\"34px\">Benef\u00edcio:<\/h3>\n<p>Testes: Autoavalia\u00e7\u00e3o efectuada em 37 pessoas durante 21 dias <span style=\"color: var(--awb-text-color); font-family: var(--awb-text-font-family); font-size: var(--awb-font-size); font-style: var(--awb-text-font-style); font-weight: var(--awb-text-font-weight); letter-spacing: var(--awb-letter-spacing); text-align: var(--awb-content-alignment); text-transform: var(--awb-text-transform); background-color: var(--awb-bg-color-hover);\">Testes efectuados sob controlo m\u00e9dico<\/span><\/p>\n<ul>\n<li>Melhoria da firmeza da pele: 91,2%.<\/li>\n<li>Pele mais el\u00e1stica: 88.2%.<\/li>\n<li>Oval do rosto remodelado: 81,3%.<\/li>\n<li>A pele parece mais jovem: 71,9%.<\/li>\n<li>Carater\u00edsticas enrugadas: 87.5%.<\/li>\n<li>Rugas desbotadas: 75%.<\/li>\n<li>Pele profundamente nutrida: 91.2%.<\/li>\n<li>Boa sa\u00fade logo de manh\u00e3 ao acordar:<\/li>\n<li>91.2%.<\/li>\n<li>Pele mais luminosa: 87.9%<\/li>\n<\/ul>\n<h3 class=\"fusion-responsive-typography-calculated\" data-fontsize=\"25\" data-lineheight=\"34px\">Ingredientes principais:<\/h3>\n<p><strong>Colagenina dourada<\/strong> e o p\u00e9ptido acetil <strong>heptapept\u00eddeo-9<\/strong><\/p>\n<h3 class=\"fusion-responsive-typography-calculated\" style=\"--fontsize: 25; line-height: 1.36;\" data-fontsize=\"25\" data-lineheight=\"34px\">Modo de utiliza\u00e7\u00e3o:<\/h3>\n<p><span data-sheets-value=\"{'1':2,'2':'Apply morning and evening to dry clean skin, avoiding eye area. Massage into skin with a circular movement - Daily usen'}\" data-sheets-userformat=\"{'2':14783,'3':{'1':0,'3':1},'4':{'1':2,'2':9621584},'5':{'1':[{'1':2,'2':0,'5':{'1':0}},{'1':0,'2':0,'3':3},{'1':1,'2':0,'4':1}]},'6':{'1':[{'1':2,'2':0,'5':{'1':0}},{'1':0,'2':0,'3':3},{'1':1,'2':0,'4':1}]},'7':{'1':[{'1':2,'2':0,'5':{'1':0}},{'1':0,'2':0,'3':3},{'1':1,'2':0,'4':1}]},'8':{'1':[{'1':2,'2':0,'5':{'1':0}},{'1':0,'2':0,'3':3},{'1':1,'2':0,'4':1}]},'10':1,'11':4,'14':{'1':3,'3':1},'15':'Calibri','16':11}\">Aplicar o s\u00e9rum de manh\u00e3 e \u00e0 noite em todo o rosto limpo e seco, evitando a zona dos olhos, com ligeiras massagens, antes do creme de dia ou de noite. Utiliza\u00e7\u00e3o di\u00e1ria.<br \/>\n<\/span><\/p>\n<h3 class=\"fusion-responsive-typography-calculated\" style=\"--fontsize: 25; line-height: 1.36;\" data-fontsize=\"25\" data-lineheight=\"34px\">Naturalidade: 97,8%<\/h3>\n<h3 class=\"fusion-responsive-typography-calculated\" style=\"--fontsize: 25; line-height: 1.36;\" data-fontsize=\"25\" data-lineheight=\"34px\">Lista de ingredientes:<\/h3>\n<p>Aqua, Propanediol, Metil glucose sesquistearato, Coco-caprilato\/caprato, <span style=\"color: var(--awb-text-color); font-family: var(--awb-text-font-family); font-size: var(--awb-font-size); font-style: var(--awb-text-font-style); font-weight: var(--awb-text-font-weight); letter-spacing: var(--awb-letter-spacing); text-align: var(--awb-content-alignment); text-transform: var(--awb-text-transform); background-color: var(--awb-bg-color-hover);\">Bentonite, Esqualano, Perfume, Poliglic\u00e9ridos oleico\/linoleico\/linol\u00e9nico, Diglicerina, <\/span><span style=\"color: var(--awb-text-color); font-family: var(--awb-text-font-family); font-size: var(--awb-font-size); font-style: var(--awb-text-font-style); font-weight: var(--awb-text-font-weight); letter-spacing: var(--awb-letter-spacing); text-align: var(--awb-content-alignment); text-transform: var(--awb-text-transform); background-color: var(--awb-bg-color-hover);\">Ouro coloidal, Acetil heptapept\u00eddeo-9, Hialuronato de s\u00f3dio, Extrato de pl\u00e2ncton, <\/span><span style=\"color: var(--awb-text-color); font-family: var(--awb-text-font-family); font-size: var(--awb-font-size); font-style: var(--awb-text-font-style); font-weight: var(--awb-text-font-weight); letter-spacing: var(--awb-letter-spacing); text-align: var(--awb-content-alignment); text-transform: var(--awb-text-transform); background-color: var(--awb-bg-color-hover);\">Maltodextrina, goma de Ac\u00e1cia senegal, goma xantana, Mica, CI 77891, Tocoferil <\/span><span style=\"color: var(--awb-text-color); font-family: var(--awb-text-font-family); font-size: var(--awb-font-size); font-style: var(--awb-text-font-style); font-weight: var(--awb-text-font-weight); letter-spacing: var(--awb-letter-spacing); text-align: var(--awb-content-alignment); text-transform: var(--awb-text-transform); background-color: var(--awb-bg-color-hover);\">acetato de s\u00f3dio, \u00e1cido c\u00edtrico, \u00e1cido desidroac\u00e9tico, benzoato de s\u00f3dio, sorbato de pot\u00e1ssio, <\/span><span style=\"color: var(--awb-text-color); font-family: var(--awb-text-font-family); font-size: var(--awb-font-size); font-style: var(--awb-text-font-style); font-weight: var(--awb-text-font-weight); letter-spacing: var(--awb-letter-spacing); text-align: var(--awb-content-alignment); text-transform: var(--awb-text-transform); background-color: var(--awb-bg-color-hover);\">\u00c1lcool benz\u00edlico, CI 77491\u2033<\/span><\/p>\n<h3 class=\"fusion-responsive-typography-calculated\" style=\"--fontsize: 25; line-height: 1.36;\" data-fontsize=\"25\" data-lineheight=\"34px\">Atributos ambientais:<\/h3>\n<p><img alt=\"\" loading=\"lazy\" decoding=\"async\" class=\"alignnone wp-image-2935 size-full\" src=\"https:\/\/charlottacarlson.com\/wp-content\/uploads\/2019\/11\/BM.jpg\" width=\"332\" height=\"96\" \/><\/p>","protected":false},"excerpt":{"rendered":"<h3 class=\"fusion-responsive-typography-calculated\" style=\"--fontsize: 25; line-height: 1.36;\" data-fontsize=\"25\" data-lineheight=\"34px\"><img loading=\"lazy\" decoding=\"async\" class=\"wp-image-1088 alignright\" src=\"https:\/\/charlottacarlson.com\/wp-content\/uploads\/2024\/09\/Golden-collagenin-and-peptide-9-Peau-d-Or-Charlotta-Carlson-300x220.webp\" alt=\"Colagenina Dourada e P\u00e9ptido 9 Peau D Or Charlotta Carlson\" width=\"535\" height=\"392\" srcset=\"https:\/\/charlottacarlson.com\/wp-content\/uploads\/2024\/09\/Golden-collagenin-and-peptide-9-Peau-d-Or-Charlotta-Carlson-300x220.webp 300w, https:\/\/charlottacarlson.com\/wp-content\/uploads\/2024\/09\/Golden-collagenin-and-peptide-9-Peau-d-Or-Charlotta-Carlson-1024x750.webp 1024w, https:\/\/charlottacarlson.com\/wp-content\/uploads\/2024\/09\/Golden-collagenin-and-peptide-9-Peau-d-Or-Charlotta-Carlson-768x563.webp 768w, https:\/\/charlottacarlson.com\/wp-content\/uploads\/2024\/09\/Golden-collagenin-and-peptide-9-Peau-d-Or-Charlotta-Carlson-16x12.webp 16w, https:\/\/charlottacarlson.com\/wp-content\/uploads\/2024\/09\/Golden-collagenin-and-peptide-9-Peau-d-Or-Charlotta-Carlson-600x440.webp 600w, https:\/\/charlottacarlson.com\/wp-content\/uploads\/2024\/09\/Golden-collagenin-and-peptide-9-Peau-d-Or-Charlotta-Carlson.webp 1384w\" sizes=\"auto, (max-width: 535px) 100vw, 535px\" \/>Descri\u00e7\u00e3o:<\/h3>\n<p>O S\u00e9rum Ouro 24 quilates com a\u00e7\u00e3o antirrugas e anti-envelhecimento, composto por part\u00edculas de ouro de origem natural, confere \u00e0 sua pele suavidade e elasticidade oferecendo um momento de prazer sensorial.<\/p>\n<p>Cont\u00e9m Vitamina E, conhecida pelas suas propriedades antioxidantes, bem como Colagenina Dourada associada ao p\u00e9ptido acetil heptapept\u00eddeo-9, conhecido pelo seu efeito de alisamento das rugas.<\/p>\n<h3 class=\"fusion-responsive-typography-calculated\" style=\"--fontsize: 25; line-height: 1.36;\" data-fontsize=\"25\" data-lineheight=\"34px\">Benef\u00edcio:<\/h3>\n<p>Testes: Autoavalia\u00e7\u00e3o efectuada em 37 pessoas durante 21 dias <span style=\"color: var(--awb-text-color); font-family: var(--awb-text-font-family); font-size: var(--awb-font-size); font-style: var(--awb-text-font-style); font-weight: var(--awb-text-font-weight); letter-spacing: var(--awb-letter-spacing); text-align: var(--awb-content-alignment); text-transform: var(--awb-text-transform); background-color: var(--awb-bg-color-hover);\">Testes efectuados sob controlo m\u00e9dico<\/span><\/p>\n<ul>\n<li>Melhoria da firmeza da pele: 91,2%.<\/li>\n<li>Pele mais el\u00e1stica: 88.2%.<\/li>\n<li>Oval do rosto remodelado: 81,3%.<\/li>\n<li>A pele parece mais jovem: 71,9%.<\/li>\n<li>Carater\u00edsticas enrugadas: 87.5%.<\/li>\n<li>Rugas desbotadas: 75%.<\/li>\n<li>Pele profundamente nutrida: 91.2%.<\/li>\n<li>Boa sa\u00fade logo de manh\u00e3 ao acordar:<\/li>\n<li>91.2%.<\/li>\n<li>Pele mais luminosa: 87.9%<\/li>\n<\/ul>\n<h3 class=\"fusion-responsive-typography-calculated\" data-fontsize=\"25\" data-lineheight=\"34px\">Ingredientes principais:<\/h3>\n<p><strong>Colagenina dourada<\/strong> e o p\u00e9ptido acetil <strong>heptapept\u00eddeo-9<\/strong><\/p>\n<h3 class=\"fusion-responsive-typography-calculated\" style=\"--fontsize: 25; line-height: 1.36;\" data-fontsize=\"25\" data-lineheight=\"34px\">Modo de utiliza\u00e7\u00e3o:<\/h3>\n<p><span data-sheets-value=\"{'1':2,'2':'Apply morning and evening to dry clean skin, avoiding eye area. Massage into skin with a circular movement - Daily usen'}\" data-sheets-userformat=\"{'2':14783,'3':{'1':0,'3':1},'4':{'1':2,'2':9621584},'5':{'1':[{'1':2,'2':0,'5':{'1':0}},{'1':0,'2':0,'3':3},{'1':1,'2':0,'4':1}]},'6':{'1':[{'1':2,'2':0,'5':{'1':0}},{'1':0,'2':0,'3':3},{'1':1,'2':0,'4':1}]},'7':{'1':[{'1':2,'2':0,'5':{'1':0}},{'1':0,'2':0,'3':3},{'1':1,'2':0,'4':1}]},'8':{'1':[{'1':2,'2':0,'5':{'1':0}},{'1':0,'2':0,'3':3},{'1':1,'2':0,'4':1}]},'10':1,'11':4,'14':{'1':3,'3':1},'15':'Calibri','16':11}\">Aplicar o s\u00e9rum de manh\u00e3 e \u00e0 noite em todo o rosto limpo e seco, evitando a zona dos olhos, com ligeiras massagens, antes do creme de dia ou de noite. Utiliza\u00e7\u00e3o di\u00e1ria.<br \/>\n<\/span><\/p>\n<h3 class=\"fusion-responsive-typography-calculated\" style=\"--fontsize: 25; line-height: 1.36;\" data-fontsize=\"25\" data-lineheight=\"34px\">Naturalidade: 97,8%<\/h3>\n<h3 class=\"fusion-responsive-typography-calculated\" style=\"--fontsize: 25; line-height: 1.36;\" data-fontsize=\"25\" data-lineheight=\"34px\">Lista de ingredientes:<\/h3>\n<p>Aqua, Propanediol, Metil glucose sesquistearato, Coco-caprilato\/caprato, <span style=\"color: var(--awb-text-color); font-family: var(--awb-text-font-family); font-size: var(--awb-font-size); font-style: var(--awb-text-font-style); font-weight: var(--awb-text-font-weight); letter-spacing: var(--awb-letter-spacing); text-align: var(--awb-content-alignment); text-transform: var(--awb-text-transform); background-color: var(--awb-bg-color-hover);\">Bentonite, Esqualano, Perfume, Poliglic\u00e9ridos oleico\/linoleico\/linol\u00e9nico, Diglicerina, <\/span><span style=\"color: var(--awb-text-color); font-family: var(--awb-text-font-family); font-size: var(--awb-font-size); font-style: var(--awb-text-font-style); font-weight: var(--awb-text-font-weight); letter-spacing: var(--awb-letter-spacing); text-align: var(--awb-content-alignment); text-transform: var(--awb-text-transform); background-color: var(--awb-bg-color-hover);\">Ouro coloidal, Acetil heptapept\u00eddeo-9, Hialuronato de s\u00f3dio, Extrato de pl\u00e2ncton, <\/span><span style=\"color: var(--awb-text-color); font-family: var(--awb-text-font-family); font-size: var(--awb-font-size); font-style: var(--awb-text-font-style); font-weight: var(--awb-text-font-weight); letter-spacing: var(--awb-letter-spacing); text-align: var(--awb-content-alignment); text-transform: var(--awb-text-transform); background-color: var(--awb-bg-color-hover);\">Maltodextrina, goma de Ac\u00e1cia senegal, goma xantana, Mica, CI 77891, Tocoferil <\/span><span style=\"color: var(--awb-text-color); font-family: var(--awb-text-font-family); font-size: var(--awb-font-size); font-style: var(--awb-text-font-style); font-weight: var(--awb-text-font-weight); letter-spacing: var(--awb-letter-spacing); text-align: var(--awb-content-alignment); text-transform: var(--awb-text-transform); background-color: var(--awb-bg-color-hover);\">acetato de s\u00f3dio, \u00e1cido c\u00edtrico, \u00e1cido desidroac\u00e9tico, benzoato de s\u00f3dio, sorbato de pot\u00e1ssio, <\/span><span style=\"color: var(--awb-text-color); font-family: var(--awb-text-font-family); font-size: var(--awb-font-size); font-style: var(--awb-text-font-style); font-weight: var(--awb-text-font-weight); letter-spacing: var(--awb-letter-spacing); text-align: var(--awb-content-alignment); text-transform: var(--awb-text-transform); background-color: var(--awb-bg-color-hover);\">\u00c1lcool benz\u00edlico, CI 77491\u2033<\/span><\/p>\n<h3 class=\"fusion-responsive-typography-calculated\" style=\"--fontsize: 25; line-height: 1.36;\" data-fontsize=\"25\" data-lineheight=\"34px\">Atributos ambientais:<\/h3>\n<p><img alt=\"\" loading=\"lazy\" decoding=\"async\" class=\"alignnone wp-image-2935 size-full\" src=\"https:\/\/charlottacarlson.com\/wp-content\/uploads\/2019\/11\/BM.jpg\" width=\"332\" height=\"96\" \/><\/p>","protected":false},"featured_media":89,"comment_status":"open","ping_status":"closed","template":"","meta":{"_seopress_robots_primary_cat":"","_seopress_titles_title":"","_seopress_titles_desc":"","_seopress_robots_index":"","_kad_blocks_custom_css":"","_kad_blocks_head_custom_js":"","_kad_blocks_body_custom_js":"","_kad_blocks_footer_custom_js":"","_kad_post_transparent":"default","_kad_post_title":"","_kad_post_layout":"default","_kad_post_sidebar_id":"","_kad_post_content_style":"default","_kad_post_vertical_padding":"default","_kad_post_feature":"","_kad_post_feature_position":"","_kad_post_header":false,"_kad_post_footer":false,"_kad_post_classname":""},"product_brand":[],"product_cat":[16,22],"product_tag":[24],"class_list":{"0":"post-88","1":"product","2":"type-product","3":"status-publish","4":"has-post-thumbnail","6":"product_cat-anti-age-anti-wrinkle","7":"product_cat-serums","8":"product_tag-peau-dor","10":"first","11":"instock","12":"featured","13":"taxable","14":"shipping-taxable","15":"purchasable","16":"product-type-simple","17":"entry","18":"content-bg","19":"loop-entry"},"taxonomy_info":{"product_cat":[{"value":16,"label":"Anti-Age &amp; Anti-wrinkle"},{"value":22,"label":"Serums"}],"product_tag":[{"value":24,"label":"Peau D\u2019Or"}]},"featured_image_src_large":["https:\/\/charlottacarlson.com\/wp-content\/uploads\/2024\/09\/Peau-dor-Anti-aging-24K-gold-1-1024x1024.jpg",1024,1024,true],"author_info":[],"comment_info":0,"_links":{"self":[{"href":"https:\/\/charlottacarlson.com\/pt\/wp-json\/wp\/v2\/product\/88","targetHints":{"allow":["GET"]}}],"collection":[{"href":"https:\/\/charlottacarlson.com\/pt\/wp-json\/wp\/v2\/product"}],"about":[{"href":"https:\/\/charlottacarlson.com\/pt\/wp-json\/wp\/v2\/types\/product"}],"replies":[{"embeddable":true,"href":"https:\/\/charlottacarlson.com\/pt\/wp-json\/wp\/v2\/comments?post=88"}],"wp:featuredmedia":[{"embeddable":true,"href":"https:\/\/charlottacarlson.com\/pt\/wp-json\/wp\/v2\/media\/89"}],"wp:attachment":[{"href":"https:\/\/charlottacarlson.com\/pt\/wp-json\/wp\/v2\/media?parent=88"}],"wp:term":[{"taxonomy":"product_brand","embeddable":true,"href":"https:\/\/charlottacarlson.com\/pt\/wp-json\/wp\/v2\/product_brand?post=88"},{"taxonomy":"product_cat","embeddable":true,"href":"https:\/\/charlottacarlson.com\/pt\/wp-json\/wp\/v2\/product_cat?post=88"},{"taxonomy":"product_tag","embeddable":true,"href":"https:\/\/charlottacarlson.com\/pt\/wp-json\/wp\/v2\/product_tag?post=88"}],"curies":[{"name":"wp","href":"https:\/\/api.w.org\/{rel}","templated":true}]}}