{"id":83,"date":"2024-09-15T17:06:11","date_gmt":"2024-09-15T17:06:11","guid":{"rendered":"https:\/\/blissful-fish-387ec5.instawp.xyz\/?post_type=product&#038;p=83"},"modified":"2024-11-20T09:55:54","modified_gmt":"2024-11-20T09:55:54","slug":"mascara-anti-envelhecimento-em-ouro-de-24-quilates","status":"publish","type":"product","link":"https:\/\/charlottacarlson.com\/pt\/produto\/mascara-anti-envelhecimento-em-ouro-de-24-quilates\/","title":{"rendered":"M\u00e1scara anti-envelhecimento em ouro 24 k"},"content":{"rendered":"<p><span data-sheets-value=\"{&quot;1&quot;:2,&quot;2&quot;:&quot;Peau D'Or&quot;}\" data-sheets-userformat=\"{&quot;2&quot;:14465,&quot;3&quot;:{&quot;1&quot;:0,&quot;3&quot;:1},&quot;10&quot;:1,&quot;14&quot;:{&quot;1&quot;:3,&quot;3&quot;:1},&quot;15&quot;:&quot;Calibri&quot;,&quot;16&quot;:11}\"><img loading=\"lazy\" decoding=\"async\" class=\"wp-image-1088 alignright\" src=\"https:\/\/charlottacarlson.com\/wp-content\/uploads\/2024\/09\/Golden-collagenin-and-peptide-9-Peau-d-Or-Charlotta-Carlson-300x220.webp\" alt=\"Colagenina Dourada e P\u00e9ptido 9 Peau D Or Charlotta Carlson\" width=\"428\" height=\"314\" srcset=\"https:\/\/charlottacarlson.com\/wp-content\/uploads\/2024\/09\/Golden-collagenin-and-peptide-9-Peau-d-Or-Charlotta-Carlson-300x220.webp 300w, https:\/\/charlottacarlson.com\/wp-content\/uploads\/2024\/09\/Golden-collagenin-and-peptide-9-Peau-d-Or-Charlotta-Carlson-1024x750.webp 1024w, https:\/\/charlottacarlson.com\/wp-content\/uploads\/2024\/09\/Golden-collagenin-and-peptide-9-Peau-d-Or-Charlotta-Carlson-768x563.webp 768w, https:\/\/charlottacarlson.com\/wp-content\/uploads\/2024\/09\/Golden-collagenin-and-peptide-9-Peau-d-Or-Charlotta-Carlson-16x12.webp 16w, https:\/\/charlottacarlson.com\/wp-content\/uploads\/2024\/09\/Golden-collagenin-and-peptide-9-Peau-d-Or-Charlotta-Carlson-600x440.webp 600w, https:\/\/charlottacarlson.com\/wp-content\/uploads\/2024\/09\/Golden-collagenin-and-peptide-9-Peau-d-Or-Charlotta-Carlson.webp 1384w\" sizes=\"auto, (max-width: 428px) 100vw, 428px\" \/>Peau D'Or<\/span><\/p>\n<p><span data-sheets-value=\"{\" data-sheets-userformat=\"{\">A m\u00e1scara de ouro de 24 quilates com uma a\u00e7\u00e3o antirrugas e anti-envelhecimento, feita de part\u00edculas de ouro de origem natural, d\u00e1 \u00e0 sua pele suavidade e elasticidade oferecendo um momento de prazer sensorial.<br \/>\nCont\u00e9m Vitamina E, conhecida pelas suas propriedades antioxidantes, bem como Colagenina Dourada associada ao p\u00e9ptido acetil heptapept\u00eddeo-9, conhecido pelo seu efeito de alisamento das rugas.<\/span><\/p>\n<h3>Benef\u00edcio:<\/h3>\n<p><span data-sheets-value=\"{\" data-sheets-userformat=\"{\">Testes: Autoavalia\u00e7\u00e3o efectuada em 37 pessoas durante 21 dias<br \/>\nTestes efectuados sob controlo m\u00e9dico<br \/>\n<\/span><\/p>\n<ul>\n<li><span data-sheets-value=\"{\" data-sheets-userformat=\"{\">Pele nutrida: 91.9%<br \/>\n<\/span><\/li>\n<li><span data-sheets-value=\"{\" data-sheets-userformat=\"{\">Pele macia ap\u00f3s a utiliza\u00e7\u00e3o: 97.3%<br \/>\n<\/span><\/li>\n<li><span data-sheets-value=\"{\" data-sheets-userformat=\"{\">Sensa\u00e7\u00e3o de conforto: 100%<br \/>\n<\/span><\/li>\n<li><span data-sheets-value=\"{\" data-sheets-userformat=\"{\">Textura agrad\u00e1vel: 100%<br \/>\n<\/span><\/li>\n<li><span data-sheets-value=\"{\" data-sheets-userformat=\"{\">Cheiro agrad\u00e1vel: 97.3%<br \/>\n<\/span><\/li>\n<li><span data-sheets-value=\"{\" data-sheets-userformat=\"{\">Produto para barrar: 100%<br \/>\n<\/span><\/li>\n<li><span data-sheets-value=\"{\" data-sheets-userformat=\"{\">Produto de f\u00e1cil utiliza\u00e7\u00e3o: 100%<\/span><\/li>\n<\/ul>\n<h3>Ingredientes activos :<\/h3>\n<p><span data-sheets-value=\"{\" data-sheets-userformat=\"{\">Colag\u00e9nio dourado (ouro de 24 k) e purpurina dourada, vitamina E, manteiga de karit\u00e9, \u00f3leo de abacate, \u00f3leo de farelo de arroz, \u00f3leo de girassol<\/span><\/p>\n<h3>Modo de utiliza\u00e7\u00e3o:<\/h3>\n<p><span data-sheets-value=\"{\" data-sheets-userformat=\"{\">Aplicar a m\u00e1scara numa camada espessa em todo o rosto limpo. Evitar a zona dos olhos. Em caso de contacto com os olhos, enxaguar abundantemente com \u00e1gua limpa. Deixar atuar durante 10 a 15 minutos. Retirar o excesso com uma esponja ou um len\u00e7o de papel h\u00famido. Utilizar o tratamento uma ou duas vezes por semana.<\/span><\/p>\n<h3>Naturalidade: <span data-sheets-value=\"{\" data-sheets-userformat=\"{\">97,8%<\/span><\/h3>\n<h3>Lista de ingredientes:<\/h3>\n<p><span data-sheets-value=\"{\" data-sheets-userformat=\"{\">Aqua, \u00f3leo h\u00edbrido de Helianthus annuus*, glicerina, baba\u00e7uato de cetilo, behenato de glicerilo, manteiga de Butyrospermum parkii*, \u00e1lcool cetear\u00edlico, estearato de glicerilo, perfume, lauroil glutamato de s\u00f3dio, \u00e1cido este\u00e1rico, ouro coloidal, heptapept\u00eddeo acetil-9, extrato de Alaria esculenta, \u00d3leo de Persea gratissima (abacate)*, \u00f3leo de farelo de Oryza sativa (arroz), \u00f3leo de Olus, triglic\u00e9rido capr\u00edlico\/c\u00e1prico, acetato de tocoferilo, \u00f3leo vegetal hidrogenado, cera de Candelilla, Mica, Maltodextrina, \u00e1cido desidroac\u00e9tico, \u00e1lcool benz\u00edlico, CI 77891, CI 77491 *Ingredientes de agricultura biol\u00f3gica<\/span><\/p>\n<h3>Atributos ambientais:<\/h3>\n<p><img alt=\"\" loading=\"lazy\" decoding=\"async\" class=\"alignnone wp-image-2935 size-full\" src=\"https:\/\/charlottacarlson.com\/wp-content\/uploads\/2019\/11\/BM.jpg\" width=\"332\" height=\"96\" \/><\/p>","protected":false},"excerpt":{"rendered":"<p><span data-sheets-value=\"{\" data-sheets-userformat=\"{\"><img loading=\"lazy\" decoding=\"async\" class=\"size-medium wp-image-1088 alignright\" src=\"https:\/\/charlottacarlson.com\/wp-content\/uploads\/2024\/09\/Golden-collagenin-and-peptide-9-Peau-d-Or-Charlotta-Carlson-300x220.webp\" alt=\"Colagenina Dourada e P\u00e9ptido 9 Peau D Or Charlotta Carlson\" width=\"300\" height=\"220\" srcset=\"https:\/\/charlottacarlson.com\/wp-content\/uploads\/2024\/09\/Golden-collagenin-and-peptide-9-Peau-d-Or-Charlotta-Carlson-300x220.webp 300w, https:\/\/charlottacarlson.com\/wp-content\/uploads\/2024\/09\/Golden-collagenin-and-peptide-9-Peau-d-Or-Charlotta-Carlson-1024x750.webp 1024w, https:\/\/charlottacarlson.com\/wp-content\/uploads\/2024\/09\/Golden-collagenin-and-peptide-9-Peau-d-Or-Charlotta-Carlson-768x563.webp 768w, https:\/\/charlottacarlson.com\/wp-content\/uploads\/2024\/09\/Golden-collagenin-and-peptide-9-Peau-d-Or-Charlotta-Carlson-16x12.webp 16w, https:\/\/charlottacarlson.com\/wp-content\/uploads\/2024\/09\/Golden-collagenin-and-peptide-9-Peau-d-Or-Charlotta-Carlson-600x440.webp 600w, https:\/\/charlottacarlson.com\/wp-content\/uploads\/2024\/09\/Golden-collagenin-and-peptide-9-Peau-d-Or-Charlotta-Carlson.webp 1384w\" sizes=\"auto, (max-width: 300px) 100vw, 300px\" \/>A m\u00e1scara de ouro de 24 quilates com uma a\u00e7\u00e3o antirrugas e anti-envelhecimento, feita de part\u00edculas de ouro de origem natural, d\u00e1 \u00e0 sua pele suavidade e elasticidade oferecendo um momento de prazer sensorial.<br \/>\nCont\u00e9m Vitamina E, conhecida pelas suas propriedades antioxidantes, bem como Colagenina Dourada associada ao p\u00e9ptido acetil heptapept\u00eddeo-9, conhecido pelo seu efeito de alisamento das rugas.<\/span><\/p>","protected":false},"featured_media":84,"comment_status":"open","ping_status":"closed","template":"","meta":{"_seopress_robots_primary_cat":"","_seopress_titles_title":"","_seopress_titles_desc":"","_seopress_robots_index":"","_kad_blocks_custom_css":"","_kad_blocks_head_custom_js":"","_kad_blocks_body_custom_js":"","_kad_blocks_footer_custom_js":"","_kad_post_transparent":"default","_kad_post_title":"","_kad_post_layout":"default","_kad_post_sidebar_id":"","_kad_post_content_style":"default","_kad_post_vertical_padding":"default","_kad_post_feature":"","_kad_post_feature_position":"","_kad_post_header":false,"_kad_post_footer":false,"_kad_post_classname":""},"product_brand":[],"product_cat":[16,23],"product_tag":[24],"class_list":{"0":"post-83","1":"product","2":"type-product","3":"status-publish","4":"has-post-thumbnail","6":"product_cat-anti-age-anti-wrinkle","7":"product_cat-masks","8":"product_tag-peau-dor","10":"first","11":"instock","12":"featured","13":"taxable","14":"shipping-taxable","15":"purchasable","16":"product-type-simple","17":"entry","18":"content-bg","19":"loop-entry"},"taxonomy_info":{"product_cat":[{"value":16,"label":"Anti-Age &amp; Anti-wrinkle"},{"value":23,"label":"Masks"}],"product_tag":[{"value":24,"label":"Peau D\u2019Or"}]},"featured_image_src_large":["https:\/\/charlottacarlson.com\/wp-content\/uploads\/2024\/09\/Anti-aging-24k-gold-Mask-1-1024x1024.jpg",1024,1024,true],"author_info":[],"comment_info":0,"_links":{"self":[{"href":"https:\/\/charlottacarlson.com\/pt\/wp-json\/wp\/v2\/product\/83","targetHints":{"allow":["GET"]}}],"collection":[{"href":"https:\/\/charlottacarlson.com\/pt\/wp-json\/wp\/v2\/product"}],"about":[{"href":"https:\/\/charlottacarlson.com\/pt\/wp-json\/wp\/v2\/types\/product"}],"replies":[{"embeddable":true,"href":"https:\/\/charlottacarlson.com\/pt\/wp-json\/wp\/v2\/comments?post=83"}],"wp:featuredmedia":[{"embeddable":true,"href":"https:\/\/charlottacarlson.com\/pt\/wp-json\/wp\/v2\/media\/84"}],"wp:attachment":[{"href":"https:\/\/charlottacarlson.com\/pt\/wp-json\/wp\/v2\/media?parent=83"}],"wp:term":[{"taxonomy":"product_brand","embeddable":true,"href":"https:\/\/charlottacarlson.com\/pt\/wp-json\/wp\/v2\/product_brand?post=83"},{"taxonomy":"product_cat","embeddable":true,"href":"https:\/\/charlottacarlson.com\/pt\/wp-json\/wp\/v2\/product_cat?post=83"},{"taxonomy":"product_tag","embeddable":true,"href":"https:\/\/charlottacarlson.com\/pt\/wp-json\/wp\/v2\/product_tag?post=83"}],"curies":[{"name":"wp","href":"https:\/\/api.w.org\/{rel}","templated":true}]}}