{"id":73,"date":"2024-09-15T17:05:40","date_gmt":"2024-09-15T17:05:40","guid":{"rendered":"https:\/\/blissful-fish-387ec5.instawp.xyz\/?post_type=product&#038;p=73"},"modified":"2024-12-03T10:08:20","modified_gmt":"2024-12-03T10:08:20","slug":"creme-anti-envelhecimento-iluminador","status":"publish","type":"product","link":"https:\/\/charlottacarlson.com\/pt\/produto\/creme-anti-envelhecimento-iluminador\/","title":{"rendered":"Creme Luminoso e Anti-envelhecimento"},"content":{"rendered":"<p><img loading=\"lazy\" decoding=\"async\" class=\"wp-image-1085 alignright\" src=\"https:\/\/charlottacarlson.com\/wp-content\/uploads\/2024\/09\/Diamond-Wheat-brain-ingredient-Diamant-Blanc-Charlotta-Carlson-v2-1-300x205.webp\" alt=\"Diamante Trigo Ingrediente Cerebral Diamant Blanc Charlotta Carlson V2 1\" width=\"490\" height=\"335\" srcset=\"https:\/\/charlottacarlson.com\/wp-content\/uploads\/2024\/09\/Diamond-Wheat-brain-ingredient-Diamant-Blanc-Charlotta-Carlson-v2-1-300x205.webp 300w, https:\/\/charlottacarlson.com\/wp-content\/uploads\/2024\/09\/Diamond-Wheat-brain-ingredient-Diamant-Blanc-Charlotta-Carlson-v2-1-1024x699.webp 1024w, https:\/\/charlottacarlson.com\/wp-content\/uploads\/2024\/09\/Diamond-Wheat-brain-ingredient-Diamant-Blanc-Charlotta-Carlson-v2-1-768x524.webp 768w, https:\/\/charlottacarlson.com\/wp-content\/uploads\/2024\/09\/Diamond-Wheat-brain-ingredient-Diamant-Blanc-Charlotta-Carlson-v2-1-18x12.webp 18w, https:\/\/charlottacarlson.com\/wp-content\/uploads\/2024\/09\/Diamond-Wheat-brain-ingredient-Diamant-Blanc-Charlotta-Carlson-v2-1-600x410.webp 600w, https:\/\/charlottacarlson.com\/wp-content\/uploads\/2024\/09\/Diamond-Wheat-brain-ingredient-Diamant-Blanc-Charlotta-Carlson-v2-1.webp 1462w\" sizes=\"auto, (max-width: 490px) 100vw, 490px\" \/>O Creme Nutritivo Diamante combina uma a\u00e7\u00e3o anti-envelhecimento, antirrugas e luminosa que dar\u00e1 ao seu rosto luminosidade. A sua pele fica macia, flex\u00edvel e hidratada.<\/p>\n<h3>Benef\u00edcio:<\/h3>\n<ul>\n<li>Extrato de diamante conhecido por <b>esfoliar a pele e suavizar as imperfei\u00e7\u00f5es<\/b><\/li>\n<li>Extrato de farelo de trigo conhecido por <b>Branqueamento, despigmenta\u00e7\u00e3o e aclaramento <\/b>ingrediente ativo.<\/li>\n<li>A pele \u00e9 mais flex\u00edvel: 85.19%<\/li>\n<li>A pele fica mais suave: 85.19%<\/li>\n<li>O creme proporciona conforto \u00e0 pele: 88.89%<\/li>\n<li>O creme proporciona hidrata\u00e7\u00e3o \u00e0 superf\u00edcie da pele (pele n\u00e3o seca): 88.89%<\/li>\n<li>O creme proporciona um efeito nutritivo \u00e0 pele: 88.89%<\/li>\n<li>A\u00e7\u00e3o iluminadora da tez: 59.26%<\/li>\n<li>A\u00e7\u00e3o sobre a uniformidade da tez: 77.78%<\/li>\n<li>A\u00e7\u00e3o sobre a luminosidade da tez: 74.07%<\/li>\n<li>A\u00e7\u00e3o sobre as r\u00eddulas e as rugas: 74.07%<\/li>\n<li>A\u00e7\u00e3o anti-envelhecimento: 62.96%\"<\/li>\n<li>Autoavalia\u00e7\u00e3o efectuada em 27 pessoas durante 28 dias<\/li>\n<\/ul>\n<h3>Ingredientes activos :<\/h3>\n<p><span data-sheets-value=\"{\" data-sheets-userformat=\"{\">Diamante e farelo de trigo, castanhas de algas marinhas, manteiga de karit\u00e9 biol\u00f3gica<\/span><\/p>\n<h3>Modo de utiliza\u00e7\u00e3o:<\/h3>\n<p><span data-sheets-value=\"{\" data-sheets-userformat=\"{\">Aplicar de manh\u00e3 e \u00e0 noite na pele limpa e seca, evitando a zona dos olhos. Massajar a pele com movimentos circulares - Utiliza\u00e7\u00e3o di\u00e1ria<br \/>\n<\/span><\/p>\n<h3>Naturalidade: 87,8%<\/h3>\n<h3>Lista de ingredientes:<\/h3>\n<p><span data-sheets-value=\"{\" data-sheets-userformat=\"{\">Aqua, palmitato de isopropilo, esqualano, ciclohexasiloxano, ciclopentasiloxano, \u00e1lcool cet\u00edlico, estearato de glicerilo, glicerina, manteiga de Butyrospermum parkii, \u00f3leo h\u00edbrido de Helianthus annuus, propanediol, palmitato de glicol, perfume, p\u00f3 de diamante, extrato de Alaria esculenta, farinha de trigo hidrolisada, acetato de tocoferilo, Triglic\u00e9rido capr\u00edlico\/c\u00e1prico, estearato PEG-75, Ceteth-20, Steareth-20, Laureth-7, Mica, Goma xantana, Poliacrilamida, Isoparafina C13-14, Dimeticonol, Gluconato de s\u00f3dio, \u00c1cido salic\u00edlico, \u00c1cido s\u00f3rbico, \u00c1cido l\u00e1tico, Hidr\u00f3xido de s\u00f3dio, Benzoato de s\u00f3dio, Sorbato de pot\u00e1ssio, \u00c1lcool benz\u00edlico, CI 77891<\/span><\/p>\n<h3>Atributos ambientais:<\/h3>\n<p><img alt=\"\" loading=\"lazy\" decoding=\"async\" class=\"alignnone wp-image-2935 size-full\" src=\"https:\/\/charlottacarlson.com\/wp-content\/uploads\/2019\/11\/BM.jpg\" width=\"332\" height=\"96\" \/><\/p>","protected":false},"excerpt":{"rendered":"<h3><img loading=\"lazy\" decoding=\"async\" class=\"wp-image-1085 alignright\" src=\"https:\/\/charlottacarlson.com\/wp-content\/uploads\/2024\/09\/Diamond-Wheat-brain-ingredient-Diamant-Blanc-Charlotta-Carlson-v2-1-300x205.webp\" alt=\"Diamante Trigo Ingrediente Cerebral Diamant Blanc Charlotta Carlson V2 1\" width=\"483\" height=\"330\" srcset=\"https:\/\/charlottacarlson.com\/wp-content\/uploads\/2024\/09\/Diamond-Wheat-brain-ingredient-Diamant-Blanc-Charlotta-Carlson-v2-1-300x205.webp 300w, https:\/\/charlottacarlson.com\/wp-content\/uploads\/2024\/09\/Diamond-Wheat-brain-ingredient-Diamant-Blanc-Charlotta-Carlson-v2-1-1024x699.webp 1024w, https:\/\/charlottacarlson.com\/wp-content\/uploads\/2024\/09\/Diamond-Wheat-brain-ingredient-Diamant-Blanc-Charlotta-Carlson-v2-1-768x524.webp 768w, https:\/\/charlottacarlson.com\/wp-content\/uploads\/2024\/09\/Diamond-Wheat-brain-ingredient-Diamant-Blanc-Charlotta-Carlson-v2-1-18x12.webp 18w, https:\/\/charlottacarlson.com\/wp-content\/uploads\/2024\/09\/Diamond-Wheat-brain-ingredient-Diamant-Blanc-Charlotta-Carlson-v2-1-600x410.webp 600w, https:\/\/charlottacarlson.com\/wp-content\/uploads\/2024\/09\/Diamond-Wheat-brain-ingredient-Diamant-Blanc-Charlotta-Carlson-v2-1.webp 1462w\" sizes=\"auto, (max-width: 483px) 100vw, 483px\" \/>Descri\u00e7\u00e3o:<\/h3>\n<p>O Creme Nutritivo Diamante combina uma a\u00e7\u00e3o anti-envelhecimento, antirrugas e luminosa que dar\u00e1 ao seu rosto luminosidade. A sua pele fica macia, flex\u00edvel e hidratada.<\/p>\n<h3>Benef\u00edcio:<\/h3>\n<ul>\n<li>Extrato de diamante conhecido por <b>esfoliar a pele e suavizar as imperfei\u00e7\u00f5es<\/b><\/li>\n<li>Extrato de farelo de trigo conhecido por <b>Branqueamento, despigmenta\u00e7\u00e3o e aclaramento <\/b>ingrediente ativo.<\/li>\n<li>A pele \u00e9 mais flex\u00edvel: 85.19%<\/li>\n<li>A pele fica mais suave: 85.19%<\/li>\n<li>O creme proporciona conforto \u00e0 pele: 88.89%<\/li>\n<li>O creme proporciona hidrata\u00e7\u00e3o \u00e0 superf\u00edcie da pele (pele n\u00e3o seca): 88.89%<\/li>\n<li>O creme proporciona um efeito nutritivo \u00e0 pele: 88.89%<\/li>\n<li>A\u00e7\u00e3o iluminadora da tez: 59.26%<\/li>\n<li>A\u00e7\u00e3o sobre a uniformidade da tez: 77.78%<\/li>\n<li>A\u00e7\u00e3o sobre a luminosidade da tez: 74.07%<\/li>\n<li>A\u00e7\u00e3o sobre as r\u00eddulas e as rugas: 74.07%<\/li>\n<li>A\u00e7\u00e3o anti-envelhecimento: 62.96%\"<\/li>\n<li>Autoavalia\u00e7\u00e3o efectuada em 27 pessoas durante 28 dias<\/li>\n<\/ul>\n<h3>Ingredientes activos :<\/h3>\n<p><span data-sheets-value=\"{\" data-sheets-userformat=\"{\">Diamante e farelo de trigo, castanhas de algas marinhas, manteiga de karit\u00e9 biol\u00f3gica<\/span><\/p>\n<h3>Modo de utiliza\u00e7\u00e3o:<\/h3>\n<p><span data-sheets-value=\"{\" data-sheets-userformat=\"{\">Aplicar de manh\u00e3 e \u00e0 noite na pele limpa e seca, evitando a zona dos olhos. Massajar a pele com movimentos circulares - Utiliza\u00e7\u00e3o di\u00e1ria<br \/>\n<\/span><\/p>\n<h3>Naturalidade: 87,8%<\/h3>\n<h3>Lista de ingredientes:<\/h3>\n<p><span data-sheets-value=\"{\" data-sheets-userformat=\"{\">Aqua, palmitato de isopropilo, esqualano, ciclohexasiloxano, ciclopentasiloxano, \u00e1lcool cet\u00edlico, estearato de glicerilo, glicerina, manteiga de Butyrospermum parkii, \u00f3leo h\u00edbrido de Helianthus annuus, propanediol, palmitato de glicol, perfume, p\u00f3 de diamante, extrato de Alaria esculenta, farinha de trigo hidrolisada, acetato de tocoferilo, Triglic\u00e9rido capr\u00edlico\/c\u00e1prico, estearato PEG-75, Ceteth-20, Steareth-20, Laureth-7, Mica, Goma xantana, Poliacrilamida, Isoparafina C13-14, Dimeticonol, Gluconato de s\u00f3dio, \u00c1cido salic\u00edlico, \u00c1cido s\u00f3rbico, \u00c1cido l\u00e1tico, Hidr\u00f3xido de s\u00f3dio, Benzoato de s\u00f3dio, Sorbato de pot\u00e1ssio, \u00c1lcool benz\u00edlico, CI 77891<\/span><\/p>\n<h3>Atributos ambientais:<\/h3>\n<p><img alt=\"\" loading=\"lazy\" decoding=\"async\" class=\"alignnone wp-image-2935 size-full\" src=\"https:\/\/charlottacarlson.com\/wp-content\/uploads\/2019\/11\/BM.jpg\" width=\"332\" height=\"96\" \/><\/p>","protected":false},"featured_media":74,"comment_status":"open","ping_status":"closed","template":"","meta":{"_seopress_robots_primary_cat":"","_seopress_titles_title":"","_seopress_titles_desc":"","_seopress_robots_index":"","_kad_blocks_custom_css":"","_kad_blocks_head_custom_js":"","_kad_blocks_body_custom_js":"","_kad_blocks_footer_custom_js":"","_kad_post_transparent":"default","_kad_post_title":"","_kad_post_layout":"default","_kad_post_sidebar_id":"","_kad_post_content_style":"default","_kad_post_vertical_padding":"default","_kad_post_feature":"","_kad_post_feature_position":"","_kad_post_header":false,"_kad_post_footer":false,"_kad_post_classname":""},"product_brand":[],"product_cat":[16,17,18,19],"product_tag":[20],"class_list":{"0":"post-73","1":"product","2":"type-product","3":"status-publish","4":"has-post-thumbnail","6":"product_cat-anti-age-anti-wrinkle","7":"product_cat-brightening-anti-dark-spot","8":"product_cat-creams","9":"product_cat-diamant-blanc","10":"product_tag-diamant-blanc","12":"first","13":"instock","14":"featured","15":"taxable","16":"shipping-taxable","17":"purchasable","18":"product-type-simple","19":"entry","20":"content-bg","21":"loop-entry"},"taxonomy_info":{"product_cat":[{"value":16,"label":"Anti-Age &amp; Anti-wrinkle"},{"value":17,"label":"Brightening &amp; Anti Dark spot"},{"value":18,"label":"Creams"},{"value":19,"label":"Diamant Blanc"}],"product_tag":[{"value":20,"label":"Diamant Blanc"}]},"featured_image_src_large":["https:\/\/charlottacarlson.com\/wp-content\/uploads\/2024\/09\/Diamant-Blanc-Cream-1.jpg",1022,1022,false],"author_info":[],"comment_info":0,"_links":{"self":[{"href":"https:\/\/charlottacarlson.com\/pt\/wp-json\/wp\/v2\/product\/73","targetHints":{"allow":["GET"]}}],"collection":[{"href":"https:\/\/charlottacarlson.com\/pt\/wp-json\/wp\/v2\/product"}],"about":[{"href":"https:\/\/charlottacarlson.com\/pt\/wp-json\/wp\/v2\/types\/product"}],"replies":[{"embeddable":true,"href":"https:\/\/charlottacarlson.com\/pt\/wp-json\/wp\/v2\/comments?post=73"}],"wp:featuredmedia":[{"embeddable":true,"href":"https:\/\/charlottacarlson.com\/pt\/wp-json\/wp\/v2\/media\/74"}],"wp:attachment":[{"href":"https:\/\/charlottacarlson.com\/pt\/wp-json\/wp\/v2\/media?parent=73"}],"wp:term":[{"taxonomy":"product_brand","embeddable":true,"href":"https:\/\/charlottacarlson.com\/pt\/wp-json\/wp\/v2\/product_brand?post=73"},{"taxonomy":"product_cat","embeddable":true,"href":"https:\/\/charlottacarlson.com\/pt\/wp-json\/wp\/v2\/product_cat?post=73"},{"taxonomy":"product_tag","embeddable":true,"href":"https:\/\/charlottacarlson.com\/pt\/wp-json\/wp\/v2\/product_tag?post=73"}],"curies":[{"name":"wp","href":"https:\/\/api.w.org\/{rel}","templated":true}]}}