{"id":99,"date":"2024-09-15T17:06:41","date_gmt":"2024-09-15T17:06:41","guid":{"rendered":"https:\/\/blissful-fish-387ec5.instawp.xyz\/?post_type=product&#038;p=99"},"modified":"2024-12-03T10:13:02","modified_gmt":"2024-12-03T10:13:02","slug":"mousse-nettoyante-150ml","status":"publish","type":"product","link":"https:\/\/charlottacarlson.com\/fr\/produit\/mousse-nettoyante-150ml\/","title":{"rendered":"Mousse nettoyante - 150ml"},"content":{"rendered":"<p><span data-sheets-value=\"{&quot;1&quot;:2,&quot;2&quot;:&quot;The creamy foam made of aloe vera and sweet almond protein extract, gently cleanses your skin.&quot;}\" data-sheets-userformat=\"{&quot;2&quot;:14783,&quot;3&quot;:{&quot;1&quot;:0,&quot;3&quot;:1},&quot;4&quot;:{&quot;1&quot;:2,&quot;2&quot;:9621584},&quot;5&quot;:{&quot;1&quot;:[{&quot;1&quot;:2,&quot;2&quot;:0,&quot;5&quot;:{&quot;1&quot;:0}},{&quot;1&quot;:0,&quot;2&quot;:0,&quot;3&quot;:3},{&quot;1&quot;:1,&quot;2&quot;:0,&quot;4&quot;:1}]},&quot;6&quot;:{&quot;1&quot;:[{&quot;1&quot;:2,&quot;2&quot;:0,&quot;5&quot;:{&quot;1&quot;:0}},{&quot;1&quot;:0,&quot;2&quot;:0,&quot;3&quot;:3},{&quot;1&quot;:1,&quot;2&quot;:0,&quot;4&quot;:1}]},&quot;7&quot;:{&quot;1&quot;:[{&quot;1&quot;:2,&quot;2&quot;:0,&quot;5&quot;:{&quot;1&quot;:0}},{&quot;1&quot;:0,&quot;2&quot;:0,&quot;3&quot;:3},{&quot;1&quot;:1,&quot;2&quot;:0,&quot;4&quot;:1}]},&quot;8&quot;:{&quot;1&quot;:[{&quot;1&quot;:2,&quot;2&quot;:0,&quot;5&quot;:{&quot;1&quot;:0}},{&quot;1&quot;:0,&quot;2&quot;:0,&quot;3&quot;:3},{&quot;1&quot;:1,&quot;2&quot;:0,&quot;4&quot;:1}]},&quot;10&quot;:1,&quot;11&quot;:4,&quot;14&quot;:{&quot;1&quot;:3,&quot;3&quot;:1},&quot;15&quot;:&quot;Calibri&quot;,&quot;16&quot;:11}\">La mousse cr\u00e9meuse \u00e0 base d'aloe vera et d'extrait de prot\u00e9ine d'amande douce nettoie la peau en douceur.<\/span><\/p>\n<h3>Mode d'emploi :<\/h3>\n<p><span data-sheets-value=\"{\" data-sheets-userformat=\"{\">Matin et soir, appliquer la mousse sur la peau humide. Rincer \u00e0 l'eau. \u00c9viter le contour des yeux.<\/span><\/p>\n<h3>Naturalit\u00e9 : <span data-sheets-value=\"{\" data-sheets-userformat=\"{\">99,5%<\/span><\/h3>\n<h3>Liste des ingr\u00e9dients :<\/h3>\n<p><span data-sheets-value=\"{&quot;1&quot;:2,&quot;2&quot;:&quot;Aqua, Decyl glucoside, Diglycerin, Caprylyl\/Capryl glucoside, Glycerin**, Aloe nbarbadensis leaf extract*, Hydrolyzed sweet almond protein, Sunflower seed oil npolyglyceryl-6 esters**, Parfum, Citric acid, Sodium benzoate, Potassium sorbaten*Ingredients from organic farmingn** Processed from organic ingredientsn&quot;}\" data-sheets-userformat=\"{&quot;2&quot;:14527,&quot;3&quot;:{&quot;1&quot;:0,&quot;3&quot;:1},&quot;4&quot;:{&quot;1&quot;:2,&quot;2&quot;:4121084},&quot;5&quot;:{&quot;1&quot;:[{&quot;1&quot;:2,&quot;2&quot;:0,&quot;5&quot;:{&quot;1&quot;:0}},{&quot;1&quot;:0,&quot;2&quot;:0,&quot;3&quot;:3},{&quot;1&quot;:1,&quot;2&quot;:0,&quot;4&quot;:1}]},&quot;6&quot;:{&quot;1&quot;:[{&quot;1&quot;:2,&quot;2&quot;:0,&quot;5&quot;:{&quot;1&quot;:0}},{&quot;1&quot;:0,&quot;2&quot;:0,&quot;3&quot;:3},{&quot;1&quot;:1,&quot;2&quot;:0,&quot;4&quot;:1}]},&quot;7&quot;:{&quot;1&quot;:[{&quot;1&quot;:2,&quot;2&quot;:0,&quot;5&quot;:{&quot;1&quot;:0}},{&quot;1&quot;:0,&quot;2&quot;:0,&quot;3&quot;:3},{&quot;1&quot;:1,&quot;2&quot;:0,&quot;4&quot;:1}]},&quot;8&quot;:{&quot;1&quot;:[{&quot;1&quot;:2,&quot;2&quot;:0,&quot;5&quot;:{&quot;1&quot;:0}},{&quot;1&quot;:0,&quot;2&quot;:0,&quot;3&quot;:3},{&quot;1&quot;:1,&quot;2&quot;:0,&quot;4&quot;:1}]},&quot;10&quot;:1,&quot;14&quot;:{&quot;1&quot;:3,&quot;3&quot;:1},&quot;15&quot;:&quot;Calibri&quot;,&quot;16&quot;:11}\" data-sheets-formula=\"=R[0]C[-59]\">Aqua, Decyl glucoside, Diglycerin, Caprylyl\/Capryl glucoside, Glycerin**, Aloe<br \/>\nbarbadensis*, Prot\u00e9ine d'amande douce hydrolys\u00e9e, Huile de graine de tournesol<br \/>\nesters de polyglyc\u00e9ryl-6**, Parfum, Acide citrique, Benzoate de sodium, Sorbate de potassium<br \/>\n*Ingr\u00e9dients issus de l'agriculture biologique<br \/>\n** Fabriqu\u00e9 \u00e0 partir d'ingr\u00e9dients biologiques<br \/>\n<\/span><\/p>\n<h3>Caract\u00e9ristiques environnementales :<\/h3>\n<p><img alt=\"\" loading=\"lazy\" decoding=\"async\" class=\"alignnone wp-image-2935 size-full\" src=\"https:\/\/charlottacarlson.com\/wp-content\/uploads\/2019\/11\/BM.jpg\" width=\"332\" height=\"96\" \/><\/p>","protected":false},"excerpt":{"rendered":"<h3>Description :<\/h3>\n<p><span data-sheets-value=\"{&quot;1&quot;:2,&quot;2&quot;:&quot;The creamy foam made of aloe vera and sweet almond protein extract, gently cleanses your skin.&quot;}\" data-sheets-userformat=\"{&quot;2&quot;:14783,&quot;3&quot;:{&quot;1&quot;:0,&quot;3&quot;:1},&quot;4&quot;:{&quot;1&quot;:2,&quot;2&quot;:9621584},&quot;5&quot;:{&quot;1&quot;:[{&quot;1&quot;:2,&quot;2&quot;:0,&quot;5&quot;:{&quot;1&quot;:0}},{&quot;1&quot;:0,&quot;2&quot;:0,&quot;3&quot;:3},{&quot;1&quot;:1,&quot;2&quot;:0,&quot;4&quot;:1}]},&quot;6&quot;:{&quot;1&quot;:[{&quot;1&quot;:2,&quot;2&quot;:0,&quot;5&quot;:{&quot;1&quot;:0}},{&quot;1&quot;:0,&quot;2&quot;:0,&quot;3&quot;:3},{&quot;1&quot;:1,&quot;2&quot;:0,&quot;4&quot;:1}]},&quot;7&quot;:{&quot;1&quot;:[{&quot;1&quot;:2,&quot;2&quot;:0,&quot;5&quot;:{&quot;1&quot;:0}},{&quot;1&quot;:0,&quot;2&quot;:0,&quot;3&quot;:3},{&quot;1&quot;:1,&quot;2&quot;:0,&quot;4&quot;:1}]},&quot;8&quot;:{&quot;1&quot;:[{&quot;1&quot;:2,&quot;2&quot;:0,&quot;5&quot;:{&quot;1&quot;:0}},{&quot;1&quot;:0,&quot;2&quot;:0,&quot;3&quot;:3},{&quot;1&quot;:1,&quot;2&quot;:0,&quot;4&quot;:1}]},&quot;10&quot;:1,&quot;11&quot;:4,&quot;14&quot;:{&quot;1&quot;:3,&quot;3&quot;:1},&quot;15&quot;:&quot;Calibri&quot;,&quot;16&quot;:11}\">La mousse cr\u00e9meuse \u00e0 base d'aloe vera et d'extrait de prot\u00e9ine d'amande douce nettoie la peau en douceur.<\/span><\/p>\n<h3>Mode d'emploi :<\/h3>\n<p><span data-sheets-value=\"{\" data-sheets-userformat=\"{\">Matin et soir, appliquer la mousse sur la peau humide. Rincer \u00e0 l'eau. \u00c9viter le contour des yeux.<\/span><\/p>\n<h3>Naturalit\u00e9 : <span data-sheets-value=\"{\" data-sheets-userformat=\"{\">99,5%<\/span><\/h3>\n<h3>Liste des ingr\u00e9dients :<\/h3>\n<p><span data-sheets-value=\"{&quot;1&quot;:2,&quot;2&quot;:&quot;Aqua, Decyl glucoside, Diglycerin, Caprylyl\/Capryl glucoside, Glycerin**, Aloe nbarbadensis leaf extract*, Hydrolyzed sweet almond protein, Sunflower seed oil npolyglyceryl-6 esters**, Parfum, Citric acid, Sodium benzoate, Potassium sorbaten*Ingredients from organic farmingn** Processed from organic ingredientsn&quot;}\" data-sheets-userformat=\"{&quot;2&quot;:14527,&quot;3&quot;:{&quot;1&quot;:0,&quot;3&quot;:1},&quot;4&quot;:{&quot;1&quot;:2,&quot;2&quot;:4121084},&quot;5&quot;:{&quot;1&quot;:[{&quot;1&quot;:2,&quot;2&quot;:0,&quot;5&quot;:{&quot;1&quot;:0}},{&quot;1&quot;:0,&quot;2&quot;:0,&quot;3&quot;:3},{&quot;1&quot;:1,&quot;2&quot;:0,&quot;4&quot;:1}]},&quot;6&quot;:{&quot;1&quot;:[{&quot;1&quot;:2,&quot;2&quot;:0,&quot;5&quot;:{&quot;1&quot;:0}},{&quot;1&quot;:0,&quot;2&quot;:0,&quot;3&quot;:3},{&quot;1&quot;:1,&quot;2&quot;:0,&quot;4&quot;:1}]},&quot;7&quot;:{&quot;1&quot;:[{&quot;1&quot;:2,&quot;2&quot;:0,&quot;5&quot;:{&quot;1&quot;:0}},{&quot;1&quot;:0,&quot;2&quot;:0,&quot;3&quot;:3},{&quot;1&quot;:1,&quot;2&quot;:0,&quot;4&quot;:1}]},&quot;8&quot;:{&quot;1&quot;:[{&quot;1&quot;:2,&quot;2&quot;:0,&quot;5&quot;:{&quot;1&quot;:0}},{&quot;1&quot;:0,&quot;2&quot;:0,&quot;3&quot;:3},{&quot;1&quot;:1,&quot;2&quot;:0,&quot;4&quot;:1}]},&quot;10&quot;:1,&quot;14&quot;:{&quot;1&quot;:3,&quot;3&quot;:1},&quot;15&quot;:&quot;Calibri&quot;,&quot;16&quot;:11}\" data-sheets-formula=\"=R[0]C[-59]\">Aqua, Decyl glucoside, Diglycerin, Caprylyl\/Capryl glucoside, Glycerin**, Aloe<br \/>\nbarbadensis*, Prot\u00e9ine d'amande douce hydrolys\u00e9e, Huile de graine de tournesol<br \/>\nesters de polyglyc\u00e9ryl-6**, Parfum, Acide citrique, Benzoate de sodium, Sorbate de potassium<br \/>\n*Ingr\u00e9dients issus de l'agriculture biologique<br \/>\n** Fabriqu\u00e9 \u00e0 partir d'ingr\u00e9dients biologiques<br \/>\n<\/span><\/p>\n<h3>Caract\u00e9ristiques environnementales :<\/h3>\n<p><img alt=\"\" loading=\"lazy\" decoding=\"async\" class=\"alignnone wp-image-2935 size-full\" src=\"https:\/\/charlottacarlson.com\/wp-content\/uploads\/2019\/11\/BM.jpg\" width=\"332\" height=\"96\" \/><\/p>","protected":false},"featured_media":100,"comment_status":"open","ping_status":"closed","template":"","meta":{"_seopress_robots_primary_cat":"","_seopress_titles_title":"","_seopress_titles_desc":"","_seopress_robots_index":"","_kad_blocks_custom_css":"","_kad_blocks_head_custom_js":"","_kad_blocks_body_custom_js":"","_kad_blocks_footer_custom_js":"","_kad_post_transparent":"default","_kad_post_title":"","_kad_post_layout":"default","_kad_post_sidebar_id":"","_kad_post_content_style":"default","_kad_post_vertical_padding":"default","_kad_post_feature":"","_kad_post_feature_position":"","_kad_post_header":false,"_kad_post_footer":false,"_kad_post_classname":""},"product_brand":[],"product_cat":[31,32],"product_tag":[33],"class_list":{"0":"post-99","1":"product","2":"type-product","3":"status-publish","4":"has-post-thumbnail","6":"product_cat-cleansers","7":"product_cat-pure-nettoyante","8":"product_tag-pure-nettoyant","10":"first","11":"instock","12":"taxable","13":"shipping-taxable","14":"purchasable","15":"product-type-simple","16":"entry","17":"content-bg","18":"loop-entry"},"taxonomy_info":{"product_cat":[{"value":31,"label":"Cleansers"},{"value":32,"label":"Pure Nettoyante"}],"product_tag":[{"value":33,"label":"Pure Nettoyant"}]},"featured_image_src_large":["https:\/\/charlottacarlson.com\/wp-content\/uploads\/2024\/09\/Pure-Nettoyant-150ml-1-1024x1024.jpg",1024,1024,true],"author_info":[],"comment_info":0,"_links":{"self":[{"href":"https:\/\/charlottacarlson.com\/fr\/wp-json\/wp\/v2\/product\/99","targetHints":{"allow":["GET"]}}],"collection":[{"href":"https:\/\/charlottacarlson.com\/fr\/wp-json\/wp\/v2\/product"}],"about":[{"href":"https:\/\/charlottacarlson.com\/fr\/wp-json\/wp\/v2\/types\/product"}],"replies":[{"embeddable":true,"href":"https:\/\/charlottacarlson.com\/fr\/wp-json\/wp\/v2\/comments?post=99"}],"wp:featuredmedia":[{"embeddable":true,"href":"https:\/\/charlottacarlson.com\/fr\/wp-json\/wp\/v2\/media\/100"}],"wp:attachment":[{"href":"https:\/\/charlottacarlson.com\/fr\/wp-json\/wp\/v2\/media?parent=99"}],"wp:term":[{"taxonomy":"product_brand","embeddable":true,"href":"https:\/\/charlottacarlson.com\/fr\/wp-json\/wp\/v2\/product_brand?post=99"},{"taxonomy":"product_cat","embeddable":true,"href":"https:\/\/charlottacarlson.com\/fr\/wp-json\/wp\/v2\/product_cat?post=99"},{"taxonomy":"product_tag","embeddable":true,"href":"https:\/\/charlottacarlson.com\/fr\/wp-json\/wp\/v2\/product_tag?post=99"}],"curies":[{"name":"wp","href":"https:\/\/api.w.org\/{rel}","templated":true}]}}