{"id":943,"date":"2024-11-03T22:48:24","date_gmt":"2024-11-03T22:48:24","guid":{"rendered":"http:\/\/charlotta-carlson.local\/?post_type=product&#038;p=943"},"modified":"2024-11-08T15:24:55","modified_gmt":"2024-11-08T15:24:55","slug":"rouge-a-levres-mat","status":"publish","type":"product","link":"https:\/\/charlottacarlson.com\/fr\/produit\/rouge-a-levres-mat\/","title":{"rendered":"Rouge \u00e0 l\u00e8vres mat"},"content":{"rendered":"<p>Rouge \u00e0 l\u00e8vres \u00e0 la formule subtilement matifiante aux pigments purs pour sublimer vos l\u00e8vres avec une texture extr\u00eamement confortable, lissante et longue tenue. Contient de la cire de riz pour intensifier le fini mat ainsi qu'une sensation non collante et cr\u00e9meuse. De la cire de tournesol pour une longue tenue. Et de la cire de candelilla pour prot\u00e9ger et hydrater vos l\u00e8vres. Enrichi en vitamine E, antioxydant et hydratant, qui am\u00e9liore l'\u00e9lasticit\u00e9 et la douceur pour le confort imm\u00e9diat de vos l\u00e8vres.<\/p>\n<blockquote><p><em><strong>COMMENT POSER SA CANDIDATURE<\/strong><\/em><br \/>\nAppliquer directement sur les l\u00e8vres, du centre vers l'ext\u00e9rieur. Pour un contour des l\u00e8vres ultra-pr\u00e9cis, pr\u00e9c\u00e9der l'application de SEDUIRE d'un trait de crayon \u00e0 l\u00e8vres de la m\u00eame teinte.<\/p>\n<p>&nbsp;<\/p>\n<p><strong><em>I<\/em><em>NGREDIENTS<\/em><em> ROSE SENSUEL MAT <\/em><em>:<br \/>\n<\/em><\/strong>Myristate d'octyldod\u00e9cyle, octyldod\u00e9canol, cire de son d'Oryza Sativa, cellulose, t\u00e9trab\u00e9nate de penta\u00e9rythrityle, Candelilla Cera, silice, Helianthus Annuus Seed Cera, hydroxyde d'aluminium, triglyc\u00e9rides C10-18, ac\u00e9tate de tocoph\u00e9ryle, tocoph\u00e9rol, huile de graine d'Helianthus Annuus, palmitate d'ascorbyle.<br \/>\n+\/- : CI 77891, CI 15850<\/p>\n<p>&nbsp;<\/p>\n<p><strong><em>INGR\u00c9DIENTS NUDE MAT <\/em><\/strong>:<br \/>\nMyristate d'octyldod\u00e9cyle, octyldod\u00e9canol, cire de son d'Oryza Sativa, cellulose, t\u00e9trab\u00e9nate de penta\u00e9rythrityle, Candelilla Cera, silice, Helianthus Annuus Seed Cera, triglyc\u00e9rides C10-18, ac\u00e9tate de tocoph\u00e9ryle, tocoph\u00e9rol, huile de graine d'Helianthus Annuus, palmitate d'ascorbyle.<br \/>\n+\/- : CI 77891, CI 77491, CI 15850, CI 77499, CI 17200<\/p>\n<p>&nbsp;<\/p>\n<p><strong><em>INGR\u00c9DIENTS ROSE MAT : <\/em><\/strong><br \/>\nMyristate d'octyldod\u00e9cyle, octyldod\u00e9canol, cire de son d'Oryza Sativa, cellulose, t\u00e9trab\u00e9nate de penta\u00e9rythrityle, Candelilla Cera, silice, Helianthus Annuus Seed Cera, hydroxyde d'aluminium, triglyc\u00e9rides C10-18, ac\u00e9tate de tocoph\u00e9ryle, tocoph\u00e9rol, huile de graine d'Helianthus Annuus, palmitate d'ascorbyle, maltodextrine.<br \/>\n+\/- : CI 77891, CI 73360, CI 15850, CI 75470<\/p>\n<p>&nbsp;<\/p>\n<p><em><strong>INGR\u00c9DIENTS ROUGE MAT :<\/strong><\/em><br \/>\nMyristate d'octyldod\u00e9cyle, octyldod\u00e9canol, cire de son d'Oryza Sativa, cellulose, hydroxyde d'aluminium, t\u00e9trab\u00e9nate de penta\u00e9rythrityle, Candelilla Cera, silice, Helianthus Annuus Seed Cera, triglyc\u00e9rides C10-18, ac\u00e9tate de tocoph\u00e9ryle, tocoph\u00e9rol, huile de graine d'Helianthus Annuus, palmitate d'ascorbyle.<br \/>\n+\/- : CI 73360, CI 45410, CI 15850<\/p><\/blockquote>","protected":false},"excerpt":{"rendered":"<p>Rouge \u00e0 l\u00e8vres \u00e0 la formule subtile aux pigments purs pour sublimer vos l\u00e8vres avec une texture extr\u00eamement confortable, lissante et longue dur\u00e9e. Contient plus de 50% d'huile v\u00e9g\u00e9tale qui intensifie la couleur des pigments de la formule. Reconnue pour ses propri\u00e9t\u00e9s nourrissantes, elle adoucit et assouplit les l\u00e8vres. Enrichi d'un trio de cires v\u00e9g\u00e9tales naturelles, le tournesol pour une tenue longue dur\u00e9e, le candelilla pour l'hydratation et le carnauba qui forme une barri\u00e8re protectrice sur les l\u00e8vres.<\/p>","protected":false},"featured_media":923,"comment_status":"open","ping_status":"closed","template":"","meta":{"_seopress_robots_primary_cat":"","_seopress_titles_title":"","_seopress_titles_desc":"","_seopress_robots_index":"","_kad_blocks_custom_css":"","_kad_blocks_head_custom_js":"","_kad_blocks_body_custom_js":"","_kad_blocks_footer_custom_js":"","_kad_post_transparent":"default","_kad_post_title":"","_kad_post_layout":"default","_kad_post_sidebar_id":"","_kad_post_content_style":"default","_kad_post_vertical_padding":"default","_kad_post_feature":"","_kad_post_feature_position":"","_kad_post_header":false,"_kad_post_footer":false,"_kad_post_classname":""},"product_brand":[],"product_cat":[38,36,39],"product_tag":[],"class_list":{"0":"post-943","1":"product","2":"type-product","3":"status-publish","4":"has-post-thumbnail","6":"product_cat-lips","7":"product_cat-moisturizer-lipstick","8":"product_cat-seduire","10":"first","11":"instock","12":"taxable","13":"shipping-taxable","14":"purchasable","15":"product-type-variable","16":"entry","17":"content-bg","18":"loop-entry"},"taxonomy_info":{"product_cat":[{"value":38,"label":"Lips"},{"value":36,"label":"Moisturizer Lipstick"},{"value":39,"label":"S\u00e9duire"}]},"featured_image_src_large":["https:\/\/charlottacarlson.com\/wp-content\/uploads\/2024\/11\/Lisptick-Charlotta-257-Shine-938x1024.webp",938,1024,true],"author_info":[],"comment_info":0,"_links":{"self":[{"href":"https:\/\/charlottacarlson.com\/fr\/wp-json\/wp\/v2\/product\/943","targetHints":{"allow":["GET"]}}],"collection":[{"href":"https:\/\/charlottacarlson.com\/fr\/wp-json\/wp\/v2\/product"}],"about":[{"href":"https:\/\/charlottacarlson.com\/fr\/wp-json\/wp\/v2\/types\/product"}],"replies":[{"embeddable":true,"href":"https:\/\/charlottacarlson.com\/fr\/wp-json\/wp\/v2\/comments?post=943"}],"wp:featuredmedia":[{"embeddable":true,"href":"https:\/\/charlottacarlson.com\/fr\/wp-json\/wp\/v2\/media\/923"}],"wp:attachment":[{"href":"https:\/\/charlottacarlson.com\/fr\/wp-json\/wp\/v2\/media?parent=943"}],"wp:term":[{"taxonomy":"product_brand","embeddable":true,"href":"https:\/\/charlottacarlson.com\/fr\/wp-json\/wp\/v2\/product_brand?post=943"},{"taxonomy":"product_cat","embeddable":true,"href":"https:\/\/charlottacarlson.com\/fr\/wp-json\/wp\/v2\/product_cat?post=943"},{"taxonomy":"product_tag","embeddable":true,"href":"https:\/\/charlottacarlson.com\/fr\/wp-json\/wp\/v2\/product_tag?post=943"}],"curies":[{"name":"wp","href":"https:\/\/api.w.org\/{rel}","templated":true}]}}