{"id":94,"date":"2024-09-15T17:06:30","date_gmt":"2024-09-15T17:06:30","guid":{"rendered":"https:\/\/blissful-fish-387ec5.instawp.xyz\/?post_type=product&#038;p=94"},"modified":"2024-12-17T13:31:15","modified_gmt":"2024-12-17T13:31:15","slug":"ecran-solaire-multi-protection-spf-50","status":"publish","type":"product","link":"https:\/\/charlottacarlson.com\/fr\/produit\/ecran-solaire-multi-protection-spf-50\/","title":{"rendered":"Protection solaire Multi Protection SPF 50"},"content":{"rendered":"<p><img loading=\"lazy\" decoding=\"async\" class=\"wp-image-1090 alignright\" src=\"https:\/\/charlottacarlson.com\/wp-content\/uploads\/2024\/09\/pexels-stergerz-11227918-beach-for-SPF-50-240x300.webp\" alt=\"Pexels Stergerz 11227918 Beach For Spf 50\" width=\"385\" height=\"481\" srcset=\"https:\/\/charlottacarlson.com\/wp-content\/uploads\/2024\/09\/pexels-stergerz-11227918-beach-for-SPF-50-240x300.webp 240w, https:\/\/charlottacarlson.com\/wp-content\/uploads\/2024\/09\/pexels-stergerz-11227918-beach-for-SPF-50-819x1024.webp 819w, https:\/\/charlottacarlson.com\/wp-content\/uploads\/2024\/09\/pexels-stergerz-11227918-beach-for-SPF-50-768x960.webp 768w, https:\/\/charlottacarlson.com\/wp-content\/uploads\/2024\/09\/pexels-stergerz-11227918-beach-for-SPF-50-1229x1536.webp 1229w, https:\/\/charlottacarlson.com\/wp-content\/uploads\/2024\/09\/pexels-stergerz-11227918-beach-for-SPF-50-1639x2048.webp 1639w, https:\/\/charlottacarlson.com\/wp-content\/uploads\/2024\/09\/pexels-stergerz-11227918-beach-for-SPF-50-10x12.webp 10w, https:\/\/charlottacarlson.com\/wp-content\/uploads\/2024\/09\/pexels-stergerz-11227918-beach-for-SPF-50-600x750.webp 600w\" sizes=\"auto, (max-width: 385px) 100vw, 385px\" \/><span data-sheets-value=\"{\" data-sheets-userformat=\"{\" data-sheets-textstyleruns=\"{\"><strong>SPF 50, Haute protection solaire UVA et UVB avec acide hyaluronique<\/strong>. Compos\u00e9 de trois filtres solaires avec <strong>NON significatif<\/strong> <strong>ni impact n\u00e9gatif sur l'environnement<\/strong>officiellement prouv\u00e9 par des tests*. Senteur florale, <strong>PAS de traces blanches sur la peau<\/strong>La cr\u00e8me est rapidement absorb\u00e9e. Contient de l'acide hyaluronique connu pour ses propri\u00e9t\u00e9s hydratantes.<\/span><\/p>\n<p>Yuka : 100\/100<\/p>\n<p>Formule v\u00e9g\u00e9talienne<\/p>\n<p>*NF EN ISO 11348-3 et NF EN ISO 10253<\/p>\n<h3>Ingr\u00e9dients actifs :<\/h3>\n<p><span data-sheets-value=\"{\" data-sheets-userformat=\"{\">SPF 50 - UVA et UVB - Haute protection solaire. <\/span>Filtres min\u00e9raux naturels avec <span data-sheets-value=\"{\" data-sheets-userformat=\"{\" data-sheets-textstyleruns=\"{\">l'acide hyaluronique connu pour ses propri\u00e9t\u00e9s hydratantes.<\/span><\/p>\n<h3><span data-sheets-value=\"{\" data-sheets-userformat=\"{\">Origine naturelle de la base<\/span>: <span data-sheets-value=\"{\" data-sheets-userformat=\"{\">97,8% <\/span><\/h3>\n<h3><span data-sheets-value=\"{\" data-sheets-userformat=\"{\">RESPECTER LA VIE MARINE<\/span><\/h3>\n<p><img alt=\"\" loading=\"lazy\" decoding=\"async\" class=\"alignnone size-full wp-image-3060\" src=\"https:\/\/charlottacarlson.com\/wp-content\/uploads\/2023\/07\/iconsolaire.png\" width=\"250\" height=\"80\" \/><\/p>\n<h3>Mode d'emploi :<\/h3>\n<p><span data-sheets-value=\"{\" data-sheets-userformat=\"{\">Appliquer matin et soir sur une peau s\u00e8che et propre, en \u00e9vitant le contour des yeux. Masser la peau par mouvements circulaires - Utilisation quotidienne<br \/>\n<\/span><\/p>\n<p><span data-sheets-value=\"{\" data-sheets-userformat=\"{\">Appliquer la cr\u00e8me solaire avant de s'exposer au soleil. Renouvelez fr\u00e9quemment l'application pour maintenir la protection, surtout apr\u00e8s avoir transpir\u00e9, nag\u00e9 ou vous \u00eatre essuy\u00e9. \u00c9vitez de vous exposer au soleil pendant les heures d'ensoleillement maximum, sinon utilisez des v\u00eatements de protection. Ne restez pas trop longtemps au soleil, m\u00eame si vous utilisez un \u00e9cran solaire. La surexposition au soleil est une menace s\u00e9rieuse pour la sant\u00e9. N'exposez pas les b\u00e9b\u00e9s et les jeunes enfants au soleil. Ne pas appliquer sur les enfants de moins de 6 ans.<\/span><\/p>\n<h3>Liste des ingr\u00e9dients :<\/h3>\n<p><span data-sheets-value=\"{\" data-sheets-userformat=\"{\">Aqua, Dicaprylyl carbonate, Caprylic\/capric triglyceride, Bis-Ethylhexyloxyphenol Methoxyphenyl Triazine, Diethylamino Hydroxybenzoyl Hexyl benzoate, Ethylhexyl Triazone, Glycerin, Polyglyceryl-2 dipolyhydroxystearate, Inulin lauryl carbamate, Polyglyceryl-3 diisostearate, Sodium hyaluronate, Xanthan gum, Tocopherol, Parfum, Citric acid, Sodium benzoate, Potassium sorbate, Linalool, Limonene, Geraniol<\/span><\/p>\n<h3>Caract\u00e9ristiques environnementales :<\/h3>\n<p><img alt=\"\" loading=\"lazy\" decoding=\"async\" class=\"alignnone wp-image-3061 size-full\" src=\"https:\/\/charlottacarlson.com\/wp-content\/uploads\/2023\/07\/iconsolaire2.png\" width=\"419\" height=\"97\" \/><\/p>","protected":false},"excerpt":{"rendered":"<h3><img loading=\"lazy\" decoding=\"async\" class=\"wp-image-1090 alignright\" src=\"https:\/\/charlottacarlson.com\/wp-content\/uploads\/2024\/09\/pexels-stergerz-11227918-beach-for-SPF-50-240x300.webp\" alt=\"Pexels Stergerz 11227918 Beach For Spf 50\" width=\"422\" height=\"528\" srcset=\"https:\/\/charlottacarlson.com\/wp-content\/uploads\/2024\/09\/pexels-stergerz-11227918-beach-for-SPF-50-240x300.webp 240w, https:\/\/charlottacarlson.com\/wp-content\/uploads\/2024\/09\/pexels-stergerz-11227918-beach-for-SPF-50-819x1024.webp 819w, https:\/\/charlottacarlson.com\/wp-content\/uploads\/2024\/09\/pexels-stergerz-11227918-beach-for-SPF-50-768x960.webp 768w, https:\/\/charlottacarlson.com\/wp-content\/uploads\/2024\/09\/pexels-stergerz-11227918-beach-for-SPF-50-1229x1536.webp 1229w, https:\/\/charlottacarlson.com\/wp-content\/uploads\/2024\/09\/pexels-stergerz-11227918-beach-for-SPF-50-1639x2048.webp 1639w, https:\/\/charlottacarlson.com\/wp-content\/uploads\/2024\/09\/pexels-stergerz-11227918-beach-for-SPF-50-10x12.webp 10w, https:\/\/charlottacarlson.com\/wp-content\/uploads\/2024\/09\/pexels-stergerz-11227918-beach-for-SPF-50-600x750.webp 600w\" sizes=\"auto, (max-width: 422px) 100vw, 422px\" \/>Description :<\/h3>\n<p><span data-sheets-value=\"{\" data-sheets-userformat=\"{\" data-sheets-textstyleruns=\"{\"><strong>SPF 50, Haute protection solaire UVA et UVB avec acide hyaluronique<\/strong>. Compos\u00e9 de trois filtres solaires avec <strong>NON significatif<\/strong> <strong>ni impact n\u00e9gatif sur l'environnement<\/strong>officiellement prouv\u00e9 par des tests*. Senteur florale, <strong>PAS de traces blanches sur la peau<\/strong>La cr\u00e8me est rapidement absorb\u00e9e. Contient de l'acide hyaluronique connu pour ses propri\u00e9t\u00e9s hydratantes.<\/span><\/p>\n<p>*NF EN ISO 11348-3 et NF EN ISO 10253<\/p>\n<h3>Ingr\u00e9dients actifs :<\/h3>\n<p><span data-sheets-value=\"{\" data-sheets-userformat=\"{\">SPF 50 - UVA et UVB - Haute protection solaire. Filtres min\u00e9raux naturels avec acide hyaluronique connu pour ses propri\u00e9t\u00e9s hydratantes.<\/span><\/p>\n<h3><span data-sheets-value=\"{\" data-sheets-userformat=\"{\">Origine naturelle de la base de la formule<\/span>: <span data-sheets-value=\"{\" data-sheets-userformat=\"{\">97,8%<\/span><\/h3>\n<h3><span data-sheets-value=\"{\" data-sheets-userformat=\"{\">RESPECTER LA VIE MARINE<\/span><\/h3>\n<p><img alt=\"\" loading=\"lazy\" decoding=\"async\" class=\"alignnone size-full wp-image-3060\" src=\"https:\/\/charlottacarlson.com\/wp-content\/uploads\/2023\/07\/iconsolaire.png\" width=\"250\" height=\"80\" \/><\/p>\n<h3>Mode d'emploi :<\/h3>\n<p><span data-sheets-value=\"{\" data-sheets-userformat=\"{\">Appliquer matin et soir sur une peau s\u00e8che et propre, en \u00e9vitant le contour des yeux. Masser la peau par des mouvements circulaires. <\/span><span data-sheets-value=\"{\" data-sheets-userformat=\"{\">Appliquer la cr\u00e8me solaire avant de s'exposer au soleil. Renouvelez fr\u00e9quemment l'application pour maintenir la protection, surtout apr\u00e8s avoir transpir\u00e9, nag\u00e9 ou vous \u00eatre essuy\u00e9. \u00c9vitez de vous exposer au soleil pendant les heures d'ensoleillement maximum, sinon utilisez des v\u00eatements de protection. Ne restez pas trop longtemps au soleil, m\u00eame si vous utilisez un \u00e9cran solaire. La surexposition au soleil est une menace s\u00e9rieuse pour la sant\u00e9. N'exposez pas les b\u00e9b\u00e9s et les jeunes enfants au soleil. Ne pas appliquer sur les enfants de moins de 6 ans.<\/span><\/p>\n<h3>Liste des ingr\u00e9dients :<\/h3>\n<p><span data-sheets-value=\"{\" data-sheets-userformat=\"{\">Aqua, Dicaprylyl carbonate, Caprylic\/capric triglyceride, Bis-Ethylhexyloxyphenol Methoxyphenyl Triazine, Diethylamino Hydroxybenzoyl Hexyl benzoate, Ethylhexyl Triazone, Glycerin, Polyglyceryl-2 dipolyhydroxystearate, Inulin lauryl carbamate, Polyglyceryl-3 diisostearate, Sodium hyaluronate, Xanthan gum, Tocopherol, Parfum, Citric acid, Sodium benzoate, Potassium sorbate, Linalool, Limonene, Geraniol<\/span><\/p>\n<h3>Caract\u00e9ristiques environnementales :<\/h3>\n<p><img alt=\"\" loading=\"lazy\" decoding=\"async\" class=\"alignnone wp-image-3061 size-full\" src=\"https:\/\/charlottacarlson.com\/wp-content\/uploads\/2023\/07\/iconsolaire2.png\" width=\"419\" height=\"97\" \/><\/p>","protected":false},"featured_media":95,"comment_status":"open","ping_status":"closed","template":"","meta":{"_seopress_robots_primary_cat":"none","_seopress_titles_title":"","_seopress_titles_desc":"","_seopress_robots_index":"","_kad_blocks_custom_css":"","_kad_blocks_head_custom_js":"","_kad_blocks_body_custom_js":"","_kad_blocks_footer_custom_js":"","_kad_post_transparent":"default","_kad_post_title":"","_kad_post_layout":"default","_kad_post_sidebar_id":"","_kad_post_content_style":"default","_kad_post_vertical_padding":"default","_kad_post_feature":"","_kad_post_feature_position":"","_kad_post_header":false,"_kad_post_footer":false,"_kad_post_classname":""},"product_brand":[],"product_cat":[18,27,28,29],"product_tag":[30],"class_list":{"0":"post-94","1":"product","2":"type-product","3":"status-publish","4":"has-post-thumbnail","6":"product_cat-creams","7":"product_cat-multi-protection-sunscreen","8":"product_cat-pure-solaire","9":"product_cat-sun-protection","10":"product_tag-pure-solaire","12":"first","13":"instock","14":"featured","15":"taxable","16":"shipping-taxable","17":"purchasable","18":"product-type-simple","19":"entry","20":"content-bg","21":"loop-entry"},"taxonomy_info":{"product_cat":[{"value":18,"label":"Creams"},{"value":27,"label":"Multi-Protection Sunscreen"},{"value":28,"label":"Pure Solaire"},{"value":29,"label":"Sun protection"}],"product_tag":[{"value":30,"label":"Pure Solaire"}]},"featured_image_src_large":["https:\/\/charlottacarlson.com\/wp-content\/uploads\/2024\/09\/pure-solaire-1-1024x1024.jpg",1024,1024,true],"author_info":[],"comment_info":0,"_links":{"self":[{"href":"https:\/\/charlottacarlson.com\/fr\/wp-json\/wp\/v2\/product\/94","targetHints":{"allow":["GET"]}}],"collection":[{"href":"https:\/\/charlottacarlson.com\/fr\/wp-json\/wp\/v2\/product"}],"about":[{"href":"https:\/\/charlottacarlson.com\/fr\/wp-json\/wp\/v2\/types\/product"}],"replies":[{"embeddable":true,"href":"https:\/\/charlottacarlson.com\/fr\/wp-json\/wp\/v2\/comments?post=94"}],"wp:featuredmedia":[{"embeddable":true,"href":"https:\/\/charlottacarlson.com\/fr\/wp-json\/wp\/v2\/media\/95"}],"wp:attachment":[{"href":"https:\/\/charlottacarlson.com\/fr\/wp-json\/wp\/v2\/media?parent=94"}],"wp:term":[{"taxonomy":"product_brand","embeddable":true,"href":"https:\/\/charlottacarlson.com\/fr\/wp-json\/wp\/v2\/product_brand?post=94"},{"taxonomy":"product_cat","embeddable":true,"href":"https:\/\/charlottacarlson.com\/fr\/wp-json\/wp\/v2\/product_cat?post=94"},{"taxonomy":"product_tag","embeddable":true,"href":"https:\/\/charlottacarlson.com\/fr\/wp-json\/wp\/v2\/product_tag?post=94"}],"curies":[{"name":"wp","href":"https:\/\/api.w.org\/{rel}","templated":true}]}}