{"id":91,"date":"2024-09-15T17:06:25","date_gmt":"2024-09-15T17:06:25","guid":{"rendered":"https:\/\/blissful-fish-387ec5.instawp.xyz\/?post_type=product&#038;p=91"},"modified":"2025-12-18T23:57:52","modified_gmt":"2025-12-18T23:57:52","slug":"creme-anti-vieillissement-a-lor-24-k","status":"publish","type":"product","link":"https:\/\/charlottacarlson.com\/fr\/produit\/creme-anti-vieillissement-a-lor-24-k\/","title":{"rendered":"Cr\u00e8me anti-\u00e2ge \u00e0 l'or 24 k"},"content":{"rendered":"<h3 class=\"fusion-responsive-typography-calculated\" style=\"--fontsize: 25; line-height: 1.36;\" data-fontsize=\"25\" data-lineheight=\"34px\"><img loading=\"lazy\" decoding=\"async\" class=\"wp-image-1088 alignright\" src=\"https:\/\/charlottacarlson.com\/wp-content\/uploads\/2024\/09\/Golden-collagenin-and-peptide-9-Peau-d-Or-Charlotta-Carlson-300x220.webp\" alt=\"Golden Collagenin And Peptide 9 Peau D Or Charlotta Carlson\" width=\"463\" height=\"340\" srcset=\"https:\/\/charlottacarlson.com\/wp-content\/uploads\/2024\/09\/Golden-collagenin-and-peptide-9-Peau-d-Or-Charlotta-Carlson-300x220.webp 300w, https:\/\/charlottacarlson.com\/wp-content\/uploads\/2024\/09\/Golden-collagenin-and-peptide-9-Peau-d-Or-Charlotta-Carlson-1024x750.webp 1024w, https:\/\/charlottacarlson.com\/wp-content\/uploads\/2024\/09\/Golden-collagenin-and-peptide-9-Peau-d-Or-Charlotta-Carlson-768x563.webp 768w, https:\/\/charlottacarlson.com\/wp-content\/uploads\/2024\/09\/Golden-collagenin-and-peptide-9-Peau-d-Or-Charlotta-Carlson-16x12.webp 16w, https:\/\/charlottacarlson.com\/wp-content\/uploads\/2024\/09\/Golden-collagenin-and-peptide-9-Peau-d-Or-Charlotta-Carlson-600x440.webp 600w, https:\/\/charlottacarlson.com\/wp-content\/uploads\/2024\/09\/Golden-collagenin-and-peptide-9-Peau-d-Or-Charlotta-Carlson.webp 1384w\" sizes=\"auto, (max-width: 463px) 100vw, 463px\" \/>Description :<\/h3>\n<p>\"La Cr\u00e8me Or 24 carats \u00e0 action anti-rides et anti-\u00e2ge, compos\u00e9e de particules d'or d'origine naturelle, apporte \u00e0 votre peau douceur et souplesse offrant un moment de plaisir sensoriel.<\/p>\n<p>Il contient de la vitamine E connue pour ses propri\u00e9t\u00e9s antioxydantes, ainsi que <strong>Collag\u00e9nine dor\u00e9e<\/strong> associ\u00e9 au peptide ac\u00e9tyl <strong>heptapeptide-9<\/strong>Les produits d'entretien de la peau sont connus pour leur capacit\u00e9 \u00e0 att\u00e9nuer les rides\".<\/p>\n<h3 class=\"fusion-responsive-typography-calculated\" style=\"--fontsize: 25; line-height: 1.36;\" data-fontsize=\"25\" data-lineheight=\"34px\">B\u00e9n\u00e9fice :<\/h3>\n<p>Tests : Auto-\u00e9valuation r\u00e9alis\u00e9e sur 37 personnes pendant 21 jours - <span style=\"color: var(--awb-text-color); font-family: var(--awb-text-font-family); font-size: var(--awb-font-size); font-style: var(--awb-text-font-style); font-weight: var(--awb-text-font-weight); letter-spacing: var(--awb-letter-spacing); text-align: var(--awb-content-alignment); text-transform: var(--awb-text-transform); background-color: var(--awb-bg-color-hover);\">Tests effectu\u00e9s sous contr\u00f4le m\u00e9dical<\/span><\/p>\n<ul>\n<li>Peau plus douce : 100% peau douce<\/li>\n<li>Sensation de confort : 97,2%.<\/li>\n<li>Am\u00e9lioration de la fermet\u00e9 de la peau : 91,2%.<\/li>\n<li>Peau plus \u00e9lastique : 88.2%.<\/li>\n<li>Ovale du visage remodel\u00e9 : 81,3%.<\/li>\n<li>La peau para\u00eet plus jeune : 71.9%.<\/li>\n<li>Caract\u00e9ristiques froiss\u00e9es : 87,5%.<\/li>\n<li>Rides de d\u00e9coloration : 75%.<\/li>\n<li>La peau est nourrie en profondeur : 91,2%.<\/li>\n<\/ul>\n<p>Bonne sant\u00e9 le matin au r\u00e9veil :<\/p>\n<p>91.2%. - <span style=\"color: var(--awb-text-color); font-family: var(--awb-text-font-family); font-size: var(--awb-font-size); font-style: var(--awb-text-font-style); font-weight: var(--awb-text-font-weight); letter-spacing: var(--awb-letter-spacing); text-align: var(--awb-content-alignment); text-transform: var(--awb-text-transform); background-color: var(--awb-bg-color-hover);\">Une peau plus \u00e9clatante : 87.9%<\/span><\/p>\n<h3 class=\"fusion-responsive-typography-calculated\" data-fontsize=\"25\" data-lineheight=\"34px\">Ingr\u00e9dients principaux :<\/h3>\n<p><strong>Collag\u00e9nine dor\u00e9e<\/strong> et le peptide ac\u00e9tyl <strong>heptapeptide-9<\/strong><\/p>\n<h3 class=\"fusion-responsive-typography-calculated\" style=\"--fontsize: 25; line-height: 1.36;\" data-fontsize=\"25\" data-lineheight=\"34px\">Mode d'emploi :<\/h3>\n<p>Appliquer matin et soir sur une peau s\u00e8che et propre, en \u00e9vitant le contour des yeux. Masser la peau en effectuant des mouvements circulaires. Utilisation quotidienne<\/p>\n<h3 class=\"fusion-responsive-typography-calculated\" style=\"--fontsize: 25; line-height: 1.36;\" data-fontsize=\"25\" data-lineheight=\"34px\">Naturalit\u00e9 : 92%<\/h3>\n<h3 class=\"fusion-responsive-typography-calculated\" style=\"--fontsize: 25; line-height: 1.36;\" data-fontsize=\"25\" data-lineheight=\"34px\">Liste des ingr\u00e9dients :<\/h3>\n<p>Aqua, Coco-caprylate\/caprate, Glyceryl behenate, Cetyl Palmitate, <span style=\"color: var(--awb-text-color); font-family: var(--awb-text-font-family); font-size: var(--awb-font-size); font-style: var(--awb-text-font-style); font-weight: var(--awb-text-font-weight); letter-spacing: var(--awb-letter-spacing); text-align: var(--awb-content-alignment); text-transform: var(--awb-text-transform); background-color: var(--awb-bg-color-hover);\">Cyclohexasiloxane, citrate de st\u00e9arate de glyc\u00e9ryle, glyc\u00e9rine, diglyc\u00e9rine, cyclopentasiloxane, <\/span><span style=\"color: var(--awb-text-color); font-family: var(--awb-text-font-family); font-size: var(--awb-font-size); font-style: var(--awb-text-font-style); font-weight: var(--awb-text-font-weight); letter-spacing: var(--awb-letter-spacing); text-align: var(--awb-content-alignment); text-transform: var(--awb-text-transform); background-color: var(--awb-bg-color-hover);\">St\u00e9arate de polyglyc\u00e9ryle-3, Parfum, Or collo\u00efdal, Acetyl heptapeptide-9, Plancton <\/span><span style=\"color: var(--awb-text-color); font-family: var(--awb-text-font-family); font-size: var(--awb-font-size); font-style: var(--awb-text-font-style); font-weight: var(--awb-text-font-weight); letter-spacing: var(--awb-letter-spacing); text-align: var(--awb-content-alignment); text-transform: var(--awb-text-transform); background-color: var(--awb-bg-color-hover);\">Tocoph\u00e9rol, amidon de Zea mays (ma\u00efs), l\u00e9cithine hydrog\u00e9n\u00e9e, gomme xanthane, <\/span><span style=\"color: var(--awb-text-color); font-family: var(--awb-text-font-family); font-size: var(--awb-font-size); font-style: var(--awb-text-font-style); font-weight: var(--awb-text-font-weight); letter-spacing: var(--awb-letter-spacing); text-align: var(--awb-content-alignment); text-transform: var(--awb-text-transform); background-color: var(--awb-bg-color-hover);\">Dim\u00e9thiconol, Maltodextrine, Polyacrylamide, Ac\u00e9tate de tocoph\u00e9ryle, Mica, C13-14 <\/span><span style=\"color: var(--awb-text-color); font-family: var(--awb-text-font-family); font-size: var(--awb-font-size); font-style: var(--awb-text-font-style); font-weight: var(--awb-text-font-weight); letter-spacing: var(--awb-letter-spacing); text-align: var(--awb-content-alignment); text-transform: var(--awb-text-transform); background-color: var(--awb-bg-color-hover);\">Isoparaffine, Laureth-7, Hydroxyde de sodium, Acide citrique, Acide d\u00e9hydroac\u00e9tique, Sodium <\/span><span style=\"color: var(--awb-text-color); font-family: var(--awb-text-font-family); font-size: var(--awb-font-size); font-style: var(--awb-text-font-style); font-weight: var(--awb-text-font-weight); letter-spacing: var(--awb-letter-spacing); text-align: var(--awb-content-alignment); text-transform: var(--awb-text-transform); background-color: var(--awb-bg-color-hover);\">benzoate, sorbate de potassium, alcool benzylique, CI 77891, CI 77491\u2033.<\/span><\/p>\n<h3 class=\"fusion-responsive-typography-calculated\" style=\"--fontsize: 25; line-height: 1.36;\" data-fontsize=\"25\" data-lineheight=\"34px\">Caract\u00e9ristiques environnementales :<\/h3>\n<p><img alt=\"\" loading=\"lazy\" decoding=\"async\" class=\"alignnone wp-image-2935 size-full\" src=\"https:\/\/charlottacarlson.com\/wp-content\/uploads\/2019\/11\/BM.jpg\" width=\"332\" height=\"96\" \/><\/p>","protected":false},"excerpt":{"rendered":"<h3 class=\"fusion-responsive-typography-calculated\" style=\"--fontsize: 25; line-height: 1.36;\" data-fontsize=\"25\" data-lineheight=\"34px\"><img loading=\"lazy\" decoding=\"async\" class=\"wp-image-1088 alignright\" src=\"https:\/\/charlottacarlson.com\/wp-content\/uploads\/2024\/09\/Golden-collagenin-and-peptide-9-Peau-d-Or-Charlotta-Carlson-300x220.webp\" alt=\"Golden Collagenin And Peptide 9 Peau D Or Charlotta Carlson\" width=\"494\" height=\"362\" srcset=\"https:\/\/charlottacarlson.com\/wp-content\/uploads\/2024\/09\/Golden-collagenin-and-peptide-9-Peau-d-Or-Charlotta-Carlson-300x220.webp 300w, https:\/\/charlottacarlson.com\/wp-content\/uploads\/2024\/09\/Golden-collagenin-and-peptide-9-Peau-d-Or-Charlotta-Carlson-1024x750.webp 1024w, https:\/\/charlottacarlson.com\/wp-content\/uploads\/2024\/09\/Golden-collagenin-and-peptide-9-Peau-d-Or-Charlotta-Carlson-768x563.webp 768w, https:\/\/charlottacarlson.com\/wp-content\/uploads\/2024\/09\/Golden-collagenin-and-peptide-9-Peau-d-Or-Charlotta-Carlson-16x12.webp 16w, https:\/\/charlottacarlson.com\/wp-content\/uploads\/2024\/09\/Golden-collagenin-and-peptide-9-Peau-d-Or-Charlotta-Carlson-600x440.webp 600w, https:\/\/charlottacarlson.com\/wp-content\/uploads\/2024\/09\/Golden-collagenin-and-peptide-9-Peau-d-Or-Charlotta-Carlson.webp 1384w\" sizes=\"auto, (max-width: 494px) 100vw, 494px\" \/>Description :<\/h3>\n<p>\"La Cr\u00e8me Or 24 carats \u00e0 action anti-rides et anti-\u00e2ge, compos\u00e9e de particules d'or d'origine naturelle, apporte \u00e0 votre peau douceur et souplesse offrant un moment de plaisir sensoriel.<\/p>\n<p>Il contient de la vitamine E connue pour ses propri\u00e9t\u00e9s antioxydantes, ainsi que de la collag\u00e9nine dor\u00e9e associ\u00e9e au peptide ac\u00e9tyl heptapeptide-9, connus pour leur effet de lissage des rides\".<\/p>\n<h3 class=\"fusion-responsive-typography-calculated\" style=\"--fontsize: 25; line-height: 1.36;\" data-fontsize=\"25\" data-lineheight=\"34px\">B\u00e9n\u00e9fice :<\/h3>\n<p>Tests : Auto-\u00e9valuation r\u00e9alis\u00e9e sur 37 personnes pendant 21 jours - <span style=\"color: var(--awb-text-color); font-family: var(--awb-text-font-family); font-size: var(--awb-font-size); font-style: var(--awb-text-font-style); font-weight: var(--awb-text-font-weight); letter-spacing: var(--awb-letter-spacing); text-align: var(--awb-content-alignment); text-transform: var(--awb-text-transform); background-color: var(--awb-bg-color-hover);\">Tests effectu\u00e9s sous contr\u00f4le m\u00e9dical<\/span><\/p>\n<ul>\n<li>Peau plus douce : 100% peau douce<\/li>\n<li>Sensation de confort : 97,2%.<\/li>\n<li>Am\u00e9lioration de la fermet\u00e9 de la peau : 91,2%.<\/li>\n<li>Peau plus \u00e9lastique : 88.2%.<\/li>\n<li>Ovale du visage remodel\u00e9 : 81,3%.<\/li>\n<li>La peau para\u00eet plus jeune : 71.9%.<\/li>\n<li>Caract\u00e9ristiques froiss\u00e9es : 87,5%.<\/li>\n<li>Rides de d\u00e9coloration : 75%.<\/li>\n<li>La peau est nourrie en profondeur : 91,2%.<\/li>\n<\/ul>\n<p>Bonne sant\u00e9 le matin au r\u00e9veil :<\/p>\n<p>91.2%. - <span style=\"color: var(--awb-text-color); font-family: var(--awb-text-font-family); font-size: var(--awb-font-size); font-style: var(--awb-text-font-style); font-weight: var(--awb-text-font-weight); letter-spacing: var(--awb-letter-spacing); text-align: var(--awb-content-alignment); text-transform: var(--awb-text-transform); background-color: var(--awb-bg-color-hover);\">Une peau plus \u00e9clatante : 87.9%<\/span><\/p>\n<h3 class=\"fusion-responsive-typography-calculated\" data-fontsize=\"25\" data-lineheight=\"34px\">Ingr\u00e9dients principaux :<\/h3>\n<p><strong>Collag\u00e9nine dor\u00e9e<\/strong> et le peptide ac\u00e9tyl <strong>heptapeptide-9<\/strong><\/p>\n<h3 class=\"fusion-responsive-typography-calculated\" style=\"--fontsize: 25; line-height: 1.36;\" data-fontsize=\"25\" data-lineheight=\"34px\">Mode d'emploi :<\/h3>\n<p>Appliquer matin et soir sur une peau s\u00e8che et propre, en \u00e9vitant le contour des yeux. Masser la peau en effectuant des mouvements circulaires. Utilisation quotidienne<\/p>\n<h3 class=\"fusion-responsive-typography-calculated\" style=\"--fontsize: 25; line-height: 1.36;\" data-fontsize=\"25\" data-lineheight=\"34px\">Naturalit\u00e9 : 92%<\/h3>\n<h3 class=\"fusion-responsive-typography-calculated\" style=\"--fontsize: 25; line-height: 1.36;\" data-fontsize=\"25\" data-lineheight=\"34px\">Liste des ingr\u00e9dients :<\/h3>\n<p>Aqua, Coco-caprylate\/caprate, Glyceryl behenate, Cetyl Palmitate, <span style=\"color: var(--awb-text-color); font-family: var(--awb-text-font-family); font-size: var(--awb-font-size); font-style: var(--awb-text-font-style); font-weight: var(--awb-text-font-weight); letter-spacing: var(--awb-letter-spacing); text-align: var(--awb-content-alignment); text-transform: var(--awb-text-transform); background-color: var(--awb-bg-color-hover);\">Cyclohexasiloxane, citrate de st\u00e9arate de glyc\u00e9ryle, glyc\u00e9rine, diglyc\u00e9rine, cyclopentasiloxane, <\/span><span style=\"color: var(--awb-text-color); font-family: var(--awb-text-font-family); font-size: var(--awb-font-size); font-style: var(--awb-text-font-style); font-weight: var(--awb-text-font-weight); letter-spacing: var(--awb-letter-spacing); text-align: var(--awb-content-alignment); text-transform: var(--awb-text-transform); background-color: var(--awb-bg-color-hover);\">St\u00e9arate de polyglyc\u00e9ryle-3, Parfum, Or collo\u00efdal, Acetyl heptapeptide-9, Plancton <\/span><span style=\"color: var(--awb-text-color); font-family: var(--awb-text-font-family); font-size: var(--awb-font-size); font-style: var(--awb-text-font-style); font-weight: var(--awb-text-font-weight); letter-spacing: var(--awb-letter-spacing); text-align: var(--awb-content-alignment); text-transform: var(--awb-text-transform); background-color: var(--awb-bg-color-hover);\">Tocoph\u00e9rol, amidon de Zea mays (ma\u00efs), l\u00e9cithine hydrog\u00e9n\u00e9e, gomme xanthane, <\/span><span style=\"color: var(--awb-text-color); font-family: var(--awb-text-font-family); font-size: var(--awb-font-size); font-style: var(--awb-text-font-style); font-weight: var(--awb-text-font-weight); letter-spacing: var(--awb-letter-spacing); text-align: var(--awb-content-alignment); text-transform: var(--awb-text-transform); background-color: var(--awb-bg-color-hover);\">Dim\u00e9thiconol, Maltodextrine, Polyacrylamide, Ac\u00e9tate de tocoph\u00e9ryle, Mica, C13-14 <\/span><span style=\"color: var(--awb-text-color); font-family: var(--awb-text-font-family); font-size: var(--awb-font-size); font-style: var(--awb-text-font-style); font-weight: var(--awb-text-font-weight); letter-spacing: var(--awb-letter-spacing); text-align: var(--awb-content-alignment); text-transform: var(--awb-text-transform); background-color: var(--awb-bg-color-hover);\">Isoparaffine, Laureth-7, Hydroxyde de sodium, Acide citrique, Acide d\u00e9hydroac\u00e9tique, Sodium <\/span><span style=\"color: var(--awb-text-color); font-family: var(--awb-text-font-family); font-size: var(--awb-font-size); font-style: var(--awb-text-font-style); font-weight: var(--awb-text-font-weight); letter-spacing: var(--awb-letter-spacing); text-align: var(--awb-content-alignment); text-transform: var(--awb-text-transform); background-color: var(--awb-bg-color-hover);\">benzoate, sorbate de potassium, alcool benzylique, CI 77891, CI 77491\u2033.<\/span><\/p>\n<h3 class=\"fusion-responsive-typography-calculated\" style=\"--fontsize: 25; line-height: 1.36;\" data-fontsize=\"25\" data-lineheight=\"34px\">Caract\u00e9ristiques environnementales :<\/h3>\n<p><img alt=\"\" loading=\"lazy\" decoding=\"async\" class=\"alignnone wp-image-2935 size-full\" src=\"https:\/\/charlottacarlson.com\/wp-content\/uploads\/2019\/11\/BM.jpg\" width=\"332\" height=\"96\" \/><\/p>","protected":false},"featured_media":92,"comment_status":"open","ping_status":"closed","template":"","meta":{"_seopress_robots_primary_cat":"","_seopress_titles_title":"","_seopress_titles_desc":"","_seopress_robots_index":"","_kad_blocks_custom_css":"","_kad_blocks_head_custom_js":"","_kad_blocks_body_custom_js":"","_kad_blocks_footer_custom_js":"","_kad_post_transparent":"default","_kad_post_title":"","_kad_post_layout":"default","_kad_post_sidebar_id":"","_kad_post_content_style":"default","_kad_post_vertical_padding":"default","_kad_post_feature":"","_kad_post_feature_position":"","_kad_post_header":false,"_kad_post_footer":false,"_kad_post_classname":""},"product_brand":[],"product_cat":[16,18],"product_tag":[24],"class_list":{"0":"post-91","1":"product","2":"type-product","3":"status-publish","4":"has-post-thumbnail","6":"product_cat-anti-age-anti-wrinkle","7":"product_cat-creams","8":"product_tag-peau-dor","10":"first","11":"instock","12":"featured","13":"taxable","14":"shipping-taxable","15":"purchasable","16":"product-type-simple","17":"entry","18":"content-bg","19":"loop-entry"},"taxonomy_info":{"product_cat":[{"value":16,"label":"Anti-Age &amp; Anti-wrinkle"},{"value":18,"label":"Creams"}],"product_tag":[{"value":24,"label":"Peau D\u2019Or"}]},"featured_image_src_large":["https:\/\/charlottacarlson.com\/wp-content\/uploads\/2024\/09\/Anti-aging-24k-gold-Cream-1-1024x1024.jpg",1024,1024,true],"author_info":[],"comment_info":1,"_links":{"self":[{"href":"https:\/\/charlottacarlson.com\/fr\/wp-json\/wp\/v2\/product\/91","targetHints":{"allow":["GET"]}}],"collection":[{"href":"https:\/\/charlottacarlson.com\/fr\/wp-json\/wp\/v2\/product"}],"about":[{"href":"https:\/\/charlottacarlson.com\/fr\/wp-json\/wp\/v2\/types\/product"}],"replies":[{"embeddable":true,"href":"https:\/\/charlottacarlson.com\/fr\/wp-json\/wp\/v2\/comments?post=91"}],"wp:featuredmedia":[{"embeddable":true,"href":"https:\/\/charlottacarlson.com\/fr\/wp-json\/wp\/v2\/media\/92"}],"wp:attachment":[{"href":"https:\/\/charlottacarlson.com\/fr\/wp-json\/wp\/v2\/media?parent=91"}],"wp:term":[{"taxonomy":"product_brand","embeddable":true,"href":"https:\/\/charlottacarlson.com\/fr\/wp-json\/wp\/v2\/product_brand?post=91"},{"taxonomy":"product_cat","embeddable":true,"href":"https:\/\/charlottacarlson.com\/fr\/wp-json\/wp\/v2\/product_cat?post=91"},{"taxonomy":"product_tag","embeddable":true,"href":"https:\/\/charlottacarlson.com\/fr\/wp-json\/wp\/v2\/product_tag?post=91"}],"curies":[{"name":"wp","href":"https:\/\/api.w.org\/{rel}","templated":true}]}}