{"id":83,"date":"2024-09-15T17:06:11","date_gmt":"2024-09-15T17:06:11","guid":{"rendered":"https:\/\/blissful-fish-387ec5.instawp.xyz\/?post_type=product&#038;p=83"},"modified":"2024-11-20T09:55:54","modified_gmt":"2024-11-20T09:55:54","slug":"masque-anti-vieillissement-en-or-24-k","status":"publish","type":"product","link":"https:\/\/charlottacarlson.com\/fr\/produit\/masque-anti-vieillissement-en-or-24-k\/","title":{"rendered":"Masque anti-\u00e2ge \u00e0 l'or 24 k"},"content":{"rendered":"<p><span data-sheets-value=\"{&quot;1&quot;:2,&quot;2&quot;:&quot;Peau D'Or&quot;}\" data-sheets-userformat=\"{&quot;2&quot;:14465,&quot;3&quot;:{&quot;1&quot;:0,&quot;3&quot;:1},&quot;10&quot;:1,&quot;14&quot;:{&quot;1&quot;:3,&quot;3&quot;:1},&quot;15&quot;:&quot;Calibri&quot;,&quot;16&quot;:11}\"><img loading=\"lazy\" decoding=\"async\" class=\"wp-image-1088 alignright\" src=\"https:\/\/charlottacarlson.com\/wp-content\/uploads\/2024\/09\/Golden-collagenin-and-peptide-9-Peau-d-Or-Charlotta-Carlson-300x220.webp\" alt=\"Golden Collagenin And Peptide 9 Peau D Or Charlotta Carlson\" width=\"428\" height=\"314\" srcset=\"https:\/\/charlottacarlson.com\/wp-content\/uploads\/2024\/09\/Golden-collagenin-and-peptide-9-Peau-d-Or-Charlotta-Carlson-300x220.webp 300w, https:\/\/charlottacarlson.com\/wp-content\/uploads\/2024\/09\/Golden-collagenin-and-peptide-9-Peau-d-Or-Charlotta-Carlson-1024x750.webp 1024w, https:\/\/charlottacarlson.com\/wp-content\/uploads\/2024\/09\/Golden-collagenin-and-peptide-9-Peau-d-Or-Charlotta-Carlson-768x563.webp 768w, https:\/\/charlottacarlson.com\/wp-content\/uploads\/2024\/09\/Golden-collagenin-and-peptide-9-Peau-d-Or-Charlotta-Carlson-16x12.webp 16w, https:\/\/charlottacarlson.com\/wp-content\/uploads\/2024\/09\/Golden-collagenin-and-peptide-9-Peau-d-Or-Charlotta-Carlson-600x440.webp 600w, https:\/\/charlottacarlson.com\/wp-content\/uploads\/2024\/09\/Golden-collagenin-and-peptide-9-Peau-d-Or-Charlotta-Carlson.webp 1384w\" sizes=\"auto, (max-width: 428px) 100vw, 428px\" \/>Peau d'Or<\/span><\/p>\n<p><span data-sheets-value=\"{\" data-sheets-userformat=\"{\">Le masque or 24 carats \u00e0 action anti-rides et anti-\u00e2ge, compos\u00e9 de particules d'or d'origine naturelle, apporte \u00e0 votre peau douceur et souplesse offrant un moment de plaisir sensoriel.<br \/>\nIl contient de la vitamine E connue pour ses propri\u00e9t\u00e9s antioxydantes, ainsi que de la collag\u00e9nine dor\u00e9e associ\u00e9e au peptide ac\u00e9tyl heptapeptide-9, connus pour leur effet de lissage des rides.<\/span><\/p>\n<h3>B\u00e9n\u00e9fice :<\/h3>\n<p><span data-sheets-value=\"{\" data-sheets-userformat=\"{\">Tests : Auto-\u00e9valuation r\u00e9alis\u00e9e sur 37 personnes pendant 21 jours.<br \/>\nTests effectu\u00e9s sous contr\u00f4le m\u00e9dical<br \/>\n<\/span><\/p>\n<ul>\n<li><span data-sheets-value=\"{\" data-sheets-userformat=\"{\">Une peau nourrie : 91.9%<br \/>\n<\/span><\/li>\n<li><span data-sheets-value=\"{\" data-sheets-userformat=\"{\">La peau est douce apr\u00e8s utilisation : 97.3%<br \/>\n<\/span><\/li>\n<li><span data-sheets-value=\"{\" data-sheets-userformat=\"{\">Sensation de confort : 100%<br \/>\n<\/span><\/li>\n<li><span data-sheets-value=\"{\" data-sheets-userformat=\"{\">Texture agr\u00e9able : 100%<br \/>\n<\/span><\/li>\n<li><span data-sheets-value=\"{\" data-sheets-userformat=\"{\">Odeur agr\u00e9able : 97.3%<br \/>\n<\/span><\/li>\n<li><span data-sheets-value=\"{\" data-sheets-userformat=\"{\">Produit \u00e0 tartiner : 100%<br \/>\n<\/span><\/li>\n<li><span data-sheets-value=\"{\" data-sheets-userformat=\"{\">Produit convivial : 100%<\/span><\/li>\n<\/ul>\n<h3>Ingr\u00e9dients actifs :<\/h3>\n<p><span data-sheets-value=\"{\" data-sheets-userformat=\"{\">Collag\u00e8ne dor\u00e9 (or 24 k) et paillettes dor\u00e9es, vitamine E, beurre de karit\u00e9, huile d'avocat, huile de son de riz, huile de tournesol.<\/span><\/p>\n<h3>Mode d'emploi :<\/h3>\n<p><span data-sheets-value=\"{\" data-sheets-userformat=\"{\">Appliquer le masque en couche \u00e9paisse sur l'ensemble du visage propre. \u00c9viter le contour des yeux. En cas de contact avec les yeux, rincer abondamment \u00e0 l'eau claire. Laisser agir pendant 10 \u00e0 15 minutes. Retirer l'exc\u00e9dent \u00e0 l'aide d'une \u00e9ponge ou d'un mouchoir en papier humide. Utiliser le traitement une \u00e0 deux fois par semaine.<\/span><\/p>\n<h3>Naturalit\u00e9 : <span data-sheets-value=\"{\" data-sheets-userformat=\"{\">97,8%<\/span><\/h3>\n<h3>Liste des ingr\u00e9dients :<\/h3>\n<p><span data-sheets-value=\"{\" data-sheets-userformat=\"{\">Aqua, Helianthus annuus hybrid oil*, Glycerin, Cetyl babassuate, Glyceryl behenate, Butyrospermum parkii butter*, Cetearyl alcohol , Glyceryl stearate, Parfum, Sodium lauroyl glutamate, Stearic acid, Colloidal gold, Acetyl heptapeptide-9, Alaria esculenta extract, Huile de Persea gratissima (avocat)*, huile de son de riz (Oryza sativa), huile d'olus, triglyc\u00e9ride caprylique\/caprique, ac\u00e9tate de tocoph\u00e9ryle, huile v\u00e9g\u00e9tale hydrog\u00e9n\u00e9e, Candelilla cera, Mica, Maltodextrine, Acide d\u00e9hydroac\u00e9tique, Alcool benzylique, CI 77891, CI 77491 *Ingr\u00e9dients issus de l'agriculture biologique.<\/span><\/p>\n<h3>Caract\u00e9ristiques environnementales :<\/h3>\n<p><img alt=\"\" loading=\"lazy\" decoding=\"async\" class=\"alignnone wp-image-2935 size-full\" src=\"https:\/\/charlottacarlson.com\/wp-content\/uploads\/2019\/11\/BM.jpg\" width=\"332\" height=\"96\" \/><\/p>","protected":false},"excerpt":{"rendered":"<p><span data-sheets-value=\"{\" data-sheets-userformat=\"{\"><img loading=\"lazy\" decoding=\"async\" class=\"size-medium wp-image-1088 alignright\" src=\"https:\/\/charlottacarlson.com\/wp-content\/uploads\/2024\/09\/Golden-collagenin-and-peptide-9-Peau-d-Or-Charlotta-Carlson-300x220.webp\" alt=\"Golden Collagenin And Peptide 9 Peau D Or Charlotta Carlson\" width=\"300\" height=\"220\" srcset=\"https:\/\/charlottacarlson.com\/wp-content\/uploads\/2024\/09\/Golden-collagenin-and-peptide-9-Peau-d-Or-Charlotta-Carlson-300x220.webp 300w, https:\/\/charlottacarlson.com\/wp-content\/uploads\/2024\/09\/Golden-collagenin-and-peptide-9-Peau-d-Or-Charlotta-Carlson-1024x750.webp 1024w, https:\/\/charlottacarlson.com\/wp-content\/uploads\/2024\/09\/Golden-collagenin-and-peptide-9-Peau-d-Or-Charlotta-Carlson-768x563.webp 768w, https:\/\/charlottacarlson.com\/wp-content\/uploads\/2024\/09\/Golden-collagenin-and-peptide-9-Peau-d-Or-Charlotta-Carlson-16x12.webp 16w, https:\/\/charlottacarlson.com\/wp-content\/uploads\/2024\/09\/Golden-collagenin-and-peptide-9-Peau-d-Or-Charlotta-Carlson-600x440.webp 600w, https:\/\/charlottacarlson.com\/wp-content\/uploads\/2024\/09\/Golden-collagenin-and-peptide-9-Peau-d-Or-Charlotta-Carlson.webp 1384w\" sizes=\"auto, (max-width: 300px) 100vw, 300px\" \/>Le masque or 24 carats \u00e0 action anti-rides et anti-\u00e2ge, compos\u00e9 de particules d'or d'origine naturelle, apporte \u00e0 votre peau douceur et souplesse offrant un moment de plaisir sensoriel.<br \/>\nIl contient de la vitamine E connue pour ses propri\u00e9t\u00e9s antioxydantes, ainsi que de la collag\u00e9nine dor\u00e9e associ\u00e9e au peptide ac\u00e9tyl heptapeptide-9, connus pour leur effet de lissage des rides.<\/span><\/p>","protected":false},"featured_media":84,"comment_status":"open","ping_status":"closed","template":"","meta":{"_seopress_robots_primary_cat":"","_seopress_titles_title":"","_seopress_titles_desc":"","_seopress_robots_index":"","_kad_blocks_custom_css":"","_kad_blocks_head_custom_js":"","_kad_blocks_body_custom_js":"","_kad_blocks_footer_custom_js":"","_kad_post_transparent":"default","_kad_post_title":"","_kad_post_layout":"default","_kad_post_sidebar_id":"","_kad_post_content_style":"default","_kad_post_vertical_padding":"default","_kad_post_feature":"","_kad_post_feature_position":"","_kad_post_header":false,"_kad_post_footer":false,"_kad_post_classname":""},"product_brand":[],"product_cat":[16,23],"product_tag":[24],"class_list":{"0":"post-83","1":"product","2":"type-product","3":"status-publish","4":"has-post-thumbnail","6":"product_cat-anti-age-anti-wrinkle","7":"product_cat-masks","8":"product_tag-peau-dor","10":"first","11":"instock","12":"featured","13":"taxable","14":"shipping-taxable","15":"purchasable","16":"product-type-simple","17":"entry","18":"content-bg","19":"loop-entry"},"taxonomy_info":{"product_cat":[{"value":16,"label":"Anti-Age &amp; Anti-wrinkle"},{"value":23,"label":"Masks"}],"product_tag":[{"value":24,"label":"Peau D\u2019Or"}]},"featured_image_src_large":["https:\/\/charlottacarlson.com\/wp-content\/uploads\/2024\/09\/Anti-aging-24k-gold-Mask-1-1024x1024.jpg",1024,1024,true],"author_info":[],"comment_info":0,"_links":{"self":[{"href":"https:\/\/charlottacarlson.com\/fr\/wp-json\/wp\/v2\/product\/83","targetHints":{"allow":["GET"]}}],"collection":[{"href":"https:\/\/charlottacarlson.com\/fr\/wp-json\/wp\/v2\/product"}],"about":[{"href":"https:\/\/charlottacarlson.com\/fr\/wp-json\/wp\/v2\/types\/product"}],"replies":[{"embeddable":true,"href":"https:\/\/charlottacarlson.com\/fr\/wp-json\/wp\/v2\/comments?post=83"}],"wp:featuredmedia":[{"embeddable":true,"href":"https:\/\/charlottacarlson.com\/fr\/wp-json\/wp\/v2\/media\/84"}],"wp:attachment":[{"href":"https:\/\/charlottacarlson.com\/fr\/wp-json\/wp\/v2\/media?parent=83"}],"wp:term":[{"taxonomy":"product_brand","embeddable":true,"href":"https:\/\/charlottacarlson.com\/fr\/wp-json\/wp\/v2\/product_brand?post=83"},{"taxonomy":"product_cat","embeddable":true,"href":"https:\/\/charlottacarlson.com\/fr\/wp-json\/wp\/v2\/product_cat?post=83"},{"taxonomy":"product_tag","embeddable":true,"href":"https:\/\/charlottacarlson.com\/fr\/wp-json\/wp\/v2\/product_tag?post=83"}],"curies":[{"name":"wp","href":"https:\/\/api.w.org\/{rel}","templated":true}]}}