{"id":80,"date":"2024-09-15T17:06:05","date_gmt":"2024-09-15T17:06:05","guid":{"rendered":"https:\/\/blissful-fish-387ec5.instawp.xyz\/?post_type=product&#038;p=80"},"modified":"2024-11-20T09:46:38","modified_gmt":"2024-11-20T09:46:38","slug":"serum-eclaircissant","status":"publish","type":"product","link":"https:\/\/charlottacarlson.com\/fr\/produit\/serum-eclaircissant\/","title":{"rendered":"S\u00e9rum \u00e9claircissant"},"content":{"rendered":"<h3><img loading=\"lazy\" decoding=\"async\" class=\"wp-image-1085 alignright\" src=\"https:\/\/charlottacarlson.com\/wp-content\/uploads\/2024\/09\/Diamond-Wheat-brain-ingredient-Diamant-Blanc-Charlotta-Carlson-v2-1-300x205.webp\" alt=\"Diamond Wheat Brain Ingredient Diamant Blanc Charlotta Carlson V2 1\" width=\"522\" height=\"357\" srcset=\"https:\/\/charlottacarlson.com\/wp-content\/uploads\/2024\/09\/Diamond-Wheat-brain-ingredient-Diamant-Blanc-Charlotta-Carlson-v2-1-300x205.webp 300w, https:\/\/charlottacarlson.com\/wp-content\/uploads\/2024\/09\/Diamond-Wheat-brain-ingredient-Diamant-Blanc-Charlotta-Carlson-v2-1-1024x699.webp 1024w, https:\/\/charlottacarlson.com\/wp-content\/uploads\/2024\/09\/Diamond-Wheat-brain-ingredient-Diamant-Blanc-Charlotta-Carlson-v2-1-768x524.webp 768w, https:\/\/charlottacarlson.com\/wp-content\/uploads\/2024\/09\/Diamond-Wheat-brain-ingredient-Diamant-Blanc-Charlotta-Carlson-v2-1-18x12.webp 18w, https:\/\/charlottacarlson.com\/wp-content\/uploads\/2024\/09\/Diamond-Wheat-brain-ingredient-Diamant-Blanc-Charlotta-Carlson-v2-1-600x410.webp 600w, https:\/\/charlottacarlson.com\/wp-content\/uploads\/2024\/09\/Diamond-Wheat-brain-ingredient-Diamant-Blanc-Charlotta-Carlson-v2-1.webp 1462w\" sizes=\"auto, (max-width: 522px) 100vw, 522px\" \/>Description :<\/h3>\n<p><span data-sheets-value=\"{\" data-sheets-userformat=\"{\">Ce s\u00e9rum diamant \u00e9claircissant \u00e0 la texture fluide apporte souplesse et hydratation \u00e0 votre peau. La peau est plus douce et son action \u00e9claircissante vous donne un teint lumineux et uniforme.<\/span><\/p>\n<h3>B\u00e9n\u00e9fice :<\/h3>\n<ul>\n<li>Extrait de diamant connu pour <b>exfolier la peau et lisser les imperfections<\/b><\/li>\n<li>Extrait de son de bl\u00e9 connu pour <b>Blanchiment, d\u00e9pigmentation et \u00e9claircissement <\/b>ingr\u00e9dient actif.<\/li>\n<li><span data-sheets-value=\"{\" data-sheets-userformat=\"{\">Action \u00e9claircissante sur le teint : 55.17%<br \/>\n<\/span><\/li>\n<li><span data-sheets-value=\"{\" data-sheets-userformat=\"{\">Action sur l'uniformit\u00e9 du teint : 68.97%<br \/>\n<\/span><\/li>\n<li><span data-sheets-value=\"{\" data-sheets-userformat=\"{\">Action sur la luminosit\u00e9 du teint : 75.86%\"<\/span><\/li>\n<li><span data-sheets-value=\"{\" data-sheets-userformat=\"{\">Auto-\u00e9valuation r\u00e9alis\u00e9e aupr\u00e8s de 29 personnes pendant 28 jours<\/span><\/li>\n<\/ul>\n<h3>Ingr\u00e9dients actifs :<\/h3>\n<p><span data-sheets-value=\"{\" data-sheets-userformat=\"{\">Extrait de diamant et extrait de son de bl\u00e9<\/span><\/p>\n<h3>Mode d'emploi :<\/h3>\n<p><span data-sheets-value=\"{\" data-sheets-userformat=\"{\">Appliquer matin et soir sur l'ensemble du visage propre et sec, en \u00e9vitant le contour des yeux, par de l\u00e9gers massages avant la cr\u00e8me de jour ou de nuit - Utilisation quotidienne<\/span><\/p>\n<h3>Naturalit\u00e9 : <span data-sheets-value=\"{\" data-sheets-userformat=\"{\">92%<\/span><\/h3>\n<h3>Liste des ingr\u00e9dients :<\/h3>\n<p><span data-sheets-value=\"{\" data-sheets-userformat=\"{\">Aqua, Propanediol, Glycerin, Dimethicone, Polyglyceryl-6 distearate, Diglycerin, Cyclopentasiloxane, Diamond Powder, Jojoba esters, Hydrolyzed wheat flour, Tocopheryl acetate, Parfum, Mica, Cetyl alcohol, Polyglyceryl-3 beeswax, Acrylates\/C10-30 alkyl acrylate crosspolymer, Dimethiconol, Xanthan gum, Sodium gluconate, Salicylic acid, Sorbic acid, Citric acid, Lactic Acid, Sodium hydroxide, Sodium benzoate, Potassium sorbate, Benzyl alcohol, CI 77891<\/span><\/p>\n<h3>Caract\u00e9ristiques environnementales :<\/h3>\n<p><img alt=\"\" loading=\"lazy\" decoding=\"async\" class=\"alignnone wp-image-2935 size-full\" src=\"https:\/\/charlottacarlson.com\/wp-content\/uploads\/2019\/11\/BM.jpg\" width=\"332\" height=\"96\" \/><\/p>","protected":false},"excerpt":{"rendered":"<h3><img loading=\"lazy\" decoding=\"async\" class=\"wp-image-1085 alignright\" src=\"https:\/\/charlottacarlson.com\/wp-content\/uploads\/2024\/09\/Diamond-Wheat-brain-ingredient-Diamant-Blanc-Charlotta-Carlson-v2-1-300x205.webp\" alt=\"Diamond Wheat Brain Ingredient Diamant Blanc Charlotta Carlson V2 1\" width=\"435\" height=\"297\" srcset=\"https:\/\/charlottacarlson.com\/wp-content\/uploads\/2024\/09\/Diamond-Wheat-brain-ingredient-Diamant-Blanc-Charlotta-Carlson-v2-1-300x205.webp 300w, https:\/\/charlottacarlson.com\/wp-content\/uploads\/2024\/09\/Diamond-Wheat-brain-ingredient-Diamant-Blanc-Charlotta-Carlson-v2-1-1024x699.webp 1024w, https:\/\/charlottacarlson.com\/wp-content\/uploads\/2024\/09\/Diamond-Wheat-brain-ingredient-Diamant-Blanc-Charlotta-Carlson-v2-1-768x524.webp 768w, https:\/\/charlottacarlson.com\/wp-content\/uploads\/2024\/09\/Diamond-Wheat-brain-ingredient-Diamant-Blanc-Charlotta-Carlson-v2-1-18x12.webp 18w, https:\/\/charlottacarlson.com\/wp-content\/uploads\/2024\/09\/Diamond-Wheat-brain-ingredient-Diamant-Blanc-Charlotta-Carlson-v2-1-600x410.webp 600w, https:\/\/charlottacarlson.com\/wp-content\/uploads\/2024\/09\/Diamond-Wheat-brain-ingredient-Diamant-Blanc-Charlotta-Carlson-v2-1.webp 1462w\" sizes=\"auto, (max-width: 435px) 100vw, 435px\" \/>Description :<\/h3>\n<p><span data-sheets-value=\"{\" data-sheets-userformat=\"{\">Ce s\u00e9rum diamant \u00e9claircissant \u00e0 la texture fluide apporte souplesse et hydratation \u00e0 votre peau. La peau est plus douce et son action \u00e9claircissante vous donne un teint lumineux et uniforme.<\/span><\/p>\n<h3>B\u00e9n\u00e9fice :<\/h3>\n<ul>\n<li>Extrait de diamant connu pour <b>exfolier la peau et lisser les imperfections<\/b><\/li>\n<li>Extrait de son de bl\u00e9 connu pour <b>Blanchiment, d\u00e9pigmentation et \u00e9claircissement <\/b>ingr\u00e9dient actif.<span data-sheets-value=\"{\" data-sheets-userformat=\"{\"><br \/>\n<\/span><\/li>\n<li><span data-sheets-value=\"{\" data-sheets-userformat=\"{\">Action \u00e9claircissante sur le teint : 55.17%<br \/>\n<\/span><\/li>\n<li><span data-sheets-value=\"{\" data-sheets-userformat=\"{\">Action sur l'uniformit\u00e9 du teint : 68.97%<br \/>\n<\/span><\/li>\n<li><span data-sheets-value=\"{\" data-sheets-userformat=\"{\">Action sur la luminosit\u00e9 du teint : 75.86%\"<\/span><\/li>\n<li><span data-sheets-value=\"{\" data-sheets-userformat=\"{\">Auto-\u00e9valuation r\u00e9alis\u00e9e aupr\u00e8s de 29 personnes pendant 28 jours<\/span><\/li>\n<\/ul>\n<h3>Ingr\u00e9dients actifs :<\/h3>\n<p><span data-sheets-value=\"{\" data-sheets-userformat=\"{\">Extrait de diamant et extrait de son de bl\u00e9<\/span><\/p>\n<h3>Mode d'emploi :<\/h3>\n<p><span data-sheets-value=\"{\" data-sheets-userformat=\"{\">Appliquer matin et soir sur l'ensemble du visage propre et sec, en \u00e9vitant le contour des yeux, par de l\u00e9gers massages avant la cr\u00e8me de jour ou de nuit - Utilisation quotidienne<\/span><\/p>\n<h3>Naturalit\u00e9 : <span data-sheets-value=\"{\" data-sheets-userformat=\"{\">92%<\/span><\/h3>\n<h3>Liste des ingr\u00e9dients :<\/h3>\n<p><span data-sheets-value=\"{\" data-sheets-userformat=\"{\">Aqua, Propanediol, Glycerin, Dimethicone, Polyglyceryl-6 distearate, Diglycerin, Cyclopentasiloxane, Diamond Powder, Jojoba esters, Hydrolyzed wheat flour, Tocopheryl acetate, Parfum, Mica, Cetyl alcohol, Polyglyceryl-3 beeswax, Acrylates\/C10-30 alkyl acrylate crosspolymer, Dimethiconol, Xanthan gum, Sodium gluconate, Salicylic acid, Sorbic acid, Citric acid, Lactic Acid, Sodium hydroxide, Sodium benzoate, Potassium sorbate, Benzyl alcohol, CI 77891<\/span><\/p>\n<h3>Caract\u00e9ristiques environnementales :<\/h3>\n<p><img alt=\"\" loading=\"lazy\" decoding=\"async\" class=\"alignnone wp-image-2935 size-full\" src=\"https:\/\/charlottacarlson.com\/wp-content\/uploads\/2019\/11\/BM.jpg\" width=\"332\" height=\"96\" \/><\/p>","protected":false},"featured_media":81,"comment_status":"open","ping_status":"closed","template":"","meta":{"_seopress_robots_primary_cat":"","_seopress_titles_title":"","_seopress_titles_desc":"","_seopress_robots_index":"","_kad_blocks_custom_css":"","_kad_blocks_head_custom_js":"","_kad_blocks_body_custom_js":"","_kad_blocks_footer_custom_js":"","_kad_post_transparent":"default","_kad_post_title":"","_kad_post_layout":"default","_kad_post_sidebar_id":"","_kad_post_content_style":"default","_kad_post_vertical_padding":"default","_kad_post_feature":"","_kad_post_feature_position":"","_kad_post_header":false,"_kad_post_footer":false,"_kad_post_classname":""},"product_brand":[],"product_cat":[17,19,22],"product_tag":[20],"class_list":{"0":"post-80","1":"product","2":"type-product","3":"status-publish","4":"has-post-thumbnail","6":"product_cat-brightening-anti-dark-spot","7":"product_cat-diamant-blanc","8":"product_cat-serums","9":"product_tag-diamant-blanc","11":"first","12":"instock","13":"featured","14":"taxable","15":"shipping-taxable","16":"purchasable","17":"product-type-simple","18":"entry","19":"content-bg","20":"loop-entry"},"taxonomy_info":{"product_cat":[{"value":17,"label":"Brightening &amp; Anti Dark spot"},{"value":19,"label":"Diamant Blanc"},{"value":22,"label":"Serums"}],"product_tag":[{"value":20,"label":"Diamant Blanc"}]},"featured_image_src_large":["https:\/\/charlottacarlson.com\/wp-content\/uploads\/2024\/09\/Diamant-Blanc-Brightening-serum-1-1024x1024.jpg",1024,1024,true],"author_info":[],"comment_info":0,"_links":{"self":[{"href":"https:\/\/charlottacarlson.com\/fr\/wp-json\/wp\/v2\/product\/80","targetHints":{"allow":["GET"]}}],"collection":[{"href":"https:\/\/charlottacarlson.com\/fr\/wp-json\/wp\/v2\/product"}],"about":[{"href":"https:\/\/charlottacarlson.com\/fr\/wp-json\/wp\/v2\/types\/product"}],"replies":[{"embeddable":true,"href":"https:\/\/charlottacarlson.com\/fr\/wp-json\/wp\/v2\/comments?post=80"}],"wp:featuredmedia":[{"embeddable":true,"href":"https:\/\/charlottacarlson.com\/fr\/wp-json\/wp\/v2\/media\/81"}],"wp:attachment":[{"href":"https:\/\/charlottacarlson.com\/fr\/wp-json\/wp\/v2\/media?parent=80"}],"wp:term":[{"taxonomy":"product_brand","embeddable":true,"href":"https:\/\/charlottacarlson.com\/fr\/wp-json\/wp\/v2\/product_brand?post=80"},{"taxonomy":"product_cat","embeddable":true,"href":"https:\/\/charlottacarlson.com\/fr\/wp-json\/wp\/v2\/product_cat?post=80"},{"taxonomy":"product_tag","embeddable":true,"href":"https:\/\/charlottacarlson.com\/fr\/wp-json\/wp\/v2\/product_tag?post=80"}],"curies":[{"name":"wp","href":"https:\/\/api.w.org\/{rel}","templated":true}]}}