{"id":76,"date":"2024-09-15T17:05:46","date_gmt":"2024-09-15T17:05:46","guid":{"rendered":"https:\/\/blissful-fish-387ec5.instawp.xyz\/?post_type=product&#038;p=76"},"modified":"2024-11-20T09:43:58","modified_gmt":"2024-11-20T09:43:58","slug":"lotion-fortifiante","status":"publish","type":"product","link":"https:\/\/charlottacarlson.com\/fr\/produit\/lotion-fortifiante\/","title":{"rendered":"Lotion fortifiante"},"content":{"rendered":"<h3><img loading=\"lazy\" decoding=\"async\" class=\"wp-image-1085 alignright\" src=\"https:\/\/charlottacarlson.com\/wp-content\/uploads\/2024\/09\/Diamond-Wheat-brain-ingredient-Diamant-Blanc-Charlotta-Carlson-v2-1-300x205.webp\" alt=\"Diamond Wheat Brain Ingredient Diamant Blanc Charlotta Carlson V2 1\" width=\"508\" height=\"347\" srcset=\"https:\/\/charlottacarlson.com\/wp-content\/uploads\/2024\/09\/Diamond-Wheat-brain-ingredient-Diamant-Blanc-Charlotta-Carlson-v2-1-300x205.webp 300w, https:\/\/charlottacarlson.com\/wp-content\/uploads\/2024\/09\/Diamond-Wheat-brain-ingredient-Diamant-Blanc-Charlotta-Carlson-v2-1-1024x699.webp 1024w, https:\/\/charlottacarlson.com\/wp-content\/uploads\/2024\/09\/Diamond-Wheat-brain-ingredient-Diamant-Blanc-Charlotta-Carlson-v2-1-768x524.webp 768w, https:\/\/charlottacarlson.com\/wp-content\/uploads\/2024\/09\/Diamond-Wheat-brain-ingredient-Diamant-Blanc-Charlotta-Carlson-v2-1-18x12.webp 18w, https:\/\/charlottacarlson.com\/wp-content\/uploads\/2024\/09\/Diamond-Wheat-brain-ingredient-Diamant-Blanc-Charlotta-Carlson-v2-1-600x410.webp 600w, https:\/\/charlottacarlson.com\/wp-content\/uploads\/2024\/09\/Diamond-Wheat-brain-ingredient-Diamant-Blanc-Charlotta-Carlson-v2-1.webp 1462w\" sizes=\"auto, (max-width: 508px) 100vw, 508px\" \/>Description :<\/h3>\n<p><span data-sheets-value=\"{\" data-sheets-userformat=\"{\">Cette lotion diamant\u00e9e \u00e9claircissante procure une peau souple et hydrat\u00e9e avec une fra\u00eecheur imm\u00e9diate. Elle donne un teint uniforme et lumineux et pr\u00e9pare la peau de mani\u00e8re optimale aux \u00e9tapes suivantes de votre routine de soins.<\/span><\/p>\n<h3>B\u00e9n\u00e9fice :<\/h3>\n<ul>\n<li><span data-sheets-value=\"{\" data-sheets-userformat=\"{\">Hydratation de la peau, fra\u00eecheur, \u00e9claircissement du teint, pr\u00e9paration de la peau aux soins de routine.<\/span><\/li>\n<li>Extrait de diamant connu pour <b>exfolier la peau et lisser les imperfections<\/b><\/li>\n<li>Extrait de son de bl\u00e9 connu pour <b>Blanchiment, d\u00e9pigmentation et \u00e9claircissement <\/b>ingr\u00e9dient actif.<\/li>\n<\/ul>\n<h3>Ingr\u00e9dients actifs :<\/h3>\n<p><span data-sheets-value=\"{\" data-sheets-userformat=\"{\">Extrait de diamant et extrait de son de bl\u00e9<\/span><\/p>\n<h3>Mode d'emploi :<\/h3>\n<p><span data-sheets-value=\"{\" data-sheets-userformat=\"{\">Appliquer le matin avant le maquillage et le soir pour d\u00e9maquiller et hydrater la peau - Utilisation quotidienne<br \/>\n<\/span><\/p>\n<h3>Naturalit\u00e9 : <span data-sheets-value=\"{\" data-sheets-userformat=\"{\">99%<\/span><\/h3>\n<h3>Liste des ingr\u00e9dients :<\/h3>\n<p><span data-sheets-value=\"{\" data-sheets-userformat=\"{\">Aqua, Propanediol, Diamond Powder, Farine de bl\u00e9 hydrolys\u00e9e, Glyc\u00e9rine, Gomme xanthane, Polysorbate 20, Parfum, Acide lactique, Gluconate de sodium, Benzoate de sodium, Sorbate de potassium.<\/span><\/p>\n<h3>Caract\u00e9ristiques environnementales :<\/h3>\n<p><img alt=\"\" loading=\"lazy\" decoding=\"async\" class=\"alignnone wp-image-2935 size-full\" src=\"https:\/\/charlottacarlson.com\/wp-content\/uploads\/2019\/11\/BM.jpg\" width=\"332\" height=\"96\" \/><\/p>","protected":false},"excerpt":{"rendered":"<h3><img loading=\"lazy\" decoding=\"async\" class=\"wp-image-1085 alignright\" src=\"https:\/\/charlottacarlson.com\/wp-content\/uploads\/2024\/09\/Diamond-Wheat-brain-ingredient-Diamant-Blanc-Charlotta-Carlson-v2-1-300x205.webp\" alt=\"Diamond Wheat Brain Ingredient Diamant Blanc Charlotta Carlson V2 1\" width=\"500\" height=\"341\" srcset=\"https:\/\/charlottacarlson.com\/wp-content\/uploads\/2024\/09\/Diamond-Wheat-brain-ingredient-Diamant-Blanc-Charlotta-Carlson-v2-1-300x205.webp 300w, https:\/\/charlottacarlson.com\/wp-content\/uploads\/2024\/09\/Diamond-Wheat-brain-ingredient-Diamant-Blanc-Charlotta-Carlson-v2-1-1024x699.webp 1024w, https:\/\/charlottacarlson.com\/wp-content\/uploads\/2024\/09\/Diamond-Wheat-brain-ingredient-Diamant-Blanc-Charlotta-Carlson-v2-1-768x524.webp 768w, https:\/\/charlottacarlson.com\/wp-content\/uploads\/2024\/09\/Diamond-Wheat-brain-ingredient-Diamant-Blanc-Charlotta-Carlson-v2-1-18x12.webp 18w, https:\/\/charlottacarlson.com\/wp-content\/uploads\/2024\/09\/Diamond-Wheat-brain-ingredient-Diamant-Blanc-Charlotta-Carlson-v2-1-600x410.webp 600w, https:\/\/charlottacarlson.com\/wp-content\/uploads\/2024\/09\/Diamond-Wheat-brain-ingredient-Diamant-Blanc-Charlotta-Carlson-v2-1.webp 1462w\" sizes=\"auto, (max-width: 500px) 100vw, 500px\" \/>Description :<\/h3>\n<p><span data-sheets-value=\"{\" data-sheets-userformat=\"{\">Cette lotion diamant\u00e9e \u00e9claircissante procure une peau souple et hydrat\u00e9e avec une fra\u00eecheur imm\u00e9diate. Elle donne un teint uniforme et lumineux et pr\u00e9pare la peau de mani\u00e8re optimale aux \u00e9tapes suivantes de votre routine de soins.<\/span><\/p>\n<h3>B\u00e9n\u00e9fice :<\/h3>\n<ul>\n<li><span data-sheets-value=\"{\" data-sheets-userformat=\"{\">Hydratation de la peau, fra\u00eecheur, \u00e9claircissement du teint, pr\u00e9paration de la peau aux soins de routine.<\/span><\/li>\n<li>Extrait de diamant connu pour <b>exfolier la peau et lisser les imperfections<\/b><\/li>\n<li>Extrait de son de bl\u00e9 connu pour <b>Blanchiment, d\u00e9pigmentation et \u00e9claircissement <\/b>ingr\u00e9dient actif.<\/li>\n<\/ul>\n<h3>Ingr\u00e9dients actifs :<\/h3>\n<p><span data-sheets-value=\"{\" data-sheets-userformat=\"{\">Extrait de diamant et extrait de son de bl\u00e9<\/span><\/p>\n<h3>Mode d'emploi :<\/h3>\n<p><span data-sheets-value=\"{\" data-sheets-userformat=\"{\">Appliquer le matin avant le maquillage et le soir pour d\u00e9maquiller et hydrater la peau - Utilisation quotidienne<br \/>\n<\/span><\/p>\n<h3>Naturalit\u00e9 : <span data-sheets-value=\"{\" data-sheets-userformat=\"{\">99%<\/span><\/h3>\n<h3>Liste des ingr\u00e9dients :<\/h3>\n<p><span data-sheets-value=\"{\" data-sheets-userformat=\"{\">Aqua, Propanediol, Diamond Powder, Farine de bl\u00e9 hydrolys\u00e9e, Glyc\u00e9rine, Gomme xanthane, Polysorbate 20, Parfum, Acide lactique, Gluconate de sodium, Benzoate de sodium, Sorbate de potassium.<\/span><\/p>\n<h3>Caract\u00e9ristiques environnementales :<\/h3>\n<p><img alt=\"\" loading=\"lazy\" decoding=\"async\" class=\"alignnone wp-image-2935 size-full\" src=\"https:\/\/charlottacarlson.com\/wp-content\/uploads\/2019\/11\/BM.jpg\" width=\"332\" height=\"96\" \/><\/p>","protected":false},"featured_media":77,"comment_status":"open","ping_status":"closed","template":"","meta":{"_seopress_robots_primary_cat":"","_seopress_titles_title":"","_seopress_titles_desc":"","_seopress_robots_index":"","_kad_blocks_custom_css":"","_kad_blocks_head_custom_js":"","_kad_blocks_body_custom_js":"","_kad_blocks_footer_custom_js":"","_kad_post_transparent":"default","_kad_post_title":"","_kad_post_layout":"default","_kad_post_sidebar_id":"","_kad_post_content_style":"default","_kad_post_vertical_padding":"default","_kad_post_feature":"","_kad_post_feature_position":"","_kad_post_header":false,"_kad_post_footer":false,"_kad_post_classname":""},"product_brand":[],"product_cat":[17,19,21],"product_tag":[20],"class_list":{"0":"post-76","1":"product","2":"type-product","3":"status-publish","4":"has-post-thumbnail","6":"product_cat-brightening-anti-dark-spot","7":"product_cat-diamant-blanc","8":"product_cat-toners-lotions","9":"product_tag-diamant-blanc","11":"first","12":"instock","13":"featured","14":"taxable","15":"shipping-taxable","16":"purchasable","17":"product-type-simple","18":"entry","19":"content-bg","20":"loop-entry"},"taxonomy_info":{"product_cat":[{"value":17,"label":"Brightening &amp; Anti Dark spot"},{"value":19,"label":"Diamant Blanc"},{"value":21,"label":"Toners &amp; Lotions"}],"product_tag":[{"value":20,"label":"Diamant Blanc"}]},"featured_image_src_large":["https:\/\/charlottacarlson.com\/wp-content\/uploads\/2024\/09\/Diamant-Blanc-brigthening-lotion-scaled-2-1024x1024.jpg",1024,1024,true],"author_info":[],"comment_info":0,"_links":{"self":[{"href":"https:\/\/charlottacarlson.com\/fr\/wp-json\/wp\/v2\/product\/76","targetHints":{"allow":["GET"]}}],"collection":[{"href":"https:\/\/charlottacarlson.com\/fr\/wp-json\/wp\/v2\/product"}],"about":[{"href":"https:\/\/charlottacarlson.com\/fr\/wp-json\/wp\/v2\/types\/product"}],"replies":[{"embeddable":true,"href":"https:\/\/charlottacarlson.com\/fr\/wp-json\/wp\/v2\/comments?post=76"}],"wp:featuredmedia":[{"embeddable":true,"href":"https:\/\/charlottacarlson.com\/fr\/wp-json\/wp\/v2\/media\/77"}],"wp:attachment":[{"href":"https:\/\/charlottacarlson.com\/fr\/wp-json\/wp\/v2\/media?parent=76"}],"wp:term":[{"taxonomy":"product_brand","embeddable":true,"href":"https:\/\/charlottacarlson.com\/fr\/wp-json\/wp\/v2\/product_brand?post=76"},{"taxonomy":"product_cat","embeddable":true,"href":"https:\/\/charlottacarlson.com\/fr\/wp-json\/wp\/v2\/product_cat?post=76"},{"taxonomy":"product_tag","embeddable":true,"href":"https:\/\/charlottacarlson.com\/fr\/wp-json\/wp\/v2\/product_tag?post=76"}],"curies":[{"name":"wp","href":"https:\/\/api.w.org\/{rel}","templated":true}]}}