{"id":73,"date":"2024-09-15T17:05:40","date_gmt":"2024-09-15T17:05:40","guid":{"rendered":"https:\/\/blissful-fish-387ec5.instawp.xyz\/?post_type=product&#038;p=73"},"modified":"2024-12-03T10:08:20","modified_gmt":"2024-12-03T10:08:20","slug":"creme-anti-age-eclaircissante","status":"publish","type":"product","link":"https:\/\/charlottacarlson.com\/fr\/produit\/creme-anti-age-eclaircissante\/","title":{"rendered":"Cr\u00e8me \u00e9claircissante et anti-\u00e2ge"},"content":{"rendered":"<p><img loading=\"lazy\" decoding=\"async\" class=\"wp-image-1085 alignright\" src=\"https:\/\/charlottacarlson.com\/wp-content\/uploads\/2024\/09\/Diamond-Wheat-brain-ingredient-Diamant-Blanc-Charlotta-Carlson-v2-1-300x205.webp\" alt=\"Diamond Wheat Brain Ingredient Diamant Blanc Charlotta Carlson V2 1\" width=\"490\" height=\"335\" srcset=\"https:\/\/charlottacarlson.com\/wp-content\/uploads\/2024\/09\/Diamond-Wheat-brain-ingredient-Diamant-Blanc-Charlotta-Carlson-v2-1-300x205.webp 300w, https:\/\/charlottacarlson.com\/wp-content\/uploads\/2024\/09\/Diamond-Wheat-brain-ingredient-Diamant-Blanc-Charlotta-Carlson-v2-1-1024x699.webp 1024w, https:\/\/charlottacarlson.com\/wp-content\/uploads\/2024\/09\/Diamond-Wheat-brain-ingredient-Diamant-Blanc-Charlotta-Carlson-v2-1-768x524.webp 768w, https:\/\/charlottacarlson.com\/wp-content\/uploads\/2024\/09\/Diamond-Wheat-brain-ingredient-Diamant-Blanc-Charlotta-Carlson-v2-1-18x12.webp 18w, https:\/\/charlottacarlson.com\/wp-content\/uploads\/2024\/09\/Diamond-Wheat-brain-ingredient-Diamant-Blanc-Charlotta-Carlson-v2-1-600x410.webp 600w, https:\/\/charlottacarlson.com\/wp-content\/uploads\/2024\/09\/Diamond-Wheat-brain-ingredient-Diamant-Blanc-Charlotta-Carlson-v2-1.webp 1462w\" sizes=\"auto, (max-width: 490px) 100vw, 490px\" \/>La Cr\u00e8me Diamant Nourrissante associe une action anti-\u00e2ge, anti-rides et \u00e9claircissante qui donne de la luminosit\u00e9 \u00e0 votre visage. Votre peau est douce, souple et hydrat\u00e9e.<\/p>\n<h3>B\u00e9n\u00e9fice :<\/h3>\n<ul>\n<li>Extrait de diamant connu pour <b>exfolier la peau et lisser les imperfections<\/b><\/li>\n<li>Extrait de son de bl\u00e9 connu pour <b>Blanchiment, d\u00e9pigmentation et \u00e9claircissement <\/b>ingr\u00e9dient actif.<\/li>\n<li>La peau est plus souple : 85.19%<\/li>\n<li>La peau est plus douce : 85.19%<\/li>\n<li>La cr\u00e8me apporte du confort \u00e0 la peau : 88.89%<\/li>\n<li>La cr\u00e8me apporte de l'hydratation \u00e0 la surface de la peau (peau non s\u00e9ch\u00e9e) : 88.89%<\/li>\n<li>La cr\u00e8me a un effet nourrissant sur la peau : 88.89%<\/li>\n<li>Action \u00e9claircissante sur le teint : 59.26%<\/li>\n<li>Action sur l'uniformit\u00e9 du teint : 77.78%<\/li>\n<li>Action sur la luminosit\u00e9 du teint : 74.07%<\/li>\n<li>Action sur les rides et ridules : 74.07%<\/li>\n<li>Action anti-\u00e2ge : 62.96%\"<\/li>\n<li>Auto-\u00e9valuation r\u00e9alis\u00e9e sur 27 personnes pendant 28 jours<\/li>\n<\/ul>\n<h3>Ingr\u00e9dients actifs :<\/h3>\n<p><span data-sheets-value=\"{\" data-sheets-userformat=\"{\">Son de bl\u00e9 et de diamant, algues brunes, beurre de karit\u00e9 biologique.<\/span><\/p>\n<h3>Mode d'emploi :<\/h3>\n<p><span data-sheets-value=\"{\" data-sheets-userformat=\"{\">Appliquer matin et soir sur une peau s\u00e8che et propre, en \u00e9vitant le contour des yeux. Masser la peau par mouvements circulaires - Utilisation quotidienne<br \/>\n<\/span><\/p>\n<h3>Naturalit\u00e9 : 87,8%<\/h3>\n<h3>Liste des ingr\u00e9dients :<\/h3>\n<p><span data-sheets-value=\"{\" data-sheets-userformat=\"{\">Aqua, Isopropyl palmitate, Squalane, Cyclohexasiloxane, Cyclopentasiloxane, Cetyl alcohol, Glyceryl stearate, Glycerin, Butyrospermum parkii butter, Helianthus annuus hybrid oil, Propanediol, Glycol palmitate, Parfum, Diamond Powder, Alaria esculenta extract, Hydrolyzed wheat flour, Tocopheryl acetate, Triglyc\u00e9ride caprylique\/caprique, st\u00e9arate de PEG-75, Ceteth-20, Steareth-20, Laureth-7, Mica, Gomme xanthane, Polyacrylamide, C13-14 Isoparaffine, Dimethiconol, Gluconate de sodium, Acide salicylique, Acide sorbique, Acide lactique, Hydroxyde de sodium, Benzoate de sodium, Sorbate de potassium, Alcool benzylique, CI 77891<\/span><\/p>\n<h3>Caract\u00e9ristiques environnementales :<\/h3>\n<p><img alt=\"\" loading=\"lazy\" decoding=\"async\" class=\"alignnone wp-image-2935 size-full\" src=\"https:\/\/charlottacarlson.com\/wp-content\/uploads\/2019\/11\/BM.jpg\" width=\"332\" height=\"96\" \/><\/p>","protected":false},"excerpt":{"rendered":"<h3><img loading=\"lazy\" decoding=\"async\" class=\"wp-image-1085 alignright\" src=\"https:\/\/charlottacarlson.com\/wp-content\/uploads\/2024\/09\/Diamond-Wheat-brain-ingredient-Diamant-Blanc-Charlotta-Carlson-v2-1-300x205.webp\" alt=\"Diamond Wheat Brain Ingredient Diamant Blanc Charlotta Carlson V2 1\" width=\"483\" height=\"330\" srcset=\"https:\/\/charlottacarlson.com\/wp-content\/uploads\/2024\/09\/Diamond-Wheat-brain-ingredient-Diamant-Blanc-Charlotta-Carlson-v2-1-300x205.webp 300w, https:\/\/charlottacarlson.com\/wp-content\/uploads\/2024\/09\/Diamond-Wheat-brain-ingredient-Diamant-Blanc-Charlotta-Carlson-v2-1-1024x699.webp 1024w, https:\/\/charlottacarlson.com\/wp-content\/uploads\/2024\/09\/Diamond-Wheat-brain-ingredient-Diamant-Blanc-Charlotta-Carlson-v2-1-768x524.webp 768w, https:\/\/charlottacarlson.com\/wp-content\/uploads\/2024\/09\/Diamond-Wheat-brain-ingredient-Diamant-Blanc-Charlotta-Carlson-v2-1-18x12.webp 18w, https:\/\/charlottacarlson.com\/wp-content\/uploads\/2024\/09\/Diamond-Wheat-brain-ingredient-Diamant-Blanc-Charlotta-Carlson-v2-1-600x410.webp 600w, https:\/\/charlottacarlson.com\/wp-content\/uploads\/2024\/09\/Diamond-Wheat-brain-ingredient-Diamant-Blanc-Charlotta-Carlson-v2-1.webp 1462w\" sizes=\"auto, (max-width: 483px) 100vw, 483px\" \/>Description :<\/h3>\n<p>La Cr\u00e8me Diamant Nourrissante associe une action anti-\u00e2ge, anti-rides et \u00e9claircissante qui donne de la luminosit\u00e9 \u00e0 votre visage. Votre peau est douce, souple et hydrat\u00e9e.<\/p>\n<h3>B\u00e9n\u00e9fice :<\/h3>\n<ul>\n<li>Extrait de diamant connu pour <b>exfolier la peau et lisser les imperfections<\/b><\/li>\n<li>Extrait de son de bl\u00e9 connu pour <b>Blanchiment, d\u00e9pigmentation et \u00e9claircissement <\/b>ingr\u00e9dient actif.<\/li>\n<li>La peau est plus souple : 85.19%<\/li>\n<li>La peau est plus douce : 85.19%<\/li>\n<li>La cr\u00e8me apporte du confort \u00e0 la peau : 88.89%<\/li>\n<li>La cr\u00e8me apporte de l'hydratation \u00e0 la surface de la peau (peau non s\u00e9ch\u00e9e) : 88.89%<\/li>\n<li>La cr\u00e8me a un effet nourrissant sur la peau : 88.89%<\/li>\n<li>Action \u00e9claircissante sur le teint : 59.26%<\/li>\n<li>Action sur l'uniformit\u00e9 du teint : 77.78%<\/li>\n<li>Action sur la luminosit\u00e9 du teint : 74.07%<\/li>\n<li>Action sur les rides et ridules : 74.07%<\/li>\n<li>Action anti-\u00e2ge : 62.96%\"<\/li>\n<li>Auto-\u00e9valuation r\u00e9alis\u00e9e sur 27 personnes pendant 28 jours<\/li>\n<\/ul>\n<h3>Ingr\u00e9dients actifs :<\/h3>\n<p><span data-sheets-value=\"{\" data-sheets-userformat=\"{\">Son de bl\u00e9 et de diamant, algues brunes, beurre de karit\u00e9 biologique.<\/span><\/p>\n<h3>Mode d'emploi :<\/h3>\n<p><span data-sheets-value=\"{\" data-sheets-userformat=\"{\">Appliquer matin et soir sur une peau s\u00e8che et propre, en \u00e9vitant le contour des yeux. Masser la peau par mouvements circulaires - Utilisation quotidienne<br \/>\n<\/span><\/p>\n<h3>Naturalit\u00e9 : 87,8%<\/h3>\n<h3>Liste des ingr\u00e9dients :<\/h3>\n<p><span data-sheets-value=\"{\" data-sheets-userformat=\"{\">Aqua, Isopropyl palmitate, Squalane, Cyclohexasiloxane, Cyclopentasiloxane, Cetyl alcohol, Glyceryl stearate, Glycerin, Butyrospermum parkii butter, Helianthus annuus hybrid oil, Propanediol, Glycol palmitate, Parfum, Diamond Powder, Alaria esculenta extract, Hydrolyzed wheat flour, Tocopheryl acetate, Triglyc\u00e9ride caprylique\/caprique, st\u00e9arate de PEG-75, Ceteth-20, Steareth-20, Laureth-7, Mica, Gomme xanthane, Polyacrylamide, C13-14 Isoparaffine, Dimethiconol, Gluconate de sodium, Acide salicylique, Acide sorbique, Acide lactique, Hydroxyde de sodium, Benzoate de sodium, Sorbate de potassium, Alcool benzylique, CI 77891<\/span><\/p>\n<h3>Caract\u00e9ristiques environnementales :<\/h3>\n<p><img alt=\"\" loading=\"lazy\" decoding=\"async\" class=\"alignnone wp-image-2935 size-full\" src=\"https:\/\/charlottacarlson.com\/wp-content\/uploads\/2019\/11\/BM.jpg\" width=\"332\" height=\"96\" \/><\/p>","protected":false},"featured_media":74,"comment_status":"open","ping_status":"closed","template":"","meta":{"_seopress_robots_primary_cat":"","_seopress_titles_title":"","_seopress_titles_desc":"","_seopress_robots_index":"","_kad_blocks_custom_css":"","_kad_blocks_head_custom_js":"","_kad_blocks_body_custom_js":"","_kad_blocks_footer_custom_js":"","_kad_post_transparent":"default","_kad_post_title":"","_kad_post_layout":"default","_kad_post_sidebar_id":"","_kad_post_content_style":"default","_kad_post_vertical_padding":"default","_kad_post_feature":"","_kad_post_feature_position":"","_kad_post_header":false,"_kad_post_footer":false,"_kad_post_classname":""},"product_brand":[],"product_cat":[16,17,18,19],"product_tag":[20],"class_list":{"0":"post-73","1":"product","2":"type-product","3":"status-publish","4":"has-post-thumbnail","6":"product_cat-anti-age-anti-wrinkle","7":"product_cat-brightening-anti-dark-spot","8":"product_cat-creams","9":"product_cat-diamant-blanc","10":"product_tag-diamant-blanc","12":"first","13":"instock","14":"featured","15":"taxable","16":"shipping-taxable","17":"purchasable","18":"product-type-simple","19":"entry","20":"content-bg","21":"loop-entry"},"taxonomy_info":{"product_cat":[{"value":16,"label":"Anti-Age &amp; Anti-wrinkle"},{"value":17,"label":"Brightening &amp; Anti Dark spot"},{"value":18,"label":"Creams"},{"value":19,"label":"Diamant Blanc"}],"product_tag":[{"value":20,"label":"Diamant Blanc"}]},"featured_image_src_large":["https:\/\/charlottacarlson.com\/wp-content\/uploads\/2024\/09\/Diamant-Blanc-Cream-1.jpg",1022,1022,false],"author_info":[],"comment_info":0,"_links":{"self":[{"href":"https:\/\/charlottacarlson.com\/fr\/wp-json\/wp\/v2\/product\/73","targetHints":{"allow":["GET"]}}],"collection":[{"href":"https:\/\/charlottacarlson.com\/fr\/wp-json\/wp\/v2\/product"}],"about":[{"href":"https:\/\/charlottacarlson.com\/fr\/wp-json\/wp\/v2\/types\/product"}],"replies":[{"embeddable":true,"href":"https:\/\/charlottacarlson.com\/fr\/wp-json\/wp\/v2\/comments?post=73"}],"wp:featuredmedia":[{"embeddable":true,"href":"https:\/\/charlottacarlson.com\/fr\/wp-json\/wp\/v2\/media\/74"}],"wp:attachment":[{"href":"https:\/\/charlottacarlson.com\/fr\/wp-json\/wp\/v2\/media?parent=73"}],"wp:term":[{"taxonomy":"product_brand","embeddable":true,"href":"https:\/\/charlottacarlson.com\/fr\/wp-json\/wp\/v2\/product_brand?post=73"},{"taxonomy":"product_cat","embeddable":true,"href":"https:\/\/charlottacarlson.com\/fr\/wp-json\/wp\/v2\/product_cat?post=73"},{"taxonomy":"product_tag","embeddable":true,"href":"https:\/\/charlottacarlson.com\/fr\/wp-json\/wp\/v2\/product_tag?post=73"}],"curies":[{"name":"wp","href":"https:\/\/api.w.org\/{rel}","templated":true}]}}