{"id":317,"date":"2024-09-30T21:07:25","date_gmt":"2024-09-30T21:07:25","guid":{"rendered":"http:\/\/charlotta-carlson.local\/?page_id=317"},"modified":"2024-10-05T11:10:53","modified_gmt":"2024-10-05T11:10:53","slug":"serums","status":"publish","type":"page","link":"https:\/\/charlottacarlson.com\/fr\/soins-de-la-peau\/serums\/","title":{"rendered":"S\u00e9rums"},"content":{"rendered":"<style>.kb-row-layout-id317_3a8ac0-13 > .kt-row-column-wrap{align-content:center;}:where(.kb-row-layout-id317_3a8ac0-13 > .kt-row-column-wrap) > .wp-block-kadence-column{justify-content:center;}.kb-row-layout-id317_3a8ac0-13 > .kt-row-column-wrap{column-gap:var(--global-kb-gap-md, 2rem);row-gap:var(--global-kb-gap-md, 2rem);max-width:var( --global-content-width, 1290px );padding-left:var(--global-content-edge-padding);padding-right:var(--global-content-edge-padding);padding-top:var(--global-kb-spacing-5xl, 10rem);padding-right:var(--global-kb-spacing-sm, 1.5rem);padding-bottom:var(--global-kb-spacing-md, 2rem);padding-left:var(--global-kb-spacing-sm, 1.5rem);min-height:186px;grid-template-columns:minmax(0, 1fr);}.kb-row-layout-id317_3a8ac0-13{background-image:url('https:\/\/charlottacarlson.com\/wp-content\/uploads\/2024\/09\/OIG.jr3Jh2.yFH_.4.webp');background-size:cover;background-position:79% 68%;background-attachment:scroll;background-repeat:no-repeat;}.kb-row-layout-id317_3a8ac0-13 > .kt-row-layout-overlay{opacity:0.75;background-color:var(--global-palette1, #3182CE);}@media all and (max-width: 1024px){.kb-row-layout-id317_3a8ac0-13 > .kt-row-column-wrap{padding-top:200px;grid-template-columns:minmax(0, 1fr);}}@media all and (max-width: 767px){.kb-row-layout-id317_3a8ac0-13 > .kt-row-column-wrap{padding-bottom:var(--global-kb-spacing-lg, 3rem);grid-template-columns:minmax(0, 1fr);}}<\/style><div class=\"kb-row-layout-wrap kb-row-layout-id317_3a8ac0-13 alignfull has-theme-palette4-background-color kt-row-has-bg wp-block-kadence-rowlayout\"><div class=\"kt-row-layout-overlay kt-row-overlay-normal\"><\/div><div class=\"kt-row-column-wrap kt-has-1-columns kt-row-layout-equal kt-tab-layout-inherit kt-mobile-layout-row kt-row-valign-middle kb-theme-content-width\">\n<style>.kadence-column317_736cd6-4f > .kt-inside-inner-col{padding-right:var(--global-kb-spacing-5xl, 10rem);padding-left:var(--global-kb-spacing-5xl, 10rem);}.kadence-column317_736cd6-4f > .kt-inside-inner-col,.kadence-column317_736cd6-4f > .kt-inside-inner-col:before{border-top-left-radius:0px;border-top-right-radius:0px;border-bottom-right-radius:0px;border-bottom-left-radius:0px;}.kadence-column317_736cd6-4f > .kt-inside-inner-col{column-gap:var(--global-kb-gap-sm, 1rem);}.kadence-column317_736cd6-4f > .kt-inside-inner-col{flex-direction:column;}.kadence-column317_736cd6-4f > .kt-inside-inner-col > .aligncenter{width:100%;}.kadence-column317_736cd6-4f > .kt-inside-inner-col:before{opacity:0.3;}.kadence-column317_736cd6-4f{position:relative;}@media all and (max-width: 1024px){.kadence-column317_736cd6-4f > .kt-inside-inner-col{flex-direction:column;justify-content:center;}}@media all and (max-width: 767px){.kadence-column317_736cd6-4f > .kt-inside-inner-col{padding-right:0px;padding-left:0px;flex-direction:column;justify-content:center;}}<\/style>\n<div class=\"wp-block-kadence-column kadence-column317_736cd6-4f inner-column-1\"><div class=\"kt-inside-inner-col\"><style>.wp-block-kadence-advancedheading.kt-adv-heading317_9be48e-f6, .wp-block-kadence-advancedheading.kt-adv-heading317_9be48e-f6[data-kb-block=\"kb-adv-heading317_9be48e-f6\"]{padding-top:var(--global-kb-spacing-xl, 4rem);text-align:center;font-size:var(--global-kb-font-size-xxl, 4rem);font-style:normal;}.wp-block-kadence-advancedheading.kt-adv-heading317_9be48e-f6 mark.kt-highlight, .wp-block-kadence-advancedheading.kt-adv-heading317_9be48e-f6[data-kb-block=\"kb-adv-heading317_9be48e-f6\"] mark.kt-highlight{font-style:normal;color:#f76a0c;-webkit-box-decoration-break:clone;box-decoration-break:clone;padding-top:0px;padding-right:0px;padding-bottom:0px;padding-left:0px;}@media all and (max-width: 767px){.wp-block-kadence-advancedheading.kt-adv-heading317_9be48e-f6, .wp-block-kadence-advancedheading.kt-adv-heading317_9be48e-f6[data-kb-block=\"kb-adv-heading317_9be48e-f6\"]{font-size:var(--global-kb-font-size-xl, 3rem);}}<\/style>\n<h1 class=\"kt-adv-heading317_9be48e-f6 wp-block-kadence-advancedheading has-theme-palette-9-color has-text-color\" data-kb-block=\"kb-adv-heading317_9be48e-f6\">S\u00e9rums<\/h1>\n<\/div><\/div>\n\n<\/div><\/div>\n\n<style>.kb-row-layout-id317_8fd401-a2 > .kt-row-column-wrap{align-content:start;}:where(.kb-row-layout-id317_8fd401-a2 > .kt-row-column-wrap) > .wp-block-kadence-column{justify-content:start;}.kb-row-layout-id317_8fd401-a2 > .kt-row-column-wrap{column-gap:var(--global-kb-gap-md, 2rem);row-gap:var(--global-kb-gap-md, 2rem);max-width:var( --global-content-width, 1290px );padding-left:var(--global-content-edge-padding);padding-right:var(--global-content-edge-padding);padding-top:var(--global-kb-spacing-xl, 4rem);padding-bottom:var(--global-kb-spacing-xl, 4rem);grid-template-columns:minmax(0, 1fr);}.kb-row-layout-id317_8fd401-a2 > .kt-row-layout-overlay{opacity:0.30;}@media all and (max-width: 1024px){.kb-row-layout-id317_8fd401-a2 > .kt-row-column-wrap{grid-template-columns:minmax(0, 1fr);}}@media all and (max-width: 767px){.kb-row-layout-id317_8fd401-a2 > .kt-row-column-wrap{grid-template-columns:minmax(0, 1fr);}}<\/style><div class=\"kb-row-layout-wrap kb-row-layout-id317_8fd401-a2 alignfull has-theme-palette8-background-color kt-row-has-bg wp-block-kadence-rowlayout\" id=\"popular\"><div class=\"kt-row-column-wrap kt-has-1-columns kt-row-layout-equal kt-tab-layout-inherit kt-mobile-layout-row kt-row-valign-top kb-theme-content-width\">\n<style>.kadence-column317_dc1853-80 > .kt-inside-inner-col,.kadence-column317_dc1853-80 > .kt-inside-inner-col:before{border-top-left-radius:0px;border-top-right-radius:0px;border-bottom-right-radius:0px;border-bottom-left-radius:0px;}.kadence-column317_dc1853-80 > .kt-inside-inner-col{column-gap:var(--global-kb-gap-sm, 1rem);}.kadence-column317_dc1853-80 > .kt-inside-inner-col{flex-direction:column;}.kadence-column317_dc1853-80 > .kt-inside-inner-col > .aligncenter{width:100%;}.kadence-column317_dc1853-80 > .kt-inside-inner-col:before{opacity:0.3;}.kadence-column317_dc1853-80{position:relative;}@media all and (max-width: 1024px){.kadence-column317_dc1853-80 > .kt-inside-inner-col{flex-direction:column;justify-content:center;}}@media all and (max-width: 767px){.kadence-column317_dc1853-80 > .kt-inside-inner-col{flex-direction:column;justify-content:center;}}<\/style>\n<div class=\"wp-block-kadence-column kadence-column317_dc1853-80 inner-column-1\"><div class=\"kt-inside-inner-col\"><div data-block-name=\"woocommerce\/handpicked-products\" data-orderby=\"menu_order\" data-products=\"[91,73,94]\" class=\"wc-block-grid wp-block-handpicked-products wp-block-woocommerce-handpicked-products wc-block-handpicked-products has-3-columns has-multiple-rows\"><ul class=\"wc-block-grid__products\"><li class=\"wc-block-grid__product entry loop-entry content-bg woo-archive-action-on-hover woo-archive-btn-button product-loop-boxed woo-archive-image-hover-zoom\"><a href=\"https:\/\/charlottacarlson.com\/fr\/produit\/creme-anti-vieillissement-a-lor-24-k\/\" class=\"wc-block-grid__product-link woocommerce-loop-image-link woocommerce-LoopProduct-link woocommerce-loop-product__link product-has-hover-image\">\n\t\t\t\t\t<img loading=\"lazy\" decoding=\"async\" width=\"300\" height=\"300\" src=\"https:\/\/charlottacarlson.com\/wp-content\/uploads\/2024\/09\/Anti-aging-24k-gold-Cream-1-300x300.jpg\" class=\"attachment-woocommerce_thumbnail size-woocommerce_thumbnail\" alt=\"Cr\u00e8me anti-\u00e2ge \u00e0 l&#039;or 24 k\" srcset=\"https:\/\/charlottacarlson.com\/wp-content\/uploads\/2024\/09\/Anti-aging-24k-gold-Cream-1-300x300.jpg 300w, https:\/\/charlottacarlson.com\/wp-content\/uploads\/2024\/09\/Anti-aging-24k-gold-Cream-1-100x100.jpg 100w, https:\/\/charlottacarlson.com\/wp-content\/uploads\/2024\/09\/Anti-aging-24k-gold-Cream-1-600x600.jpg 600w, https:\/\/charlottacarlson.com\/wp-content\/uploads\/2024\/09\/Anti-aging-24k-gold-Cream-1-1024x1024.jpg 1024w, https:\/\/charlottacarlson.com\/wp-content\/uploads\/2024\/09\/Anti-aging-24k-gold-Cream-1-150x150.jpg 150w, https:\/\/charlottacarlson.com\/wp-content\/uploads\/2024\/09\/Anti-aging-24k-gold-Cream-1-768x768.jpg 768w, https:\/\/charlottacarlson.com\/wp-content\/uploads\/2024\/09\/Anti-aging-24k-gold-Cream-1-166x166.jpg 166w, https:\/\/charlottacarlson.com\/wp-content\/uploads\/2024\/09\/Anti-aging-24k-gold-Cream-1-83x83.jpg 83w, https:\/\/charlottacarlson.com\/wp-content\/uploads\/2024\/09\/Anti-aging-24k-gold-Cream-1.jpg 1098w\" sizes=\"auto, (max-width: 300px) 100vw, 300px\" \/>\n\t\t\t\t\t<img loading=\"lazy\" decoding=\"async\" width=\"300\" height=\"300\" src=\"https:\/\/charlottacarlson.com\/wp-content\/uploads\/2024\/09\/Anti-aging-24k-gold-Cream-2-copie-1-300x300.jpg\" class=\"secondary-product-image attachment-woocommerce_thumbnail attachment-shop-catalog wp-post-image wp-post-image--secondary\" alt=\"\" srcset=\"https:\/\/charlottacarlson.com\/wp-content\/uploads\/2024\/09\/Anti-aging-24k-gold-Cream-2-copie-1-300x300.jpg 300w, https:\/\/charlottacarlson.com\/wp-content\/uploads\/2024\/09\/Anti-aging-24k-gold-Cream-2-copie-1-100x100.jpg 100w, https:\/\/charlottacarlson.com\/wp-content\/uploads\/2024\/09\/Anti-aging-24k-gold-Cream-2-copie-1-600x600.jpg 600w, https:\/\/charlottacarlson.com\/wp-content\/uploads\/2024\/09\/Anti-aging-24k-gold-Cream-2-copie-1-1024x1024.jpg 1024w, https:\/\/charlottacarlson.com\/wp-content\/uploads\/2024\/09\/Anti-aging-24k-gold-Cream-2-copie-1-150x150.jpg 150w, https:\/\/charlottacarlson.com\/wp-content\/uploads\/2024\/09\/Anti-aging-24k-gold-Cream-2-copie-1-768x768.jpg 768w, https:\/\/charlottacarlson.com\/wp-content\/uploads\/2024\/09\/Anti-aging-24k-gold-Cream-2-copie-1-166x166.jpg 166w, https:\/\/charlottacarlson.com\/wp-content\/uploads\/2024\/09\/Anti-aging-24k-gold-Cream-2-copie-1-83x83.jpg 83w, https:\/\/charlottacarlson.com\/wp-content\/uploads\/2024\/09\/Anti-aging-24k-gold-Cream-2-copie-1.jpg 1098w\" sizes=\"auto, (max-width: 300px) 100vw, 300px\" \/>\n\t\t\t\t<\/a>\n\t\t\t\t<div class=\"product-details content-bg entry-content-wrap\">\n\t\t\t\t\t<a href=\"https:\/\/charlottacarlson.com\/fr\/produit\/creme-anti-vieillissement-a-lor-24-k\/\" class=\"wc-block-grid__product-title-link\">\n\t\t\t\t\t\t<div class=\"wc-block-grid__product-title\">Cr\u00e8me anti-\u00e2ge \u00e0 l'or 24 k<\/div>\n\t\t\t\t\t<\/a>\n\t\t\t\t\t\n\t\t\t\t\t<div class=\"wc-block-grid__product-price price\"><span class='wmc-cache-pid' data-wmc_product_id='91'><span class=\"woocommerce-Price-amount amount\">69.00&nbsp;<span class=\"woocommerce-Price-currencySymbol\">\u20ac<\/span><\/span><\/span><\/div>\n\t\t\t\t\t<div class=\"wp-block-button wc-block-grid__product-add-to-cart\"><a href=\"\/fr\/wp-json\/wp\/v2\/pages\/317?add-to-cart=91\" aria-label=\"Ajouter au panier\u00a0: \u201cAnti-aging 24 k Gold Cream\u201d\" data-quantity=\"1\" data-product_id=\"91\" data-product_sku=\"3760048114936\" rel=\"nofollow\" class=\"wp-block-button__link add_to_cart_button ajax_add_to_cart\" data-no-translation-aria-label=\"\">Ajouter au panier<span class=\"kadence-svg-iconset svg-baseline\"><svg class=\"kadence-svg-icon kadence-spinner-svg\" fill=\"currentColor\" version=\"1.1\" xmlns=\"http:\/\/www.w3.org\/2000\/svg\" width=\"16\" height=\"16\" viewbox=\"0 0 16 16\"><title>Chargement<\/title><path d=\"M16 6h-6l2.243-2.243c-1.133-1.133-2.64-1.757-4.243-1.757s-3.109 0.624-4.243 1.757c-1.133 1.133-1.757 2.64-1.757 4.243s0.624 3.109 1.757 4.243c1.133 1.133 2.64 1.757 4.243 1.757s3.109-0.624 4.243-1.757c0.095-0.095 0.185-0.192 0.273-0.292l1.505 1.317c-1.466 1.674-3.62 2.732-6.020 2.732-4.418 0-8-3.582-8-8s3.582-8 8-8c2.209 0 4.209 0.896 5.656 2.344l2.343-2.344v6z\"><\/path>\n\t\t\t\t<\/svg><\/span><span class=\"kadence-svg-iconset svg-baseline\"><svg class=\"kadence-svg-icon kadence-check-svg\" fill=\"currentColor\" version=\"1.1\" xmlns=\"http:\/\/www.w3.org\/2000\/svg\" width=\"16\" height=\"16\" viewbox=\"0 0 16 16\"><title>Termin\u00e9<\/title><path d=\"M14 2.5l-8.5 8.5-3.5-3.5-1.5 1.5 5 5 10-10z\"><\/path>\n\t\t\t\t<\/svg><\/span><\/a><\/div>\n\t\t\t\t<\/div>\n\t\t\t<\/li><li class=\"wc-block-grid__product entry loop-entry content-bg woo-archive-action-on-hover woo-archive-btn-button product-loop-boxed woo-archive-image-hover-zoom\"><a href=\"https:\/\/charlottacarlson.com\/fr\/produit\/creme-anti-age-eclaircissante\/\" class=\"wc-block-grid__product-link woocommerce-loop-image-link woocommerce-LoopProduct-link woocommerce-loop-product__link product-has-hover-image\">\n\t\t\t\t\t<img loading=\"lazy\" decoding=\"async\" width=\"300\" height=\"300\" src=\"https:\/\/charlottacarlson.com\/wp-content\/uploads\/2024\/09\/Diamant-Blanc-Cream-1-300x300.jpg\" class=\"attachment-woocommerce_thumbnail size-woocommerce_thumbnail\" alt=\"Cr\u00e8me \u00e9claircissante et anti-\u00e2ge\" srcset=\"https:\/\/charlottacarlson.com\/wp-content\/uploads\/2024\/09\/Diamant-Blanc-Cream-1-300x300.jpg 300w, https:\/\/charlottacarlson.com\/wp-content\/uploads\/2024\/09\/Diamant-Blanc-Cream-1-100x100.jpg 100w, https:\/\/charlottacarlson.com\/wp-content\/uploads\/2024\/09\/Diamant-Blanc-Cream-1-600x600.jpg 600w, https:\/\/charlottacarlson.com\/wp-content\/uploads\/2024\/09\/Diamant-Blanc-Cream-1-150x150.jpg 150w, https:\/\/charlottacarlson.com\/wp-content\/uploads\/2024\/09\/Diamant-Blanc-Cream-1-768x768.jpg 768w, https:\/\/charlottacarlson.com\/wp-content\/uploads\/2024\/09\/Diamant-Blanc-Cream-1-166x166.jpg 166w, https:\/\/charlottacarlson.com\/wp-content\/uploads\/2024\/09\/Diamant-Blanc-Cream-1-83x83.jpg 83w, https:\/\/charlottacarlson.com\/wp-content\/uploads\/2024\/09\/Diamant-Blanc-Cream-1.jpg 1022w\" sizes=\"auto, (max-width: 300px) 100vw, 300px\" \/>\n\t\t\t\t\t<img loading=\"lazy\" decoding=\"async\" width=\"300\" height=\"300\" src=\"https:\/\/charlottacarlson.com\/wp-content\/uploads\/2024\/09\/Diamant-Blanc-Cream-2-1-300x300.jpg\" class=\"secondary-product-image attachment-woocommerce_thumbnail attachment-shop-catalog wp-post-image wp-post-image--secondary\" alt=\"\" srcset=\"https:\/\/charlottacarlson.com\/wp-content\/uploads\/2024\/09\/Diamant-Blanc-Cream-2-1-300x300.jpg 300w, https:\/\/charlottacarlson.com\/wp-content\/uploads\/2024\/09\/Diamant-Blanc-Cream-2-1-100x100.jpg 100w, https:\/\/charlottacarlson.com\/wp-content\/uploads\/2024\/09\/Diamant-Blanc-Cream-2-1-600x600.jpg 600w, https:\/\/charlottacarlson.com\/wp-content\/uploads\/2024\/09\/Diamant-Blanc-Cream-2-1-150x150.jpg 150w, https:\/\/charlottacarlson.com\/wp-content\/uploads\/2024\/09\/Diamant-Blanc-Cream-2-1-768x768.jpg 768w, https:\/\/charlottacarlson.com\/wp-content\/uploads\/2024\/09\/Diamant-Blanc-Cream-2-1-166x166.jpg 166w, https:\/\/charlottacarlson.com\/wp-content\/uploads\/2024\/09\/Diamant-Blanc-Cream-2-1-83x83.jpg 83w, https:\/\/charlottacarlson.com\/wp-content\/uploads\/2024\/09\/Diamant-Blanc-Cream-2-1.jpg 1022w\" sizes=\"auto, (max-width: 300px) 100vw, 300px\" \/>\n\t\t\t\t<\/a>\n\t\t\t\t<div class=\"product-details content-bg entry-content-wrap\">\n\t\t\t\t\t<a href=\"https:\/\/charlottacarlson.com\/fr\/produit\/creme-anti-age-eclaircissante\/\" class=\"wc-block-grid__product-title-link\">\n\t\t\t\t\t\t<div class=\"wc-block-grid__product-title\">Cr\u00e8me \u00e9claircissante et anti-\u00e2ge<\/div>\n\t\t\t\t\t<\/a>\n\t\t\t\t\t\n\t\t\t\t\t<div class=\"wc-block-grid__product-price price\"><span class='wmc-cache-pid' data-wmc_product_id='73'><span class=\"woocommerce-Price-amount amount\">69.00&nbsp;<span class=\"woocommerce-Price-currencySymbol\">\u20ac<\/span><\/span><\/span><\/div>\n\t\t\t\t\t<div class=\"wp-block-button wc-block-grid__product-add-to-cart\"><a href=\"\/fr\/wp-json\/wp\/v2\/pages\/317?add-to-cart=73\" aria-label=\"Ajouter au panier\u00a0: \u201cBrightening &amp; Anti-aging Cream\u201d\" data-quantity=\"1\" data-product_id=\"73\" data-product_sku=\"3760048114967\" rel=\"nofollow\" class=\"wp-block-button__link add_to_cart_button ajax_add_to_cart\" data-no-translation-aria-label=\"\">Ajouter au panier<span class=\"kadence-svg-iconset svg-baseline\"><svg class=\"kadence-svg-icon kadence-spinner-svg\" fill=\"currentColor\" version=\"1.1\" xmlns=\"http:\/\/www.w3.org\/2000\/svg\" width=\"16\" height=\"16\" viewbox=\"0 0 16 16\"><title>Chargement<\/title><path d=\"M16 6h-6l2.243-2.243c-1.133-1.133-2.64-1.757-4.243-1.757s-3.109 0.624-4.243 1.757c-1.133 1.133-1.757 2.64-1.757 4.243s0.624 3.109 1.757 4.243c1.133 1.133 2.64 1.757 4.243 1.757s3.109-0.624 4.243-1.757c0.095-0.095 0.185-0.192 0.273-0.292l1.505 1.317c-1.466 1.674-3.62 2.732-6.020 2.732-4.418 0-8-3.582-8-8s3.582-8 8-8c2.209 0 4.209 0.896 5.656 2.344l2.343-2.344v6z\"><\/path>\n\t\t\t\t<\/svg><\/span><span class=\"kadence-svg-iconset svg-baseline\"><svg class=\"kadence-svg-icon kadence-check-svg\" fill=\"currentColor\" version=\"1.1\" xmlns=\"http:\/\/www.w3.org\/2000\/svg\" width=\"16\" height=\"16\" viewbox=\"0 0 16 16\"><title>Termin\u00e9<\/title><path d=\"M14 2.5l-8.5 8.5-3.5-3.5-1.5 1.5 5 5 10-10z\"><\/path>\n\t\t\t\t<\/svg><\/span><\/a><\/div>\n\t\t\t\t<\/div>\n\t\t\t<\/li><li class=\"wc-block-grid__product entry loop-entry content-bg woo-archive-action-on-hover woo-archive-btn-button product-loop-boxed woo-archive-image-hover-zoom\"><a href=\"https:\/\/charlottacarlson.com\/fr\/produit\/ecran-solaire-multi-protection-spf-50\/\" class=\"wc-block-grid__product-link woocommerce-loop-image-link woocommerce-LoopProduct-link woocommerce-loop-product__link product-has-hover-image\">\n\t\t\t\t\t<img loading=\"lazy\" decoding=\"async\" width=\"300\" height=\"300\" src=\"https:\/\/charlottacarlson.com\/wp-content\/uploads\/2024\/09\/pure-solaire-1-300x300.jpg\" class=\"attachment-woocommerce_thumbnail size-woocommerce_thumbnail\" alt=\"Protection solaire Multi Protection SPF 50\" srcset=\"https:\/\/charlottacarlson.com\/wp-content\/uploads\/2024\/09\/pure-solaire-1-300x300.jpg 300w, https:\/\/charlottacarlson.com\/wp-content\/uploads\/2024\/09\/pure-solaire-1-100x100.jpg 100w, https:\/\/charlottacarlson.com\/wp-content\/uploads\/2024\/09\/pure-solaire-1-600x600.jpg 600w, https:\/\/charlottacarlson.com\/wp-content\/uploads\/2024\/09\/pure-solaire-1-1024x1024.jpg 1024w, https:\/\/charlottacarlson.com\/wp-content\/uploads\/2024\/09\/pure-solaire-1-150x150.jpg 150w, https:\/\/charlottacarlson.com\/wp-content\/uploads\/2024\/09\/pure-solaire-1-768x768.jpg 768w, https:\/\/charlottacarlson.com\/wp-content\/uploads\/2024\/09\/pure-solaire-1-1320x1320.jpg 1320w, https:\/\/charlottacarlson.com\/wp-content\/uploads\/2024\/09\/pure-solaire-1-166x166.jpg 166w, https:\/\/charlottacarlson.com\/wp-content\/uploads\/2024\/09\/pure-solaire-1-83x83.jpg 83w, https:\/\/charlottacarlson.com\/wp-content\/uploads\/2024\/09\/pure-solaire-1.jpg 1468w\" sizes=\"auto, (max-width: 300px) 100vw, 300px\" \/>\n\t\t\t\t\t<img loading=\"lazy\" decoding=\"async\" width=\"300\" height=\"300\" src=\"https:\/\/charlottacarlson.com\/wp-content\/uploads\/2024\/09\/pure-solaire2-1-300x300.jpg\" class=\"secondary-product-image attachment-woocommerce_thumbnail attachment-shop-catalog wp-post-image wp-post-image--secondary\" alt=\"\" srcset=\"https:\/\/charlottacarlson.com\/wp-content\/uploads\/2024\/09\/pure-solaire2-1-300x300.jpg 300w, https:\/\/charlottacarlson.com\/wp-content\/uploads\/2024\/09\/pure-solaire2-1-100x100.jpg 100w, https:\/\/charlottacarlson.com\/wp-content\/uploads\/2024\/09\/pure-solaire2-1-600x600.jpg 600w, https:\/\/charlottacarlson.com\/wp-content\/uploads\/2024\/09\/pure-solaire2-1-1024x1024.jpg 1024w, https:\/\/charlottacarlson.com\/wp-content\/uploads\/2024\/09\/pure-solaire2-1-150x150.jpg 150w, https:\/\/charlottacarlson.com\/wp-content\/uploads\/2024\/09\/pure-solaire2-1-768x768.jpg 768w, https:\/\/charlottacarlson.com\/wp-content\/uploads\/2024\/09\/pure-solaire2-1-1320x1320.jpg 1320w, https:\/\/charlottacarlson.com\/wp-content\/uploads\/2024\/09\/pure-solaire2-1-166x166.jpg 166w, https:\/\/charlottacarlson.com\/wp-content\/uploads\/2024\/09\/pure-solaire2-1-83x83.jpg 83w, https:\/\/charlottacarlson.com\/wp-content\/uploads\/2024\/09\/pure-solaire2-1.jpg 1468w\" sizes=\"auto, (max-width: 300px) 100vw, 300px\" \/>\n\t\t\t\t<\/a>\n\t\t\t\t<div class=\"product-details content-bg entry-content-wrap\">\n\t\t\t\t\t<a href=\"https:\/\/charlottacarlson.com\/fr\/produit\/ecran-solaire-multi-protection-spf-50\/\" class=\"wc-block-grid__product-title-link\">\n\t\t\t\t\t\t<div class=\"wc-block-grid__product-title\">Protection solaire Multi Protection SPF 50<\/div>\n\t\t\t\t\t<\/a>\n\t\t\t\t\t\n\t\t\t\t\t<div class=\"wc-block-grid__product-price price\"><span class='wmc-cache-pid' data-wmc_product_id='94'><span class=\"woocommerce-Price-amount amount\">39.00&nbsp;<span class=\"woocommerce-Price-currencySymbol\">\u20ac<\/span><\/span><\/span><\/div>\n\t\t\t\t\t<div class=\"wp-block-button wc-block-grid__product-add-to-cart\"><a href=\"\/fr\/wp-json\/wp\/v2\/pages\/317?add-to-cart=94\" aria-label=\"Ajouter au panier\u00a0: \u201cMulti Protection Sun Block SPF 50\u201d\" data-quantity=\"1\" data-product_id=\"94\" data-product_sku=\"3760048114998\" rel=\"nofollow\" class=\"wp-block-button__link add_to_cart_button ajax_add_to_cart\" data-no-translation-aria-label=\"\">Ajouter au panier<span class=\"kadence-svg-iconset svg-baseline\"><svg class=\"kadence-svg-icon kadence-spinner-svg\" fill=\"currentColor\" version=\"1.1\" xmlns=\"http:\/\/www.w3.org\/2000\/svg\" width=\"16\" height=\"16\" viewbox=\"0 0 16 16\"><title>Chargement<\/title><path d=\"M16 6h-6l2.243-2.243c-1.133-1.133-2.64-1.757-4.243-1.757s-3.109 0.624-4.243 1.757c-1.133 1.133-1.757 2.64-1.757 4.243s0.624 3.109 1.757 4.243c1.133 1.133 2.64 1.757 4.243 1.757s3.109-0.624 4.243-1.757c0.095-0.095 0.185-0.192 0.273-0.292l1.505 1.317c-1.466 1.674-3.62 2.732-6.020 2.732-4.418 0-8-3.582-8-8s3.582-8 8-8c2.209 0 4.209 0.896 5.656 2.344l2.343-2.344v6z\"><\/path>\n\t\t\t\t<\/svg><\/span><span class=\"kadence-svg-iconset svg-baseline\"><svg class=\"kadence-svg-icon kadence-check-svg\" fill=\"currentColor\" version=\"1.1\" xmlns=\"http:\/\/www.w3.org\/2000\/svg\" width=\"16\" height=\"16\" viewbox=\"0 0 16 16\"><title>Termin\u00e9<\/title><path d=\"M14 2.5l-8.5 8.5-3.5-3.5-1.5 1.5 5 5 10-10z\"><\/path>\n\t\t\t\t<\/svg><\/span><\/a><\/div>\n\t\t\t\t<\/div>\n\t\t\t<\/li><\/ul><\/div>\n\n<style>.wp-block-kadence-advancedbtn.kb-btns317_390e72-e0{gap:var(--global-kb-gap-xs, 0.5rem );justify-content:flex-start;align-items:center;}.kt-btns317_390e72-e0 .kt-button{font-weight:normal;font-style:normal;}.kt-btns317_390e72-e0 .kt-btn-wrap-0{margin-right:5px;}.wp-block-kadence-advancedbtn.kt-btns317_390e72-e0 .kt-btn-wrap-0 .kt-button{color:#555555;border-color:#555555;}.wp-block-kadence-advancedbtn.kt-btns317_390e72-e0 .kt-btn-wrap-0 .kt-button:hover, .wp-block-kadence-advancedbtn.kt-btns317_390e72-e0 .kt-btn-wrap-0 .kt-button:focus{color:#ffffff;border-color:#444444;}.wp-block-kadence-advancedbtn.kt-btns317_390e72-e0 .kt-btn-wrap-0 .kt-button::before{display:none;}.wp-block-kadence-advancedbtn.kt-btns317_390e72-e0 .kt-btn-wrap-0 .kt-button:hover, .wp-block-kadence-advancedbtn.kt-btns317_390e72-e0 .kt-btn-wrap-0 .kt-button:focus{background:#444444;}@media all and (max-width: 1024px){.wp-block-kadence-advancedbtn.kb-btns317_390e72-e0{justify-content:center;}}<\/style>\n<div class=\"wp-block-kadence-advancedbtn kb-buttons-wrap kb-btns317_390e72-e0\"><style>ul.menu .wp-block-kadence-advancedbtn .kb-btn317_146e67-e2.kb-button{width:initial;}.wp-block-kadence-advancedbtn .kb-btn317_146e67-e2.kb-button{color:var(--global-palette1, #3182CE);background:rgba(255,255,255,0);font-size:24px;padding-top:0px;padding-right:0px;padding-bottom:0px;padding-left:0px;}.kb-btn317_146e67-e2.kb-button .kb-svg-icon-wrap{color:var(--global-palette1, #3182CE);}.kb-btn317_146e67-e2.kb-button:hover .kb-svg-icon-wrap, .kb-btn317_146e67-e2.kb-button:focus .kb-svg-icon-wrap{color:var(--global-palette2, #2B6CB0);}.wp-block-kadence-advancedbtn .kb-btn317_146e67-e2.kb-button:hover, .wp-block-kadence-advancedbtn .kb-btn317_146e67-e2.kb-button:focus{color:var(--global-palette2, #2B6CB0);background:rgba(255,255,255,0);border-bottom:5px solid var(--global-palette2, #2B6CB0);}@media all and (max-width: 1024px){.wp-block-kadence-advancedbtn .kb-btn317_146e67-e2.kb-button:hover, .wp-block-kadence-advancedbtn .kb-btn317_146e67-e2.kb-button:focus{border-bottom:5px solid var(--global-palette2, #2B6CB0);}}@media all and (max-width: 767px){.wp-block-kadence-advancedbtn .kb-btn317_146e67-e2.kb-button:hover, .wp-block-kadence-advancedbtn .kb-btn317_146e67-e2.kb-button:focus{border-bottom:5px solid var(--global-palette2, #2B6CB0);}}<\/style><a class=\"kb-button kt-button button kb-btn317_146e67-e2 kt-btn-size-standard kt-btn-width-type-auto kb-btn-global-fill  kt-btn-has-text-true kt-btn-has-svg-true  wp-block-kadence-singlebtn\" href=\"\/fr\/soins-de-la-peau\/ecran-solaire-multi-protection\/\"><span class=\"kt-btn-inner-text\">\u00c9cran solaire multi-protection<\/span><span class=\"kb-svg-icon-wrap kb-svg-icon-fe_arrowRight kt-btn-icon-side-right\"><svg viewbox=\"0 0 24 24\"  fill=\"none\" stroke=\"currentColor\" stroke-width=\"2\" stroke-linecap=\"round\" stroke-linejoin=\"round\" xmlns=\"http:\/\/www.w3.org\/2000\/svg\"  aria-hidden=\"true\"><line x1=\"5\" y1=\"12\" x2=\"19\" y2=\"12\"\/><polyline points=\"12 5 19 12 12 19\"\/><\/svg><\/span><\/a><\/div>\n<\/div><\/div>\n\n<\/div><\/div>","protected":false},"excerpt":{"rendered":"<p>S\u00e9rums<\/p>","protected":false},"author":1,"featured_media":0,"parent":343,"menu_order":0,"comment_status":"closed","ping_status":"closed","template":"","meta":{"_seopress_robots_primary_cat":"","_seopress_titles_title":"","_seopress_titles_desc":"","_seopress_robots_index":"","_kad_blocks_custom_css":"","_kad_blocks_head_custom_js":"","_kad_blocks_body_custom_js":"","_kad_blocks_footer_custom_js":"","_kad_post_transparent":"","_kad_post_title":"","_kad_post_layout":"","_kad_post_sidebar_id":"","_kad_post_content_style":"","_kad_post_vertical_padding":"","_kad_post_feature":"","_kad_post_feature_position":"","_kad_post_header":false,"_kad_post_footer":false,"_kad_post_classname":"","footnotes":""},"class_list":["post-317","page","type-page","status-publish","hentry"],"taxonomy_info":[],"featured_image_src_large":false,"author_info":{"display_name":"Webmaster","author_link":"https:\/\/charlottacarlson.com\/fr"},"comment_info":0,"_links":{"self":[{"href":"https:\/\/charlottacarlson.com\/fr\/wp-json\/wp\/v2\/pages\/317","targetHints":{"allow":["GET"]}}],"collection":[{"href":"https:\/\/charlottacarlson.com\/fr\/wp-json\/wp\/v2\/pages"}],"about":[{"href":"https:\/\/charlottacarlson.com\/fr\/wp-json\/wp\/v2\/types\/page"}],"author":[{"embeddable":true,"href":"https:\/\/charlottacarlson.com\/fr\/wp-json\/wp\/v2\/users\/1"}],"replies":[{"embeddable":true,"href":"https:\/\/charlottacarlson.com\/fr\/wp-json\/wp\/v2\/comments?post=317"}],"version-history":[{"count":0,"href":"https:\/\/charlottacarlson.com\/fr\/wp-json\/wp\/v2\/pages\/317\/revisions"}],"up":[{"embeddable":true,"href":"https:\/\/charlottacarlson.com\/fr\/wp-json\/wp\/v2\/pages\/343"}],"wp:attachment":[{"href":"https:\/\/charlottacarlson.com\/fr\/wp-json\/wp\/v2\/media?parent=317"}],"curies":[{"name":"wp","href":"https:\/\/api.w.org\/{rel}","templated":true}]}}