{"id":943,"date":"2024-11-03T22:48:24","date_gmt":"2024-11-03T22:48:24","guid":{"rendered":"http:\/\/charlotta-carlson.local\/?post_type=product&#038;p=943"},"modified":"2024-11-08T15:24:55","modified_gmt":"2024-11-08T15:24:55","slug":"barra-de-labios-mate","status":"publish","type":"product","link":"https:\/\/charlottacarlson.com\/es\/producto\/barra-de-labios-mate\/","title":{"rendered":"Barra de labios mate"},"content":{"rendered":"<p>Barra de labios con f\u00f3rmula sutilmente matificante con pigmentos puros para sublimar los labios con una textura extremadamente confortable, suavizante y duradera. Contiene cera de arroz para intensificar el acabado mate, as\u00ed como una sensaci\u00f3n no pegajosa y cremosa. Cera de girasol para una larga duraci\u00f3n. Y cera de candelilla para proteger e hidratar los labios. Enriquecido con vitamina E, antioxidante e hidratante, que mejora la elasticidad y suavidad para el confort inmediato de sus labios.<\/p>\n<blockquote><p><em><strong>C\u00d3MO PRESENTAR LA SOLICITUD<\/strong><\/em><br \/>\nAplicar directamente sobre los labios, desde el centro hacia el exterior. Para un contorno de labios ultrapreciso, preceda la aplicaci\u00f3n de SEDUIRE con una l\u00ednea de l\u00e1piz de labios del mismo tono.<\/p>\n<p>&nbsp;<\/p>\n<p><strong><em>I<\/em><em>NGREDIENTES<\/em><em> ROSA SENSUEL ESTERA <\/em><em>:<br \/>\n<\/em><\/strong>Miristato de octildodecilo, octildodecanol, cera de salvado de Oryza sativa, celulosa, tetrabifenato de pentaeritritilo, cera de candelilla, s\u00edlice, cera de semilla de Helianthus annuus, hidr\u00f3xido de aluminio, triglic\u00e9ridos C10-18, acetato de tocoferilo, tocoferol, aceite de semilla de Helianthus annuus, palmitato de ascorbilo.<br \/>\n+\/- : CI 77891, CI 15850<\/p>\n<p>&nbsp;<\/p>\n<p><strong><em>INGREDIENTES NUDE MAT <\/em><\/strong>:<br \/>\nMiristato de octildodecilo, octildodecanol, cera de salvado de Oryza sativa, celulosa, tetrabefenato de pentaeritritilo, cera de candelilla, s\u00edlice, cera de semilla de Helianthus annuus, triglic\u00e9ridos C10-18, acetato de tocoferilo, tocoferol, aceite de semilla de Helianthus annuus, palmitato de ascorbilo.<br \/>\n+\/- : CI 77891, CI 77491, CI 15850, CI 77499, CI 17200<\/p>\n<p>&nbsp;<\/p>\n<p><strong><em>INGREDIENTES ESTERA ROSA : <\/em><\/strong><br \/>\nMiristato de octildodecilo, octildodecanol, cera de salvado de Oryza sativa, celulosa, tetrabefenato de pentaeritritilo, cera de candelilla, s\u00edlice, cera de semilla de Helianthus annuus, hidr\u00f3xido de aluminio, triglic\u00e9ridos C10-18, acetato de tocoferilo, tocoferol, aceite de semilla de Helianthus annuus, palmitato de ascorbilo, maltodextrina.<br \/>\n+\/- : CI 77891, CI 73360, CI 15850, CI 75470<\/p>\n<p>&nbsp;<\/p>\n<p><em><strong>INGREDIENTES ROUGE MAT :<\/strong><\/em><br \/>\nMiristato de octildodecilo, octildodecanol, cera de salvado de Oryza sativa, celulosa, hidr\u00f3xido de aluminio, tetrabefenato de pentaeritritilo, cera de candelilla, s\u00edlice, cera de semilla de Helianthus annuus, triglic\u00e9ridos C10-18, acetato de tocoferilo, tocoferol, aceite de semilla de Helianthus annuus, palmitato de ascorbilo.<br \/>\n+\/- : CI 73360, CI 45410, CI 15850<\/p><\/blockquote>","protected":false},"excerpt":{"rendered":"<p>Barra de labios con f\u00f3rmula sutil con pigmentos puros para sublimar sus labios con una textura extremadamente confortable, suavizante y de larga duraci\u00f3n. Contiene m\u00e1s de 50% de aceite vegetal que intensifica el color de los pigmentos de la f\u00f3rmula. Conocido por sus propiedades nutritivas, suaviza y alisa los labios. Enriquecido con un tr\u00edo de ceras vegetales naturales, girasol para una fijaci\u00f3n duradera, candelilla para la hidrataci\u00f3n y carnauba que forma una barrera protectora en los labios.<\/p>","protected":false},"featured_media":923,"comment_status":"open","ping_status":"closed","template":"","meta":{"_seopress_robots_primary_cat":"","_seopress_titles_title":"","_seopress_titles_desc":"","_seopress_robots_index":"","_kad_blocks_custom_css":"","_kad_blocks_head_custom_js":"","_kad_blocks_body_custom_js":"","_kad_blocks_footer_custom_js":"","_kad_post_transparent":"default","_kad_post_title":"","_kad_post_layout":"default","_kad_post_sidebar_id":"","_kad_post_content_style":"default","_kad_post_vertical_padding":"default","_kad_post_feature":"","_kad_post_feature_position":"","_kad_post_header":false,"_kad_post_footer":false,"_kad_post_classname":""},"product_brand":[],"product_cat":[38,36,39],"product_tag":[],"class_list":{"0":"post-943","1":"product","2":"type-product","3":"status-publish","4":"has-post-thumbnail","6":"product_cat-lips","7":"product_cat-moisturizer-lipstick","8":"product_cat-seduire","10":"first","11":"instock","12":"taxable","13":"shipping-taxable","14":"purchasable","15":"product-type-variable","16":"entry","17":"content-bg","18":"loop-entry"},"taxonomy_info":{"product_cat":[{"value":38,"label":"Lips"},{"value":36,"label":"Moisturizer Lipstick"},{"value":39,"label":"S\u00e9duire"}]},"featured_image_src_large":["https:\/\/charlottacarlson.com\/wp-content\/uploads\/2024\/11\/Lisptick-Charlotta-257-Shine-938x1024.webp",938,1024,true],"author_info":[],"comment_info":0,"_links":{"self":[{"href":"https:\/\/charlottacarlson.com\/es\/wp-json\/wp\/v2\/product\/943","targetHints":{"allow":["GET"]}}],"collection":[{"href":"https:\/\/charlottacarlson.com\/es\/wp-json\/wp\/v2\/product"}],"about":[{"href":"https:\/\/charlottacarlson.com\/es\/wp-json\/wp\/v2\/types\/product"}],"replies":[{"embeddable":true,"href":"https:\/\/charlottacarlson.com\/es\/wp-json\/wp\/v2\/comments?post=943"}],"wp:featuredmedia":[{"embeddable":true,"href":"https:\/\/charlottacarlson.com\/es\/wp-json\/wp\/v2\/media\/923"}],"wp:attachment":[{"href":"https:\/\/charlottacarlson.com\/es\/wp-json\/wp\/v2\/media?parent=943"}],"wp:term":[{"taxonomy":"product_brand","embeddable":true,"href":"https:\/\/charlottacarlson.com\/es\/wp-json\/wp\/v2\/product_brand?post=943"},{"taxonomy":"product_cat","embeddable":true,"href":"https:\/\/charlottacarlson.com\/es\/wp-json\/wp\/v2\/product_cat?post=943"},{"taxonomy":"product_tag","embeddable":true,"href":"https:\/\/charlottacarlson.com\/es\/wp-json\/wp\/v2\/product_tag?post=943"}],"curies":[{"name":"wp","href":"https:\/\/api.w.org\/{rel}","templated":true}]}}