{"id":94,"date":"2024-09-15T17:06:30","date_gmt":"2024-09-15T17:06:30","guid":{"rendered":"https:\/\/blissful-fish-387ec5.instawp.xyz\/?post_type=product&#038;p=94"},"modified":"2024-12-17T13:31:15","modified_gmt":"2024-12-17T13:31:15","slug":"protector-solar-multiproteccion-spf-50","status":"publish","type":"product","link":"https:\/\/charlottacarlson.com\/es\/producto\/protector-solar-multiproteccion-spf-50\/","title":{"rendered":"Bloqueador solar multiprotecci\u00f3n SPF 50"},"content":{"rendered":"<p><img loading=\"lazy\" decoding=\"async\" class=\"wp-image-1090 alignright\" src=\"https:\/\/charlottacarlson.com\/wp-content\/uploads\/2024\/09\/pexels-stergerz-11227918-beach-for-SPF-50-240x300.webp\" alt=\"Pexels Stergerz 11227918 Playa Para Spf 50\" width=\"385\" height=\"481\" srcset=\"https:\/\/charlottacarlson.com\/wp-content\/uploads\/2024\/09\/pexels-stergerz-11227918-beach-for-SPF-50-240x300.webp 240w, https:\/\/charlottacarlson.com\/wp-content\/uploads\/2024\/09\/pexels-stergerz-11227918-beach-for-SPF-50-819x1024.webp 819w, https:\/\/charlottacarlson.com\/wp-content\/uploads\/2024\/09\/pexels-stergerz-11227918-beach-for-SPF-50-768x960.webp 768w, https:\/\/charlottacarlson.com\/wp-content\/uploads\/2024\/09\/pexels-stergerz-11227918-beach-for-SPF-50-1229x1536.webp 1229w, https:\/\/charlottacarlson.com\/wp-content\/uploads\/2024\/09\/pexels-stergerz-11227918-beach-for-SPF-50-1639x2048.webp 1639w, https:\/\/charlottacarlson.com\/wp-content\/uploads\/2024\/09\/pexels-stergerz-11227918-beach-for-SPF-50-10x12.webp 10w, https:\/\/charlottacarlson.com\/wp-content\/uploads\/2024\/09\/pexels-stergerz-11227918-beach-for-SPF-50-600x750.webp 600w\" sizes=\"auto, (max-width: 385px) 100vw, 385px\" \/><span data-sheets-value=\"{\" data-sheets-userformat=\"{\" data-sheets-textstyleruns=\"{\"><strong>FPS 50, Alta protecci\u00f3n solar UVA y UVB con \u00e1cido hialur\u00f3nico<\/strong>. Compuesto por tres filtros solares con <strong>NO significativo<\/strong> <strong>ni impacto negativo en el medio ambiente<\/strong>oficialmente probado mediante ensayos*. Aroma floral, <strong>NO deja marcas blancas en la piel<\/strong>La crema se absorbe r\u00e1pidamente. Contiene \u00e1cido hialur\u00f3nico conocido por sus propiedades hidratantes.<\/span><\/p>\n<p>Yuka : 100\/100<\/p>\n<p>F\u00f3rmula vegana<\/p>\n<p>*NF EN ISO 11348-3 y NF EN ISO 10253<\/p>\n<h3>Principios activos :<\/h3>\n<p><span data-sheets-value=\"{\" data-sheets-userformat=\"{\">FPS 50 - UVA y UVB - Alta protecci\u00f3n solar. <\/span>Filtros minerales naturales con <span data-sheets-value=\"{\" data-sheets-userformat=\"{\" data-sheets-textstyleruns=\"{\">\u00e1cido hialur\u00f3nico conocido por sus propiedades hidratantes.<\/span><\/p>\n<h3><span data-sheets-value=\"{\" data-sheets-userformat=\"{\">Origen natural de la base<\/span>: <span data-sheets-value=\"{\" data-sheets-userformat=\"{\">97,8% <\/span><\/h3>\n<h3><span data-sheets-value=\"{\" data-sheets-userformat=\"{\">RESPETAR LA VIDA MARINA<\/span><\/h3>\n<p><img alt=\"\" loading=\"lazy\" decoding=\"async\" class=\"alignnone size-full wp-image-3060\" src=\"https:\/\/charlottacarlson.com\/wp-content\/uploads\/2023\/07\/iconsolaire.png\" width=\"250\" height=\"80\" \/><\/p>\n<h3>Modo de empleo:<\/h3>\n<p><span data-sheets-value=\"{\" data-sheets-userformat=\"{\">Aplicar ma\u00f1ana y noche sobre la piel seca y limpia, evitando el contorno de los ojos. Masajear la piel con movimientos circulares - Uso diario<br \/>\n<\/span><\/p>\n<p><span data-sheets-value=\"{\" data-sheets-userformat=\"{\">Aplique el protector solar antes de salir al sol. Vuelva a aplicarlo con frecuencia para mantener la protecci\u00f3n, especialmente despu\u00e9s de sudar, nadar o secarse con la toalla. Evite exponerse al sol durante las horas de m\u00e1xima insolaci\u00f3n; en caso contrario, utilice ropa de protecci\u00f3n. No permanezca demasiado tiempo al sol, aunque utilice protecci\u00f3n solar. La sobreexposici\u00f3n al sol es una amenaza grave para la salud. No exponga al sol a beb\u00e9s y ni\u00f1os peque\u00f1os. No lo aplique en ni\u00f1os menores de 6 a\u00f1os.<\/span><\/p>\n<h3>Lista de ingredientes:<\/h3>\n<p><span data-sheets-value=\"{\" data-sheets-userformat=\"{\">Agua, carbonato de dicaprililo, triglic\u00e9rido capr\u00edlico\/c\u00e1prico, bis-etilhexiloxifenol metoxifenil triazina, dietilamino hidroxibenzoil hexil benzoato, etilhexil triazona, glicerina, dipolihidroxiestearato de poligliceril-2, Inulina lauril carbamato, Poligliceril-3 diisoestearato, Hialuronato s\u00f3dico, Goma xantana, Tocoferol, Parfum, \u00c1cido c\u00edtrico, Benzoato s\u00f3dico, Sorbato pot\u00e1sico, Linalol, Limoneno, Geraniol<\/span><\/p>\n<h3>Atributos medioambientales:<\/h3>\n<p><img alt=\"\" loading=\"lazy\" decoding=\"async\" class=\"alignnone wp-image-3061 size-full\" src=\"https:\/\/charlottacarlson.com\/wp-content\/uploads\/2023\/07\/iconsolaire2.png\" width=\"419\" height=\"97\" \/><\/p>","protected":false},"excerpt":{"rendered":"<h3><img loading=\"lazy\" decoding=\"async\" class=\"wp-image-1090 alignright\" src=\"https:\/\/charlottacarlson.com\/wp-content\/uploads\/2024\/09\/pexels-stergerz-11227918-beach-for-SPF-50-240x300.webp\" alt=\"Pexels Stergerz 11227918 Playa Para Spf 50\" width=\"422\" height=\"528\" srcset=\"https:\/\/charlottacarlson.com\/wp-content\/uploads\/2024\/09\/pexels-stergerz-11227918-beach-for-SPF-50-240x300.webp 240w, https:\/\/charlottacarlson.com\/wp-content\/uploads\/2024\/09\/pexels-stergerz-11227918-beach-for-SPF-50-819x1024.webp 819w, https:\/\/charlottacarlson.com\/wp-content\/uploads\/2024\/09\/pexels-stergerz-11227918-beach-for-SPF-50-768x960.webp 768w, https:\/\/charlottacarlson.com\/wp-content\/uploads\/2024\/09\/pexels-stergerz-11227918-beach-for-SPF-50-1229x1536.webp 1229w, https:\/\/charlottacarlson.com\/wp-content\/uploads\/2024\/09\/pexels-stergerz-11227918-beach-for-SPF-50-1639x2048.webp 1639w, https:\/\/charlottacarlson.com\/wp-content\/uploads\/2024\/09\/pexels-stergerz-11227918-beach-for-SPF-50-10x12.webp 10w, https:\/\/charlottacarlson.com\/wp-content\/uploads\/2024\/09\/pexels-stergerz-11227918-beach-for-SPF-50-600x750.webp 600w\" sizes=\"auto, (max-width: 422px) 100vw, 422px\" \/>Descripci\u00f3n:<\/h3>\n<p><span data-sheets-value=\"{\" data-sheets-userformat=\"{\" data-sheets-textstyleruns=\"{\"><strong>FPS 50, Alta protecci\u00f3n solar UVA y UVB con \u00e1cido hialur\u00f3nico<\/strong>. Compuesto por tres filtros solares con <strong>NO significativo<\/strong> <strong>ni impacto negativo en el medio ambiente<\/strong>oficialmente probado mediante ensayos*. Aroma floral, <strong>NO deja marcas blancas en la piel<\/strong>La crema se absorbe r\u00e1pidamente. Contiene \u00e1cido hialur\u00f3nico conocido por sus propiedades hidratantes.<\/span><\/p>\n<p>*NF EN ISO 11348-3 y NF EN ISO 10253<\/p>\n<h3>Principios activos :<\/h3>\n<p><span data-sheets-value=\"{\" data-sheets-userformat=\"{\">SPF 50 - UVA y UVB - Alta protecci\u00f3n solar. Filtros minerales naturales con \u00e1cido hialur\u00f3nico conocido por sus propiedades hidratantes.<\/span><\/p>\n<h3><span data-sheets-value=\"{\" data-sheets-userformat=\"{\">Origen natural de la base de la f\u00f3rmula<\/span>: <span data-sheets-value=\"{\" data-sheets-userformat=\"{\">97,8%<\/span><\/h3>\n<h3><span data-sheets-value=\"{\" data-sheets-userformat=\"{\">RESPETAR LA VIDA MARINA<\/span><\/h3>\n<p><img alt=\"\" loading=\"lazy\" decoding=\"async\" class=\"alignnone size-full wp-image-3060\" src=\"https:\/\/charlottacarlson.com\/wp-content\/uploads\/2023\/07\/iconsolaire.png\" width=\"250\" height=\"80\" \/><\/p>\n<h3>Modo de empleo:<\/h3>\n<p><span data-sheets-value=\"{\" data-sheets-userformat=\"{\">Aplicar ma\u00f1ana y noche sobre la piel seca y limpia, evitando el contorno de los ojos. Masajear la piel con movimientos circulares - Uso diario. <\/span><span data-sheets-value=\"{\" data-sheets-userformat=\"{\">Aplique el protector solar antes de salir al sol. Vuelva a aplicarlo con frecuencia para mantener la protecci\u00f3n, especialmente despu\u00e9s de sudar, nadar o secarse con la toalla. Evite exponerse al sol durante las horas de m\u00e1xima insolaci\u00f3n; en caso contrario, utilice ropa de protecci\u00f3n. No permanezca demasiado tiempo al sol, aunque utilice protecci\u00f3n solar. La sobreexposici\u00f3n al sol es una amenaza grave para la salud. No exponga al sol a beb\u00e9s y ni\u00f1os peque\u00f1os. No lo aplique en ni\u00f1os menores de 6 a\u00f1os.<\/span><\/p>\n<h3>Lista de ingredientes:<\/h3>\n<p><span data-sheets-value=\"{\" data-sheets-userformat=\"{\">Agua, carbonato de dicaprililo, triglic\u00e9rido capr\u00edlico\/c\u00e1prico, bis-etilhexiloxifenol metoxifenil triazina, dietilamino hidroxibenzoil hexil benzoato, etilhexil triazona, glicerina, dipolihidroxiestearato de poligliceril-2, Inulina lauril carbamato, Poligliceril-3 diisoestearato, Hialuronato s\u00f3dico, Goma xantana, Tocoferol, Parfum, \u00c1cido c\u00edtrico, Benzoato s\u00f3dico, Sorbato pot\u00e1sico, Linalol, Limoneno, Geraniol<\/span><\/p>\n<h3>Atributos medioambientales:<\/h3>\n<p><img alt=\"\" loading=\"lazy\" decoding=\"async\" class=\"alignnone wp-image-3061 size-full\" src=\"https:\/\/charlottacarlson.com\/wp-content\/uploads\/2023\/07\/iconsolaire2.png\" width=\"419\" height=\"97\" \/><\/p>","protected":false},"featured_media":95,"comment_status":"open","ping_status":"closed","template":"","meta":{"_seopress_robots_primary_cat":"none","_seopress_titles_title":"","_seopress_titles_desc":"","_seopress_robots_index":"","_kad_blocks_custom_css":"","_kad_blocks_head_custom_js":"","_kad_blocks_body_custom_js":"","_kad_blocks_footer_custom_js":"","_kad_post_transparent":"default","_kad_post_title":"","_kad_post_layout":"default","_kad_post_sidebar_id":"","_kad_post_content_style":"default","_kad_post_vertical_padding":"default","_kad_post_feature":"","_kad_post_feature_position":"","_kad_post_header":false,"_kad_post_footer":false,"_kad_post_classname":""},"product_brand":[],"product_cat":[18,27,28,29],"product_tag":[30],"class_list":{"0":"post-94","1":"product","2":"type-product","3":"status-publish","4":"has-post-thumbnail","6":"product_cat-creams","7":"product_cat-multi-protection-sunscreen","8":"product_cat-pure-solaire","9":"product_cat-sun-protection","10":"product_tag-pure-solaire","12":"first","13":"instock","14":"featured","15":"taxable","16":"shipping-taxable","17":"purchasable","18":"product-type-simple","19":"entry","20":"content-bg","21":"loop-entry"},"taxonomy_info":{"product_cat":[{"value":18,"label":"Creams"},{"value":27,"label":"Multi-Protection Sunscreen"},{"value":28,"label":"Pure Solaire"},{"value":29,"label":"Sun protection"}],"product_tag":[{"value":30,"label":"Pure Solaire"}]},"featured_image_src_large":["https:\/\/charlottacarlson.com\/wp-content\/uploads\/2024\/09\/pure-solaire-1-1024x1024.jpg",1024,1024,true],"author_info":[],"comment_info":0,"_links":{"self":[{"href":"https:\/\/charlottacarlson.com\/es\/wp-json\/wp\/v2\/product\/94","targetHints":{"allow":["GET"]}}],"collection":[{"href":"https:\/\/charlottacarlson.com\/es\/wp-json\/wp\/v2\/product"}],"about":[{"href":"https:\/\/charlottacarlson.com\/es\/wp-json\/wp\/v2\/types\/product"}],"replies":[{"embeddable":true,"href":"https:\/\/charlottacarlson.com\/es\/wp-json\/wp\/v2\/comments?post=94"}],"wp:featuredmedia":[{"embeddable":true,"href":"https:\/\/charlottacarlson.com\/es\/wp-json\/wp\/v2\/media\/95"}],"wp:attachment":[{"href":"https:\/\/charlottacarlson.com\/es\/wp-json\/wp\/v2\/media?parent=94"}],"wp:term":[{"taxonomy":"product_brand","embeddable":true,"href":"https:\/\/charlottacarlson.com\/es\/wp-json\/wp\/v2\/product_brand?post=94"},{"taxonomy":"product_cat","embeddable":true,"href":"https:\/\/charlottacarlson.com\/es\/wp-json\/wp\/v2\/product_cat?post=94"},{"taxonomy":"product_tag","embeddable":true,"href":"https:\/\/charlottacarlson.com\/es\/wp-json\/wp\/v2\/product_tag?post=94"}],"curies":[{"name":"wp","href":"https:\/\/api.w.org\/{rel}","templated":true}]}}