{"id":83,"date":"2024-09-15T17:06:11","date_gmt":"2024-09-15T17:06:11","guid":{"rendered":"https:\/\/blissful-fish-387ec5.instawp.xyz\/?post_type=product&#038;p=83"},"modified":"2024-11-20T09:55:54","modified_gmt":"2024-11-20T09:55:54","slug":"mascarilla-antiedad-de-oro-de-24-k","status":"publish","type":"product","link":"https:\/\/charlottacarlson.com\/es\/producto\/mascarilla-antiedad-de-oro-de-24-k\/","title":{"rendered":"Mascarilla antiedad de oro de 24 quilates"},"content":{"rendered":"<p><span data-sheets-value=\"{&quot;1&quot;:2,&quot;2&quot;:&quot;Peau D'Or&quot;}\" data-sheets-userformat=\"{&quot;2&quot;:14465,&quot;3&quot;:{&quot;1&quot;:0,&quot;3&quot;:1},&quot;10&quot;:1,&quot;14&quot;:{&quot;1&quot;:3,&quot;3&quot;:1},&quot;15&quot;:&quot;Calibri&quot;,&quot;16&quot;:11}\"><img loading=\"lazy\" decoding=\"async\" class=\"wp-image-1088 alignright\" src=\"https:\/\/charlottacarlson.com\/wp-content\/uploads\/2024\/09\/Golden-collagenin-and-peptide-9-Peau-d-Or-Charlotta-Carlson-300x220.webp\" alt=\"Colagenina dorada y p\u00e9ptido 9 Peau D Or Charlotta Carlson\" width=\"428\" height=\"314\" srcset=\"https:\/\/charlottacarlson.com\/wp-content\/uploads\/2024\/09\/Golden-collagenin-and-peptide-9-Peau-d-Or-Charlotta-Carlson-300x220.webp 300w, https:\/\/charlottacarlson.com\/wp-content\/uploads\/2024\/09\/Golden-collagenin-and-peptide-9-Peau-d-Or-Charlotta-Carlson-1024x750.webp 1024w, https:\/\/charlottacarlson.com\/wp-content\/uploads\/2024\/09\/Golden-collagenin-and-peptide-9-Peau-d-Or-Charlotta-Carlson-768x563.webp 768w, https:\/\/charlottacarlson.com\/wp-content\/uploads\/2024\/09\/Golden-collagenin-and-peptide-9-Peau-d-Or-Charlotta-Carlson-16x12.webp 16w, https:\/\/charlottacarlson.com\/wp-content\/uploads\/2024\/09\/Golden-collagenin-and-peptide-9-Peau-d-Or-Charlotta-Carlson-600x440.webp 600w, https:\/\/charlottacarlson.com\/wp-content\/uploads\/2024\/09\/Golden-collagenin-and-peptide-9-Peau-d-Or-Charlotta-Carlson.webp 1384w\" sizes=\"auto, (max-width: 428px) 100vw, 428px\" \/>Peau D'Or<\/span><\/p>\n<p><span data-sheets-value=\"{\" data-sheets-userformat=\"{\">La mascarilla de oro de 24 quilates con acci\u00f3n antiarrugas y antienvejecimiento, elaborada con part\u00edculas de oro de origen natural, proporciona a su piel suavidad y flexibilidad ofreci\u00e9ndole un momento de placer sensorial.<br \/>\nContiene Vitamina E conocida por sus propiedades antioxidantes, as\u00ed como Colagenina Dorada asociada al p\u00e9ptido acetil heptap\u00e9ptido-9, conocidos por su efecto alisador de las arrugas.<\/span><\/p>\n<h3>Beneficio:<\/h3>\n<p><span data-sheets-value=\"{\" data-sheets-userformat=\"{\">Pruebas: Autoevaluaci\u00f3n realizada a 37 personas durante 21 d\u00edas.<br \/>\nPruebas realizadas bajo supervisi\u00f3n m\u00e9dica<br \/>\n<\/span><\/p>\n<ul>\n<li><span data-sheets-value=\"{\" data-sheets-userformat=\"{\">Piel nutrida: 91.9%<br \/>\n<\/span><\/li>\n<li><span data-sheets-value=\"{\" data-sheets-userformat=\"{\">Piel suave tras su uso: 97.3%<br \/>\n<\/span><\/li>\n<li><span data-sheets-value=\"{\" data-sheets-userformat=\"{\">Sensaci\u00f3n de confort: 100%<br \/>\n<\/span><\/li>\n<li><span data-sheets-value=\"{\" data-sheets-userformat=\"{\">Textura agradable: 100%<br \/>\n<\/span><\/li>\n<li><span data-sheets-value=\"{\" data-sheets-userformat=\"{\">Olor agradable: 97.3%<br \/>\n<\/span><\/li>\n<li><span data-sheets-value=\"{\" data-sheets-userformat=\"{\">Producto untable: 100%<br \/>\n<\/span><\/li>\n<li><span data-sheets-value=\"{\" data-sheets-userformat=\"{\">Producto f\u00e1cil de usar: 100%<\/span><\/li>\n<\/ul>\n<h3>Principios activos :<\/h3>\n<p><span data-sheets-value=\"{\" data-sheets-userformat=\"{\">Col\u00e1geno dorado (oro 24 k) y purpurina dorada, vitamina E, manteca de karit\u00e9, aceite de aguacate, aceite de salvado de arroz, aceite de girasol<\/span><\/p>\n<h3>Modo de empleo:<\/h3>\n<p><span data-sheets-value=\"{\" data-sheets-userformat=\"{\">Aplicar la mascarilla en una capa gruesa sobre todo el rostro limpio. Evitar la zona de los ojos. En caso de contacto con los ojos, aclarar abundantemente con agua limpia. Dejar actuar de 10 a 15 minutos. Retirar el exceso con una esponja h\u00fameda o un pa\u00f1uelo de papel. Utilizar el tratamiento una o dos veces por semana.<\/span><\/p>\n<h3>Naturalidad: <span data-sheets-value=\"{\" data-sheets-userformat=\"{\">97,8%<\/span><\/h3>\n<h3>Lista de ingredientes:<\/h3>\n<p><span data-sheets-value=\"{\" data-sheets-userformat=\"{\">Agua, aceite h\u00edbrido de Helianthus annuus*, glicerina, babasuato de cetilo, behenato de glicerilo, manteca de Butyrospermum parkii*, alcohol cetear\u00edlico , estearato de glicerilo, perfume, lauroil glutamato de sodio, \u00e1cido este\u00e1rico, oro coloidal, acetil heptap\u00e9ptido-9, extracto de Alaria esculenta, Aceite de Persea gratissima (aguacate)*, Aceite de salvado de Oryza sativa (arroz), Aceite de oliva, Triglic\u00e9rido capr\u00edlico\/c\u00e1prico, Acetato de tocoferilo, Aceite vegetal hidrogenado, Candelilla cera, Mica, Maltodextrina, \u00c1cido deshidroac\u00e9tico, Alcohol benc\u00edlico, CI 77891, CI 77491 *Ingredientes procedentes de la agricultura ecol\u00f3gica.<\/span><\/p>\n<h3>Atributos medioambientales:<\/h3>\n<p><img alt=\"\" loading=\"lazy\" decoding=\"async\" class=\"alignnone wp-image-2935 size-full\" src=\"https:\/\/charlottacarlson.com\/wp-content\/uploads\/2019\/11\/BM.jpg\" width=\"332\" height=\"96\" \/><\/p>","protected":false},"excerpt":{"rendered":"<p><span data-sheets-value=\"{\" data-sheets-userformat=\"{\"><img loading=\"lazy\" decoding=\"async\" class=\"size-medium wp-image-1088 alignright\" src=\"https:\/\/charlottacarlson.com\/wp-content\/uploads\/2024\/09\/Golden-collagenin-and-peptide-9-Peau-d-Or-Charlotta-Carlson-300x220.webp\" alt=\"Colagenina dorada y p\u00e9ptido 9 Peau D Or Charlotta Carlson\" width=\"300\" height=\"220\" srcset=\"https:\/\/charlottacarlson.com\/wp-content\/uploads\/2024\/09\/Golden-collagenin-and-peptide-9-Peau-d-Or-Charlotta-Carlson-300x220.webp 300w, https:\/\/charlottacarlson.com\/wp-content\/uploads\/2024\/09\/Golden-collagenin-and-peptide-9-Peau-d-Or-Charlotta-Carlson-1024x750.webp 1024w, https:\/\/charlottacarlson.com\/wp-content\/uploads\/2024\/09\/Golden-collagenin-and-peptide-9-Peau-d-Or-Charlotta-Carlson-768x563.webp 768w, https:\/\/charlottacarlson.com\/wp-content\/uploads\/2024\/09\/Golden-collagenin-and-peptide-9-Peau-d-Or-Charlotta-Carlson-16x12.webp 16w, https:\/\/charlottacarlson.com\/wp-content\/uploads\/2024\/09\/Golden-collagenin-and-peptide-9-Peau-d-Or-Charlotta-Carlson-600x440.webp 600w, https:\/\/charlottacarlson.com\/wp-content\/uploads\/2024\/09\/Golden-collagenin-and-peptide-9-Peau-d-Or-Charlotta-Carlson.webp 1384w\" sizes=\"auto, (max-width: 300px) 100vw, 300px\" \/>La mascarilla de oro de 24 quilates con acci\u00f3n antiarrugas y antienvejecimiento, elaborada con part\u00edculas de oro de origen natural, proporciona a su piel suavidad y flexibilidad ofreci\u00e9ndole un momento de placer sensorial.<br \/>\nContiene Vitamina E conocida por sus propiedades antioxidantes, as\u00ed como Colagenina Dorada asociada al p\u00e9ptido acetil heptap\u00e9ptido-9, conocidos por su efecto alisador de las arrugas.<\/span><\/p>","protected":false},"featured_media":84,"comment_status":"open","ping_status":"closed","template":"","meta":{"_seopress_robots_primary_cat":"","_seopress_titles_title":"","_seopress_titles_desc":"","_seopress_robots_index":"","_kad_blocks_custom_css":"","_kad_blocks_head_custom_js":"","_kad_blocks_body_custom_js":"","_kad_blocks_footer_custom_js":"","_kad_post_transparent":"default","_kad_post_title":"","_kad_post_layout":"default","_kad_post_sidebar_id":"","_kad_post_content_style":"default","_kad_post_vertical_padding":"default","_kad_post_feature":"","_kad_post_feature_position":"","_kad_post_header":false,"_kad_post_footer":false,"_kad_post_classname":""},"product_brand":[],"product_cat":[16,23],"product_tag":[24],"class_list":{"0":"post-83","1":"product","2":"type-product","3":"status-publish","4":"has-post-thumbnail","6":"product_cat-anti-age-anti-wrinkle","7":"product_cat-masks","8":"product_tag-peau-dor","10":"first","11":"instock","12":"featured","13":"taxable","14":"shipping-taxable","15":"purchasable","16":"product-type-simple","17":"entry","18":"content-bg","19":"loop-entry"},"taxonomy_info":{"product_cat":[{"value":16,"label":"Anti-Age &amp; Anti-wrinkle"},{"value":23,"label":"Masks"}],"product_tag":[{"value":24,"label":"Peau D\u2019Or"}]},"featured_image_src_large":["https:\/\/charlottacarlson.com\/wp-content\/uploads\/2024\/09\/Anti-aging-24k-gold-Mask-1-1024x1024.jpg",1024,1024,true],"author_info":[],"comment_info":0,"_links":{"self":[{"href":"https:\/\/charlottacarlson.com\/es\/wp-json\/wp\/v2\/product\/83","targetHints":{"allow":["GET"]}}],"collection":[{"href":"https:\/\/charlottacarlson.com\/es\/wp-json\/wp\/v2\/product"}],"about":[{"href":"https:\/\/charlottacarlson.com\/es\/wp-json\/wp\/v2\/types\/product"}],"replies":[{"embeddable":true,"href":"https:\/\/charlottacarlson.com\/es\/wp-json\/wp\/v2\/comments?post=83"}],"wp:featuredmedia":[{"embeddable":true,"href":"https:\/\/charlottacarlson.com\/es\/wp-json\/wp\/v2\/media\/84"}],"wp:attachment":[{"href":"https:\/\/charlottacarlson.com\/es\/wp-json\/wp\/v2\/media?parent=83"}],"wp:term":[{"taxonomy":"product_brand","embeddable":true,"href":"https:\/\/charlottacarlson.com\/es\/wp-json\/wp\/v2\/product_brand?post=83"},{"taxonomy":"product_cat","embeddable":true,"href":"https:\/\/charlottacarlson.com\/es\/wp-json\/wp\/v2\/product_cat?post=83"},{"taxonomy":"product_tag","embeddable":true,"href":"https:\/\/charlottacarlson.com\/es\/wp-json\/wp\/v2\/product_tag?post=83"}],"curies":[{"name":"wp","href":"https:\/\/api.w.org\/{rel}","templated":true}]}}