{"id":80,"date":"2024-09-15T17:06:05","date_gmt":"2024-09-15T17:06:05","guid":{"rendered":"https:\/\/blissful-fish-387ec5.instawp.xyz\/?post_type=product&#038;p=80"},"modified":"2024-11-20T09:46:38","modified_gmt":"2024-11-20T09:46:38","slug":"suero-iluminador","status":"publish","type":"product","link":"https:\/\/charlottacarlson.com\/es\/producto\/suero-iluminador\/","title":{"rendered":"Suero iluminador"},"content":{"rendered":"<h3><img loading=\"lazy\" decoding=\"async\" class=\"wp-image-1085 alignright\" src=\"https:\/\/charlottacarlson.com\/wp-content\/uploads\/2024\/09\/Diamond-Wheat-brain-ingredient-Diamant-Blanc-Charlotta-Carlson-v2-1-300x205.webp\" alt=\"Diamante Trigo Cerebro Ingrediente Diamant Blanc Charlotta Carlson V2 1\" width=\"522\" height=\"357\" srcset=\"https:\/\/charlottacarlson.com\/wp-content\/uploads\/2024\/09\/Diamond-Wheat-brain-ingredient-Diamant-Blanc-Charlotta-Carlson-v2-1-300x205.webp 300w, https:\/\/charlottacarlson.com\/wp-content\/uploads\/2024\/09\/Diamond-Wheat-brain-ingredient-Diamant-Blanc-Charlotta-Carlson-v2-1-1024x699.webp 1024w, https:\/\/charlottacarlson.com\/wp-content\/uploads\/2024\/09\/Diamond-Wheat-brain-ingredient-Diamant-Blanc-Charlotta-Carlson-v2-1-768x524.webp 768w, https:\/\/charlottacarlson.com\/wp-content\/uploads\/2024\/09\/Diamond-Wheat-brain-ingredient-Diamant-Blanc-Charlotta-Carlson-v2-1-18x12.webp 18w, https:\/\/charlottacarlson.com\/wp-content\/uploads\/2024\/09\/Diamond-Wheat-brain-ingredient-Diamant-Blanc-Charlotta-Carlson-v2-1-600x410.webp 600w, https:\/\/charlottacarlson.com\/wp-content\/uploads\/2024\/09\/Diamond-Wheat-brain-ingredient-Diamant-Blanc-Charlotta-Carlson-v2-1.webp 1462w\" sizes=\"auto, (max-width: 522px) 100vw, 522px\" \/>Descripci\u00f3n:<\/h3>\n<p><span data-sheets-value=\"{\" data-sheets-userformat=\"{\">Este s\u00e9rum diamante iluminador de textura fluida aporta flexibilidad e hidrataci\u00f3n a su piel. La piel est\u00e1 m\u00e1s suave y su acci\u00f3n iluminadora le proporcionar\u00e1 una tez luminosa y uniforme.<\/span><\/p>\n<h3>Beneficio:<\/h3>\n<ul>\n<li>Extracto de diamante conocido por <b>exfoliar la piel y alisar las imperfecciones<\/b><\/li>\n<li>Extracto de salvado de trigo conocido por <b>Blanquear, despigmentar y aclarar <\/b>principio activo.<\/li>\n<li><span data-sheets-value=\"{\" data-sheets-userformat=\"{\">Acci\u00f3n iluminadora de la tez: 55.17%<br \/>\n<\/span><\/li>\n<li><span data-sheets-value=\"{\" data-sheets-userformat=\"{\">Acci\u00f3n sobre la uniformidad de la tez: 68,97%<br \/>\n<\/span><\/li>\n<li><span data-sheets-value=\"{\" data-sheets-userformat=\"{\">Acci\u00f3n sobre la luminosidad de la tez: 75,86%\"<\/span><\/li>\n<li><span data-sheets-value=\"{\" data-sheets-userformat=\"{\">Autoevaluaci\u00f3n realizada a 29 personas durante 28 d\u00edas<\/span><\/li>\n<\/ul>\n<h3>Principios activos :<\/h3>\n<p><span data-sheets-value=\"{\" data-sheets-userformat=\"{\">Extracto de diamante y extracto de salvado de trigo<\/span><\/p>\n<h3>Modo de empleo:<\/h3>\n<p><span data-sheets-value=\"{\" data-sheets-userformat=\"{\">Aplicar por la ma\u00f1ana y por la noche sobre todo el rostro limpio y seco, evitando el contorno de los ojos, con ligeros masajes antes de la crema de d\u00eda o de noche - Uso diario<\/span><\/p>\n<h3>Naturalidad: <span data-sheets-value=\"{\" data-sheets-userformat=\"{\">92%<\/span><\/h3>\n<h3>Lista de ingredientes:<\/h3>\n<p><span data-sheets-value=\"{\" data-sheets-userformat=\"{\">Agua, propanediol, glicerina, dimeticona, poligliceril-6 diestearato, diglicerina, ciclopentasiloxano, polvo de diamante, \u00e9steres de jojoba, harina de trigo hidrolizada, acetato de tocoferilo, parfum, mica, alcohol cet\u00edlico, poligliceril-3 cera de abeja, Acrilatos\/C10-30 alquil acrilato crosspol\u00edmero, Dimeticonol, Goma xantana, Gluconato s\u00f3dico, \u00c1cido salic\u00edlico, \u00c1cido s\u00f3rbico, \u00c1cido c\u00edtrico, \u00c1cido l\u00e1ctico, Hidr\u00f3xido s\u00f3dico, Benzoato s\u00f3dico, Sorbato pot\u00e1sico, Alcohol benc\u00edlico, CI 77891<\/span><\/p>\n<h3>Atributos medioambientales:<\/h3>\n<p><img alt=\"\" loading=\"lazy\" decoding=\"async\" class=\"alignnone wp-image-2935 size-full\" src=\"https:\/\/charlottacarlson.com\/wp-content\/uploads\/2019\/11\/BM.jpg\" width=\"332\" height=\"96\" \/><\/p>","protected":false},"excerpt":{"rendered":"<h3><img loading=\"lazy\" decoding=\"async\" class=\"wp-image-1085 alignright\" src=\"https:\/\/charlottacarlson.com\/wp-content\/uploads\/2024\/09\/Diamond-Wheat-brain-ingredient-Diamant-Blanc-Charlotta-Carlson-v2-1-300x205.webp\" alt=\"Diamante Trigo Cerebro Ingrediente Diamant Blanc Charlotta Carlson V2 1\" width=\"435\" height=\"297\" srcset=\"https:\/\/charlottacarlson.com\/wp-content\/uploads\/2024\/09\/Diamond-Wheat-brain-ingredient-Diamant-Blanc-Charlotta-Carlson-v2-1-300x205.webp 300w, https:\/\/charlottacarlson.com\/wp-content\/uploads\/2024\/09\/Diamond-Wheat-brain-ingredient-Diamant-Blanc-Charlotta-Carlson-v2-1-1024x699.webp 1024w, https:\/\/charlottacarlson.com\/wp-content\/uploads\/2024\/09\/Diamond-Wheat-brain-ingredient-Diamant-Blanc-Charlotta-Carlson-v2-1-768x524.webp 768w, https:\/\/charlottacarlson.com\/wp-content\/uploads\/2024\/09\/Diamond-Wheat-brain-ingredient-Diamant-Blanc-Charlotta-Carlson-v2-1-18x12.webp 18w, https:\/\/charlottacarlson.com\/wp-content\/uploads\/2024\/09\/Diamond-Wheat-brain-ingredient-Diamant-Blanc-Charlotta-Carlson-v2-1-600x410.webp 600w, https:\/\/charlottacarlson.com\/wp-content\/uploads\/2024\/09\/Diamond-Wheat-brain-ingredient-Diamant-Blanc-Charlotta-Carlson-v2-1.webp 1462w\" sizes=\"auto, (max-width: 435px) 100vw, 435px\" \/>Descripci\u00f3n:<\/h3>\n<p><span data-sheets-value=\"{\" data-sheets-userformat=\"{\">Este s\u00e9rum diamante iluminador de textura fluida aporta flexibilidad e hidrataci\u00f3n a su piel. La piel est\u00e1 m\u00e1s suave y su acci\u00f3n iluminadora le proporcionar\u00e1 una tez luminosa y uniforme.<\/span><\/p>\n<h3>Beneficio:<\/h3>\n<ul>\n<li>Extracto de diamante conocido por <b>exfoliar la piel y alisar las imperfecciones<\/b><\/li>\n<li>Extracto de salvado de trigo conocido por <b>Blanquear, despigmentar y aclarar <\/b>principio activo.<span data-sheets-value=\"{\" data-sheets-userformat=\"{\"><br \/>\n<\/span><\/li>\n<li><span data-sheets-value=\"{\" data-sheets-userformat=\"{\">Acci\u00f3n iluminadora de la tez: 55.17%<br \/>\n<\/span><\/li>\n<li><span data-sheets-value=\"{\" data-sheets-userformat=\"{\">Acci\u00f3n sobre la uniformidad de la tez: 68,97%<br \/>\n<\/span><\/li>\n<li><span data-sheets-value=\"{\" data-sheets-userformat=\"{\">Acci\u00f3n sobre la luminosidad de la tez: 75,86%\"<\/span><\/li>\n<li><span data-sheets-value=\"{\" data-sheets-userformat=\"{\">Autoevaluaci\u00f3n realizada a 29 personas durante 28 d\u00edas<\/span><\/li>\n<\/ul>\n<h3>Principios activos :<\/h3>\n<p><span data-sheets-value=\"{\" data-sheets-userformat=\"{\">Extracto de diamante y extracto de salvado de trigo<\/span><\/p>\n<h3>Modo de empleo:<\/h3>\n<p><span data-sheets-value=\"{\" data-sheets-userformat=\"{\">Aplicar por la ma\u00f1ana y por la noche sobre todo el rostro limpio y seco, evitando el contorno de los ojos, con ligeros masajes antes de la crema de d\u00eda o de noche - Uso diario<\/span><\/p>\n<h3>Naturalidad: <span data-sheets-value=\"{\" data-sheets-userformat=\"{\">92%<\/span><\/h3>\n<h3>Lista de ingredientes:<\/h3>\n<p><span data-sheets-value=\"{\" data-sheets-userformat=\"{\">Agua, propanediol, glicerina, dimeticona, poligliceril-6 diestearato, diglicerina, ciclopentasiloxano, polvo de diamante, \u00e9steres de jojoba, harina de trigo hidrolizada, acetato de tocoferilo, parfum, mica, alcohol cet\u00edlico, poligliceril-3 cera de abeja, Acrilatos\/C10-30 alquil acrilato crosspol\u00edmero, Dimeticonol, Goma xantana, Gluconato s\u00f3dico, \u00c1cido salic\u00edlico, \u00c1cido s\u00f3rbico, \u00c1cido c\u00edtrico, \u00c1cido l\u00e1ctico, Hidr\u00f3xido s\u00f3dico, Benzoato s\u00f3dico, Sorbato pot\u00e1sico, Alcohol benc\u00edlico, CI 77891<\/span><\/p>\n<h3>Atributos medioambientales:<\/h3>\n<p><img alt=\"\" loading=\"lazy\" decoding=\"async\" class=\"alignnone wp-image-2935 size-full\" src=\"https:\/\/charlottacarlson.com\/wp-content\/uploads\/2019\/11\/BM.jpg\" width=\"332\" height=\"96\" \/><\/p>","protected":false},"featured_media":81,"comment_status":"open","ping_status":"closed","template":"","meta":{"_seopress_robots_primary_cat":"","_seopress_titles_title":"","_seopress_titles_desc":"","_seopress_robots_index":"","_kad_blocks_custom_css":"","_kad_blocks_head_custom_js":"","_kad_blocks_body_custom_js":"","_kad_blocks_footer_custom_js":"","_kad_post_transparent":"default","_kad_post_title":"","_kad_post_layout":"default","_kad_post_sidebar_id":"","_kad_post_content_style":"default","_kad_post_vertical_padding":"default","_kad_post_feature":"","_kad_post_feature_position":"","_kad_post_header":false,"_kad_post_footer":false,"_kad_post_classname":""},"product_brand":[],"product_cat":[17,19,22],"product_tag":[20],"class_list":{"0":"post-80","1":"product","2":"type-product","3":"status-publish","4":"has-post-thumbnail","6":"product_cat-brightening-anti-dark-spot","7":"product_cat-diamant-blanc","8":"product_cat-serums","9":"product_tag-diamant-blanc","11":"first","12":"instock","13":"featured","14":"taxable","15":"shipping-taxable","16":"purchasable","17":"product-type-simple","18":"entry","19":"content-bg","20":"loop-entry"},"taxonomy_info":{"product_cat":[{"value":17,"label":"Brightening &amp; Anti Dark spot"},{"value":19,"label":"Diamant Blanc"},{"value":22,"label":"Serums"}],"product_tag":[{"value":20,"label":"Diamant Blanc"}]},"featured_image_src_large":["https:\/\/charlottacarlson.com\/wp-content\/uploads\/2024\/09\/Diamant-Blanc-Brightening-serum-1-1024x1024.jpg",1024,1024,true],"author_info":[],"comment_info":0,"_links":{"self":[{"href":"https:\/\/charlottacarlson.com\/es\/wp-json\/wp\/v2\/product\/80","targetHints":{"allow":["GET"]}}],"collection":[{"href":"https:\/\/charlottacarlson.com\/es\/wp-json\/wp\/v2\/product"}],"about":[{"href":"https:\/\/charlottacarlson.com\/es\/wp-json\/wp\/v2\/types\/product"}],"replies":[{"embeddable":true,"href":"https:\/\/charlottacarlson.com\/es\/wp-json\/wp\/v2\/comments?post=80"}],"wp:featuredmedia":[{"embeddable":true,"href":"https:\/\/charlottacarlson.com\/es\/wp-json\/wp\/v2\/media\/81"}],"wp:attachment":[{"href":"https:\/\/charlottacarlson.com\/es\/wp-json\/wp\/v2\/media?parent=80"}],"wp:term":[{"taxonomy":"product_brand","embeddable":true,"href":"https:\/\/charlottacarlson.com\/es\/wp-json\/wp\/v2\/product_brand?post=80"},{"taxonomy":"product_cat","embeddable":true,"href":"https:\/\/charlottacarlson.com\/es\/wp-json\/wp\/v2\/product_cat?post=80"},{"taxonomy":"product_tag","embeddable":true,"href":"https:\/\/charlottacarlson.com\/es\/wp-json\/wp\/v2\/product_tag?post=80"}],"curies":[{"name":"wp","href":"https:\/\/api.w.org\/{rel}","templated":true}]}}