{"id":73,"date":"2024-09-15T17:05:40","date_gmt":"2024-09-15T17:05:40","guid":{"rendered":"https:\/\/blissful-fish-387ec5.instawp.xyz\/?post_type=product&#038;p=73"},"modified":"2024-12-03T10:08:20","modified_gmt":"2024-12-03T10:08:20","slug":"crema-antiedad-iluminadora","status":"publish","type":"product","link":"https:\/\/charlottacarlson.com\/es\/producto\/crema-antiedad-iluminadora\/","title":{"rendered":"Crema iluminadora y antiedad"},"content":{"rendered":"<p><img loading=\"lazy\" decoding=\"async\" class=\"wp-image-1085 alignright\" src=\"https:\/\/charlottacarlson.com\/wp-content\/uploads\/2024\/09\/Diamond-Wheat-brain-ingredient-Diamant-Blanc-Charlotta-Carlson-v2-1-300x205.webp\" alt=\"Diamante Trigo Cerebro Ingrediente Diamant Blanc Charlotta Carlson V2 1\" width=\"490\" height=\"335\" srcset=\"https:\/\/charlottacarlson.com\/wp-content\/uploads\/2024\/09\/Diamond-Wheat-brain-ingredient-Diamant-Blanc-Charlotta-Carlson-v2-1-300x205.webp 300w, https:\/\/charlottacarlson.com\/wp-content\/uploads\/2024\/09\/Diamond-Wheat-brain-ingredient-Diamant-Blanc-Charlotta-Carlson-v2-1-1024x699.webp 1024w, https:\/\/charlottacarlson.com\/wp-content\/uploads\/2024\/09\/Diamond-Wheat-brain-ingredient-Diamant-Blanc-Charlotta-Carlson-v2-1-768x524.webp 768w, https:\/\/charlottacarlson.com\/wp-content\/uploads\/2024\/09\/Diamond-Wheat-brain-ingredient-Diamant-Blanc-Charlotta-Carlson-v2-1-18x12.webp 18w, https:\/\/charlottacarlson.com\/wp-content\/uploads\/2024\/09\/Diamond-Wheat-brain-ingredient-Diamant-Blanc-Charlotta-Carlson-v2-1-600x410.webp 600w, https:\/\/charlottacarlson.com\/wp-content\/uploads\/2024\/09\/Diamond-Wheat-brain-ingredient-Diamant-Blanc-Charlotta-Carlson-v2-1.webp 1462w\" sizes=\"auto, (max-width: 490px) 100vw, 490px\" \/>La Crema Nutritiva Diamante combina una acci\u00f3n antiedad, antiarrugas e iluminadora que aportar\u00e1 luminosidad a su rostro. Su piel estar\u00e1 suave, flexible e hidratada.<\/p>\n<h3>Beneficio:<\/h3>\n<ul>\n<li>Extracto de diamante conocido por <b>exfoliar la piel y alisar las imperfecciones<\/b><\/li>\n<li>Extracto de salvado de trigo conocido por <b>Blanquear, despigmentar y aclarar <\/b>principio activo.<\/li>\n<li>La piel es m\u00e1s flexible: 85.19%<\/li>\n<li>La piel est\u00e1 m\u00e1s suave: 85.19%<\/li>\n<li>La crema aporta confort a la piel: 88.89%<\/li>\n<li>La crema aporta hidrataci\u00f3n a la superficie de la piel (piel no seca): 88.89%<\/li>\n<li>La crema proporciona un efecto nutritivo a la piel: 88.89%<\/li>\n<li>Acci\u00f3n iluminadora de la tez: 59.26%<\/li>\n<li>Acci\u00f3n sobre la uniformidad de la tez: 77.78%<\/li>\n<li>Acci\u00f3n sobre la luminosidad de la tez: 74,07%<\/li>\n<li>Acci\u00f3n sobre l\u00edneas finas y arrugas: 74.07%<\/li>\n<li>Acci\u00f3n antienvejecimiento: 62.96%\"<\/li>\n<li>Autoevaluaci\u00f3n realizada a 27 personas durante 28 d\u00edas<\/li>\n<\/ul>\n<h3>Principios activos :<\/h3>\n<p><span data-sheets-value=\"{\" data-sheets-userformat=\"{\">Diamante y salvado de trigo, algas marrones, manteca de karit\u00e9 biol\u00f3gica<\/span><\/p>\n<h3>Modo de empleo:<\/h3>\n<p><span data-sheets-value=\"{\" data-sheets-userformat=\"{\">Aplicar ma\u00f1ana y noche sobre la piel seca y limpia, evitando el contorno de los ojos. Masajear la piel con movimientos circulares - Uso diario<br \/>\n<\/span><\/p>\n<h3>Naturalidad: 87,8%<\/h3>\n<h3>Lista de ingredientes:<\/h3>\n<p><span data-sheets-value=\"{\" data-sheets-userformat=\"{\">Agua, palmitato de isopropilo, escualano, ciclohexasiloxano, ciclopentasiloxano , alcohol cet\u00edlico, estearato de glicerilo, glicerina, manteca de Butyrospermum parkii, aceite h\u00edbrido de Helianthus annuus, propanediol, palmitato de glicol, parfum, polvo de diamante, extracto de Alaria esculenta, harina de trigo hidrolizada, acetato de tocoferilo, triglic\u00e9rido capr\u00edlico\/c\u00e1prico, estearato de PEG-75, Ceteth-20, Steareth-20, Laureth-7, Mica, goma xantana, poliacrilamida, isoparafina C13-14, dimeticonol, gluconato de sodio, \u00e1cido salic\u00edlico, \u00e1cido s\u00f3rbico, \u00e1cido l\u00e1ctico, hidr\u00f3xido de sodio, benzoato de sodio, sorbato de potasio, alcohol benc\u00edlico, CI 77891.<\/span><\/p>\n<h3>Atributos medioambientales:<\/h3>\n<p><img alt=\"\" loading=\"lazy\" decoding=\"async\" class=\"alignnone wp-image-2935 size-full\" src=\"https:\/\/charlottacarlson.com\/wp-content\/uploads\/2019\/11\/BM.jpg\" width=\"332\" height=\"96\" \/><\/p>","protected":false},"excerpt":{"rendered":"<h3><img loading=\"lazy\" decoding=\"async\" class=\"wp-image-1085 alignright\" src=\"https:\/\/charlottacarlson.com\/wp-content\/uploads\/2024\/09\/Diamond-Wheat-brain-ingredient-Diamant-Blanc-Charlotta-Carlson-v2-1-300x205.webp\" alt=\"Diamante Trigo Cerebro Ingrediente Diamant Blanc Charlotta Carlson V2 1\" width=\"483\" height=\"330\" srcset=\"https:\/\/charlottacarlson.com\/wp-content\/uploads\/2024\/09\/Diamond-Wheat-brain-ingredient-Diamant-Blanc-Charlotta-Carlson-v2-1-300x205.webp 300w, https:\/\/charlottacarlson.com\/wp-content\/uploads\/2024\/09\/Diamond-Wheat-brain-ingredient-Diamant-Blanc-Charlotta-Carlson-v2-1-1024x699.webp 1024w, https:\/\/charlottacarlson.com\/wp-content\/uploads\/2024\/09\/Diamond-Wheat-brain-ingredient-Diamant-Blanc-Charlotta-Carlson-v2-1-768x524.webp 768w, https:\/\/charlottacarlson.com\/wp-content\/uploads\/2024\/09\/Diamond-Wheat-brain-ingredient-Diamant-Blanc-Charlotta-Carlson-v2-1-18x12.webp 18w, https:\/\/charlottacarlson.com\/wp-content\/uploads\/2024\/09\/Diamond-Wheat-brain-ingredient-Diamant-Blanc-Charlotta-Carlson-v2-1-600x410.webp 600w, https:\/\/charlottacarlson.com\/wp-content\/uploads\/2024\/09\/Diamond-Wheat-brain-ingredient-Diamant-Blanc-Charlotta-Carlson-v2-1.webp 1462w\" sizes=\"auto, (max-width: 483px) 100vw, 483px\" \/>Descripci\u00f3n:<\/h3>\n<p>La Crema Nutritiva Diamante combina una acci\u00f3n antiedad, antiarrugas e iluminadora que aportar\u00e1 luminosidad a su rostro. Su piel estar\u00e1 suave, flexible e hidratada.<\/p>\n<h3>Beneficio:<\/h3>\n<ul>\n<li>Extracto de diamante conocido por <b>exfoliar la piel y alisar las imperfecciones<\/b><\/li>\n<li>Extracto de salvado de trigo conocido por <b>Blanquear, despigmentar y aclarar <\/b>principio activo.<\/li>\n<li>La piel es m\u00e1s flexible: 85.19%<\/li>\n<li>La piel est\u00e1 m\u00e1s suave: 85.19%<\/li>\n<li>La crema aporta confort a la piel: 88.89%<\/li>\n<li>La crema aporta hidrataci\u00f3n a la superficie de la piel (piel no seca): 88.89%<\/li>\n<li>La crema proporciona un efecto nutritivo a la piel: 88.89%<\/li>\n<li>Acci\u00f3n iluminadora de la tez: 59.26%<\/li>\n<li>Acci\u00f3n sobre la uniformidad de la tez: 77.78%<\/li>\n<li>Acci\u00f3n sobre la luminosidad de la tez: 74,07%<\/li>\n<li>Acci\u00f3n sobre l\u00edneas finas y arrugas: 74.07%<\/li>\n<li>Acci\u00f3n antienvejecimiento: 62.96%\"<\/li>\n<li>Autoevaluaci\u00f3n realizada a 27 personas durante 28 d\u00edas<\/li>\n<\/ul>\n<h3>Principios activos :<\/h3>\n<p><span data-sheets-value=\"{\" data-sheets-userformat=\"{\">Diamante y salvado de trigo, algas marrones, manteca de karit\u00e9 biol\u00f3gica<\/span><\/p>\n<h3>Modo de empleo:<\/h3>\n<p><span data-sheets-value=\"{\" data-sheets-userformat=\"{\">Aplicar ma\u00f1ana y noche sobre la piel seca y limpia, evitando el contorno de los ojos. Masajear la piel con movimientos circulares - Uso diario<br \/>\n<\/span><\/p>\n<h3>Naturalidad: 87,8%<\/h3>\n<h3>Lista de ingredientes:<\/h3>\n<p><span data-sheets-value=\"{\" data-sheets-userformat=\"{\">Agua, palmitato de isopropilo, escualano, ciclohexasiloxano, ciclopentasiloxano , alcohol cet\u00edlico, estearato de glicerilo, glicerina, manteca de Butyrospermum parkii, aceite h\u00edbrido de Helianthus annuus, propanediol, palmitato de glicol, parfum, polvo de diamante, extracto de Alaria esculenta, harina de trigo hidrolizada, acetato de tocoferilo, triglic\u00e9rido capr\u00edlico\/c\u00e1prico, estearato de PEG-75, Ceteth-20, Steareth-20, Laureth-7, Mica, goma xantana, poliacrilamida, isoparafina C13-14, dimeticonol, gluconato de sodio, \u00e1cido salic\u00edlico, \u00e1cido s\u00f3rbico, \u00e1cido l\u00e1ctico, hidr\u00f3xido de sodio, benzoato de sodio, sorbato de potasio, alcohol benc\u00edlico, CI 77891.<\/span><\/p>\n<h3>Atributos medioambientales:<\/h3>\n<p><img alt=\"\" loading=\"lazy\" decoding=\"async\" class=\"alignnone wp-image-2935 size-full\" src=\"https:\/\/charlottacarlson.com\/wp-content\/uploads\/2019\/11\/BM.jpg\" width=\"332\" height=\"96\" \/><\/p>","protected":false},"featured_media":74,"comment_status":"open","ping_status":"closed","template":"","meta":{"_seopress_robots_primary_cat":"","_seopress_titles_title":"","_seopress_titles_desc":"","_seopress_robots_index":"","_kad_blocks_custom_css":"","_kad_blocks_head_custom_js":"","_kad_blocks_body_custom_js":"","_kad_blocks_footer_custom_js":"","_kad_post_transparent":"default","_kad_post_title":"","_kad_post_layout":"default","_kad_post_sidebar_id":"","_kad_post_content_style":"default","_kad_post_vertical_padding":"default","_kad_post_feature":"","_kad_post_feature_position":"","_kad_post_header":false,"_kad_post_footer":false,"_kad_post_classname":""},"product_brand":[],"product_cat":[16,17,18,19],"product_tag":[20],"class_list":{"0":"post-73","1":"product","2":"type-product","3":"status-publish","4":"has-post-thumbnail","6":"product_cat-anti-age-anti-wrinkle","7":"product_cat-brightening-anti-dark-spot","8":"product_cat-creams","9":"product_cat-diamant-blanc","10":"product_tag-diamant-blanc","12":"first","13":"instock","14":"featured","15":"taxable","16":"shipping-taxable","17":"purchasable","18":"product-type-simple","19":"entry","20":"content-bg","21":"loop-entry"},"taxonomy_info":{"product_cat":[{"value":16,"label":"Anti-Age &amp; Anti-wrinkle"},{"value":17,"label":"Brightening &amp; Anti Dark spot"},{"value":18,"label":"Creams"},{"value":19,"label":"Diamant Blanc"}],"product_tag":[{"value":20,"label":"Diamant Blanc"}]},"featured_image_src_large":["https:\/\/charlottacarlson.com\/wp-content\/uploads\/2024\/09\/Diamant-Blanc-Cream-1.jpg",1022,1022,false],"author_info":[],"comment_info":0,"_links":{"self":[{"href":"https:\/\/charlottacarlson.com\/es\/wp-json\/wp\/v2\/product\/73","targetHints":{"allow":["GET"]}}],"collection":[{"href":"https:\/\/charlottacarlson.com\/es\/wp-json\/wp\/v2\/product"}],"about":[{"href":"https:\/\/charlottacarlson.com\/es\/wp-json\/wp\/v2\/types\/product"}],"replies":[{"embeddable":true,"href":"https:\/\/charlottacarlson.com\/es\/wp-json\/wp\/v2\/comments?post=73"}],"wp:featuredmedia":[{"embeddable":true,"href":"https:\/\/charlottacarlson.com\/es\/wp-json\/wp\/v2\/media\/74"}],"wp:attachment":[{"href":"https:\/\/charlottacarlson.com\/es\/wp-json\/wp\/v2\/media?parent=73"}],"wp:term":[{"taxonomy":"product_brand","embeddable":true,"href":"https:\/\/charlottacarlson.com\/es\/wp-json\/wp\/v2\/product_brand?post=73"},{"taxonomy":"product_cat","embeddable":true,"href":"https:\/\/charlottacarlson.com\/es\/wp-json\/wp\/v2\/product_cat?post=73"},{"taxonomy":"product_tag","embeddable":true,"href":"https:\/\/charlottacarlson.com\/es\/wp-json\/wp\/v2\/product_tag?post=73"}],"curies":[{"name":"wp","href":"https:\/\/api.w.org\/{rel}","templated":true}]}}